{"id":1278,"date":"2019-07-09T09:30:46","date_gmt":"2019-07-09T09:30:46","guid":{"rendered":"https:\/\/www.mytraffictickets.com\/?page_id=1278"},"modified":"2021-09-15T13:43:05","modified_gmt":"2021-09-15T13:43:05","slug":"about","status":"publish","type":"page","link":"https:\/\/mytraffictickets.com\/es\/about\/","title":{"rendered":"About"},"content":{"rendered":"<div data-elementor-type=\"wp-post\" data-elementor-id=\"1278\" class=\"elementor elementor-1278\" data-elementor-settings=\"[]\">\n\t\t\t\t\t\t<div class=\"elementor-inner\">\n\t\t\t\t\t\t\t<div class=\"elementor-section-wrap\">\n\t\t\t\t\t\t\t<section class=\"elementor-section elementor-top-section elementor-element elementor-element-7e089398 elementor-section-boxed elementor-section-height-default elementor-section-height-default\" data-id=\"7e089398\" data-element_type=\"section\">\n\t\t\t\t\t\t<div class=\"elementor-container elementor-column-gap-default\">\n\t\t\t\t\t\t\t<div class=\"elementor-row\">\n\t\t\t\t\t<div class=\"elementor-column elementor-col-100 elementor-top-column elementor-element elementor-element-572a36cd\" data-id=\"572a36cd\" data-element_type=\"column\">\n\t\t\t<div class=\"elementor-column-wrap\">\n\t\t\t\t\t\t\t<div class=\"elementor-widget-wrap\">\n\t\t\t\t\t\t\t\t<\/div>\n\t\t\t\t\t<\/div>\n\t\t<\/div>\n\t\t\t\t\t\t\t\t<\/div>\n\t\t\t\t\t<\/div>\n\t\t<\/section>\n\t\t\t\t<section class=\"elementor-section elementor-top-section elementor-element elementor-element-8bad1ed elementor-section-boxed elementor-section-height-default elementor-section-height-default\" data-id=\"8bad1ed\" data-element_type=\"section\">\n\t\t\t\t\t\t<div class=\"elementor-container elementor-column-gap-default\">\n\t\t\t\t\t\t\t<div class=\"elementor-row\">\n\t\t\t\t\t<div class=\"elementor-column elementor-col-100 elementor-top-column elementor-element elementor-element-90ab48d\" data-id=\"90ab48d\" data-element_type=\"column\">\n\t\t\t<div class=\"elementor-column-wrap\">\n\t\t\t\t\t\t\t<div class=\"elementor-widget-wrap\">\n\t\t\t\t\t\t\t\t<\/div>\n\t\t\t\t\t<\/div>\n\t\t<\/div>\n\t\t\t\t\t\t\t\t<\/div>\n\t\t\t\t\t<\/div>\n\t\t<\/section>\n\t\t\t\t<section class=\"elementor-section elementor-top-section elementor-element elementor-element-81cf58b elementor-section-boxed elementor-section-height-default elementor-section-height-default\" data-id=\"81cf58b\" data-element_type=\"section\" data-settings=\"{&quot;background_background&quot;:&quot;classic&quot;}\">\n\t\t\t\t\t\t<div class=\"elementor-container elementor-column-gap-default\">\n\t\t\t\t\t\t\t<div class=\"elementor-row\">\n\t\t\t\t\t<div class=\"elementor-column elementor-col-33 elementor-top-column elementor-element elementor-element-6058f36\" data-id=\"6058f36\" data-element_type=\"column\">\n\t\t\t<div class=\"elementor-column-wrap elementor-element-populated\">\n\t\t\t\t\t\t\t<div class=\"elementor-widget-wrap\">\n\t\t\t\t\t\t<div class=\"elementor-element elementor-element-8e32acd elementor-widget elementor-widget-text-editor\" data-id=\"8e32acd\" data-element_type=\"widget\" data-widget_type=\"text-editor.default\">\n\t\t\t\t<div class=\"elementor-widget-container\">\n\t\t\t\t\t\t\t\t<div class=\"elementor-text-editor elementor-clearfix\">\n\t\t\t\t\t<h1 style=\"text-align: left; color:#fff\"><strong>Sobre nosotras<\/strong><\/h1>\t\t\t\t\t<\/div>\n\t\t\t\t\t\t<\/div>\n\t\t\t\t<\/div>\n\t\t\t\t<div class=\"elementor-element elementor-element-85a69ad elementor-widget elementor-widget-text-editor\" data-id=\"85a69ad\" data-element_type=\"widget\" data-widget_type=\"text-editor.default\">\n\t\t\t\t<div class=\"elementor-widget-container\">\n\t\t\t\t\t\t\t\t<div class=\"elementor-text-editor elementor-clearfix\">\n\t\t\t\t\t<p>\u00a1Nos encantar\u00eda que aprendieras un poco sobre nosotras!<\/p><p>\u00a0<\/p>\t\t\t\t\t<\/div>\n\t\t\t\t\t\t<\/div>\n\t\t\t\t<\/div>\n\t\t\t\t\t\t<\/div>\n\t\t\t\t\t<\/div>\n\t\t<\/div>\n\t\t\t\t<div class=\"elementor-column elementor-col-66 elementor-top-column elementor-element elementor-element-f4e9ddf\" data-id=\"f4e9ddf\" data-element_type=\"column\">\n\t\t\t<div class=\"elementor-column-wrap elementor-element-populated\">\n\t\t\t\t\t\t\t<div class=\"elementor-widget-wrap\">\n\t\t\t\t\t\t<div class=\"elementor-element elementor-element-3f1ef49 elementor-hidden-tablet elementor-hidden-phone elementor-widget elementor-widget-image\" data-id=\"3f1ef49\" data-element_type=\"widget\" data-widget_type=\"image.default\">\n\t\t\t\t<div class=\"elementor-widget-container\">\n\t\t\t\t\t\t\t\t<div class=\"elementor-image\">\n\t\t\t\t\t\t\t\t\t\t\t\t<img loading=\"lazy\" width=\"830\" height=\"289\" src=\"https:\/\/mytraffictickets.com\/wp-content\/uploads\/2018\/10\/thumbnail_about-us-dots-830x289.png\" class=\"attachment-sydney-large-thumb size-sydney-large-thumb\" alt=\"Thumbnail image\" decoding=\"async\" srcset=\"https:\/\/mytraffictickets.com\/wp-content\/uploads\/2018\/10\/thumbnail_about-us-dots-830x289.png 830w, https:\/\/mytraffictickets.com\/wp-content\/uploads\/2018\/10\/thumbnail_about-us-dots-300x105.png 300w, https:\/\/mytraffictickets.com\/wp-content\/uploads\/2018\/10\/thumbnail_about-us-dots-768x268.png 768w, https:\/\/mytraffictickets.com\/wp-content\/uploads\/2018\/10\/thumbnail_about-us-dots-1024x357.png 1024w, https:\/\/mytraffictickets.com\/wp-content\/uploads\/2018\/10\/thumbnail_about-us-dots-230x80.png 230w, https:\/\/mytraffictickets.com\/wp-content\/uploads\/2018\/10\/thumbnail_about-us-dots-350x122.png 350w, https:\/\/mytraffictickets.com\/wp-content\/uploads\/2018\/10\/thumbnail_about-us-dots-480x167.png 480w, https:\/\/mytraffictickets.com\/wp-content\/uploads\/2018\/10\/thumbnail_about-us-dots.png 1320w\" sizes=\"(max-width: 830px) 100vw, 830px\"  \/>\t\t\t\t\t\t\t\t\t\t\t\t\t\t<\/div>\n\t\t\t\t\t\t<\/div>\n\t\t\t\t<\/div>\n\t\t\t\t\t\t<\/div>\n\t\t\t\t\t<\/div>\n\t\t<\/div>\n\t\t\t\t\t\t\t\t<\/div>\n\t\t\t\t\t<\/div>\n\t\t<\/section>\n\t\t\t\t<section class=\"elementor-section elementor-top-section elementor-element elementor-element-41e7bd3 elementor-section-boxed elementor-section-height-default elementor-section-height-default\" data-id=\"41e7bd3\" data-element_type=\"section\">\n\t\t\t\t\t\t<div class=\"elementor-container elementor-column-gap-default\">\n\t\t\t\t\t\t\t<div class=\"elementor-row\">\n\t\t\t\t\t<div class=\"elementor-column elementor-col-100 elementor-top-column elementor-element elementor-element-fb94779\" data-id=\"fb94779\" data-element_type=\"column\">\n\t\t\t<div class=\"elementor-column-wrap\">\n\t\t\t\t\t\t\t<div class=\"elementor-widget-wrap\">\n\t\t\t\t\t\t\t\t<\/div>\n\t\t\t\t\t<\/div>\n\t\t<\/div>\n\t\t\t\t\t\t\t\t<\/div>\n\t\t\t\t\t<\/div>\n\t\t<\/section>\n\t\t\t\t<section class=\"elementor-section elementor-top-section elementor-element elementor-element-9f3e0a4 elementor-section-boxed elementor-section-height-default elementor-section-height-default\" data-id=\"9f3e0a4\" data-element_type=\"section\">\n\t\t\t\t\t\t<div class=\"elementor-container elementor-column-gap-default\">\n\t\t\t\t\t\t\t<div class=\"elementor-row\">\n\t\t\t\t\t<div class=\"elementor-column elementor-col-100 elementor-top-column elementor-element elementor-element-900d06c\" data-id=\"900d06c\" data-element_type=\"column\">\n\t\t\t<div class=\"elementor-column-wrap elementor-element-populated\">\n\t\t\t\t\t\t\t<div class=\"elementor-widget-wrap\">\n\t\t\t\t\t\t<div class=\"elementor-element elementor-element-8311881 elementor-widget elementor-widget-heading\" data-id=\"8311881\" data-element_type=\"widget\" data-widget_type=\"heading.default\">\n\t\t\t\t<div class=\"elementor-widget-container\">\n\t\t\t<h2 class=\"elementor-heading-title elementor-size-default\">Por qu\u00e9 la hacemos<\/h2>\t\t<\/div>\n\t\t\t\t<\/div>\n\t\t\t\t<div class=\"elementor-element elementor-element-5b44f6a elementor-widget elementor-widget-text-editor\" data-id=\"5b44f6a\" data-element_type=\"widget\" data-widget_type=\"text-editor.default\">\n\t\t\t\t<div class=\"elementor-widget-container\">\n\t\t\t\t\t\t\t\t<div class=\"elementor-text-editor elementor-clearfix\">\n\t\t\t\t\t<p>Entendemos los dolores de cabeza y las cargas financieras que conlleva recibir una multa de tr\u00e1fico, por lo que nuestro objetivo es aliviar el dolor de cada uno de nuestros clientes y clientes. Realmente creemos que tenemos los mejores abogados de multas de tr\u00e1fico en nuestra red, cuya \u00fanica misi\u00f3n es mantener un historial de conducci\u00f3n limpio para todos. Desde su lanzamiento en 2014, nuestros abogados defensores de multas de tr\u00e1fico han manejado colectivamente m\u00e1s de 100,000 violaciones y contando.<\/p>\t\t\t\t\t<\/div>\n\t\t\t\t\t\t<\/div>\n\t\t\t\t<\/div>\n\t\t\t\t\t\t<\/div>\n\t\t\t\t\t<\/div>\n\t\t<\/div>\n\t\t\t\t\t\t\t\t<\/div>\n\t\t\t\t\t<\/div>\n\t\t<\/section>\n\t\t\t\t<section class=\"elementor-section elementor-top-section elementor-element elementor-element-20d94cd elementor-section-boxed elementor-section-height-default elementor-section-height-default\" data-id=\"20d94cd\" data-element_type=\"section\">\n\t\t\t\t\t\t<div class=\"elementor-container elementor-column-gap-default\">\n\t\t\t\t\t\t\t<div class=\"elementor-row\">\n\t\t\t\t\t<div class=\"elementor-column elementor-col-50 elementor-top-column elementor-element elementor-element-f5c36fc\" data-id=\"f5c36fc\" data-element_type=\"column\">\n\t\t\t<div class=\"elementor-column-wrap elementor-element-populated\">\n\t\t\t\t\t\t\t<div class=\"elementor-widget-wrap\">\n\t\t\t\t\t\t<div class=\"elementor-element elementor-element-827da2a elementor-widget elementor-widget-image\" data-id=\"827da2a\" data-element_type=\"widget\" data-widget_type=\"image.default\">\n\t\t\t\t<div class=\"elementor-widget-container\">\n\t\t\t\t\t\t\t\t<div class=\"elementor-image\">\n\t\t\t\t\t\t\t\t\t\t\t\t<img loading=\"lazy\" width=\"300\" height=\"300\" src=\"https:\/\/mytraffictickets.com\/wp-content\/uploads\/2018\/10\/mission-300x300.jpg\" class=\"attachment-medium size-medium\" alt=\"Red Mission\" decoding=\"async\" srcset=\"https:\/\/mytraffictickets.com\/wp-content\/uploads\/2018\/10\/mission-300x300.jpg 300w, https:\/\/mytraffictickets.com\/wp-content\/uploads\/2018\/10\/mission-150x150.jpg 150w, https:\/\/mytraffictickets.com\/wp-content\/uploads\/2018\/10\/mission-768x768.jpg 768w, https:\/\/mytraffictickets.com\/wp-content\/uploads\/2018\/10\/mission-830x830.jpg 830w, https:\/\/mytraffictickets.com\/wp-content\/uploads\/2018\/10\/mission-230x230.jpg 230w, https:\/\/mytraffictickets.com\/wp-content\/uploads\/2018\/10\/mission-350x350.jpg 350w, https:\/\/mytraffictickets.com\/wp-content\/uploads\/2018\/10\/mission-480x480.jpg 480w, https:\/\/mytraffictickets.com\/wp-content\/uploads\/2018\/10\/mission.jpg 962w\" sizes=\"(max-width: 300px) 100vw, 300px\"  \/>\t\t\t\t\t\t\t\t\t\t\t\t\t\t<\/div>\n\t\t\t\t\t\t<\/div>\n\t\t\t\t<\/div>\n\t\t\t\t\t\t<\/div>\n\t\t\t\t\t<\/div>\n\t\t<\/div>\n\t\t\t\t<div class=\"elementor-column elementor-col-50 elementor-top-column elementor-element elementor-element-93dacfc\" data-id=\"93dacfc\" data-element_type=\"column\">\n\t\t\t<div class=\"elementor-column-wrap elementor-element-populated\">\n\t\t\t\t\t\t\t<div class=\"elementor-widget-wrap\">\n\t\t\t\t\t\t<div class=\"elementor-element elementor-element-215b0a6 elementor-widget elementor-widget-heading\" data-id=\"215b0a6\" data-element_type=\"widget\" data-widget_type=\"heading.default\">\n\t\t\t\t<div class=\"elementor-widget-container\">\n\t\t\t<h2 class=\"elementor-heading-title elementor-size-default\">Nuestra misi\u00f3n <\/h2>\t\t<\/div>\n\t\t\t\t<\/div>\n\t\t\t\t<div class=\"elementor-element elementor-element-05ccd36 elementor-widget elementor-widget-text-editor\" data-id=\"05ccd36\" data-element_type=\"widget\" data-widget_type=\"text-editor.default\">\n\t\t\t\t<div class=\"elementor-widget-container\">\n\t\t\t\t\t\t\t\t<div class=\"elementor-text-editor elementor-clearfix\">\n\t\t\t\t\tEntendemos que el tiempo es el bien m\u00e1s importante para usted, por eso nos enorgullecemos de ofrecer un destino \u00fanico para atender todas las necesidades de multas de tr\u00e1fico con solo el mejor servicio al cliente para respaldarlo. Lo m\u00e1s importante para nosotros es mantener a nuestros clientes libres de preocupaciones con registros 100% limpios.\t\t\t\t\t<\/div>\n\t\t\t\t\t\t<\/div>\n\t\t\t\t<\/div>\n\t\t\t\t\t\t<\/div>\n\t\t\t\t\t<\/div>\n\t\t<\/div>\n\t\t\t\t\t\t\t\t<\/div>\n\t\t\t\t\t<\/div>\n\t\t<\/section>\n\t\t\t\t<section class=\"elementor-section elementor-top-section elementor-element elementor-element-877c196 elementor-section-boxed elementor-section-height-default elementor-section-height-default\" data-id=\"877c196\" data-element_type=\"section\">\n\t\t\t\t\t\t<div class=\"elementor-container elementor-column-gap-default\">\n\t\t\t\t\t\t\t<div class=\"elementor-row\">\n\t\t\t\t\t<div class=\"elementor-column elementor-col-100 elementor-top-column elementor-element elementor-element-31da202\" data-id=\"31da202\" data-element_type=\"column\">\n\t\t\t<div class=\"elementor-column-wrap\">\n\t\t\t\t\t\t\t<div class=\"elementor-widget-wrap\">\n\t\t\t\t\t\t\t\t<\/div>\n\t\t\t\t\t<\/div>\n\t\t<\/div>\n\t\t\t\t\t\t\t\t<\/div>\n\t\t\t\t\t<\/div>\n\t\t<\/section>\n\t\t\t\t<section class=\"elementor-section elementor-top-section elementor-element elementor-element-1f14ffa elementor-section-boxed elementor-section-height-default elementor-section-height-default\" data-id=\"1f14ffa\" data-element_type=\"section\" data-settings=\"{&quot;background_background&quot;:&quot;classic&quot;}\">\n\t\t\t\t\t\t<div class=\"elementor-container elementor-column-gap-default\">\n\t\t\t\t\t\t\t<div class=\"elementor-row\">\n\t\t\t\t\t<div class=\"elementor-column elementor-col-50 elementor-top-column elementor-element elementor-element-ca79b13\" data-id=\"ca79b13\" data-element_type=\"column\">\n\t\t\t<div class=\"elementor-column-wrap elementor-element-populated\">\n\t\t\t\t\t\t\t<div class=\"elementor-widget-wrap\">\n\t\t\t\t\t\t<div class=\"elementor-element elementor-element-313bb1c elementor-widget elementor-widget-athemes-testimonials\" data-id=\"313bb1c\" data-element_type=\"widget\" data-widget_type=\"athemes-testimonials.default\">\n\t\t\t\t<div class=\"elementor-widget-container\">\n\t\t\t\n\t\t<div class=\"widget_sydney_testimonials\">\n\t\t\t<i class=\"fa fa-quote-left\"><\/i>\n\t\t\t<div class=\"roll-testimonials\" data-autoplay=\"5000\">\n\t\t\t\t                    <div class=\"customer\">\n                        <blockquote class=\"whisper\"><h2 style=\"text-align: left;color:#fff\"><strong>Our Culture<\/strong><\/h2>\n\n<p style=\"text-align: left\">En MTT, tenemos una atm\u00f3sfera de \"Solo Positividad\". Trabajo duro, buena energ\u00eda y excelencia es lo que encontrar\u00e1 aqu\u00ed en nuestras oficinas.<\/p><\/blockquote>                               \n                                                <div class=\"name\">\n                        \t<div class=\"testimonial-name\"><\/div>\n                        \t<span class=\"testimonial-position\"><\/span>\n                        <\/div>\n                    <\/div>\n\t\t\t\t                    <div class=\"customer\">\n                        <blockquote class=\"whisper\"><h2 style=\"text-align: left;color:#fff\"><strong>Teamwork<\/strong><\/h2>\n<p style=\"text-align: left\">Sabemos que los resultados se logran mejor cuando cada persona se centra en sus puntos fuertes. Por eso nos encanta trabajar en equipo.<\/p><\/blockquote>                               \n                                                <div class=\"name\">\n                        \t<div class=\"testimonial-name\"><\/div>\n                        \t<span class=\"testimonial-position\"><\/span>\n                        <\/div>\n                    <\/div>\n\t\t\t\t                    <div class=\"customer\">\n                        <blockquote class=\"whisper\"><h2 style=\"text-align: left;color:#fff\"><strong>Results Oriented<\/strong><\/h2>\n<p style=\"text-align: left\">Nos encantan los resultados asombrosos. No tenemos miedo de tomar un camino m\u00e1s arduo o ser creativos si eso significa obtener los resultados que queremos.<\/p><\/blockquote>                               \n                                                <div class=\"name\">\n                        \t<div class=\"testimonial-name\"><\/div>\n                        \t<span class=\"testimonial-position\"><\/span>\n                        <\/div>\n                    <\/div>\n\t\t\t\t\t\t\t<\/div>\n\t\t<\/div>\t\n\n\t\t\t\t<\/div>\n\t\t\t\t<\/div>\n\t\t\t\t\t\t<\/div>\n\t\t\t\t\t<\/div>\n\t\t<\/div>\n\t\t\t\t<div class=\"elementor-column elementor-col-50 elementor-top-column elementor-element elementor-element-369e999\" data-id=\"369e999\" data-element_type=\"column\">\n\t\t\t<div class=\"elementor-column-wrap\">\n\t\t\t\t\t\t\t<div class=\"elementor-widget-wrap\">\n\t\t\t\t\t\t\t\t<\/div>\n\t\t\t\t\t<\/div>\n\t\t<\/div>\n\t\t\t\t\t\t\t\t<\/div>\n\t\t\t\t\t<\/div>\n\t\t<\/section>\n\t\t\t\t<section class=\"elementor-section elementor-top-section elementor-element elementor-element-e2f88fe elementor-section-boxed elementor-section-height-default elementor-section-height-default\" data-id=\"e2f88fe\" data-element_type=\"section\" data-settings=\"{&quot;background_background&quot;:&quot;classic&quot;}\">\n\t\t\t\t\t\t<div class=\"elementor-container elementor-column-gap-default\">\n\t\t\t\t\t\t\t<div class=\"elementor-row\">\n\t\t\t\t\t<div class=\"elementor-column elementor-col-50 elementor-top-column elementor-element elementor-element-18bdbea\" data-id=\"18bdbea\" data-element_type=\"column\">\n\t\t\t<div class=\"elementor-column-wrap elementor-element-populated\">\n\t\t\t\t\t\t\t<div class=\"elementor-widget-wrap\">\n\t\t\t\t\t\t<div class=\"elementor-element elementor-element-a15150b elementor-widget elementor-widget-heading\" data-id=\"a15150b\" data-element_type=\"widget\" data-widget_type=\"heading.default\">\n\t\t\t\t<div class=\"elementor-widget-container\">\n\t\t\t<h3 class=\"elementor-heading-title elementor-size-default\">Empecemos<\/h3>\t\t<\/div>\n\t\t\t\t<\/div>\n\t\t\t\t<div class=\"elementor-element elementor-element-6e48dda elementor-widget elementor-widget-heading\" data-id=\"6e48dda\" data-element_type=\"widget\" data-widget_type=\"heading.default\">\n\t\t\t\t<div class=\"elementor-widget-container\">\n\t\t\t<h4 class=\"elementor-heading-title elementor-size-default\">Lucha para mantener un historial de conducci\u00f3n limpio<\/h4>\t\t<\/div>\n\t\t\t\t<\/div>\n\t\t\t\t\t\t<\/div>\n\t\t\t\t\t<\/div>\n\t\t<\/div>\n\t\t\t\t<div class=\"elementor-column elementor-col-25 elementor-top-column elementor-element elementor-element-4814610\" data-id=\"4814610\" data-element_type=\"column\">\n\t\t\t<div class=\"elementor-column-wrap elementor-element-populated\">\n\t\t\t\t\t\t\t<div class=\"elementor-widget-wrap\">\n\t\t\t\t\t\t<div class=\"elementor-element elementor-element-2cb0201 elementor-align-left elementor-tablet-align-left elementor-mobile-align-center elementor-widget elementor-widget-button\" data-id=\"2cb0201\" data-element_type=\"widget\" data-widget_type=\"button.default\">\n\t\t\t\t<div class=\"elementor-widget-container\">\n\t\t\t\t\t<div class=\"elementor-button-wrapper\">\n\t\t\t<a href=\"https:\/\/mytraffictickets.com\/es\/login\/\" class=\"elementor-button-link elementor-button elementor-size-sm\" role=\"button\">\n\t\t\t\t\t\t<span class=\"elementor-button-content-wrapper\">\n\t\t\t\t\t\t<span class=\"elementor-button-text\">Consigue una cotizaci\u00f3n<\/span>\n\t\t<\/span>\n\t\t\t\t\t<\/a>\n\t\t<\/div>\n\t\t\t\t<\/div>\n\t\t\t\t<\/div>\n\t\t\t\t\t\t<\/div>\n\t\t\t\t\t<\/div>\n\t\t<\/div>\n\t\t\t\t<div class=\"elementor-column elementor-col-25 elementor-top-column elementor-element elementor-element-9a0463f\" data-id=\"9a0463f\" data-element_type=\"column\">\n\t\t\t<div class=\"elementor-column-wrap elementor-element-populated\">\n\t\t\t\t\t\t\t<div class=\"elementor-widget-wrap\">\n\t\t\t\t\t\t<div class=\"elementor-element elementor-element-da406ed elementor-align-left elementor-tablet-align-left elementor-mobile-align-center elementor-widget elementor-widget-button\" data-id=\"da406ed\" data-element_type=\"widget\" data-widget_type=\"button.default\">\n\t\t\t\t<div class=\"elementor-widget-container\">\n\t\t\t\t\t<div class=\"elementor-button-wrapper\">\n\t\t\t<a href=\"https:\/\/mytraffictickets.com\/es\/faqs\/\" class=\"elementor-button-link elementor-button elementor-size-sm\" role=\"button\">\n\t\t\t\t\t\t<span class=\"elementor-button-content-wrapper\">\n\t\t\t\t\t\t<span class=\"elementor-button-text\">Soporte de contacto<\/span>\n\t\t<\/span>\n\t\t\t\t\t<\/a>\n\t\t<\/div>\n\t\t\t\t<\/div>\n\t\t\t\t<\/div>\n\t\t\t\t\t\t<\/div>\n\t\t\t\t\t<\/div>\n\t\t<\/div>\n\t\t\t\t\t\t\t\t<\/div>\n\t\t\t\t\t<\/div>\n\t\t<\/section>\n\t\t\t\t<section class=\"elementor-section elementor-top-section elementor-element elementor-element-cbcd091 elementor-section-full_width elementor-section-height-default elementor-section-height-default\" data-id=\"cbcd091\" data-element_type=\"section\" data-settings=\"{&quot;background_background&quot;:&quot;classic&quot;}\">\n\t\t\t\t\t\t<div class=\"elementor-container elementor-column-gap-no\">\n\t\t\t\t\t\t\t<div class=\"elementor-row\">\n\t\t\t\t\t<div class=\"elementor-column elementor-col-100 elementor-top-column elementor-element elementor-element-5189e9b\" data-id=\"5189e9b\" data-element_type=\"column\">\n\t\t\t<div class=\"elementor-column-wrap elementor-element-populated\">\n\t\t\t\t\t\t\t<div class=\"elementor-widget-wrap\">\n\t\t\t\t\t\t<div class=\"elementor-element elementor-element-c68064b elementor-widget-divider--view-line elementor-widget elementor-widget-divider\" data-id=\"c68064b\" data-element_type=\"widget\" data-widget_type=\"divider.default\">\n\t\t\t\t<div class=\"elementor-widget-container\">\n\t\t\t\t\t<div class=\"elementor-divider\">\n\t\t\t<span class=\"elementor-divider-separator\">\n\t\t\t\t\t\t<\/span>\n\t\t<\/div>\n\t\t\t\t<\/div>\n\t\t\t\t<\/div>\n\t\t\t\t\t\t<\/div>\n\t\t\t\t\t<\/div>\n\t\t<\/div>\n\t\t\t\t\t\t\t\t<\/div>\n\t\t\t\t\t<\/div>\n\t\t<\/section>\n\t\t\t\t\t\t<\/div>\n\t\t\t\t\t\t<\/div>\n\t\t\t\t\t<\/div>","protected":false},"excerpt":{"rendered":"<p>About Us We\u2019d love for you to learn a little bit about us! \u00a0 Why We Do It We understand the headaches and the financial burdens that come with receiving a traffic ticket, so we made it our goal to ease the pain of every one of our customers and clients. We truly believe that [&hellip;]<\/p>","protected":false},"author":3,"featured_media":6,"parent":0,"menu_order":0,"comment_status":"closed","ping_status":"closed","template":"templates\/builder-fullwidth-std.php","meta":{"_mi_skip_tracking":false,"_exactmetrics_sitenote_active":false,"_exactmetrics_sitenote_note":"","_exactmetrics_sitenote_category":0,"footnotes":""},"aioseo_notices":[],"_links":{"self":[{"href":"https:\/\/mytraffictickets.com\/es\/wp-json\/wp\/v2\/pages\/1278"}],"collection":[{"href":"https:\/\/mytraffictickets.com\/es\/wp-json\/wp\/v2\/pages"}],"about":[{"href":"https:\/\/mytraffictickets.com\/es\/wp-json\/wp\/v2\/types\/page"}],"author":[{"embeddable":true,"href":"https:\/\/mytraffictickets.com\/es\/wp-json\/wp\/v2\/users\/3"}],"replies":[{"embeddable":true,"href":"https:\/\/mytraffictickets.com\/es\/wp-json\/wp\/v2\/comments?post=1278"}],"version-history":[{"count":42,"href":"https:\/\/mytraffictickets.com\/es\/wp-json\/wp\/v2\/pages\/1278\/revisions"}],"predecessor-version":[{"id":6115,"href":"https:\/\/mytraffictickets.com\/es\/wp-json\/wp\/v2\/pages\/1278\/revisions\/6115"}],"wp:featuredmedia":[{"embeddable":true,"href":"https:\/\/mytraffictickets.com\/es\/wp-json\/wp\/v2\/media\/6"}],"wp:attachment":[{"href":"https:\/\/mytraffictickets.com\/es\/wp-json\/wp\/v2\/media?parent=1278"}],"curies":[{"name":"wp","href":"https:\/\/api.w.org\/{rel}","templated":true}]}}