{"id":1759,"date":"2019-08-26T10:25:49","date_gmt":"2019-08-26T10:25:49","guid":{"rendered":"https:\/\/www.mytraffictickets.com\/?page_id=1759"},"modified":"2020-01-16T12:56:00","modified_gmt":"2020-01-16T12:56:00","slug":"el-paso-county","status":"publish","type":"page","link":"https:\/\/mytraffictickets.com\/es\/tx\/el-paso-county\/","title":{"rendered":"El Paso County"},"content":{"rendered":"<div class=\"section\"> \n\t<div class=\"bg-pink\"> \n\t\t<div class=\"container\"> \n\t\t\t<div class=\"row\"> \n\t\t\t\t<div class=\"col-md-12\"> \n\t\t\t\t\t<h2 style=\"padding-top: 25px;!important\">\u00bfRecibi\u00f3 una multa de tr\u00e1fico en el condado de El Paso, TX?<\/h2> \n\t\t\t\t<\/div>\n\t\t\t<\/div>\n\t\t<\/div>\n\t<\/div>\n\n\t<div class=\"wp-introduction\"> \n\t\t<div class=\"container\"> \n\t\t\t<div class=\"row\"> \n\t\t\t\t<div class=\"col-md-7\"> \n\t\t\t\t\t<div class=\"intro-content\"> \n\t\t\t\t\t\t<p>Atr\u00e1s quedaron los d\u00edas en que luchar contra una multa de tr\u00e1fico en el condado de El Paso requer\u00eda mucho tiempo y esfuerzo. Nuestros abogados expertos en multas de tr\u00e1nsito del condado de El Paso tienen mucha experiencia en la lucha contra todas las infracciones de tr\u00e1nsito. My Traffic Tickets hace el proceso de luchar contra una multa de tr\u00e1fico con solo 3 simples pasos. <\/p>\n\n\t\t\t\t\t\t<h2 style=\"padding-top: 10px;!important\">Nuestro proceso f\u00e1cil<\/h2><p>\n\t\t\t\t\t\t\t\t\t\t\t\t\t\t\n\t\t\t\t\t\t\t1) Env\u00ede la informaci\u00f3n de su multa de tr\u00e1fico<br>\n\n\t\t\t\t\t\t\t2) Obtenga una cotizaci\u00f3n gratuita de su abogado de multas de tr\u00e1fico<br>\n\n\t\t\t\t\t\t\t3) Contrata a tu abogado de multas de tr\u00e1fico<br>\n\n\t\t\t\t\t\t\tNo hay mejor manera de garantizar el mejor resultado posible para su caso que contratar a un abogado con experiencia en multas de tr\u00e1nsito en el condado de El Paso. El tiempo es su bien m\u00e1s valioso, as\u00ed que no pierda el d\u00eda en la corte. Un abogado destacado en defensa de multas de tr\u00e1fico puede hacer todas las comparecencias en la corte en su nombre. Aunque pagar su boleto puede parecer una salida f\u00e1cil, no muchas personas saben que podr\u00eda significar una condena en su contra. Si recibe una condena, eso es lo que hace que aumenten las tarifas de su seguro. Luchamos con u\u00f1as y dientes para asegurarnos de que no tenga que afrontar mayores tasas de seguro, una licencia de conducir suspendida o posibles recargos del DMV \/ DPS.\n\t\t\t\t\t\t<\/p><a href=\"https:\/\/mytraffictickets.com\/es\/login\/\" style=\"background-color: #4a87d5;!important\"><span style=\"display: inline-block; width: 0px; overflow: hidden; line-height: 0;\" data-mce-type=\"bookmark\" class=\"mce_SELRES_start\"><\/span>CONSIGUE UNA <br>COTIZACI\u00d3Ns<\/a> <\/div>\n\t\t\t\t\t<\/div>\n\n\t\t\t\t\t<div class=\"col-md-5\"> \n\t\t\t\t\t\t<figure class=\"ticket-cars\"> \n\t\t\t\t\t\t\t<img decoding=\"async\" src=\"\/wp-content\/themes\/sydney-child\/img\/cars1.png\"\/> \n\t\t\t\t\t\t<\/figure> \n\t\t\t\t\t<\/div>\n\t\t\t\t<\/div>\n\t\t\t<\/div>\n\t\t<\/div>\n\n\t\t<div class=\"wp-traffic\"> \n\t\t\t<div class=\"container\"> \n\t\t\t\t<div class=\"row\"> \n\t\t\t\t\t<div class=\"col-md-8\"> \n\t\t\t\t\t\t<div class=\"main-wp-content\"> \n\t\t\t\t\t\t\t<h2>\u00bfTiene una orden judicial del condado de El Paso por no comparecer ante el tribunal? \u00a1Podemos ayudar con eso!<\/h2> \n\t\t\t\t\t\t\t<ul class=\"traffic-ul\"> \n\t\t\t\t\t\t\t\t<li>Eliminar todas las garant\u00edas activas<\/li>\n\t\t\t\t\t\t\t\t<li>Mantenga las entradas fuera de su registro<\/li>\n\t\t\t\t\t\t\t\t<li>Evite la suspensi\u00f3n de la licencia de conducir<\/li>\n\t\t\t\t\t\t\t\t<li>Comparecer ante el tribunal en su nombre<\/li>\n\t\t\t\t\t\t\t<\/ul> \n\n\t\t\t\t\t\t\t<a href=\"https:\/\/mytraffictickets.com\/es\/login\/\">CONSIGUE UNA <br>COTIZACI\u00d3Ns<\/a> \n\t\t\t\t\t\t<\/div>\n\t\t\t\t\t<\/div>\n\n\t\t\t\t\t<div class=\"col-md-4\"> \n\t\t\t\t\t\t<figure class=\"ticket-cars\"> \n\t\t\t\t\t\t\t<img decoding=\"async\" src=\"\/wp-content\/themes\/sydney-child\/img\/warrant1.png\"\/> \n\t\t\t\t\t\t<\/figure> \n\t\t\t\t\t<\/div>\n\t\t\t\t<\/div>\n\t\t\t<\/div>\n\t\t<\/div>\n\n\t\t<div class=\"wp-introduction\"> \n\t\t<div class=\"container\"> \n\t\t\t<div class=\"row\"> \n\t\t\t\t<div class=\"col-md-12\"> \n\t\t\t\t\t<div class=\"intro-content\"> \n\t\t\t\t\t\t<h2 style=\"padding-top: 10px;!important\" class=\"text-center\">\u00bfEs usted un conductor comercial (CDL) con una multa de tr\u00e1fico?<\/h2> \n\t\t\t\t\t\t<p><div class=\"col-md-8\"> \n\t\t\t\t\t\tComo conductor comercial, entendemos la importancia de mantener un historial de conducci\u00f3n limpio y no tener puntos en contra de su licencia. Es por eso que nuestros mejores abogados de multas de tr\u00e1fico tienen d\u00e9cadas de experiencia en la lucha contra las multas de CDL. Si un conductor de CDL recibe condenas en su expediente, puede resultar en:<\/p>\n\t\t\t\t\t\t<ul>\n\t\t\t\t\t\t\t<li>P\u00e9rdida de CDL<\/li>\n\t\t\t\t\t\t\t<li>Puede perder su trabajo<\/li>\n\t\t\t\t\t\t\t<li>Es posible que no pueda encontrar trabajo<\/li>\n\t\t\t\t\t\t\t<li>Mayores tarifas de seguros<\/li>\n\t\t\t\t\t\t<\/ul>\t\n\n\t\t\t\t\t\tPor eso es extremadamente importante para los conductores comerciales luchar contra todas sus multas de tr\u00e1fico.<\/p><\/div> <div class=\"col-md-4\">\n                          <figure class=\"ticket-cars\"> \n\t\t\t\t\t\t\t<img decoding=\"async\" src=\"\/wp-content\/themes\/sydney-child\/img\/commercial-truck1.png\"\/> \n\t\t\t\t\t\t<\/figure> \n\t\t\t\t\t\n\t\t\t\t<\/div><\/div>\n\t\t\t\t\t<\/div>\n\n\t\t\t\t\t\n\t\t\t\t<\/div>\n\t\t\t<\/div>\n\t\t<\/div><div id=\"carousel\" class=\"testimonial\"> <div class=\"slideshow-container\"> <div class=\"row\"> <div class=\"col-md-12\"> <h2>Por eso nuestra cliente nos elige.<\/h2> <div class=\"mySlides\"> <h2>Gran servicio y muy exitosa<\/h2> <q>Gran servicio y muy exitoso, tuve dos tickets y fueron despedidos. El equipo y los abogados son geniales. \u00a1\u00a1\u00a1Recomendar\u00eda esta compa\u00f1\u00eda a cualquiera!!! San Antonio, Texas.<\/q> <p class=\"author\">Beverly D.<\/p><\/div><div class=\"mySlides\"> <q>Esta empresa tiene 5 estrellas en todos los sentidos y a un costo razonable. Hay muchas opciones en Internet, pero si desea obtener resultados, use My Traffic Tickets para sus encuentros con la polic\u00eda y la corte.<\/q> <p class=\"author\"> Kenneth C.<\/p><\/div><div class=\"mySlides\"> <q>Me ahorr\u00e9 m\u00e1s de $ 400, un viaje fuera de la ciudad, un d\u00eda libre en el trabajo y ni siquiera est\u00e1 en mi historial de manejo. \u00a1\u00a1Gracias!!<\/q> <p class=\"author\">Evelyn F .<\/p><\/div><div class=\"quotes-icon\"> <div class=\"left-icon\"><i class=\"fa fa-quote-left\" aria-hidden=\"true\"><\/i> <\/div><div class=\"right-icon\"><i class=\"fa fa-quote-right\" aria-hidden=\"true\"><\/i> <\/div><\/div><div class=\"dot-container\"> <span class=\"dot\" onclick=\"currentSlide(1)\"><\/span> <span class=\"dot\" onclick=\"currentSlide(2)\"><\/span> <span class=\"dot\" onclick=\"currentSlide(3)\"><\/span> <\/div><\/div><\/div><\/div><\/div><div class=\"traffic-info\"> \n\t\t\t<div class=\"container\"> \n\t\t\t\t<div class=\"row\"> \n\t\t\t\t\t<div class=\"col-md-12\"> \n\t\t\t\t\t\t<div class=\"traffic-info-content\"> \n\t\t\t\t\t\t\t<p>Con nuestra tasa de \u00e9xito combinada del 97% y el manejo de m\u00e1s de 100.000 infracciones de tr\u00e1fico, nos enorgullecemos de habernos ganado la lealtad y la confianza de nuestros clientes y clientes. \u00a1Perm\u00edtanos ayudarlo a que sus multas de tr\u00e1fico y \u00f3rdenes de arresto sean desestimadas hoy!<\/p>\n\n\t\t\t\t\t\t\t<h2>\u00a1Para obtener m\u00e1s informaci\u00f3n, marque 1-877-298-9099 ahora!<\/h2> \n\t\t\t\t\t\t\t<a href=\"https:\/\/mytraffictickets.com\/es\/login\/\"><i class=\"fa fa-smile-o\" aria-hidden=\"true\"><\/i> Luchemos contra tu boleto<\/a> \n\t\t\t\t\t\t<\/div>\n\t\t\t\t\t<\/div>\n\t\t\t\t<\/div>\n\t\t\t<\/div>\n\t\t<\/div>\n\t<\/div>","protected":false},"excerpt":{"rendered":"<p>Received a traffic ticket in El Paso County, TX? Gone are the days when fighting a El Paso County traffic ticket took a lot of time and effort. Our expert El Paso County traffic ticket attorneys are highly experienced in fighting all traffic violations. My Traffic Tickets makes the process of fighting a traffic ticket [&hellip;]<\/p>","protected":false},"author":3,"featured_media":0,"parent":1643,"menu_order":0,"comment_status":"closed","ping_status":"closed","template":"page-templates\/custom_temp.php","meta":{"_mi_skip_tracking":false,"_exactmetrics_sitenote_active":false,"_exactmetrics_sitenote_note":"","_exactmetrics_sitenote_category":0,"footnotes":""},"aioseo_notices":[],"_links":{"self":[{"href":"https:\/\/mytraffictickets.com\/es\/wp-json\/wp\/v2\/pages\/1759"}],"collection":[{"href":"https:\/\/mytraffictickets.com\/es\/wp-json\/wp\/v2\/pages"}],"about":[{"href":"https:\/\/mytraffictickets.com\/es\/wp-json\/wp\/v2\/types\/page"}],"author":[{"embeddable":true,"href":"https:\/\/mytraffictickets.com\/es\/wp-json\/wp\/v2\/users\/3"}],"replies":[{"embeddable":true,"href":"https:\/\/mytraffictickets.com\/es\/wp-json\/wp\/v2\/comments?post=1759"}],"version-history":[{"count":4,"href":"https:\/\/mytraffictickets.com\/es\/wp-json\/wp\/v2\/pages\/1759\/revisions"}],"predecessor-version":[{"id":2629,"href":"https:\/\/mytraffictickets.com\/es\/wp-json\/wp\/v2\/pages\/1759\/revisions\/2629"}],"up":[{"embeddable":true,"href":"https:\/\/mytraffictickets.com\/es\/wp-json\/wp\/v2\/pages\/1643"}],"wp:attachment":[{"href":"https:\/\/mytraffictickets.com\/es\/wp-json\/wp\/v2\/media?parent=1759"}],"curies":[{"name":"wp","href":"https:\/\/api.w.org\/{rel}","templated":true}]}}