{"id":2503,"date":"2019-12-18T06:43:28","date_gmt":"2019-12-18T06:43:28","guid":{"rendered":"https:\/\/www.mytraffictickets.com\/?page_id=2503"},"modified":"2020-01-16T12:35:33","modified_gmt":"2020-01-16T12:35:33","slug":"colorado-county","status":"publish","type":"page","link":"https:\/\/mytraffictickets.com\/es\/tx\/colorado-county\/","title":{"rendered":"Colorado County"},"content":{"rendered":"<div class=\"section\"> \n\t<div class=\"bg-pink\"> \n\t\t<div class=\"container\"> \n\t\t\t<div class=\"row\"> \n\t\t\t\t<div class=\"col-md-12\"> \n\t\t\t\t\t<h2 style=\"padding-top: 25px;!important\"> Deje que nuestros abogados de multas de tr\u00e1nsito del condado de Colorado le faciliten la lucha contra una multa de tr\u00e1nsito<\/h2> \n\t\t\t\t<\/div>\n\t\t\t<\/div>\n\t\t<\/div>\n\t<\/div>\n\n\t<div class=\"wp-introduction\"> \n\t\t<div class=\"container\"> \n\t\t\t<div class=\"row\"> \n\t\t\t\t<div class=\"col-md-7\"> \n\t\t\t\t\t<div class=\"intro-content\"> \n\t\t\t\t\t\t<h2 style=\"padding-top: 10px;!important\">Aceptar<\/h2>\n\t\t\t\t\t\t<ul>\n\t\t\t\t\t\t\t\t <li>Despidos de boletos<\/li>\n\t\t\t\t\t\t<li>Sin aumentos de seguro<\/li>\n\t\t\t\t\t\t<li>97% de tasa de \u00e9xito<\/li>\n\t\t\t\t\t\t<li>Sin puntos<\/li>\n\t\t\t\t\t\t<li>Historial de conducci\u00f3n limpio<\/li>\n\t\t\t\t\t\t<li>Sin visitas al tribunal en la mayor\u00eda de los casos<\/li>\n\t\t\t\t\t\t<\/ul>\n\t\t\t\t\t\t<h3 style=\"padding-top: 10px;!important\">\u00a1Contrate a un abogado de multas de tr\u00e1fico confiable del lote m\u00e1s experimentado!<\/h3>\n                         <p> Un abogado de multas de tr\u00e1fico de My Traffic Tickets lo guiar\u00e1 a trav\u00e9s de los pasos involucrados o incluso puede comparecer en la corte en su nombre. Los honorarios exigidos por el abogado pueden variar seg\u00fan una serie de factores, como la ubicaci\u00f3n de su multa, la cantidad de infracciones, el tipo de multa que tiene o la dificultad de su multa.<\/p>\n\t\t\t\t\t\t<h3 style=\"padding-top: 10px;!important\">El proceso f\u00e1cil<\/h3><p>\n\t\t\t\t\t\t\t\t\t\t\t\t\t\t\n\t\t\t\t\t\t\t1) Env\u00edenos la informaci\u00f3n de su multa de tr\u00e1fico.<br>\n\n\t\t\t\t\t\t\t2) Reciba una cotizaci\u00f3n gratuita de su abogado de multas de tr\u00e1fico.<br>\n\n\t\t\t\t\t\t\t3) Contrata a un abogado de tr\u00e1fico.<br>\n\n\t\t\t\t\t\t\tVarios estados de los EE. UU. Realizan un seguimiento de los conductores imprudentes mediante un sistema de puntos y Texas es uno de ellos. Nuestros confiables abogados de tr\u00e1fico en el condado de Colorado evitan que estos puntos se agreguen a su licencia. Otra raz\u00f3n por la que contratar a un abogado de multas de tr\u00e1nsito es una excelente opci\u00f3n es el hecho de que los abogados tienen suficiente conocimiento sobre el sistema de tr\u00e1nsito en la ubicaci\u00f3n en la que se le acus\u00f3. Saben qu\u00e9 funciona y qu\u00e9 no. Saben qu\u00e9 estrategias se pueden utilizar en la cancha para vencer una multa por exceso de velocidad.\n\t\t\t\t\t\t<\/p><a href=\"https:\/\/mytraffictickets.com\/es\/login\/\" style=\"background-color: #4a87d5;!important\"><span style=\"display: inline-block; width: 0px; overflow: hidden; line-height: 0;\" data-mce-type=\"bookmark\" class=\"mce_SELRES_start\"><\/span>CONSIGUE UNA <br>COTIZACI\u00d3Ns<\/a> <\/div>\n\t\t\t\t\t<\/div>\n\n\t\t\t\t\t<div class=\"col-md-5\"> \n\t\t\t\t\t\t<figure class=\"ticket-cars\"> \n\t\t\t\t\t\t\t<img decoding=\"async\" src=\"\/wp-content\/themes\/sydney-child\/img\/cars2.png\"\/> \n\t\t\t\t\t\t<\/figure> \n\t\t\t\t\t<\/div>\n\t\t\t\t<\/div>\n\t\t\t<\/div>\n\t\t<\/div>\n\n\t\t<div class=\"wp-traffic\"> \n\t\t\t<div class=\"container\"> \n\t\t\t\t<div class=\"row\"> \n\t\t\t\t\t<div class=\"col-md-8\"> \n\t\t\t\t\t\t<div class=\"main-wp-content\"> \n\t\t\t\t\t\t\t<h2>Deje que mis multas de tr\u00e1fico se encarguen de todas sus \u00f3rdenes de tr\u00e1fico si quiere evitar<\/h2> \n\t\t\t\t\t\t\t<ul class=\"traffic-ul\"> \n\t\t\t\t\t\t\t\t<li>Pagar mayores primas de seguros<\/li>\n\t\t\t\t\t\t\t\t<li>Pagar multas elevadas en forma de recargos del DMV<\/li>\n\t\t\t\t\t\t\t\t<li>Suspensi\u00f3n de su licencia de conducir<\/li>\n\t\t\t\t\t\t\t\t<li>Comparecencia en la corte<\/li>\n\t\t\t\t\t\t\t<\/ul> \n\n\t\t\t\t\t\t\t<a href=\"https:\/\/mytraffictickets.com\/es\/login\/\">CONSIGUE UNA <br>COTIZACI\u00d3Ns<\/a> \n\t\t\t\t\t\t<\/div>\n\t\t\t\t\t<\/div>\n\n\t\t\t\t\t<div class=\"col-md-4\"> \n\t\t\t\t\t\t<figure class=\"ticket-cars\"> \n\t\t\t\t\t\t\t<img decoding=\"async\" src=\"\/wp-content\/themes\/sydney-child\/img\/warrant2.png\"\/> \n\t\t\t\t\t\t<\/figure> \n\t\t\t\t\t<\/div>\n\t\t\t\t<\/div>\n\t\t\t<\/div>\n\t\t<\/div>\n\n\t\t<div class=\"wp-introduction\"> \n\t\t<div class=\"container\"> \n\t\t\t<div class=\"row\"> \n\t\t\t\t<div class=\"col-md-12\"> \n\t\t\t\t\t<div class=\"intro-content\"> \n\t\t\t\t\t\t<h3 style=\"padding-top: 10px;!important\" class=\"text-center\">Nuestros abogados de multas de tr\u00e1fico en el condado de Colorado pueden ayudar a resolver multas por todo tipo de infracciones<\/h3> \n\t\t\t\t\t\t<p><div class=\"col-md-8\"> \n\t\t\t\t\t\t\n\t\t\t\t\t\t<ul>\n\t\t\t\t\t\t\t<li>Violaci\u00f3n de exceso de velocidad<\/li>\n\t\t\t\t\t\t\t<li>Violaci\u00f3n de salida de luz roja<\/li>\n\t\t\t\t\t\t\t<li>Infracci\u00f3n de conducci\u00f3n distra\u00edda<\/li>\n\t\t\t\t\t\t\t<li>Violaci\u00f3n de la licencia de conducir no v\u00e1lida <\/li>\n\t\t\t\t\t\t\t<li>Violaci\u00f3n ilegal de cambio de sentido<\/li>\n\t\t\t\t\t\t\t<li>Violaci\u00f3n del cintur\u00f3n de seguridad<\/li>\n\t\t\t\t\t\t<\/ul>\n\n\t\t\t\t\t\tAparte de esto, puede ahorrar su tiempo ya que nuestros abogados se encargar\u00e1n de todo por s\u00ed solos. \u00a1Y recuerde, este proceso completo se lleva a cabo sin tener que ir a la oficina del abogado! Adem\u00e1s, nuestra tarifa es competitiva y asequible para todos.<br>\n\n\u00bfEntonces, Qu\u00e9 esperas? Hable con nosotros sobre la infracci\u00f3n de su multa de tr\u00e1fico llamando al 1-877-298-9099. \u00a1Empezar!<\/p><\/div> <div class=\"col-md-4\">\n                          <figure class=\"ticket-cars\"> \n\t\t\t\t\t\t\t<img decoding=\"async\" src=\"\/wp-content\/themes\/sydney-child\/img\/commercial-truck2.png\"\/> \n\t\t\t\t\t\t<\/figure> \n\t\t\t\t\t\n\t\t\t\t<\/div><\/div>\n\t\t\t\t\t<\/div>\n\n\t\t\t\t\t\n\t\t\t\t<\/div>\n\t\t\t<\/div>\n\t\t<\/div><div id=\"carousel\" class=\"testimonial\"> <div class=\"slideshow-container\"> <div class=\"row\"> <div class=\"col-md-12\"> <h2>Por eso nuestra cliente nos elige.<\/h2> <div class=\"mySlides\"> <h2>Gran servicio y muy exitosa<\/h2> <q>Gran servicio y muy exitoso, tuve dos tickets y fueron despedidos. El equipo y los abogados son geniales. \u00a1\u00a1\u00a1Recomendar\u00eda esta compa\u00f1\u00eda a cualquiera!!! San Antonio, Texas.<\/q> <p class=\"author\">Beverly D.<\/p><\/div><div class=\"mySlides\"> <q>Esta empresa tiene 5 estrellas en todos los sentidos y a un costo razonable. Hay muchas opciones en Internet, pero si desea obtener resultados, use My Traffic Tickets para sus encuentros con la polic\u00eda y la corte.<\/q> <p class=\"author\"> Kenneth C.<\/p><\/div><div class=\"mySlides\"> <q>Me ahorr\u00e9 m\u00e1s de $ 400, un viaje fuera de la ciudad, un d\u00eda libre en el trabajo y ni siquiera est\u00e1 en mi historial de manejo. \u00a1\u00a1Gracias!!<\/q> <p class=\"author\">Evelyn F .<\/p><\/div><div class=\"quotes-icon\"> <div class=\"left-icon\"><i class=\"fa fa-quote-left\" aria-hidden=\"true\"><\/i> <\/div><div class=\"right-icon\"><i class=\"fa fa-quote-right\" aria-hidden=\"true\"><\/i> <\/div><\/div><div class=\"dot-container\"> <span class=\"dot\" onclick=\"currentSlide(1)\"><\/span> <span class=\"dot\" onclick=\"currentSlide(2)\"><\/span> <span class=\"dot\" onclick=\"currentSlide(3)\"><\/span> <\/div><\/div><\/div><\/div><\/div><div class=\"traffic-info\"> \n\t\t\t<div class=\"container\"> \n\t\t\t\t<div class=\"row\"> \n\t\t\t\t\t<div class=\"col-md-12\"> \n\t\t\t\t\t\t<div class=\"traffic-info-content\"> \n\t\t\t\t\t\t\t<p>Con nuestra tasa de \u00e9xito combinada del 97% y el manejo de m\u00e1s de 100.000 infracciones de tr\u00e1fico, nos enorgullecemos de habernos ganado la lealtad y la confianza de nuestros clientes y clientes. \u00a1Perm\u00edtanos ayudarlo a que sus multas de tr\u00e1fico y \u00f3rdenes de arresto sean desestimadas hoy!<\/p>\n\n\t\t\t\t\t\t\t<h2>\u00a1Para obtener m\u00e1s informaci\u00f3n, marque 1-877-298-9099 ahora!<\/h2> \n\t\t\t\t\t\t\t<a href=\"https:\/\/mytraffictickets.com\/es\/login\/\"><i class=\"fa fa-smile-o\" aria-hidden=\"true\"><\/i> Luchemos contra tu boleto<\/a> \n\t\t\t\t\t\t<\/div>\n\t\t\t\t\t<\/div>\n\t\t\t\t<\/div>\n\t\t\t<\/div>\n\t\t<\/div>\n\t<\/div>\n\n\n\n<div class=\"wp-block-themeisle-blocks-advanced-columns has-1-columns has-desktop-equal-layout has-tablet-equal-layout has-mobile-equal-layout has-default-gap has-vertical-unset\" id=\"wp-block-themeisle-blocks-advanced-columns-1816cf7b\" style=\"border-width:0px;border-style:solid;border-color:#000000;border-radius:0px;justify-content:unset\"><div class=\"wp-themeisle-block-overlay\" style=\"opacity:0.5;mix-blend-mode:normal\"><\/div><div class=\"innerblocks-wrap\">\n<div class=\"wp-block-themeisle-blocks-advanced-column\" id=\"wp-block-themeisle-blocks-advanced-column-b96c1b33\" style=\"border-width:0px;border-style:solid;border-color:#000000;border-radius:0px\">\n<p><\/p>\n<\/div>\n<\/div><\/div>","protected":false},"excerpt":{"rendered":"<p>Let Our Colorado County Traffic Ticket Attorneys Make Fighting a Traffic Ticket Easier For You Say YES to Ticket dismissals No insurance increases 97% success rate No points Clean driving record No court visits in most case Hire A Reliable Traffic Ticket Attorney From The Most Experienced Lot! A traffic ticket attorney from My Traffic [&hellip;]<\/p>","protected":false},"author":3,"featured_media":0,"parent":1643,"menu_order":0,"comment_status":"closed","ping_status":"closed","template":"page-templates\/custom_temp.php","meta":{"_mi_skip_tracking":false,"_exactmetrics_sitenote_active":false,"_exactmetrics_sitenote_note":"","_exactmetrics_sitenote_category":0,"footnotes":""},"aioseo_notices":[],"_links":{"self":[{"href":"https:\/\/mytraffictickets.com\/es\/wp-json\/wp\/v2\/pages\/2503"}],"collection":[{"href":"https:\/\/mytraffictickets.com\/es\/wp-json\/wp\/v2\/pages"}],"about":[{"href":"https:\/\/mytraffictickets.com\/es\/wp-json\/wp\/v2\/types\/page"}],"author":[{"embeddable":true,"href":"https:\/\/mytraffictickets.com\/es\/wp-json\/wp\/v2\/users\/3"}],"replies":[{"embeddable":true,"href":"https:\/\/mytraffictickets.com\/es\/wp-json\/wp\/v2\/comments?post=2503"}],"version-history":[{"count":2,"href":"https:\/\/mytraffictickets.com\/es\/wp-json\/wp\/v2\/pages\/2503\/revisions"}],"predecessor-version":[{"id":2612,"href":"https:\/\/mytraffictickets.com\/es\/wp-json\/wp\/v2\/pages\/2503\/revisions\/2612"}],"up":[{"embeddable":true,"href":"https:\/\/mytraffictickets.com\/es\/wp-json\/wp\/v2\/pages\/1643"}],"wp:attachment":[{"href":"https:\/\/mytraffictickets.com\/es\/wp-json\/wp\/v2\/media?parent=2503"}],"curies":[{"name":"wp","href":"https:\/\/api.w.org\/{rel}","templated":true}]}}