{"id":2772,"date":"2020-02-21T05:19:25","date_gmt":"2020-02-21T05:19:25","guid":{"rendered":"https:\/\/www.mytraffictickets.com\/?page_id=2772"},"modified":"2021-07-15T11:26:44","modified_gmt":"2021-07-15T11:26:44","slug":"archer-county","status":"publish","type":"page","link":"https:\/\/mytraffictickets.com\/es\/tx\/archer-county\/","title":{"rendered":"Archer County"},"content":{"rendered":"<div class=\"section\"> \n\t<div class=\"bg-pink\"> \n\t\t<div class=\"container\"> \n\t\t\t<div class=\"row\"> \n\t\t\t\t<div class=\"col-md-12\"> \n\t\t\t\t\t<h2 style=\"padding-top: 25px;!important\">\u00a1Obtenga una multa de tr\u00e1fico del condado de Archer fuera de su registro con mis multas de tr\u00e1fico!<\/h2> \n\t\t\t\t<\/div>\n\t\t\t<\/div>\n\t\t<\/div>\n\t<\/div>\n\n\t<div class=\"wp-introduction\"> \n\t\t<div class=\"container\"> \n\t\t\t<div class=\"row\"> \n\t\t\t\t<div class=\"col-md-7\"> \n\t\t\t\t\t<div class=\"intro-content\"> \n\t\t\t\t\t\t<h2 style=\"padding-top: 10px;!important\">Empiece hoy<\/h2>\n\t\t\t\t\t\t<ul>\n\t\t\t\t\t\t\t<li>Retiro de entradas<\/li>\n\t\t\t\t\t\t\t<li>Historial de conducci\u00f3n limpio<\/li>\n\t\t\t\t\t\t\t<li>Sin puntos<\/li>\n\t\t\t\t\t\t\t<li>Tasa de \u00e9xito del 97%<\/li>\n\t\t\t\t\t\t\t<li>Sin aumentos de seguro<\/li>\n\t\t\t\t\t\t\t<li>Sin tribunal en la mayor\u00eda de los casos<\/li>\n\t\t\t\t\t\t<\/ul>\n\t\t\t\t\t\t<h3 style=\"padding-top: 10px;!important\">Maneje una multa de tr\u00e1fico con prudencia<\/h3>\n                         <p>No importa si lo ha encontrado por exceso de velocidad o por conducci\u00f3n descuidada, lidiar con una multa de tr\u00e1fico de la manera correcta es extremadamente importante, ya que puede abrir las puertas a una serie de problemas. La mejor manera de abordar una multa de tr\u00e1fico en el condado de Archer de la manera correcta es contratar a un abogado de multa de tr\u00e1fico confiable, \u00a1y My Traffic Ticket lo ayuda a hacer precisamente eso!<\/p>\n\t\t\t\t\t\t\n\t\t\t\t\t\t<h3 style=\"padding-top: 10px;!important\">Primeros pasos en 3\u2026 2\u2026 1<\/h3>\n\t\t\t\t\t\t<p>\n\t\t\t\t\t\t\t\t\t\t\t\t\t\t\n\t\t\t\t\t\t\t1) Env\u00ede la informaci\u00f3n de su multa de tr\u00e1fico.<br>\n\n\t\t\t\t\t\t\t2) Obtenga una cotizaci\u00f3n gratuita de su abogado de multas de tr\u00e1fico.<br>\n\n\t\t\t\t\t\t\t3) Contrata a tu abogada de multas de tr\u00e1fico.<br>\n\n\t\t\t\t\t\t\tContrataci\u00f3n de un experimentado <!-- <a href=\"https:\/\/www.mytraffictickets.com\/\"> -->Abogada de multas de trafico<!-- <\/a> --> una multa de tr\u00e1fico en el condado de Archer es probablemente la mejor manera de garantizar el mejor resultado posible para su caso. En My Traffic Tickets, comprendemos totalmente lo valioso que es el tiempo como mercanc\u00eda y es exactamente por eso que nuestros representantes se encargan de todas las comparecencias en la corte. Hacemos nuestro mejor esfuerzo para asegurarnos de que no tenga que enfrentar mayores tarifas de seguro, una licencia de conducir suspendida o posibles recargos del DMV \/ DPS. Para asegurarnos de que nunca le resulte dif\u00edcil mantenerse conectado con el equipo, asignamos un administrador de casos dedicado a cada caso que lo mantendr\u00e1 informado sobre el caso.\n\t\t\t\t\t\t<\/p>\n\t\t\t\t\t\t<a href=\"https:\/\/mytraffictickets.com\/es\/login\/\" style=\"background-color: #4a87d5;!important\"><span style=\"display: inline-block; width: 0px; overflow: hidden; line-height: 0;\" data-mce-type=\"bookmark\" class=\"mce_SELRES_start\"><\/span>CONSIGUE UNA <br>COTIZACI\u00d3Ns<\/a> <\/div>\n\t\t\t\t\t<\/div>\n\n\t\t\t\t\t<div class=\"col-md-5\"> \n\t\t\t\t\t\t<figure class=\"ticket-cars\"> \n\t\t\t\t\t\t\t<img decoding=\"async\" src=\"\/wp-content\/themes\/sydney-child\/img\/cars2.png\"\/> \n\t\t\t\t\t\t<\/figure> \n\t\t\t\t\t<\/div>\n\t\t\t\t<\/div>\n\t\t\t<\/div>\n\t\t<\/div>\n\n\t\t<div class=\"wp-traffic\"> \n\t\t\t<div class=\"container\"> \n\t\t\t\t<div class=\"row\"> \n\t\t\t\t\t<div class=\"col-md-8\"> \n\t\t\t\t\t\t<div class=\"main-wp-content\"> \n\t\t\t\t\t\t\t<h2>Comun\u00edquese con nosotros sin perder el tiempo si est\u00e1 buscando a alguien que pueda ayudarlo con<\/h2> \n\t\t\t\t\t\t\t<ul class=\"traffic-ul\"> \n\t\t\t\t\t\t\t\t<li>Eliminar todas las garant\u00edas activas<\/li>\n\t\t\t\t\t\t\t\t<li>Mantener las entradas fuera de su registro<\/li>\n\t\t\t\t\t\t\t\t<li>Evitar la suspensi\u00f3n de la licencia de conducir<\/li>\n\t\t\t\t\t\t\t\t<li>Comparecer ante el tribunal en su nombre<\/li>\n\t\t\t\t\t\t\t<\/ul> \n\n\t\t\t\t\t\t\t<a href=\"https:\/\/mytraffictickets.com\/es\/login\/\">CONSIGUE UNA <br>COTIZACI\u00d3Ns<\/a> \n\t\t\t\t\t\t<\/div>\n\t\t\t\t\t<\/div>\n\n\t\t\t\t\t<div class=\"col-md-4\"> \n\t\t\t\t\t\t<figure class=\"ticket-cars\"> \n\t\t\t\t\t\t\t<img decoding=\"async\" src=\"\/wp-content\/themes\/sydney-child\/img\/warrant2.png\"\/> \n\t\t\t\t\t\t<\/figure> \n\t\t\t\t\t<\/div>\n\t\t\t\t<\/div>\n\t\t\t<\/div>\n\t\t<\/div>\n\n\t\t<div class=\"wp-introduction\"> \n\t\t<div class=\"container\"> \n\t\t\t<div class=\"row\"> \n\t\t\t\t<div class=\"col-md-12\"> \n\t\t\t\t\t<div class=\"intro-content\"> \n\t\t\t\t\t\t<h3 style=\"padding-top: 10px;!important\" class=\"text-center\">\u00a1Haz lo que sea necesario!<\/h3> \n\t\t\t\t\t\t<p><div class=\"col-md-8\"> \n\t\t\t\t\t\tNo importa lo bueno que sea conduciendo, el margen de error siempre est\u00e1 ah\u00ed. Esto se puede concluir por el hecho de que tan pronto como pierde el control, \u00a1recibe una multa de tr\u00e1fico por una u otra raz\u00f3n! Los abogados confiables de multas de tr\u00e1nsito toman en sus manos las molestias relacionadas con el despido de una multa de tr\u00e1nsito y lo mantienen alejado de todas las preocupaciones. Te salvan de\n\t\t\t\t\t\t<ul>\n\t\t\t\t\t\t\t<li>Suspensi\u00f3n de su carnet de conducir<\/li>\n\t\t\t\t\t\t\t<li>Un aumento significativo en el monto de la prima de su seguro de autom\u00f3vil<\/li>\n\t\t\t\t\t\t\t<li>Pago de multa<\/li>\n\t\t\t\t\t\t\t<li>Posibilidades de ser encarcelado<\/li>\n\t\t\t\t\t\t<\/ul>\n\n\t\t\t\t\t\tAparte de esto, puede ahorrar su tiempo ya que nuestros abogados se encargar\u00e1n de todo por s\u00ed solos. \u00a1Y recuerde, este proceso completo se lleva a cabo sin tener que ir a la oficina del abogado! Adem\u00e1s, nuestra tarifa es competitiva y asequible para todos.<br>\n\n\t\t\t\t\t\tNos enorgullecemos de nuestra tasa de \u00e9xito del 97% y nuestra experiencia en el manejo de m\u00e1s de 100.000 habla por nosotros. Solicite un presupuesto sin perder tiempo. \u00a1Ll\u00e1menos ahora a nuestro n\u00famero gratuito 1-877-298-9099!<\/p><\/div> <div class=\"col-md-4\">\n                          <figure class=\"ticket-cars\"> \n\t\t\t\t\t\t\t<img decoding=\"async\" src=\"\/wp-content\/themes\/sydney-child\/img\/commercial-truck2.png\"\/> \n\t\t\t\t\t\t<\/figure> \n\t\t\t\t\t\n\t\t\t\t<\/div><\/div>\n\t\t\t\t\t<\/div>\n\n\t\t\t\t\t\n\t\t\t\t<\/div>\n\t\t\t<\/div>\n\t\t<\/div><div id=\"carousel\" class=\"testimonial\"> <div class=\"slideshow-container\"> <div class=\"row\"> <div class=\"col-md-12\"> <h2>Por eso nuestra cliente nos elige.<\/h2> <div class=\"mySlides\"> <h2>Gran servicio y muy exitosa<\/h2> <q>Gran servicio y muy exitoso, tuve dos tickets y fueron despedidos. El equipo y los abogados son geniales. \u00a1\u00a1\u00a1Recomendar\u00eda esta compa\u00f1\u00eda a cualquiera!!! San Antonio, Texas.<\/q> <p class=\"author\">Beverly D.<\/p><\/div><div class=\"mySlides\"> <q>Esta empresa tiene 5 estrellas en todos los sentidos y a un costo razonable. Hay muchas opciones en Internet, pero si desea obtener resultados, use My Traffic Tickets para sus encuentros con la polic\u00eda y la corte.<\/q> <p class=\"author\"> Kenneth C.<\/p><\/div><div class=\"mySlides\"> <q>Me ahorr\u00e9 m\u00e1s de $ 400, un viaje fuera de la ciudad, un d\u00eda libre en el trabajo y ni siquiera est\u00e1 en mi historial de manejo. \u00a1\u00a1Gracias!!<\/q> <p class=\"author\">Evelyn F .<\/p><\/div><div class=\"quotes-icon\"> <div class=\"left-icon\"><i class=\"fa fa-quote-left\" aria-hidden=\"true\"><\/i> <\/div><div class=\"right-icon\"><i class=\"fa fa-quote-right\" aria-hidden=\"true\"><\/i> <\/div><\/div><div class=\"dot-container\"> <span class=\"dot\" onclick=\"currentSlide(1)\"><\/span> <span class=\"dot\" onclick=\"currentSlide(2)\"><\/span> <span class=\"dot\" onclick=\"currentSlide(3)\"><\/span> <\/div><\/div><\/div><\/div><\/div><div class=\"traffic-info\"> \n\t\t\t<div class=\"container\"> \n\t\t\t\t<div class=\"row\"> \n\t\t\t\t\t<div class=\"col-md-12\"> \n\t\t\t\t\t\t<div class=\"traffic-info-content\"> \n\t\t\t\t\t\t\t<p>Con nuestra tasa de \u00e9xito combinada del 97% y el manejo de m\u00e1s de 100.000 infracciones de tr\u00e1fico, nos enorgullecemos de habernos ganado la lealtad y la confianza de nuestros clientes y clientes. \u00a1Perm\u00edtanos ayudarlo a que sus multas de tr\u00e1fico y \u00f3rdenes de arresto sean desestimadas hoy!<\/p>\n\n\t\t\t\t\t\t\t<h2>\u00a1Para obtener m\u00e1s informaci\u00f3n, marque 1-877-298-9099 ahora!<\/h2> \n\t\t\t\t\t\t\t<a href=\"https:\/\/mytraffictickets.com\/es\/login\/\"><i class=\"fa fa-smile-o\" aria-hidden=\"true\"><\/i> Luchemos contra tu boleto<\/a> \n\t\t\t\t\t\t<\/div>\n\t\t\t\t\t<\/div>\n\t\t\t\t<\/div>\n\t\t\t<\/div>\n\t\t<\/div>\n\t<\/div>","protected":false},"excerpt":{"rendered":"<p>Get An Archer County Traffic Ticket Off Your Record with My Traffic Tickets! Get Started Today Ticket Dismissals Clean Driving Record No Points 97% Success Rate No Insurance Increases No Court In Most Cases Deal with a traffic ticket wisely Doesn\u2019t matter if you\u2019ve encountered it for over speeding or for careless driving, dealing with [&hellip;]<\/p>","protected":false},"author":3,"featured_media":0,"parent":1643,"menu_order":0,"comment_status":"closed","ping_status":"closed","template":"page-templates\/custom_temp.php","meta":{"_mi_skip_tracking":false,"_exactmetrics_sitenote_active":false,"_exactmetrics_sitenote_note":"","_exactmetrics_sitenote_category":0,"footnotes":""},"aioseo_notices":[],"_links":{"self":[{"href":"https:\/\/mytraffictickets.com\/es\/wp-json\/wp\/v2\/pages\/2772"}],"collection":[{"href":"https:\/\/mytraffictickets.com\/es\/wp-json\/wp\/v2\/pages"}],"about":[{"href":"https:\/\/mytraffictickets.com\/es\/wp-json\/wp\/v2\/types\/page"}],"author":[{"embeddable":true,"href":"https:\/\/mytraffictickets.com\/es\/wp-json\/wp\/v2\/users\/3"}],"replies":[{"embeddable":true,"href":"https:\/\/mytraffictickets.com\/es\/wp-json\/wp\/v2\/comments?post=2772"}],"version-history":[{"count":5,"href":"https:\/\/mytraffictickets.com\/es\/wp-json\/wp\/v2\/pages\/2772\/revisions"}],"predecessor-version":[{"id":2777,"href":"https:\/\/mytraffictickets.com\/es\/wp-json\/wp\/v2\/pages\/2772\/revisions\/2777"}],"up":[{"embeddable":true,"href":"https:\/\/mytraffictickets.com\/es\/wp-json\/wp\/v2\/pages\/1643"}],"wp:attachment":[{"href":"https:\/\/mytraffictickets.com\/es\/wp-json\/wp\/v2\/media?parent=2772"}],"curies":[{"name":"wp","href":"https:\/\/api.w.org\/{rel}","templated":true}]}}