{"id":2778,"date":"2020-02-21T05:40:07","date_gmt":"2020-02-21T05:40:07","guid":{"rendered":"https:\/\/www.mytraffictickets.com\/?page_id=2778"},"modified":"2021-07-15T11:28:31","modified_gmt":"2021-07-15T11:28:31","slug":"bosque-county","status":"publish","type":"page","link":"https:\/\/mytraffictickets.com\/es\/tx\/bosque-county\/","title":{"rendered":"Bosque County"},"content":{"rendered":"<div class=\"section\"> \n\t<div class=\"bg-pink\"> \n\t\t<div class=\"container\"> \n\t\t\t<div class=\"row\"> \n\t\t\t\t<div class=\"col-md-12\"> \n\t\t\t\t\t<h2 style=\"padding-top: 25px;!important\">\u00a1Deje que nuestros abogados de tr\u00e1fico le ayuden a luchar contra las \u00f3rdenes de tr\u00e1fico del condado de Bosque!<\/h2> \n\t\t\t\t<\/div>\n\t\t\t<\/div>\n\t\t<\/div>\n\t<\/div>\n\n\t<div class=\"wp-introduction\"> \n\t\t<div class=\"container\"> \n\t\t\t<div class=\"row\"> \n\t\t\t\t<div class=\"col-md-7\"> \n\t\t\t\t\t<div class=\"intro-content\"> \n\t\t\t\t\t\t<h2 style=\"padding-top: 10px;!important\">Act\u00fae con inteligencia, elija MTT<\/h2>\n\t\t\t\t\t\t<ul>\n\t\t\t\t\t\t\t<li>No hay casos judiciales en la mayor\u00eda de los casos<\/li>\n\t\t\t\t\t\t\t<li>Sin puntos<\/li>\n\t\t\t\t\t\t\t<li>97% de tasa de \u00e9xito<\/li>\n\t\t\t\t\t\t\t<li>Historial de conducci\u00f3n limpio<\/li>\n\t\t\t\t\t\t\t<li>Despidos de boletos<\/li>\n\t\t\t\t\t\t\t<li>Sin aumentos de seguro<\/li>\n\t\t\t\t\t\t<\/ul>\n\t\t\t\t\t\t<h3 style=\"padding-top: 10px;!important\">Nuestros abogados experimentados pueden facilitarle las cosas<\/h3>\n                         <p>Cualquier abogado con experiencia en multas de tr\u00e1nsito del Condado de Bosque trabaja con el objetivo de obtener el mejor resultado posible para el caso en cuesti\u00f3n. El abogado har\u00e1 todo lo posible para asegurarse de que una multa de tr\u00e1fico no afecte la licencia del cliente o las primas del seguro. En muchos de los casos, el abogado incluso acudir\u00e1 a la corte en su nombre y lo proteger\u00e1 de las diversas consecuencias de pagar una multa directamente.<\/p>\n\t\t\t\t\t\t\n\t\t\t\t\t\t<h3 style=\"padding-top: 10px;!important\">Un proceso de tres pasos f\u00e1cil y conveniente<\/h3>\n\t\t\t\t\t\t<p>\n\t\t\t\t\t\t\t\t\t\t\t\t\t\t\n\t\t\t\t\t\t\t1) Env\u00ede la informaci\u00f3n de su multa de tr\u00e1fico.<br>\n\n\t\t\t\t\t\t\t2) Obtenga una cotizaci\u00f3n gratuita de su abogado de multas de tr\u00e1fico.<br>\n\n\t\t\t\t\t\t\t3) Contrata a tu abogada de multas de tr\u00e1fico.<br>\n\n\t\t\t\t\t\t\tMy Traffic Tickets cuenta con un equipo de los abogados de multas de tr\u00e1nsito con m\u00e1s experiencia en el condado de Bosque que ir\u00e1n a la corte por usted, luchar\u00e1n para reducir los costos de la corte y evitar que las primas de su seguro aumenten manteni\u00e9ndolas fuera de su historial de manejo. Brindamos el mejor servicio al cliente y soporte para su caso de multa de tr\u00e1fico sin importar la infracci\u00f3n. Nuestro \u00fanico objetivo es ayudar a mantener su historial de conducci\u00f3n 100% limpio.\n\t\t\t\t\t\t<\/p>\n\t\t\t\t\t\t<a href=\"https:\/\/mytraffictickets.com\/es\/login\/\" style=\"background-color: #4a87d5;!important\"><span style=\"display: inline-block; width: 0px; overflow: hidden; line-height: 0;\" data-mce-type=\"bookmark\" class=\"mce_SELRES_start\"><\/span>CONSIGUE UNA <br>COTIZACI\u00d3Ns<\/a> <\/div>\n\t\t\t\t\t<\/div>\n\n\t\t\t\t\t<div class=\"col-md-5\"> \n\t\t\t\t\t\t<figure class=\"ticket-cars\"> \n\t\t\t\t\t\t\t<img decoding=\"async\" src=\"\/wp-content\/themes\/sydney-child\/img\/cars2.png\"\/> \n\t\t\t\t\t\t<\/figure> \n\t\t\t\t\t<\/div>\n\t\t\t\t<\/div>\n\t\t\t<\/div>\n\t\t<\/div>\n\n\t\t<div class=\"wp-traffic\"> \n\t\t\t<div class=\"container\"> \n\t\t\t\t<div class=\"row\"> \n\t\t\t\t\t<div class=\"col-md-8\"> \n\t\t\t\t\t\t<div class=\"main-wp-content\"> \n\t\t\t\t\t\t\t<h2>Un abogado de multas de tr\u00e1nsito del condado de Bosque puede ayudarlo de las siguientes maneras:<\/h2> \n\t\t\t\t\t\t\t<ul class=\"traffic-ul\"> \n\t\t\t\t\t\t\t\t<li>Obtener la multa de tr\u00e1fico completamente descartada<\/li>\n\t\t\t\t\t\t\t\t<li>Hacer que la multa de tr\u00e1fico se convierta en una infracci\u00f3n en movimiento<\/li>\n\t\t\t\t\t\t\t\t<li>Evitar que se le agreguen puntos a su licencia de conducir<\/li>\n\t\t\t\t\t\t\t\t<li>Evitar la suspensi\u00f3n de la licencia de conducir<\/li>\n\t\t\t\t\t\t\t\t<li>Hacer que se retiren todos los cargos en su contra<\/li>\n\t\t\t\t\t\t\t\t<li>Protecci\u00f3n de su historial de conducci\u00f3n<\/li>\n\t\t\t\t\t\t\t\t<li>Evitar comparecer ante el tribunal<\/li>\n\t\t\t\t\t\t\t<\/ul> \n\n\t\t\t\t\t\t\t<a href=\"https:\/\/mytraffictickets.com\/es\/login\/\">CONSIGUE UNA <br>COTIZACI\u00d3Ns<\/a> \n\t\t\t\t\t\t<\/div>\n\t\t\t\t\t<\/div>\n\n\t\t\t\t\t<div class=\"col-md-4\"> \n\t\t\t\t\t\t<figure class=\"ticket-cars\"> \n\t\t\t\t\t\t\t<img decoding=\"async\" src=\"\/wp-content\/themes\/sydney-child\/img\/warrant2.png\"\/> \n\t\t\t\t\t\t<\/figure> \n\t\t\t\t\t<\/div>\n\t\t\t\t<\/div>\n\t\t\t<\/div>\n\t\t<\/div>\n\n\t\t<div class=\"wp-introduction\"> \n\t\t<div class=\"container\"> \n\t\t\t<div class=\"row\"> \n\t\t\t\t<div class=\"col-md-12\"> \n\t\t\t\t\t<div class=\"intro-content\"> \n\t\t\t\t\t\t<h3 style=\"padding-top: 10px;!important\" class=\"text-center\">Si desea dar una dura batalla por su cuenta, es posible que desee<\/h3> \n\t\t\t\t\t\t<p><div class=\"col-md-8\"> \n\t\t\t\t\t\t<ul>\n\t\t\t\t\t\t\t<li>Investiga a fondo<\/li>\n\t\t\t\t\t\t\t<li>Localice la cancha de antemano<\/li>\n\t\t\t\t\t\t\t<li>Presente una declaraci\u00f3n de no culpabilidad tan pronto como pueda<\/li>\n\t\t\t\t\t\t\t<li>Tenga confianza mientras lucha por su caso<\/li>\n\t\t\t\t\t\t<\/ul>\n\n\t\t\t\t\t\tNo es de extra\u00f1ar que los consejos mencionados anteriormente sean \u00fatiles, pero nada supera la experiencia de un profesional cuando se trata de manejar el despido de una multa de tr\u00e1fico en el condado de Bosque. Los abogados de multas de tr\u00e1nsito de My Traffic Tickets creen en trabajar duro con gran energ\u00eda y brindar los mejores servicios. Dado que nos encantan los resultados sorprendentes tanto como a usted, no dudamos en caminar la milla adicional requerida, sin importar cu\u00e1n complicadas se pongan las cosas. <br>\n\n\t\t\t\t\t\tNos enorgullecemos de que nuestra tasa de \u00e9xito del 97% y nuestra experiencia en el manejo de m\u00e1s de 100.000 hablan por nosotros. Solicite un presupuesto sin perder tiempo. \u00a1Ll\u00e1menos ahora a nuestro n\u00famero gratuito 1-877-298-9099!<\/p><\/div> <div class=\"col-md-4\">\n                          <figure class=\"ticket-cars\"> \n\t\t\t\t\t\t\t<img decoding=\"async\" src=\"\/wp-content\/themes\/sydney-child\/img\/commercial-truck2.png\"\/> \n\t\t\t\t\t\t<\/figure> \n\t\t\t\t\t\n\t\t\t\t<\/div><\/div>\n\t\t\t\t\t<\/div>\n\n\t\t\t\t\t\n\t\t\t\t<\/div>\n\t\t\t<\/div>\n\t\t<\/div><div id=\"carousel\" class=\"testimonial\"> <div class=\"slideshow-container\"> <div class=\"row\"> <div class=\"col-md-12\"> <h2>Por eso nuestra cliente nos elige.<\/h2> <div class=\"mySlides\"> <h2>Gran servicio y muy exitosa<\/h2> <q>Gran servicio y muy exitoso, tuve dos tickets y fueron despedidos. El equipo y los abogados son geniales. \u00a1\u00a1\u00a1Recomendar\u00eda esta compa\u00f1\u00eda a cualquiera!!! San Antonio, Texas.<\/q> <p class=\"author\">Beverly D.<\/p><\/div><div class=\"mySlides\"> <q>Esta empresa tiene 5 estrellas en todos los sentidos y a un costo razonable. Hay muchas opciones en Internet, pero si desea obtener resultados, use My Traffic Tickets para sus encuentros con la polic\u00eda y la corte.<\/q> <p class=\"author\"> Kenneth C.<\/p><\/div><div class=\"mySlides\"> <q>Me ahorr\u00e9 m\u00e1s de $ 400, un viaje fuera de la ciudad, un d\u00eda libre en el trabajo y ni siquiera est\u00e1 en mi historial de manejo. \u00a1\u00a1Gracias!!<\/q> <p class=\"author\">Evelyn F .<\/p><\/div><div class=\"quotes-icon\"> <div class=\"left-icon\"><i class=\"fa fa-quote-left\" aria-hidden=\"true\"><\/i> <\/div><div class=\"right-icon\"><i class=\"fa fa-quote-right\" aria-hidden=\"true\"><\/i> <\/div><\/div><div class=\"dot-container\"> <span class=\"dot\" onclick=\"currentSlide(1)\"><\/span> <span class=\"dot\" onclick=\"currentSlide(2)\"><\/span> <span class=\"dot\" onclick=\"currentSlide(3)\"><\/span> <\/div><\/div><\/div><\/div><\/div><div class=\"traffic-info\"> \n\t\t\t<div class=\"container\"> \n\t\t\t\t<div class=\"row\"> \n\t\t\t\t\t<div class=\"col-md-12\"> \n\t\t\t\t\t\t<div class=\"traffic-info-content\"> \n\t\t\t\t\t\t\t<p>Con nuestra tasa de \u00e9xito combinada del 97% y el manejo de m\u00e1s de 100.000 infracciones de tr\u00e1fico, nos enorgullecemos de habernos ganado la lealtad y la confianza de nuestros clientes y clientes. \u00a1Perm\u00edtanos ayudarlo a que sus multas de tr\u00e1fico y \u00f3rdenes de arresto sean desestimadas hoy!<\/p>\n\n\t\t\t\t\t\t\t<h2>\u00a1Para obtener m\u00e1s informaci\u00f3n, marque 1-877-298-9099 ahora!<\/h2> \n\t\t\t\t\t\t\t<a href=\"https:\/\/mytraffictickets.com\/es\/login\/\"><i class=\"fa fa-smile-o\" aria-hidden=\"true\"><\/i> Luchemos contra tu boleto<\/a> \n\t\t\t\t\t\t<\/div>\n\t\t\t\t\t<\/div>\n\t\t\t\t<\/div>\n\t\t\t<\/div>\n\t\t<\/div>\n\t<\/div>","protected":false},"excerpt":{"rendered":"<p>Let Our Traffic Attorneys Help You in Fighting Bosque County Traffic Warrants! Act Smart, Choose MTT No court cases in most cases No points 97% success rate Clean driving record Ticket dismissals No insurance increases Our experienced lawyers can make things easy for you Any experienced Bosque County traffic ticket lawyer works with the aim [&hellip;]<\/p>","protected":false},"author":3,"featured_media":0,"parent":1643,"menu_order":0,"comment_status":"closed","ping_status":"closed","template":"page-templates\/custom_temp.php","meta":{"_mi_skip_tracking":false,"_exactmetrics_sitenote_active":false,"_exactmetrics_sitenote_note":"","_exactmetrics_sitenote_category":0,"footnotes":""},"aioseo_notices":[],"_links":{"self":[{"href":"https:\/\/mytraffictickets.com\/es\/wp-json\/wp\/v2\/pages\/2778"}],"collection":[{"href":"https:\/\/mytraffictickets.com\/es\/wp-json\/wp\/v2\/pages"}],"about":[{"href":"https:\/\/mytraffictickets.com\/es\/wp-json\/wp\/v2\/types\/page"}],"author":[{"embeddable":true,"href":"https:\/\/mytraffictickets.com\/es\/wp-json\/wp\/v2\/users\/3"}],"replies":[{"embeddable":true,"href":"https:\/\/mytraffictickets.com\/es\/wp-json\/wp\/v2\/comments?post=2778"}],"version-history":[{"count":1,"href":"https:\/\/mytraffictickets.com\/es\/wp-json\/wp\/v2\/pages\/2778\/revisions"}],"predecessor-version":[{"id":2779,"href":"https:\/\/mytraffictickets.com\/es\/wp-json\/wp\/v2\/pages\/2778\/revisions\/2779"}],"up":[{"embeddable":true,"href":"https:\/\/mytraffictickets.com\/es\/wp-json\/wp\/v2\/pages\/1643"}],"wp:attachment":[{"href":"https:\/\/mytraffictickets.com\/es\/wp-json\/wp\/v2\/media?parent=2778"}],"curies":[{"name":"wp","href":"https:\/\/api.w.org\/{rel}","templated":true}]}}