{"id":2780,"date":"2020-02-21T05:44:58","date_gmt":"2020-02-21T05:44:58","guid":{"rendered":"https:\/\/www.mytraffictickets.com\/?page_id=2780"},"modified":"2021-07-15T11:29:13","modified_gmt":"2021-07-15T11:29:13","slug":"brewster-county","status":"publish","type":"page","link":"https:\/\/mytraffictickets.com\/es\/tx\/brewster-county\/","title":{"rendered":"Brewster County"},"content":{"rendered":"<div class=\"section\"> \n\t<div class=\"bg-pink\"> \n\t\t<div class=\"container\"> \n\t\t\t<div class=\"row\"> \n\t\t\t\t<div class=\"col-md-12\"> \n\t\t\t\t\t<h2 style=\"padding-top: 25px;!important\">\u00a1Abogados de multas de tr\u00e1fico del condado de Brewster que lo defienden contra todo tipo de infracciones de tr\u00e1fico!<\/h2> \n\t\t\t\t<\/div>\n\t\t\t<\/div>\n\t\t<\/div>\n\t<\/div>\n\n\t<div class=\"wp-introduction\"> \n\t\t<div class=\"container\"> \n\t\t\t<div class=\"row\"> \n\t\t\t\t<div class=\"col-md-7\"> \n\t\t\t\t\t<div class=\"intro-content\"> \n\t\t\t\t\t\t<h2 style=\"padding-top: 10px;!important\">\u00a1He aqu\u00ed por qu\u00e9 deber\u00eda elegirnos!<\/h2>\n\t\t\t\t\t\t<ul>\n\t\t\t\t\t\t\t<li>Retiro de entradas<\/li>\n\t\t\t\t\t\t\t<li>Historial de conducci\u00f3n limpio<\/li>\n\t\t\t\t\t\t\t<li>Sin puntos<\/li>\n\t\t\t\t\t\t\t<li>Tasa de \u00e9xito del 97%<\/li>\n\t\t\t\t\t\t\t<li>Sin aumentos de seguro<\/li>\n\t\t\t\t\t\t\t<li>Sin tribunal en la mayor\u00eda de los casos<\/li>\n\t\t\t\t\t\t<\/ul>\n\t\t\t\t\t\t<h3 style=\"padding-top: 10px;!important\">Evite meterse en situaciones problem\u00e1ticas<\/h3>\n                         <p>La infracci\u00f3n de una regla de tr\u00e1fico a menudo puede llevarlo a una situaci\u00f3n problem\u00e1tica. Especialmente en el condado de Brewster, contratar a un abogado de multas de tr\u00e1fico puede ahorrarle mucho en forma de una cantidad reducida de multas, evitar que los puntos se sumen a su licencia de conducir y evitar mayores tasas de seguro. Un abogado con experiencia en multas de tr\u00e1nsito lo defiende de las infracciones de tr\u00e1nsito de rutina, as\u00ed como de otras infracciones graves para reducir las sanciones y descartar las multas por completo.<\/p>\n\t\t\t\t\t\t\n\t\t\t\t\t\t<h3 style=\"padding-top: 10px;!important\">Todo lo que necesitas hacer es<\/h3>\n\t\t\t\t\t\t<p>\n\t\t\t\t\t\t\t\t\t\t\t\t\t\t\n\t\t\t\t\t\t\t1) Env\u00ede la informaci\u00f3n de su multa de tr\u00e1fico.<br>\n\n\t\t\t\t\t\t\t2) Obtenga una cotizaci\u00f3n gratuita de su abogado de multas de tr\u00e1fico.<br>\n\n\t\t\t\t\t\t\t3) Contrata a tu abogada de multas de tr\u00e1fico.<br>\n\n\t\t\t\t\t\t\tHay una serie de maneras en las que los abogados de multas de tr\u00e1nsito tratan de minimizar el impacto de una multa de tr\u00e1nsito y persuadir al juez para que reduzca o desestime las multas es la m\u00e1s com\u00fan. En otros casos, el abogado hace que el juez reduzca o descarte los puntos que se agregar\u00e1n a su licencia. Otra salida f\u00e1cil puede ser negociar una disciplina alternativa. Cualquier abogado experimentado en multas de tr\u00e1nsito en el condado de Brewster, TX, sabr\u00eda que asistir a una escuela de tr\u00e1nsito puede resultar en el despido de la multa de tr\u00e1nsito. No solo eso, tambi\u00e9n puede ayudarlo a eliminar puntos de su licencia de conducir y, en \u00faltima instancia, contribuir a reducir las tarifas de seguro de su autom\u00f3vil. \n\t\t\t\t\t\t<\/p>\n\t\t\t\t\t\t<a href=\"https:\/\/mytraffictickets.com\/es\/login\/\" style=\"background-color: #4a87d5;!important\"><span style=\"display: inline-block; width: 0px; overflow: hidden; line-height: 0;\" data-mce-type=\"bookmark\" class=\"mce_SELRES_start\"><\/span>CONSIGUE UNA <br>COTIZACI\u00d3Ns<\/a> <\/div>\n\t\t\t\t\t<\/div>\n\n\t\t\t\t\t<div class=\"col-md-5\"> \n\t\t\t\t\t\t<figure class=\"ticket-cars\"> \n\t\t\t\t\t\t\t<img decoding=\"async\" src=\"\/wp-content\/themes\/sydney-child\/img\/cars2.png\"\/> \n\t\t\t\t\t\t<\/figure> \n\t\t\t\t\t<\/div>\n\t\t\t\t<\/div>\n\t\t\t<\/div>\n\t\t<\/div>\n\n\t\t<div class=\"wp-traffic\"> \n\t\t\t<div class=\"container\"> \n\t\t\t\t<div class=\"row\"> \n\t\t\t\t\t<div class=\"col-md-8\"> \n\t\t\t\t\t\t<div class=\"main-wp-content\"> \n\t\t\t\t\t\t\t<h2>El abogado experimentado de My Traffic Tickets asume la responsabilidad de <\/h2> \n\t\t\t\t\t\t\t<ul class=\"traffic-ul\"> \n\t\t\t\t\t\t\t\t<li>Ir a la corte por ti<\/li>\n\t\t\t\t\t\t\t\t<li>Luchando para reducir los costos judiciales para usted<\/li>\n\t\t\t\t\t\t\t\t<li>Luchando para evitar que las primas de su seguro aumenten<\/li>\n\t\t\t\t\t\t\t\t<li>Mantener las infracciones fuera de su registro de manejo<\/li>\n\t\t\t\t\t\t\t<\/ul> \n\n\t\t\t\t\t\t\t<a href=\"https:\/\/mytraffictickets.com\/es\/login\/\">CONSIGUE UNA <br>COTIZACI\u00d3Ns<\/a> \n\t\t\t\t\t\t<\/div>\n\t\t\t\t\t<\/div>\n\n\t\t\t\t\t<div class=\"col-md-4\"> \n\t\t\t\t\t\t<figure class=\"ticket-cars\"> \n\t\t\t\t\t\t\t<img decoding=\"async\" src=\"\/wp-content\/themes\/sydney-child\/img\/warrant2.png\"\/> \n\t\t\t\t\t\t<\/figure> \n\t\t\t\t\t<\/div>\n\t\t\t\t<\/div>\n\t\t\t<\/div>\n\t\t<\/div>\n\n\t\t<div class=\"wp-introduction\"> \n\t\t<div class=\"container\"> \n\t\t\t<div class=\"row\"> \n\t\t\t\t<div class=\"col-md-12\"> \n\t\t\t\t\t<div class=\"intro-content\"> \n\t\t\t\t\t\t<h3 style=\"padding-top: 10px;!important\" class=\"text-center\">\u00a1Comun\u00edquese con los expertos!<\/h3> \n\t\t\t\t\t\t<p><div class=\"col-md-8\"> \n\n\t\t\t\t\t\tUn abogado experto en multas de tr\u00e1fico puede hacer que se desestime una multa en caso de que el oficial emisor no se presente o usted cumpla con un per\u00edodo de prueba sin supervisi\u00f3n. El abogado siempre lo ayuda a encontrar la mejor salida y su sugerencia nunca debe darse por sentada. <br\/>\n\t\t\t\t\t\t\n\t\t\t\t\t\tEl equipo de profesionales de My Traffic Tickets est\u00e1 bien versado en el conocimiento del manejo de las multas de tr\u00e1fico y tiene una clientela enormemente satisfecha. La empresa, adem\u00e1s de permitirle ponerse en contacto con las mejores mentes, le ayuda a mantener un registro del estado de su multa de tr\u00e1fico a un costo inigualable. Para saber m\u00e1s sobre los servicios que ofrecemos y las tarifas que cobramos, comun\u00edquese con nosotros llam\u00e1ndonos al 1-877-298-9099 o simplemente visite nuestro sitio web en www.mytraffictickets.com.<\/p><\/div> <div class=\"col-md-4\">\n                          <figure class=\"ticket-cars\"> \n\t\t\t\t\t\t\t<img decoding=\"async\" src=\"\/wp-content\/themes\/sydney-child\/img\/commercial-truck2.png\"\/> \n\t\t\t\t\t\t<\/figure> \n\t\t\t\t\t\n\t\t\t\t<\/div><\/div>\n\t\t\t\t\t<\/div>\n\n\t\t\t\t\t\n\t\t\t\t<\/div>\n\t\t\t<\/div>\n\t\t<\/div><div id=\"carousel\" class=\"testimonial\"> <div class=\"slideshow-container\"> <div class=\"row\"> <div class=\"col-md-12\"> <h2>Por eso nuestra cliente nos elige.<\/h2> <div class=\"mySlides\"> <h2>Gran servicio y muy exitosa<\/h2> <q>Gran servicio y muy exitoso, tuve dos tickets y fueron despedidos. El equipo y los abogados son geniales. \u00a1\u00a1\u00a1Recomendar\u00eda esta compa\u00f1\u00eda a cualquiera!!! San Antonio, Texas.<\/q> <p class=\"author\">Beverly D.<\/p><\/div><div class=\"mySlides\"> <q>Esta empresa tiene 5 estrellas en todos los sentidos y a un costo razonable. Hay muchas opciones en Internet, pero si desea obtener resultados, use My Traffic Tickets para sus encuentros con la polic\u00eda y la corte.<\/q> <p class=\"author\"> Kenneth C.<\/p><\/div><div class=\"mySlides\"> <q>Me ahorr\u00e9 m\u00e1s de $ 400, un viaje fuera de la ciudad, un d\u00eda libre en el trabajo y ni siquiera est\u00e1 en mi historial de manejo. \u00a1\u00a1Gracias!!<\/q> <p class=\"author\">Evelyn F .<\/p><\/div><div class=\"quotes-icon\"> <div class=\"left-icon\"><i class=\"fa fa-quote-left\" aria-hidden=\"true\"><\/i> <\/div><div class=\"right-icon\"><i class=\"fa fa-quote-right\" aria-hidden=\"true\"><\/i> <\/div><\/div><div class=\"dot-container\"> <span class=\"dot\" onclick=\"currentSlide(1)\"><\/span> <span class=\"dot\" onclick=\"currentSlide(2)\"><\/span> <span class=\"dot\" onclick=\"currentSlide(3)\"><\/span> <\/div><\/div><\/div><\/div><\/div><div class=\"traffic-info\"> \n\t\t\t<div class=\"container\"> \n\t\t\t\t<div class=\"row\"> \n\t\t\t\t\t<div class=\"col-md-12\"> \n\t\t\t\t\t\t<div class=\"traffic-info-content\"> \n\t\t\t\t\t\t\t<p>Con nuestra tasa de \u00e9xito combinada del 97% y el manejo de m\u00e1s de 100.000 infracciones de tr\u00e1fico, nos enorgullecemos de habernos ganado la lealtad y la confianza de nuestros clientes y clientes. \u00a1Perm\u00edtanos ayudarlo a que sus multas de tr\u00e1fico y \u00f3rdenes de arresto sean desestimadas hoy!<\/p>\n\n\t\t\t\t\t\t\t<h2>\u00a1Para obtener m\u00e1s informaci\u00f3n, marque 1-877-298-9099 ahora!<\/h2> \n\t\t\t\t\t\t\t<a href=\"https:\/\/mytraffictickets.com\/es\/login\/\"><i class=\"fa fa-smile-o\" aria-hidden=\"true\"><\/i> Luchemos contra tu boleto<\/a> \n\t\t\t\t\t\t<\/div>\n\t\t\t\t\t<\/div>\n\t\t\t\t<\/div>\n\t\t\t<\/div>\n\t\t<\/div>\n\t<\/div>","protected":false},"excerpt":{"rendered":"<p>Brewster County Traffic Ticket Attorneys Defending You against All Kinds of Traffic Violations! Here is why you should choose us! Ticket Dismissals Clean Driving Record No Points 97% Success Rate No Insurance Increases No Court In Most Cases Avoid getting into troublesome situations Violation of a traffic rule can often land you in a troublesome [&hellip;]<\/p>","protected":false},"author":3,"featured_media":0,"parent":1643,"menu_order":0,"comment_status":"closed","ping_status":"closed","template":"page-templates\/custom_temp.php","meta":{"_mi_skip_tracking":false,"_exactmetrics_sitenote_active":false,"_exactmetrics_sitenote_note":"","_exactmetrics_sitenote_category":0,"footnotes":""},"aioseo_notices":[],"_links":{"self":[{"href":"https:\/\/mytraffictickets.com\/es\/wp-json\/wp\/v2\/pages\/2780"}],"collection":[{"href":"https:\/\/mytraffictickets.com\/es\/wp-json\/wp\/v2\/pages"}],"about":[{"href":"https:\/\/mytraffictickets.com\/es\/wp-json\/wp\/v2\/types\/page"}],"author":[{"embeddable":true,"href":"https:\/\/mytraffictickets.com\/es\/wp-json\/wp\/v2\/users\/3"}],"replies":[{"embeddable":true,"href":"https:\/\/mytraffictickets.com\/es\/wp-json\/wp\/v2\/comments?post=2780"}],"version-history":[{"count":1,"href":"https:\/\/mytraffictickets.com\/es\/wp-json\/wp\/v2\/pages\/2780\/revisions"}],"predecessor-version":[{"id":2781,"href":"https:\/\/mytraffictickets.com\/es\/wp-json\/wp\/v2\/pages\/2780\/revisions\/2781"}],"up":[{"embeddable":true,"href":"https:\/\/mytraffictickets.com\/es\/wp-json\/wp\/v2\/pages\/1643"}],"wp:attachment":[{"href":"https:\/\/mytraffictickets.com\/es\/wp-json\/wp\/v2\/media?parent=2780"}],"curies":[{"name":"wp","href":"https:\/\/api.w.org\/{rel}","templated":true}]}}