{"id":2782,"date":"2020-02-21T05:50:48","date_gmt":"2020-02-21T05:50:48","guid":{"rendered":"https:\/\/www.mytraffictickets.com\/?page_id=2782"},"modified":"2020-02-21T05:50:48","modified_gmt":"2020-02-21T05:50:48","slug":"castro-county","status":"publish","type":"page","link":"https:\/\/mytraffictickets.com\/es\/tx\/castro-county\/","title":{"rendered":"Castro County"},"content":{"rendered":"<div class=\"section\"> \n\t<div class=\"bg-pink\"> \n\t\t<div class=\"container\"> \n\t\t\t<div class=\"row\"> \n\t\t\t\t<div class=\"col-md-12\"> \n\t\t\t\t\t<h2 style=\"padding-top: 25px;!important\">\u00bfC\u00f3mo lidiar con una orden judicial en el condado de Castro?<\/h2> \n\t\t\t\t<\/div>\n\t\t\t<\/div>\n\t\t<\/div>\n\t<\/div>\n\n\t<div class=\"wp-introduction\"> \n\t\t<div class=\"container\"> \n\t\t\t<div class=\"row\"> \n\t\t\t\t<div class=\"col-md-7\"> \n\t\t\t\t\t<div class=\"intro-content\"> \n\t\t\t\t\t\t<h2 style=\"padding-top: 10px;!important\">\u00a1Comienza con la mejor!<\/h2>\n\t\t\t\t\t\t<ul>\n\t\t\t\t\t\t\t<li>Retiro de entradas<\/li>\n\t\t\t\t\t\t\t<li>Historial de conducci\u00f3n limpio<\/li>\n\t\t\t\t\t\t\t<li>Sin puntos<\/li>\n\t\t\t\t\t\t\t<li>Tasa de \u00e9xito del 97%<\/li>\n\t\t\t\t\t\t\t<li>Sin aumentos de seguro<\/li>\n\t\t\t\t\t\t\t<li>Sin tribunal en la mayor\u00eda de los casos<\/li>\n\t\t\t\t\t\t<\/ul>\n\t\t\t\t\t\t<h3 style=\"padding-top: 10px;!important\">\u00d3rdenes judiciales en Texas<\/h3>\n                         <p>Si tiene poco conocimiento sobre las reglas y regulaciones de tr\u00e1nsito en Texas, debe ser consciente del hecho de que no comparecer ante el tribunal para una audiencia se considera un delito. No solo puede resultar en la emisi\u00f3n de una orden de arresto en su contra, sino tambi\u00e9n en un cargo criminal separado a su nombre.<\/p>\n\t\t\t\t\t\t\n\t\t\t\t\t\t<h3 style=\"padding-top: 10px;!important\">Esto es todo lo que necesita hacer para comenzar<\/h3>\n\t\t\t\t\t\t<p>\n\t\t\t\t\t\t\t\t\t\t\t\t\t\t\n\t\t\t\t\t\t\t1) Env\u00ede la informaci\u00f3n de su multa de tr\u00e1fico.<br>\n\n\t\t\t\t\t\t\t2) Obtenga una cotizaci\u00f3n gratuita de su abogado de multas de tr\u00e1fico.<br>\n\n\t\t\t\t\t\t\t3) Contrata a tu abogada de multas de tr\u00e1fico.<br>\n\n\t\t\t\t\t\t\tEn caso de que lo arresten en Texas, puede escapar de la c\u00e1rcel hasta el juicio con la promesa de que comparecer\u00e1 en todas las fechas de la corte, incluidas audiencias, juicios y sentencias. Si no lo hace, el juez tiene la autoridad para acusarlo de un delito llamado \"saltarse la fianza\" o \"no comparecer\". Una vez que se haya emitido una orden de arresto a su nombre, la polic\u00eda puede arrestarlo y llevarlo a la corte. En tales casos, no solo tendr\u00e1 que comparecer ante el juez, sino que tambi\u00e9n tendr\u00e1 que enfrentar un nuevo caso penal.<\/br>\n\t\t\t\t\t\t\tUn abogado especializado en multas de tr\u00e1fico del condado de Castro le facilitar\u00e1 las cosas.  \t\n\t\t\t\t\t\t<\/p>\n\t\t\t\t\t\t<a href=\"https:\/\/mytraffictickets.com\/es\/login\/\" style=\"background-color: #4a87d5;!important\"><span style=\"display: inline-block; width: 0px; overflow: hidden; line-height: 0;\" data-mce-type=\"bookmark\" class=\"mce_SELRES_start\"><\/span>CONSIGUE UNA <br>COTIZACI\u00d3Ns<\/a> <\/div>\n\t\t\t\t\t<\/div>\n\n\t\t\t\t\t<div class=\"col-md-5\"> \n\t\t\t\t\t\t<figure class=\"ticket-cars\"> \n\t\t\t\t\t\t\t<img decoding=\"async\" src=\"\/wp-content\/themes\/sydney-child\/img\/cars2.png\"\/> \n\t\t\t\t\t\t<\/figure> \n\t\t\t\t\t<\/div>\n\t\t\t\t<\/div>\n\t\t\t<\/div>\n\t\t<\/div>\n\n\t\t<div class=\"wp-traffic\"> \n\t\t\t<div class=\"container\"> \n\t\t\t\t<div class=\"row\"> \n\t\t\t\t\t<div class=\"col-md-8\"> \n\t\t\t\t\t\t<div class=\"main-wp-content\"> \n\t\t\t\t\t\t\t<h2>Otros tipos de infracciones que manejamos <\/h2> \n\t\t\t\t\t\t\t<ul class=\"traffic-ul\"> \n\t\t\t\t\t\t\t\t<li>Multas de tr\u00e1nsito<\/li>\n\t\t\t\t\t\t\t\t<li>Conducir sin seguro<\/li>\n\t\t\t\t\t\t\t\t<li>Conducir con una licencia vencida<\/li>\n\t\t\t\t\t\t\t\t<li>Conducci\u00f3n temeraria<\/li>\n\t\t\t\t\t\t\t\t<li>Violaciones de cambio de carril<\/li>\n\t\t\t\t\t\t\t\t<li>\u00d3rdenes de detenci\u00f3n por infracciones de tr\u00e1nsito no pagadas<\/li>\n\t\t\t\t\t\t\t\t<li>\u00d3rdenes pendientes de pago por entradas impagas<\/li>\n\t\t\t\t\t\t\t\t<li>Conducir con una licencia revocada o suspendida<\/li>\n\t\t\t\t\t\t\t<\/ul> \n\n\t\t\t\t\t\t\t<a href=\"https:\/\/mytraffictickets.com\/es\/login\/\">CONSIGUE UNA <br>COTIZACI\u00d3Ns<\/a> \n\t\t\t\t\t\t<\/div>\n\t\t\t\t\t<\/div>\n\n\t\t\t\t\t<div class=\"col-md-4\"> \n\t\t\t\t\t\t<figure class=\"ticket-cars\"> \n\t\t\t\t\t\t\t<img decoding=\"async\" src=\"\/wp-content\/themes\/sydney-child\/img\/warrant2.png\"\/> \n\t\t\t\t\t\t<\/figure> \n\t\t\t\t\t<\/div>\n\t\t\t\t<\/div>\n\t\t\t<\/div>\n\t\t<\/div>\n\n\t\t<div class=\"wp-introduction\"> \n\t\t<div class=\"container\"> \n\t\t\t<div class=\"row\"> \n\t\t\t\t<div class=\"col-md-12\"> \n\t\t\t\t\t<div class=\"intro-content\"> \n\t\t\t\t\t\t<h3 style=\"padding-top: 10px;!important\" class=\"text-center\">Manejo de una orden judicial<\/h3> \n\t\t\t\t\t\t<p><div class=\"col-md-8\"> \n\n\t\t\t\t\t\tUna vez que se haya emitido una orden de arresto contra usted, puede ser detenido en cualquier momento. Puede ser arrestado desde casi cualquier lugar, ya sea en su casa, su oficina o en un evento social. No querr\u00e1s sentirte avergonzado frente a otras personas, \u00bfverdad? <br>\n\t\t\t\t\t\tObtener una orden de arresto emitida a su nombre puede traerle muchos problemas. La condena aparecer\u00e1 durante todas las verificaciones de antecedentes y se convertir\u00e1 en parte de sus antecedentes penales. La mejor soluci\u00f3n posible a este problema es ponerse en contacto con un abogado de renombre tan pronto como se entere de dicha situaci\u00f3n. Solo un abogado con experiencia en defensa criminal puede encontrarle la mejor salida. <br>\n\t\t\t\t\t\tMy Traffic Tickets le ayuda a encontrar un abogado defensor experto en el condado de Castro a un precio asequible.<\/p><\/div> <div class=\"col-md-4\">\n                          <figure class=\"ticket-cars\"> \n\t\t\t\t\t\t\t<img decoding=\"async\" src=\"\/wp-content\/themes\/sydney-child\/img\/commercial-truck2.png\"\/> \n\t\t\t\t\t\t<\/figure> \n\t\t\t\t\t\n\t\t\t\t<\/div><\/div>\n\t\t\t\t\t<\/div>\n\n\t\t\t\t\t\n\t\t\t\t<\/div>\n\t\t\t<\/div>\n\t\t<\/div><div id=\"carousel\" class=\"testimonial\"> <div class=\"slideshow-container\"> <div class=\"row\"> <div class=\"col-md-12\"> <h2>Por eso nuestra cliente nos elige.<\/h2> <div class=\"mySlides\"> <h2>Gran servicio y muy exitosa<\/h2> <q>Gran servicio y muy exitoso, tuve dos tickets y fueron despedidos. El equipo y los abogados son geniales. \u00a1\u00a1\u00a1Recomendar\u00eda esta compa\u00f1\u00eda a cualquiera!!! San Antonio, Texas.<\/q> <p class=\"author\">Beverly D.<\/p><\/div><div class=\"mySlides\"> <q>Esta empresa tiene 5 estrellas en todos los sentidos y a un costo razonable. Hay muchas opciones en Internet, pero si desea obtener resultados, use My Traffic Tickets para sus encuentros con la polic\u00eda y la corte.<\/q> <p class=\"author\"> Kenneth C.<\/p><\/div><div class=\"mySlides\"> <q>Me ahorr\u00e9 m\u00e1s de $ 400, un viaje fuera de la ciudad, un d\u00eda libre en el trabajo y ni siquiera est\u00e1 en mi historial de manejo. \u00a1\u00a1Gracias!!<\/q> <p class=\"author\">Evelyn F .<\/p><\/div><div class=\"quotes-icon\"> <div class=\"left-icon\"><i class=\"fa fa-quote-left\" aria-hidden=\"true\"><\/i> <\/div><div class=\"right-icon\"><i class=\"fa fa-quote-right\" aria-hidden=\"true\"><\/i> <\/div><\/div><div class=\"dot-container\"> <span class=\"dot\" onclick=\"currentSlide(1)\"><\/span> <span class=\"dot\" onclick=\"currentSlide(2)\"><\/span> <span class=\"dot\" onclick=\"currentSlide(3)\"><\/span> <\/div><\/div><\/div><\/div><\/div><div class=\"traffic-info\"> \n\t\t\t<div class=\"container\"> \n\t\t\t\t<div class=\"row\"> \n\t\t\t\t\t<div class=\"col-md-12\"> \n\t\t\t\t\t\t<div class=\"traffic-info-content\"> \n\t\t\t\t\t\t\t<p>Con nuestra tasa de \u00e9xito combinada del 97% y el manejo de m\u00e1s de 100.000 infracciones de tr\u00e1fico, nos enorgullecemos de habernos ganado la lealtad y la confianza de nuestros clientes y clientes. \u00a1Perm\u00edtanos ayudarlo a que sus multas de tr\u00e1fico y \u00f3rdenes de arresto sean desestimadas hoy!<\/p>\n\n\t\t\t\t\t\t\t<h2>\u00a1Para obtener m\u00e1s informaci\u00f3n, marque 1-877-298-9099 ahora!<\/h2> \n\t\t\t\t\t\t\t<a href=\"https:\/\/mytraffictickets.com\/es\/login\/\"><i class=\"fa fa-smile-o\" aria-hidden=\"true\"><\/i> Luchemos contra tu boleto<\/a> \n\t\t\t\t\t\t<\/div>\n\t\t\t\t\t<\/div>\n\t\t\t\t<\/div>\n\t\t\t<\/div>\n\t\t<\/div>\n\t<\/div>","protected":false},"excerpt":{"rendered":"<p>How Do You Deal With A Bench Warrant In Castro County? Start off with the best! Ticket Dismissals Clean Driving Record No Points 97% Success Rate No Insurance Increases No Court In Most Cases Bench warrants in Texas If you have little knowledge about the traffic rules and regulations in Texas, you must be aware [&hellip;]<\/p>","protected":false},"author":3,"featured_media":0,"parent":1643,"menu_order":0,"comment_status":"closed","ping_status":"closed","template":"page-templates\/custom_temp.php","meta":{"_mi_skip_tracking":false,"_exactmetrics_sitenote_active":false,"_exactmetrics_sitenote_note":"","_exactmetrics_sitenote_category":0,"footnotes":""},"aioseo_notices":[],"_links":{"self":[{"href":"https:\/\/mytraffictickets.com\/es\/wp-json\/wp\/v2\/pages\/2782"}],"collection":[{"href":"https:\/\/mytraffictickets.com\/es\/wp-json\/wp\/v2\/pages"}],"about":[{"href":"https:\/\/mytraffictickets.com\/es\/wp-json\/wp\/v2\/types\/page"}],"author":[{"embeddable":true,"href":"https:\/\/mytraffictickets.com\/es\/wp-json\/wp\/v2\/users\/3"}],"replies":[{"embeddable":true,"href":"https:\/\/mytraffictickets.com\/es\/wp-json\/wp\/v2\/comments?post=2782"}],"version-history":[{"count":1,"href":"https:\/\/mytraffictickets.com\/es\/wp-json\/wp\/v2\/pages\/2782\/revisions"}],"predecessor-version":[{"id":2783,"href":"https:\/\/mytraffictickets.com\/es\/wp-json\/wp\/v2\/pages\/2782\/revisions\/2783"}],"up":[{"embeddable":true,"href":"https:\/\/mytraffictickets.com\/es\/wp-json\/wp\/v2\/pages\/1643"}],"wp:attachment":[{"href":"https:\/\/mytraffictickets.com\/es\/wp-json\/wp\/v2\/media?parent=2782"}],"curies":[{"name":"wp","href":"https:\/\/api.w.org\/{rel}","templated":true}]}}