{"id":2790,"date":"2020-02-21T06:06:22","date_gmt":"2020-02-21T06:06:22","guid":{"rendered":"https:\/\/www.mytraffictickets.com\/?page_id=2790"},"modified":"2020-02-21T06:06:22","modified_gmt":"2020-02-21T06:06:22","slug":"hemphill-county","status":"publish","type":"page","link":"https:\/\/mytraffictickets.com\/es\/tx\/hemphill-county\/","title":{"rendered":"Hemphill County"},"content":{"rendered":"<div class=\"section\"> \n\t<div class=\"bg-pink\"> \n\t\t<div class=\"container\"> \n\t\t\t<div class=\"row\"> \n\t\t\t\t<div class=\"col-md-12\"> \n\t\t\t\t\t<h2 style=\"padding-top: 25px;!important\">Luche contra su multa con los mejores abogados de multas de tr\u00e1fico del condado de Hemphill<\/h2> \n\t\t\t\t<\/div>\n\t\t\t<\/div>\n\t\t<\/div>\n\t<\/div>\n\n\t<div class=\"wp-introduction\"> \n\t\t<div class=\"container\"> \n\t\t\t<div class=\"row\"> \n\t\t\t\t<div class=\"col-md-7\"> \n\t\t\t\t\t<div class=\"intro-content\"> \n\t\t\t\t\t\t<h2 style=\"padding-top: 10px;!important\">Nosotras nos jactamos de<\/h2>\n\t\t\t\t\t\t<ul>\n\t\t\t\t\t\t\t<li>Retiro de entradas<\/li>\n\t\t\t\t\t\t\t<li>Historial de conducci\u00f3n limpio<\/li>\n\t\t\t\t\t\t\t<li>Sin puntos<\/li>\n\t\t\t\t\t\t\t<li>Tasa de \u00e9xito del 97%<\/li>\n\t\t\t\t\t\t\t<li>Sin aumentos de seguro<\/li>\n\t\t\t\t\t\t\t<li>Sin tribunal en la mayor\u00eda de los casos<\/li>\n\t\t\t\t\t\t<\/ul>\n\t\t\t\t\t\t<h3 style=\"padding-top: 10px;!important\">\u00a1Estamos aqu\u00ed para ayudar!<\/h3>\n                         <p>Independientemente de lo bueno que sea conduciendo, es muy probable que se encuentre con una multa de tr\u00e1fico por una u otra raz\u00f3n. Los abogados de multas de tr\u00e1fico del condado de Hemphill pueden ayudarlo a ahorrar mucho tanto en t\u00e9rminos de tiempo como de dinero. Adem\u00e1s de evitar que se suspenda su licencia de conducir, un abogado de tr\u00e1fico tambi\u00e9n puede evitar que las tarifas de su seguro aumenten a un m\u00e1ximo hist\u00f3rico. Te ayudan a lidiar mejor con todas las citas.<\/p>\n\t\t\t\t\t\t\n\t\t\t\t\t\t<h3 style=\"padding-top: 10px;!important\">Empiece hoy\u2026<\/h3>\n\t\t\t\t\t\t<p>\n\t\t\t\t\t\t\t\t\t\t\t\t\t\t\n\t\t\t\t\t\t\t1) Env\u00ede la informaci\u00f3n de su multa de tr\u00e1fico.<br>\n\n\t\t\t\t\t\t\t2) Obtenga una cotizaci\u00f3n gratuita de su abogado de multas de tr\u00e1fico.<br>\n\n\t\t\t\t\t\t\t3) Contrata a tu abogada de multas de tr\u00e1fico.<br>\n\n\t\t\t\t\t\t\tLas personas a menudo cometen el error de entregar los casos relacionados con multas de tr\u00e1fico a un abogado normal y luego se arrepienten de las consecuencias que surgen. Lo que pasa con la contrataci\u00f3n de un abogado con experiencia en \u00f3rdenes judiciales del condado de Hemphill es que maneja miles de casos cada a\u00f1o y, por lo tanto, conocen bien los m\u00e9ritos y dem\u00e9ritos involucrados en un caso de tr\u00e1fico. Si su caso es defendido de manera convincente en el tribunal, no solo se puede reducir al m\u00ednimo el monto de la multa, sino que tambi\u00e9n, en algunos casos, \u00a1el cargo puede ser desestimado por completo en el tribunal!  \t\n\t\t\t\t\t\t<\/p>\n\t\t\t\t\t\t<a href=\"https:\/\/mytraffictickets.com\/es\/login\/\" style=\"background-color: #4a87d5;!important\"><span style=\"display: inline-block; width: 0px; overflow: hidden; line-height: 0;\" data-mce-type=\"bookmark\" class=\"mce_SELRES_start\"><\/span>CONSIGUE UNA <br>COTIZACI\u00d3Ns<\/a> <\/div>\n\t\t\t\t\t<\/div>\n\n\t\t\t\t\t<div class=\"col-md-5\"> \n\t\t\t\t\t\t<figure class=\"ticket-cars\"> \n\t\t\t\t\t\t\t<img decoding=\"async\" src=\"\/wp-content\/themes\/sydney-child\/img\/cars2.png\"\/> \n\t\t\t\t\t\t<\/figure> \n\t\t\t\t\t<\/div>\n\t\t\t\t<\/div>\n\t\t\t<\/div>\n\t\t<\/div>\n\n\t\t<div class=\"wp-traffic\"> \n\t\t\t<div class=\"container\"> \n\t\t\t\t<div class=\"row\"> \n\t\t\t\t\t<div class=\"col-md-8\"> \n\t\t\t\t\t\t<div class=\"main-wp-content\"> \n\t\t\t\t\t\t\t<h2>\u00bfC\u00f3mo puede ayudarlo un abogado de multas de tr\u00e1nsito del condado de Hemphill?<\/h2> \n\t\t\t\t\t\t\t<ul class=\"traffic-ul\"> \n\t\t\t\t\t\t\t\t<li>Facilitar la desestimaci\u00f3n de las multas de tr\u00e1fico del condado de Hemphill<\/li>\n\t\t\t\t\t\t\t\t<li>C\u00f3mo cambiar su multa de tr\u00e1fico a una infracci\u00f3n inm\u00f3vil<\/li>\n\t\t\t\t\t\t\t\t<li>Evitar que se agreguen puntos a su licencia<\/li>\n\t\t\t\t\t\t\t\t<li>Ayud\u00e1ndole a evitar la suspensi\u00f3n de su licencia de conducir<\/li>\n\t\t\t\t\t\t\t\t<li>Ayud\u00e1ndole a retirar todos los cargos<\/li>\n\t\t\t\t\t\t\t\t<li>Hacer comparecencias en la corte en su nombre<\/li>\n\t\t\t\t\t\t\t<\/ul> \n\n\t\t\t\t\t\t\t<a href=\"https:\/\/mytraffictickets.com\/es\/login\/\">CONSIGUE UNA <br>COTIZACI\u00d3Ns<\/a> \n\t\t\t\t\t\t<\/div>\n\t\t\t\t\t<\/div>\n\n\t\t\t\t\t<div class=\"col-md-4\"> \n\t\t\t\t\t\t<figure class=\"ticket-cars\"> \n\t\t\t\t\t\t\t<img decoding=\"async\" src=\"\/wp-content\/themes\/sydney-child\/img\/warrant2.png\"\/> \n\t\t\t\t\t\t<\/figure> \n\t\t\t\t\t<\/div>\n\t\t\t\t<\/div>\n\t\t\t<\/div>\n\t\t<\/div>\n\n\t\t<div class=\"wp-introduction\"> \n\t\t<div class=\"container\"> \n\t\t\t<div class=\"row\"> \n\t\t\t\t<div class=\"col-md-12\"> \n\t\t\t\t\t<div class=\"intro-content\"> \n\t\t\t\t\t\t<h3 style=\"padding-top: 10px;!important\" class=\"text-center\">Elige la salida f\u00e1cil<\/h3> \n\t\t\t\t\t\t<p><div class=\"col-md-8\"> \n\t\t\t\t\t\tLa forma m\u00e1s f\u00e1cil de lidiar con una multa de tr\u00e1fico es negociar una disciplina alternativa. Los abogados expertos en multas de tr\u00e1nsito son conscientes del hecho de que la desestimaci\u00f3n completa de una multa de tr\u00e1nsito es posible cuando uno acepta asistir a una escuela de tr\u00e1nsito. Aparte de eso, puede ayudarlo a eliminar puntos de su licencia junto con la reducci\u00f3n de las tarifas del seguro. Claramente, esta es una de las salidas m\u00e1s f\u00e1ciles. Cualquier abogado responsable de multas de tr\u00e1fico no solo asistir\u00eda a la audiencia en su nombre, sino que tambi\u00e9n, en caso de ausencia del oficial emisor, tambi\u00e9n puede hacer que se desestime la multa. Teniendo en cuenta todo, el papel que juega un abogado de multas de tr\u00e1nsito para ayudarlo a deshacerse de una multa de tr\u00e1nsito en el condado de Hemphill es extremadamente importante.<br>\n\t\t\t\t\t\tNavegue por el sitio web @ www.mytraffictickets.com para obtener m\u00e1s informaci\u00f3n. <\/p><\/div> <div class=\"col-md-4\">\n                          <figure class=\"ticket-cars\"> \n\t\t\t\t\t\t\t<img decoding=\"async\" src=\"\/wp-content\/themes\/sydney-child\/img\/commercial-truck2.png\"\/> \n\t\t\t\t\t\t<\/figure> \n\t\t\t\t\t\n\t\t\t\t<\/div><\/div>\n\t\t\t\t\t<\/div>\n\n\t\t\t\t\t\n\t\t\t\t<\/div>\n\t\t\t<\/div>\n\t\t<\/div><div id=\"carousel\" class=\"testimonial\"> <div class=\"slideshow-container\"> <div class=\"row\"> <div class=\"col-md-12\"> <h2>Por eso nuestra cliente nos elige.<\/h2> <div class=\"mySlides\"> <h2>Gran servicio y muy exitosa<\/h2> <q>Gran servicio y muy exitoso, tuve dos tickets y fueron despedidos. El equipo y los abogados son geniales. \u00a1\u00a1\u00a1Recomendar\u00eda esta compa\u00f1\u00eda a cualquiera!!! San Antonio, Texas.<\/q> <p class=\"author\">Beverly D.<\/p><\/div><div class=\"mySlides\"> <q>Esta empresa tiene 5 estrellas en todos los sentidos y a un costo razonable. Hay muchas opciones en Internet, pero si desea obtener resultados, use My Traffic Tickets para sus encuentros con la polic\u00eda y la corte.<\/q> <p class=\"author\"> Kenneth C.<\/p><\/div><div class=\"mySlides\"> <q>Me ahorr\u00e9 m\u00e1s de $ 400, un viaje fuera de la ciudad, un d\u00eda libre en el trabajo y ni siquiera est\u00e1 en mi historial de manejo. \u00a1\u00a1Gracias!!<\/q> <p class=\"author\">Evelyn F .<\/p><\/div><div class=\"quotes-icon\"> <div class=\"left-icon\"><i class=\"fa fa-quote-left\" aria-hidden=\"true\"><\/i> <\/div><div class=\"right-icon\"><i class=\"fa fa-quote-right\" aria-hidden=\"true\"><\/i> <\/div><\/div><div class=\"dot-container\"> <span class=\"dot\" onclick=\"currentSlide(1)\"><\/span> <span class=\"dot\" onclick=\"currentSlide(2)\"><\/span> <span class=\"dot\" onclick=\"currentSlide(3)\"><\/span> <\/div><\/div><\/div><\/div><\/div><div class=\"traffic-info\"> \n\t\t\t<div class=\"container\"> \n\t\t\t\t<div class=\"row\"> \n\t\t\t\t\t<div class=\"col-md-12\"> \n\t\t\t\t\t\t<div class=\"traffic-info-content\"> \n\t\t\t\t\t\t\t<p>Con nuestra tasa de \u00e9xito combinada del 97% y el manejo de m\u00e1s de 100.000 infracciones de tr\u00e1fico, nos enorgullecemos de habernos ganado la lealtad y la confianza de nuestros clientes y clientes. \u00a1Perm\u00edtanos ayudarlo a que sus multas de tr\u00e1fico y \u00f3rdenes de arresto sean desestimadas hoy!<\/p>\n\n\t\t\t\t\t\t\t<h2>\u00a1Para obtener m\u00e1s informaci\u00f3n, marque 1-877-298-9099 ahora!<\/h2> \n\t\t\t\t\t\t\t<a href=\"https:\/\/mytraffictickets.com\/es\/login\/\"><i class=\"fa fa-smile-o\" aria-hidden=\"true\"><\/i> Luchemos contra tu boleto<\/a> \n\t\t\t\t\t\t<\/div>\n\t\t\t\t\t<\/div>\n\t\t\t\t<\/div>\n\t\t\t<\/div>\n\t\t<\/div>\n\t<\/div>","protected":false},"excerpt":{"rendered":"<p>Fight Your Ticket With The Best Hemphill County Traffic Ticket Attorneys We Boast Of Ticket Dismissals Clean Driving Record No Points 97% Success Rate No Insurance Increases No Court In Most Cases We are here to help! Irrespective of how good you are at driving, it is very likely for you to encounter a traffic [&hellip;]<\/p>","protected":false},"author":3,"featured_media":0,"parent":1643,"menu_order":0,"comment_status":"closed","ping_status":"closed","template":"page-templates\/custom_temp.php","meta":{"_mi_skip_tracking":false,"_exactmetrics_sitenote_active":false,"_exactmetrics_sitenote_note":"","_exactmetrics_sitenote_category":0,"footnotes":""},"aioseo_notices":[],"_links":{"self":[{"href":"https:\/\/mytraffictickets.com\/es\/wp-json\/wp\/v2\/pages\/2790"}],"collection":[{"href":"https:\/\/mytraffictickets.com\/es\/wp-json\/wp\/v2\/pages"}],"about":[{"href":"https:\/\/mytraffictickets.com\/es\/wp-json\/wp\/v2\/types\/page"}],"author":[{"embeddable":true,"href":"https:\/\/mytraffictickets.com\/es\/wp-json\/wp\/v2\/users\/3"}],"replies":[{"embeddable":true,"href":"https:\/\/mytraffictickets.com\/es\/wp-json\/wp\/v2\/comments?post=2790"}],"version-history":[{"count":1,"href":"https:\/\/mytraffictickets.com\/es\/wp-json\/wp\/v2\/pages\/2790\/revisions"}],"predecessor-version":[{"id":2791,"href":"https:\/\/mytraffictickets.com\/es\/wp-json\/wp\/v2\/pages\/2790\/revisions\/2791"}],"up":[{"embeddable":true,"href":"https:\/\/mytraffictickets.com\/es\/wp-json\/wp\/v2\/pages\/1643"}],"wp:attachment":[{"href":"https:\/\/mytraffictickets.com\/es\/wp-json\/wp\/v2\/media?parent=2790"}],"curies":[{"name":"wp","href":"https:\/\/api.w.org\/{rel}","templated":true}]}}