{"id":2795,"date":"2020-02-21T06:14:24","date_gmt":"2020-02-21T06:14:24","guid":{"rendered":"https:\/\/www.mytraffictickets.com\/?page_id=2795"},"modified":"2020-02-21T06:14:25","modified_gmt":"2020-02-21T06:14:25","slug":"hutchinson-county","status":"publish","type":"page","link":"https:\/\/mytraffictickets.com\/es\/tx\/hutchinson-county\/","title":{"rendered":"Hutchinson County"},"content":{"rendered":"<div class=\"section\"> \n\t<div class=\"bg-pink\"> \n\t\t<div class=\"container\"> \n\t\t\t<div class=\"row\"> \n\t\t\t\t<div class=\"col-md-12\"> \n\t\t\t\t\t<h2 style=\"padding-top: 25px;!important\">\u00a1Supere ese boleto con el mejor abogado de multas de tr\u00e1fico del condado de Hutchinson!<\/h2> \n\t\t\t\t<\/div>\n\t\t\t<\/div>\n\t\t<\/div>\n\t<\/div>\n\n\t<div class=\"wp-introduction\"> \n\t\t<div class=\"container\"> \n\t\t\t<div class=\"row\"> \n\t\t\t\t<div class=\"col-md-7\"> \n\t\t\t\t\t<div class=\"intro-content\"> \n\t\t\t\t\t\t<h2 style=\"padding-top: 10px;!important\">A su servicio<\/h2>\n\t\t\t\t\t\t<ul>\n\t\t\t\t\t\t\t<li>Retiro de entradas<\/li>\n\t\t\t\t\t\t\t<li>Historial de conducci\u00f3n limpio<\/li>\n\t\t\t\t\t\t\t<li>Sin puntos<\/li>\n\t\t\t\t\t\t\t<li>Tasa de \u00e9xito del 97%<\/li>\n\t\t\t\t\t\t\t<li>Sin aumentos de seguro<\/li>\n\t\t\t\t\t\t\t<li>Sin tribunal en la mayor\u00eda de los casos<\/li>\n\t\t\t\t\t\t<\/ul>\n\t\t\t\t\t\t<h3 style=\"padding-top: 10px;!important\">Lucharemos por tus derechos<\/h3>\n                         <p>Los abogados de multas de tr\u00e1nsito de My Traffic Tickets definitivamente saben c\u00f3mo defenderlo y c\u00f3mo luchar por sus derechos. Las posibilidades de que su multa se reduzca o se desestime por completo se multiplican cuando contrata a un abogado de infracci\u00f3n de tr\u00e1nsito de MTT. Los abogados de multas de tr\u00e1nsito usar\u00e1n su buen historial de manejo como una raz\u00f3n por la cual su multa debe reducirse, o pueden encontrar otra raz\u00f3n que convenza a los jueces de que reducir su multa es una buena idea.<\/p>\n\t\t\t\t\t\t\n\t\t\t\t\t\t<h3 style=\"padding-top: 10px;!important\">3 sencillos pasos para comenzar<\/h3>\n\t\t\t\t\t\t<p>\n\t\t\t\t\t\t\t\t\t\t\t\t\t\t\n\t\t\t\t\t\t\t1) Env\u00ede la informaci\u00f3n de su multa de tr\u00e1fico.<br>\n\n\t\t\t\t\t\t\t2) Obtenga una cotizaci\u00f3n gratuita de su abogado de multas de tr\u00e1fico.<br>\n\n\t\t\t\t\t\t\t3) Contrata a tu abogada de multas de tr\u00e1fico.<br>\n\n\t\t\t\t\t\t\tUn abogado de tr\u00e1fico conoce bien el mecanismo de defensa contra cada tipo de caso de tr\u00e1fico y esto puede ayudar a reducir el impacto en usted. Es posible que tenga que pagar una cantidad menor de multa y aterrizar con menos puntos de dem\u00e9rito o con cero. En algunos casos, el cargo puede ser desestimado por completo en el tribunal. El mejor abogado de multas de tr\u00e1fico lo ayudar\u00e1 a defender con \u00e9xito el caso y, con frecuencia, tampoco es necesario que comparezca ante el tribunal.\t\n\t\t\t\t\t\t<\/p>\n\t\t\t\t\t\t<a href=\"https:\/\/mytraffictickets.com\/es\/login\/\" style=\"background-color: #4a87d5;!important\"><span style=\"display: inline-block; width: 0px; overflow: hidden; line-height: 0;\" data-mce-type=\"bookmark\" class=\"mce_SELRES_start\"><\/span>CONSIGUE UNA <br>COTIZACI\u00d3Ns<\/a> <\/div>\n\t\t\t\t\t<\/div>\n\n\t\t\t\t\t<div class=\"col-md-5\"> \n\t\t\t\t\t\t<figure class=\"ticket-cars\"> \n\t\t\t\t\t\t\t<img decoding=\"async\" src=\"\/wp-content\/themes\/sydney-child\/img\/cars2.png\"\/> \n\t\t\t\t\t\t<\/figure> \n\t\t\t\t\t<\/div>\n\t\t\t\t<\/div>\n\t\t\t<\/div>\n\t\t<\/div>\n\n\t\t<div class=\"wp-traffic\"> \n\t\t\t<div class=\"container\"> \n\t\t\t\t<div class=\"row\"> \n\t\t\t\t\t<div class=\"col-md-8\"> \n\t\t\t\t\t\t<div class=\"main-wp-content\"> \n\t\t\t\t\t\t\t<h2>Factores que afectan las tarifas de los seguros<\/h2>\n\t\t\t\t\t\t\t\n\t\t\t\t\t\t\t<ul class=\"traffic-ul\"> \n\t\t\t\t\t\t\t\t<li>El tipo de veh\u00edculo<\/li>\n\t\t\t\t\t\t\t\t<li>Uso del autom\u00f3vil<\/li>\n\t\t\t\t\t\t\t\t<li>El lugar en el que vives<\/li>\n\t\t\t\t\t\t\t\t<li>Tu historial de manejo<\/li>\n\t\t\t\t\t\t\t\t<li>Caracter\u00edsticas individuales: edad, sexo y estado civil<\/li>\n\t\t\t\t\t\t\t<\/ul> \n\t\t\t\t\t\t\t<p style=\"color:#fff;\">Tiene poco control sobre la mayor\u00eda de estos aspectos; sin embargo, puede asegurarse de tener un historial de manejo limpio si consulta a un abogado defensor de multas de tr\u00e1nsito con experiencia para manejar una infracci\u00f3n. Un abogado confiable se asegurar\u00e1 de que su historial de manejo se mantenga limpio, evitando que aumenten las tarifas del seguro.<\/p>\n\n\t\t\t\t\t\t\t<a href=\"https:\/\/mytraffictickets.com\/es\/login\/\">CONSIGUE UNA <br>COTIZACI\u00d3Ns<\/a> \n\t\t\t\t\t\t<\/div>\n\t\t\t\t\t<\/div>\n\n\t\t\t\t\t<div class=\"col-md-4\"> \n\t\t\t\t\t\t<figure class=\"ticket-cars\"> \n\t\t\t\t\t\t\t<img decoding=\"async\" src=\"\/wp-content\/themes\/sydney-child\/img\/warrant2.png\"\/> \n\t\t\t\t\t\t<\/figure> \n\t\t\t\t\t<\/div>\n\t\t\t\t<\/div>\n\t\t\t<\/div>\n\t\t<\/div>\n\n\t\t<div class=\"wp-introduction\"> \n\t\t<div class=\"container\"> \n\t\t\t<div class=\"row\"> \n\t\t\t\t<div class=\"col-md-12\"> \n\t\t\t\t\t<div class=\"intro-content\"> \n\t\t\t\t\t\t<h3 style=\"padding-top: 10px;!important\" class=\"text-center\">Nosotros conocemos el sistema<\/h3> \n\t\t\t\t\t\t<p><div class=\"col-md-8\"> \n\n\t\t\t\t\t\tUn abogado de multas de tr\u00e1nsito o un agente de la corte de tr\u00e1nsito de My Traffic Tickets es la mejor persona para las negociaciones de declaraci\u00f3n de culpabilidad exitosas porque est\u00e1n familiarizados con el sistema. El abogado puede eliminar con \u00e9xito las consecuencias de un caso de multa de tr\u00e1fico y, si esto parece imposible, reducir la carga sobre usted mediante negociaciones prudentes.<br>\n\t\t\t\t\t\tMy Traffic Tickets es un destino \u00fanico para atender todas sus necesidades de multas de tr\u00e1fico con el mejor servicio al cliente para respaldarlo. Navegue por el sitio web para obtener m\u00e1s informaci\u00f3n. \n\t\t\t\t\t<\/p><\/div> <div class=\"col-md-4\">\n                          <figure class=\"ticket-cars\"> \n\t\t\t\t\t\t\t<img decoding=\"async\" src=\"\/wp-content\/themes\/sydney-child\/img\/commercial-truck2.png\"\/> \n\t\t\t\t\t\t<\/figure> \n\t\t\t\t\t\n\t\t\t\t<\/div><\/div>\n\t\t\t\t\t<\/div>\n\n\t\t\t\t\t\n\t\t\t\t<\/div>\n\t\t\t<\/div>\n\t\t<\/div><div id=\"carousel\" class=\"testimonial\"> <div class=\"slideshow-container\"> <div class=\"row\"> <div class=\"col-md-12\"> <h2>Por eso nuestra cliente nos elige.<\/h2> <div class=\"mySlides\"> <h2>Gran servicio y muy exitosa<\/h2> <q>Gran servicio y muy exitoso, tuve dos tickets y fueron despedidos. El equipo y los abogados son geniales. \u00a1\u00a1\u00a1Recomendar\u00eda esta compa\u00f1\u00eda a cualquiera!!! San Antonio, Texas.<\/q> <p class=\"author\">Beverly D.<\/p><\/div><div class=\"mySlides\"> <q>Esta empresa tiene 5 estrellas en todos los sentidos y a un costo razonable. Hay muchas opciones en Internet, pero si desea obtener resultados, use My Traffic Tickets para sus encuentros con la polic\u00eda y la corte.<\/q> <p class=\"author\"> Kenneth C.<\/p><\/div><div class=\"mySlides\"> <q>Me ahorr\u00e9 m\u00e1s de $ 400, un viaje fuera de la ciudad, un d\u00eda libre en el trabajo y ni siquiera est\u00e1 en mi historial de manejo. \u00a1\u00a1Gracias!!<\/q> <p class=\"author\">Evelyn F .<\/p><\/div><div class=\"quotes-icon\"> <div class=\"left-icon\"><i class=\"fa fa-quote-left\" aria-hidden=\"true\"><\/i> <\/div><div class=\"right-icon\"><i class=\"fa fa-quote-right\" aria-hidden=\"true\"><\/i> <\/div><\/div><div class=\"dot-container\"> <span class=\"dot\" onclick=\"currentSlide(1)\"><\/span> <span class=\"dot\" onclick=\"currentSlide(2)\"><\/span> <span class=\"dot\" onclick=\"currentSlide(3)\"><\/span> <\/div><\/div><\/div><\/div><\/div><div class=\"traffic-info\"> \n\t\t\t<div class=\"container\"> \n\t\t\t\t<div class=\"row\"> \n\t\t\t\t\t<div class=\"col-md-12\"> \n\t\t\t\t\t\t<div class=\"traffic-info-content\"> \n\t\t\t\t\t\t\t<p>Con nuestra tasa de \u00e9xito combinada del 97% y el manejo de m\u00e1s de 100.000 infracciones de tr\u00e1fico, nos enorgullecemos de habernos ganado la lealtad y la confianza de nuestros clientes y clientes. \u00a1Perm\u00edtanos ayudarlo a que sus multas de tr\u00e1fico y \u00f3rdenes de arresto sean desestimadas hoy!<\/p>\n\n\t\t\t\t\t\t\t<h2>\u00a1Para obtener m\u00e1s informaci\u00f3n, marque 1-877-298-9099 ahora!<\/h2> \n\t\t\t\t\t\t\t<a href=\"https:\/\/mytraffictickets.com\/es\/login\/\"><i class=\"fa fa-smile-o\" aria-hidden=\"true\"><\/i> Luchemos contra tu boleto<\/a> \n\t\t\t\t\t\t<\/div>\n\t\t\t\t\t<\/div>\n\t\t\t\t<\/div>\n\t\t\t<\/div>\n\t\t<\/div>\n\t<\/div>","protected":false},"excerpt":{"rendered":"<p>Beat That Ticket with the Best Hutchinson County Traffic Ticket Attorney! At Your Service Ticket Dismissals Clean Driving Record No Points 97% Success Rate No Insurance Increases No Court In Most Cases We will fight for your rights The traffic ticket lawyers at My Traffic Tickets definitely know how to argue for you and they [&hellip;]<\/p>","protected":false},"author":3,"featured_media":0,"parent":1643,"menu_order":0,"comment_status":"closed","ping_status":"closed","template":"page-templates\/custom_temp.php","meta":{"_mi_skip_tracking":false,"_exactmetrics_sitenote_active":false,"_exactmetrics_sitenote_note":"","_exactmetrics_sitenote_category":0,"footnotes":""},"aioseo_notices":[],"_links":{"self":[{"href":"https:\/\/mytraffictickets.com\/es\/wp-json\/wp\/v2\/pages\/2795"}],"collection":[{"href":"https:\/\/mytraffictickets.com\/es\/wp-json\/wp\/v2\/pages"}],"about":[{"href":"https:\/\/mytraffictickets.com\/es\/wp-json\/wp\/v2\/types\/page"}],"author":[{"embeddable":true,"href":"https:\/\/mytraffictickets.com\/es\/wp-json\/wp\/v2\/users\/3"}],"replies":[{"embeddable":true,"href":"https:\/\/mytraffictickets.com\/es\/wp-json\/wp\/v2\/comments?post=2795"}],"version-history":[{"count":1,"href":"https:\/\/mytraffictickets.com\/es\/wp-json\/wp\/v2\/pages\/2795\/revisions"}],"predecessor-version":[{"id":2796,"href":"https:\/\/mytraffictickets.com\/es\/wp-json\/wp\/v2\/pages\/2795\/revisions\/2796"}],"up":[{"embeddable":true,"href":"https:\/\/mytraffictickets.com\/es\/wp-json\/wp\/v2\/pages\/1643"}],"wp:attachment":[{"href":"https:\/\/mytraffictickets.com\/es\/wp-json\/wp\/v2\/media?parent=2795"}],"curies":[{"name":"wp","href":"https:\/\/api.w.org\/{rel}","templated":true}]}}