{"id":3,"date":"2018-08-16T09:20:41","date_gmt":"2018-08-16T09:20:41","guid":{"rendered":"https:\/\/www.mytraffictickets.com\/?page_id=3"},"modified":"2021-08-11T11:11:52","modified_gmt":"2021-08-11T11:11:52","slug":"privacy-policy","status":"publish","type":"page","link":"https:\/\/mytraffictickets.com\/es\/privacy-policy\/","title":{"rendered":"Pol\u00edtica de privacidad"},"content":{"rendered":"<div data-elementor-type=\"wp-page\" data-elementor-id=\"3\" class=\"elementor elementor-3\" data-elementor-settings=\"[]\">\n\t\t\t\t\t\t<div class=\"elementor-inner\">\n\t\t\t\t\t\t\t<div class=\"elementor-section-wrap\">\n\t\t\t\t\t\t\t<section class=\"elementor-section elementor-top-section elementor-element elementor-element-3493050a elementor-section-boxed elementor-section-height-default elementor-section-height-default\" data-id=\"3493050a\" data-element_type=\"section\">\n\t\t\t\t\t\t<div class=\"elementor-container elementor-column-gap-default\">\n\t\t\t\t\t\t\t<div class=\"elementor-row\">\n\t\t\t\t\t<div class=\"elementor-column elementor-col-100 elementor-top-column elementor-element elementor-element-2bbf38c6\" data-id=\"2bbf38c6\" data-element_type=\"column\">\n\t\t\t<div class=\"elementor-column-wrap elementor-element-populated\">\n\t\t\t\t\t\t\t<div class=\"elementor-widget-wrap\">\n\t\t\t\t\t\t<div class=\"elementor-element elementor-element-32a8a301 elementor-widget elementor-widget-text-editor\" data-id=\"32a8a301\" data-element_type=\"widget\" data-widget_type=\"text-editor.default\">\n\t\t\t\t<div class=\"elementor-widget-container\">\n\t\t\t\t\t\t\t\t<div class=\"elementor-text-editor elementor-clearfix\">\n\t\t\t\t\t<h2>Nuestro compromiso con su privacidad<\/h2>\n<p>Welcome to My Traffic&nbsp; &nbsp;Tickets (MTT), a website and application (the \u201cApp\u201d) operated by Ticket Submitters LLC doing business as My Traffic Tickets (the \u201cCompany\u201d).<br>\nThe following Privacy Policy applies when you use the website located at www.mytraffictickets.com (the \u201cSite\u201d) and the App.&nbsp; The term &#8220;Site&#8221; used herein may refer to both the Site and App.<\/p>\n<p>We respect and protect the privacy of our Site users. This Privacy Policy explains how we collect and use your information and is part of our Terms of Use when you use our Site.<\/p>\n<p>Tu consentimiento<\/p>\n<p>Al utilizar nuestro sitio, acepta nuestra Pol\u00edtica de privacidad. Si no est\u00e1 de acuerdo, no utilice nuestro Sitio.<\/p>\n<p>\u00bfQu\u00e9 informaci\u00f3n recopilamos?<\/p>\n<p>Cuando se registre en el Sitio como cliente potencial de un abogado que usa el Sitio, se le pedir\u00e1 que proporcione cierta informaci\u00f3n sobre usted y su asunto legal, como su nombre, correo electr\u00f3nico, fecha de nacimiento, n\u00famero de tel\u00e9fono, licencia de conducir. escriba, una copia de su licencia de conducir, n\u00famero de licencia de conducir, comprobante de seguro, domicilio e informaci\u00f3n de la multa de tr\u00e1fico.<\/p>\n<p>Nuestro proveedor de servicios de facturaci\u00f3n externo tambi\u00e9n recopilar\u00e1 informaci\u00f3n como su nombre completo, n\u00famero de tarjeta de cr\u00e9dito y direcci\u00f3n de facturaci\u00f3n.<\/p>\n<p>Information Sent by Your Mobile Device. We collect certain information that your mobile device sends when you use our Site, like a device identifier, user settings and the operating system of your device, as well as information about your use of our Services.<\/p>\n<p>Location Information. When you use our App, we may collect and store information about your location by converting your IP address into a rough geo-location or by accessing your mobile device\u2019s GPS coordinates or coarse location if you enable location services on your device. We may use location information to improve and personalize our Services for you. If you do not want us to collect location information, you may disable that feature on your mobile device.<\/p>\n<p>Nosotros y nuestros proveedores de servicios externos podemos recopilar cierta informaci\u00f3n sobre su uso de nuestro Sitio. Por ejemplo, podemos recopilar y \/ o utilizar:<\/p>\n<p>Informaci\u00f3n de registro (incluida su direcci\u00f3n IP, tipo de navegador, proveedor de servicios de Internet, p\u00e1ginas de referencia y de salida, sistema operativo, fechas \/ hora de acceso y datos relacionados)<br>\nInformaci\u00f3n recopilada por cookies y p\u00edxeles de seguimiento (como se explica a continuaci\u00f3n)<br>\nBalizas web (tambi\u00e9n llamadas \"etiquetas de Internet\" o \"gifs transparentes\"; se utilizan para contar los visitantes de nuestro sitio y las p\u00e1ginas que se vieron y los enlaces en los que se hizo clic)<br>\nScripts integrados (c\u00f3digo descargado temporalmente en su dispositivo para recopilar informaci\u00f3n sobre sus interacciones con el Servicio y, posteriormente, eliminado o desactivado)<br>\n\u00bfD\u00f3nde almacenamos su informaci\u00f3n?<\/p>\n<p>Su informaci\u00f3n puede almacenarse en nuestros propios servidores o en servidores propiedad de terceros proveedores de almacenamiento en la nube.<\/p>\n<p>Los proveedores de almacenamiento de terceros no pueden usar su informaci\u00f3n, excepto seg\u00fan lo dispuesto en esta Pol\u00edtica de privacidad.<\/p>\n<p>\u00bfC\u00f3mo usamos su informaci\u00f3n?<\/p>\n<p>La informaci\u00f3n que recopilamos de usted puede usarse:<\/p>\n<p>Para brindarle servicios<br>\nPor abogados que utilizan el Sitio para brindarle servicios legales<br>\nPara mejorar nuestro sitio y servicios<br>\nPara fines de marketing<br>\nPara responder a sus mensajes y comentarios.<br>\nPara enviarle avisos t\u00e9cnicos<br>\n\u00bfUtilizamos cookies o p\u00edxeles de seguimiento?<\/p>\n<p>Si.<\/p>\n<p>Las cookies son peque\u00f1os archivos que incluyen un identificador \u00fanico an\u00f3nimo. Las cookies nos permiten reconocer su navegador y recordar cierta informaci\u00f3n sobre usted para personalizar su experiencia en nuestro Sitio.<\/p>\n<p>Tambi\u00e9n utilizamos cookies para recopilar datos agregados sobre el tr\u00e1fico a nuestro sitio para que podamos mejorar nuestro sitio.<\/p>\n<p>Podemos utilizar cookies persistentes y de sesi\u00f3n. Las cookies persistentes permanecen en su computadora despu\u00e9s de cerrar su sesi\u00f3n y hasta que las elimine; Las cookies de sesi\u00f3n caducan cuando cierra su navegador.<\/p>\n<p>Un p\u00edxel de seguimiento es una imagen diminuta del tama\u00f1o de un p\u00edxel que nos permite realizar un seguimiento de las visitas a su sitio web, las impresiones publicitarias y otros tipos de actividad en Internet. A veces, tambi\u00e9n se denomina error web, baliza o etiqueta de p\u00e1gina.<\/p>\n<p>\u00bfUtilizamos Google AdWords u otros m\u00e9todos de remarketing?<\/p>\n<p>Si. Podemos utilizar el servicio de remarketing de Google AdWords o Google Analytics para anunciar en sitios web de terceros (incluido Google) a visitantes anteriores de nuestro Sitio. Podr\u00eda significar que anunciamos a visitantes anteriores que no han completado una tarea en nuestro sitio, por ejemplo, utilizando el formulario de contacto para realizar una consulta. Esto podr\u00eda ser en forma de un anuncio en la p\u00e1gina de resultados de b\u00fasqueda de Google o un sitio en la Red de Display de Google.<\/p>\n<p>Los proveedores externos, incluido Google, utilizan cookies para publicar anuncios basados en las visitas anteriores de alguien a nuestro Sitio. Todos los datos recopilados se utilizar\u00e1n de acuerdo con nuestra propia pol\u00edtica de privacidad y la pol\u00edtica de privacidad de Google.<\/p>\n<p>Puede establecer preferencias sobre c\u00f3mo Google le anuncia mediante la p\u00e1gina de preferencias de anuncios de Google.<\/p>\n<p>\u00bfC\u00f3mo respondemos a las se\u00f1ales de \"No rastrear\"?<\/p>\n<p>Podemos rastrear su comportamiento de navegaci\u00f3n para adaptar mejor las sugerencias y la informaci\u00f3n para usted.<\/p>\n<p>Algunos sitios de terceros tambi\u00e9n realizan un seguimiento de sus actividades de navegaci\u00f3n cuando le ofrecen contenido, lo que les permite personalizar lo que le presentan.<\/p>\n<p>You can opt out of certain tracking by adjusting the settings on your browser.&nbsp; However, many websites (including the Site) may not respond to such signals.<\/p>\n<p>There are also browser extensions that may block tracking.&nbsp; Again, they may not be effective in all cases.<\/p>\n<p>\u00bfCu\u00e1nto tiempo almacenamos su informaci\u00f3n?<\/p>\n<p>Tenemos la intenci\u00f3n de almacenar parte de su informaci\u00f3n del Contenido de usuario de forma indefinida.<\/p>\n<p>\u00bfQu\u00e9 pasa con los enlaces a otros sitios web?<\/p>\n<p>We may provide links to or compatibility with other websites. &nbsp;However, we\u2019re not responsible for the privacy practices employed by those websites or the information or content they contain.<\/p>\n<p>\u00bfC\u00f3mo protegemos tu informaci\u00f3n?<\/p>\n<p>Utilizamos procedimientos f\u00edsicos, electr\u00f3nicos y de otro tipo para salvaguardar y asegurar la informaci\u00f3n que recopilamos. Sin embargo, tenga en cuenta que Internet es un entorno intr\u00ednsecamente inseguro y que los piratas inform\u00e1ticos trabajan constantemente para vencer las medidas de seguridad.<\/p>\n<p>Por lo tanto, no podemos garantizar que su informaci\u00f3n no sea accedida, divulgada, alterada o destruida, y usted acepta este riesgo.<\/p>\n<p>How can you protect your information?<\/p>\n<p>Le instamos a que tome medidas para mantener segura su informaci\u00f3n personal al no compartirla con otros ni publicarla en l\u00ednea.<\/p>\n<p>\u00bfRevelamos alguna informaci\u00f3n a terceros?<\/p>\n<p>No vendemos, intercambiamos ni transferimos a terceros su Informaci\u00f3n de identificaci\u00f3n personal (PII) con fines comerciales o de marketing.<\/p>\n<p>Si as\u00ed lo requiere una orden judicial v\u00e1lida, proporcionaremos su informaci\u00f3n personal en un procedimiento civil o penal.<\/p>\n<p>No compartiremos ninguna PII que hayamos recopilado de usted o sobre usted, excepto como se describe a continuaci\u00f3n.<\/p>\n<p>Information Disclosed in Connection with Business Transactions. If we are acquired by a third party as a result of a transaction such as a merger, acquisition or asset sale or if our assets are acquired by a third party in the event we go out of business or enter bankruptcy, some or all of our assets, including your PII, may be disclosed or transferred to a third party acquirer in connection with the transaction.<\/p>\n<p>Information Disclosed for Our Protection and the Protection of Others. We cooperate with government and law enforcement officials or private parties to enforce and comply with the law. We may disclose any information about you to government or law enforcement officials or private parties as we, in our sole discretion, believe necessary or appropriate: (i) to respond to claims, legal process (including subpoenas); (ii) to protect our property, rights and safety and the property, rights and safety of a third party or the public in general; and (iii) to stop any activity that we consider illegal, unethical or legally actionable activity.<\/p>\n<p>No destinado a ni\u00f1os<\/p>\n<p>Nuestro sitio no est\u00e1 destinado a ni\u00f1os menores de 13 a\u00f1os. No recopilamos, a sabiendas o espec\u00edficamente, informaci\u00f3n de ni\u00f1os menores de 13 a\u00f1os o sobre ellos.<\/p>\n<p>Cambios a nuestra pol\u00edtica de privacidad<\/p>\n<p>Si decidimos cambiar nuestra Pol\u00edtica de privacidad, publicaremos esos cambios en esta p\u00e1gina. Tambi\u00e9n podemos, pero no estamos obligados a hacerlo, enviarle un aviso por correo electr\u00f3nico.<\/p>\n<p>Contacta con nosotras<\/p>\n<p>Si tiene preguntas sobre nuestra Pol\u00edtica de privacidad, cont\u00e1ctenos en <a  href=\"mailto:info@mytraffictickets.com\">info@mytraffictickets.com<\/a><\/p>\n<p>\u00daltima actualizaci\u00f3n: 25 de febrero de 2019<\/p>\t\t\t\t\t<\/div>\n\t\t\t\t\t\t<\/div>\n\t\t\t\t<\/div>\n\t\t\t\t\t\t<\/div>\n\t\t\t\t\t<\/div>\n\t\t<\/div>\n\t\t\t\t\t\t\t\t<\/div>\n\t\t\t\t\t<\/div>\n\t\t<\/section>\n\t\t\t\t\t\t<\/div>\n\t\t\t\t\t\t<\/div>\n\t\t\t\t\t<\/div>","protected":false},"excerpt":{"rendered":"<p>Our Commitment to Your Privacy Welcome to My Traffic&nbsp; &nbsp;Tickets (MTT), a website and application (the \u201cApp\u201d) operated by Ticket Submitters LLC doing business as My Traffic Tickets (the \u201cCompany\u201d). The following Privacy Policy applies when you use the website located at www.mytraffictickets.com (the \u201cSite\u201d) and the App.&nbsp; The term &#8220;Site&#8221; used herein may refer [&hellip;]<\/p>","protected":false},"author":3,"featured_media":0,"parent":0,"menu_order":0,"comment_status":"closed","ping_status":"open","template":"page-templates\/page_fullwidth.php","meta":{"_mi_skip_tracking":false,"_exactmetrics_sitenote_active":false,"_exactmetrics_sitenote_note":"","_exactmetrics_sitenote_category":0,"footnotes":""},"aioseo_notices":[],"_links":{"self":[{"href":"https:\/\/mytraffictickets.com\/es\/wp-json\/wp\/v2\/pages\/3"}],"collection":[{"href":"https:\/\/mytraffictickets.com\/es\/wp-json\/wp\/v2\/pages"}],"about":[{"href":"https:\/\/mytraffictickets.com\/es\/wp-json\/wp\/v2\/types\/page"}],"author":[{"embeddable":true,"href":"https:\/\/mytraffictickets.com\/es\/wp-json\/wp\/v2\/users\/3"}],"replies":[{"embeddable":true,"href":"https:\/\/mytraffictickets.com\/es\/wp-json\/wp\/v2\/comments?post=3"}],"version-history":[{"count":33,"href":"https:\/\/mytraffictickets.com\/es\/wp-json\/wp\/v2\/pages\/3\/revisions"}],"predecessor-version":[{"id":5695,"href":"https:\/\/mytraffictickets.com\/es\/wp-json\/wp\/v2\/pages\/3\/revisions\/5695"}],"wp:attachment":[{"href":"https:\/\/mytraffictickets.com\/es\/wp-json\/wp\/v2\/media?parent=3"}],"curies":[{"name":"wp","href":"https:\/\/api.w.org\/{rel}","templated":true}]}}