{"id":3206,"date":"2020-05-14T08:27:20","date_gmt":"2020-05-14T08:27:20","guid":{"rendered":"http:\/\/mytrafficticktes.psz.netsmartz.us\/?page_id=3206"},"modified":"2021-06-24T11:56:43","modified_gmt":"2021-06-24T11:56:43","slug":"stop-sign-tickets","status":"publish","type":"page","link":"https:\/\/mytraffictickets.com\/es\/we-fight\/stop-sign-tickets\/","title":{"rendered":"Entradas de se\u00f1al de pare"},"content":{"rendered":"<div data-elementor-type=\"wp-post\" data-elementor-id=\"3206\" class=\"elementor elementor-3206\" data-elementor-settings=\"[]\">\n\t\t\t\t\t\t<div class=\"elementor-inner\">\n\t\t\t\t\t\t\t<div class=\"elementor-section-wrap\">\n\t\t\t\t\t\t\t<section class=\"elementor-section elementor-top-section elementor-element elementor-element-48d206ac elementor-section-boxed elementor-section-height-default elementor-section-height-default\" data-id=\"48d206ac\" data-element_type=\"section\">\n\t\t\t\t\t\t<div class=\"elementor-container elementor-column-gap-default\">\n\t\t\t\t\t\t\t<div class=\"elementor-row\">\n\t\t\t\t\t<div class=\"elementor-column elementor-col-100 elementor-top-column elementor-element elementor-element-2492b560\" data-id=\"2492b560\" data-element_type=\"column\">\n\t\t\t<div class=\"elementor-column-wrap\">\n\t\t\t\t\t\t\t<div class=\"elementor-widget-wrap\">\n\t\t\t\t\t\t\t\t<\/div>\n\t\t\t\t\t<\/div>\n\t\t<\/div>\n\t\t\t\t\t\t\t\t<\/div>\n\t\t\t\t\t<\/div>\n\t\t<\/section>\n\t\t\t\t<section class=\"elementor-section elementor-top-section elementor-element elementor-element-e0b2942 plnt-tree elementor-section-boxed elementor-section-height-default elementor-section-height-default\" data-id=\"e0b2942\" data-element_type=\"section\" data-settings=\"{&quot;background_background&quot;:&quot;classic&quot;}\">\n\t\t\t\t\t\t<div class=\"elementor-container elementor-column-gap-default\">\n\t\t\t\t\t\t\t<div class=\"elementor-row\">\n\t\t\t\t\t<div class=\"elementor-column elementor-col-50 elementor-top-column elementor-element elementor-element-18314305\" data-id=\"18314305\" data-element_type=\"column\">\n\t\t\t<div class=\"elementor-column-wrap elementor-element-populated\">\n\t\t\t\t\t\t\t<div class=\"elementor-widget-wrap\">\n\t\t\t\t\t\t<div class=\"elementor-element elementor-element-5ab6bd86 elementor-widget elementor-widget-text-editor\" data-id=\"5ab6bd86\" data-element_type=\"widget\" data-widget_type=\"text-editor.default\">\n\t\t\t\t<div class=\"elementor-widget-container\">\n\t\t\t\t\t\t\t\t<div class=\"elementor-text-editor elementor-clearfix\">\n\t\t\t\t\t\t\t\t\t\t<\/div>\n\t\t\t\t\t\t<\/div>\n\t\t\t\t<\/div>\n\t\t\t\t<div class=\"elementor-element elementor-element-40c765c1 elementor-widget elementor-widget-text-editor\" data-id=\"40c765c1\" data-element_type=\"widget\" data-widget_type=\"text-editor.default\">\n\t\t\t\t<div class=\"elementor-widget-container\">\n\t\t\t\t\t\t\t\t<div class=\"elementor-text-editor elementor-clearfix\">\n\t\t\t\t\t<p class=\"hr-plnt\">Entradas de se\u00f1al de pare<\/p>\t\t\t\t\t<\/div>\n\t\t\t\t\t\t<\/div>\n\t\t\t\t<\/div>\n\t\t\t\t\t\t<\/div>\n\t\t\t\t\t<\/div>\n\t\t<\/div>\n\t\t\t\t<div class=\"elementor-column elementor-col-50 elementor-top-column elementor-element elementor-element-5459b50b\" data-id=\"5459b50b\" data-element_type=\"column\">\n\t\t\t<div class=\"elementor-column-wrap\">\n\t\t\t\t\t\t\t<div class=\"elementor-widget-wrap\">\n\t\t\t\t\t\t\t\t<\/div>\n\t\t\t\t\t<\/div>\n\t\t<\/div>\n\t\t\t\t\t\t\t\t<\/div>\n\t\t\t\t\t<\/div>\n\t\t<\/section>\n\t\t\t\t<section class=\"elementor-section elementor-top-section elementor-element elementor-element-1abcf872 elementor-section-boxed elementor-section-height-default elementor-section-height-default\" data-id=\"1abcf872\" data-element_type=\"section\" data-settings=\"{&quot;background_background&quot;:&quot;classic&quot;}\">\n\t\t\t\t\t\t<div class=\"elementor-container elementor-column-gap-default\">\n\t\t\t\t\t\t\t<div class=\"elementor-row\">\n\t\t\t\t\t<div class=\"elementor-column elementor-col-100 elementor-top-column elementor-element elementor-element-3f5d22c2\" data-id=\"3f5d22c2\" data-element_type=\"column\">\n\t\t\t<div class=\"elementor-column-wrap elementor-element-populated\">\n\t\t\t\t\t\t\t<div class=\"elementor-widget-wrap\">\n\t\t\t\t\t\t<div class=\"elementor-element elementor-element-67795f07 elementor-widget elementor-widget-heading\" data-id=\"67795f07\" data-element_type=\"widget\" data-widget_type=\"heading.default\">\n\t\t\t\t<div class=\"elementor-widget-container\">\n\t\t\t<h1 class=\"elementor-heading-title elementor-size-default\">Ejecutar un billete de se\u00f1al de stop<\/h1>\t\t<\/div>\n\t\t\t\t<\/div>\n\t\t\t\t<div class=\"elementor-element elementor-element-7de80a21 elementor-widget elementor-widget-image\" data-id=\"7de80a21\" data-element_type=\"widget\" data-widget_type=\"image.default\">\n\t\t\t\t<div class=\"elementor-widget-container\">\n\t\t\t\t\t\t\t\t<div class=\"elementor-image\">\n\t\t\t\t\t\t\t\t\t\t\t\t<img loading=\"lazy\" width=\"342\" height=\"11\" src=\"https:\/\/mytraffictickets.com\/wp-content\/uploads\/2020\/05\/hdg-lines.png\" class=\"attachment-large size-large\" alt=\"lines\" decoding=\"async\" srcset=\"https:\/\/mytraffictickets.com\/wp-content\/uploads\/2020\/05\/hdg-lines.png 342w, https:\/\/mytraffictickets.com\/wp-content\/uploads\/2020\/05\/hdg-lines-300x10.png 300w, https:\/\/mytraffictickets.com\/wp-content\/uploads\/2020\/05\/hdg-lines-230x7.png 230w\" sizes=\"(max-width: 342px) 100vw, 342px\"  \/>\t\t\t\t\t\t\t\t\t\t\t\t\t\t<\/div>\n\t\t\t\t\t\t<\/div>\n\t\t\t\t<\/div>\n\t\t\t\t\t\t<\/div>\n\t\t\t\t\t<\/div>\n\t\t<\/div>\n\t\t\t\t\t\t\t\t<\/div>\n\t\t\t\t\t<\/div>\n\t\t<\/section>\n\t\t\t\t<section class=\"elementor-section elementor-top-section elementor-element elementor-element-30336291 elementor-section-boxed elementor-section-height-default elementor-section-height-default\" data-id=\"30336291\" data-element_type=\"section\" data-settings=\"{&quot;background_background&quot;:&quot;classic&quot;}\">\n\t\t\t\t\t\t<div class=\"elementor-container elementor-column-gap-default\">\n\t\t\t\t\t\t\t<div class=\"elementor-row\">\n\t\t\t\t\t<div class=\"elementor-column elementor-col-100 elementor-top-column elementor-element elementor-element-48a40c38\" data-id=\"48a40c38\" data-element_type=\"column\">\n\t\t\t<div class=\"elementor-column-wrap elementor-element-populated\">\n\t\t\t\t\t\t\t<div class=\"elementor-widget-wrap\">\n\t\t\t\t\t\t<div class=\"elementor-element elementor-element-14872583 elementor-widget elementor-widget-text-editor\" data-id=\"14872583\" data-element_type=\"widget\" data-widget_type=\"text-editor.default\">\n\t\t\t\t<div class=\"elementor-widget-container\">\n\t\t\t\t\t\t\t\t<div class=\"elementor-text-editor elementor-clearfix\">\n\t\t\t\t\t<p class=\"Normal tm5\"><span class=\"tm6\">Teniendo en cuenta el aumento de las multas por multas de se\u00f1ales de alto, muchas personas vienen a nosotros con sus multas todos los d\u00edas para que las manejemos. Adem\u00e1s de las multas, hay una raz\u00f3n m\u00e1s por la que las personas evitan pelear las multas por las se\u00f1ales de alto por su cuenta, y es que estas multas tienen puntos que pueden agregarse a su historial de manejo y pueden aumentar las primas de su seguro durante 3 a\u00f1os.<\/span><\/p>\t\t\t\t\t<\/div>\n\t\t\t\t\t\t<\/div>\n\t\t\t\t<\/div>\n\t\t\t\t\t\t<\/div>\n\t\t\t\t\t<\/div>\n\t\t<\/div>\n\t\t\t\t\t\t\t\t<\/div>\n\t\t\t\t\t<\/div>\n\t\t<\/section>\n\t\t\t\t<section class=\"elementor-section elementor-top-section elementor-element elementor-element-7e6ea7f6 elementor-section-boxed elementor-section-height-default elementor-section-height-default\" data-id=\"7e6ea7f6\" data-element_type=\"section\">\n\t\t\t\t\t\t<div class=\"elementor-container elementor-column-gap-default\">\n\t\t\t\t\t\t\t<div class=\"elementor-row\">\n\t\t\t\t\t<div class=\"elementor-column elementor-col-50 elementor-top-column elementor-element elementor-element-1aa1ffda\" data-id=\"1aa1ffda\" data-element_type=\"column\">\n\t\t\t<div class=\"elementor-column-wrap elementor-element-populated\">\n\t\t\t\t\t\t\t<div class=\"elementor-widget-wrap\">\n\t\t\t\t\t\t<div class=\"elementor-element elementor-element-58548a8 elementor-hidden-desktop elementor-hidden-tablet elementor-widget elementor-widget-image\" data-id=\"58548a8\" data-element_type=\"widget\" data-widget_type=\"image.default\">\n\t\t\t\t<div class=\"elementor-widget-container\">\n\t\t\t\t\t\t\t\t<div class=\"elementor-image\">\n\t\t\t\t\t\t\t\t\t\t\t\t<img decoding=\"async\" src=\"https:\/\/mytraffictickets.com\/wp-content\/uploads\/2020\/05\/Thumb-1-1.jpg\"  alt=\"Traffic Ticket Lawyers\" \/>\t\t\t\t\t\t\t\t\t\t\t\t\t\t<\/div>\n\t\t\t\t\t\t<\/div>\n\t\t\t\t<\/div>\n\t\t\t\t<div class=\"elementor-element elementor-element-1972126f elementor-widget elementor-widget-heading\" data-id=\"1972126f\" data-element_type=\"widget\" data-widget_type=\"heading.default\">\n\t\t\t\t<div class=\"elementor-widget-container\">\n\t\t\t<h2 class=\"elementor-heading-title elementor-size-default\">\u00bfC\u00f3mo luchan mis multas de tr\u00e1fico contra una multa de se\u00f1al de pare?<\/h2>\t\t<\/div>\n\t\t\t\t<\/div>\n\t\t\t\t<div class=\"elementor-element elementor-element-53cbcb6e elementor-widget elementor-widget-image\" data-id=\"53cbcb6e\" data-element_type=\"widget\" data-widget_type=\"image.default\">\n\t\t\t\t<div class=\"elementor-widget-container\">\n\t\t\t\t\t\t\t\t<div class=\"elementor-image\">\n\t\t\t\t\t\t\t\t\t\t\t\t<img loading=\"lazy\" width=\"82\" height=\"4\" src=\"https:\/\/mytraffictickets.com\/wp-content\/uploads\/2020\/05\/blu-line.png\" class=\"attachment-large size-large\" alt=\"blu Line\" decoding=\"async\"  \/>\t\t\t\t\t\t\t\t\t\t\t\t\t\t<\/div>\n\t\t\t\t\t\t<\/div>\n\t\t\t\t<\/div>\n\t\t\t\t<div class=\"elementor-element elementor-element-59480d49 elementor-widget elementor-widget-text-editor\" data-id=\"59480d49\" data-element_type=\"widget\" data-widget_type=\"text-editor.default\">\n\t\t\t\t<div class=\"elementor-widget-container\">\n\t\t\t\t\t\t\t\t<div class=\"elementor-text-editor elementor-clearfix\">\n\t\t\t\t\t<p class=\"Normal tm6\"><span class=\"tm7\">A\u00f1os de experiencia en este campo han permitido a nuestros expertos <\/span><span class=\"tm8\">Abogada de multas de trafico<\/span><span class=\"tm7\">s para idear una pl\u00e9tora de estrategias de defensa exitosas dependiendo de la situaci\u00f3n de cada cliente. Dado que una multa de se\u00f1al de alto, al igual que cualquier otra multa de tr\u00e1fico, se emite sobre la base de la estimaci\u00f3n visual personal de un polic\u00eda de tr\u00e1fico, demostrar la culpa puede ser bastante dif\u00edcil. <\/span><\/p>\n<p class=\"Normal tm6\"><span class=\"tm7\">En este caso, hay dos factores que funcionan a tu favor<\/span><\/p>\t\t\t\t\t<\/div>\n\t\t\t\t\t\t<\/div>\n\t\t\t\t<\/div>\n\t\t\t\t\t\t<\/div>\n\t\t\t\t\t<\/div>\n\t\t<\/div>\n\t\t\t\t<div class=\"elementor-column elementor-col-50 elementor-top-column elementor-element elementor-element-75df9566\" data-id=\"75df9566\" data-element_type=\"column\">\n\t\t\t<div class=\"elementor-column-wrap elementor-element-populated\">\n\t\t\t\t\t\t\t<div class=\"elementor-widget-wrap\">\n\t\t\t\t\t\t<div class=\"elementor-element elementor-element-3f16fc9d elementor-hidden-phone elementor-widget elementor-widget-image\" data-id=\"3f16fc9d\" data-element_type=\"widget\" data-widget_type=\"image.default\">\n\t\t\t\t<div class=\"elementor-widget-container\">\n\t\t\t\t\t\t\t\t<div class=\"elementor-image\">\n\t\t\t\t\t\t\t\t\t\t\t\t<img loading=\"lazy\" width=\"444\" height=\"290\" src=\"https:\/\/mytraffictickets.com\/wp-content\/uploads\/2020\/05\/Thumb-1-1.jpg\" class=\"attachment-full size-full\" alt=\"\" decoding=\"async\" srcset=\"https:\/\/mytraffictickets.com\/wp-content\/uploads\/2020\/05\/Thumb-1-1.jpg 444w, https:\/\/mytraffictickets.com\/wp-content\/uploads\/2020\/05\/Thumb-1-1-300x196.jpg 300w, https:\/\/mytraffictickets.com\/wp-content\/uploads\/2020\/05\/Thumb-1-1-230x150.jpg 230w, https:\/\/mytraffictickets.com\/wp-content\/uploads\/2020\/05\/Thumb-1-1-350x229.jpg 350w\" sizes=\"(max-width: 444px) 100vw, 444px\"  \/>\t\t\t\t\t\t\t\t\t\t\t\t\t\t<\/div>\n\t\t\t\t\t\t<\/div>\n\t\t\t\t<\/div>\n\t\t\t\t\t\t<\/div>\n\t\t\t\t\t<\/div>\n\t\t<\/div>\n\t\t\t\t\t\t\t\t<\/div>\n\t\t\t\t\t<\/div>\n\t\t<\/section>\n\t\t\t\t<section class=\"elementor-section elementor-top-section elementor-element elementor-element-159d2b4 elementor-section-boxed elementor-section-height-default elementor-section-height-default\" data-id=\"159d2b4\" data-element_type=\"section\">\n\t\t\t\t\t\t<div class=\"elementor-container elementor-column-gap-default\">\n\t\t\t\t\t\t\t<div class=\"elementor-row\">\n\t\t\t\t\t<div class=\"elementor-column elementor-col-100 elementor-top-column elementor-element elementor-element-6ca3d76a\" data-id=\"6ca3d76a\" data-element_type=\"column\">\n\t\t\t<div class=\"elementor-column-wrap elementor-element-populated\">\n\t\t\t\t\t\t\t<div class=\"elementor-widget-wrap\">\n\t\t\t\t\t\t<div class=\"elementor-element elementor-element-53376c1b elementor-widget elementor-widget-text-editor\" data-id=\"53376c1b\" data-element_type=\"widget\" data-widget_type=\"text-editor.default\">\n\t\t\t\t<div class=\"elementor-widget-container\">\n\t\t\t\t\t\t\t\t<div class=\"elementor-text-editor elementor-clearfix\">\n\t\t\t\t\t<ul>\n<li class=\"ListParagraph tm9\"><span class=\"tm10\">un acusado es inocente hasta que se pruebe su culpabilidad en un tribunal de justicia<\/span><\/li>\n<li class=\"ListParagraph tm9\"><span class=\"tm10\">el gobierno tiene la carga de probar que un acusado ha cometido el delito imputado m\u00e1s all\u00e1 de toda duda razonable<\/span><\/li>\n<\/ul>\n<p class=\"Normal tm6\"><span class=\"tm7\">Actuando inteligentemente, el <\/span><span class=\"tm8\">Abogada de multas de trafico<\/span><span class=\"tm7\">Los de My Traffic Tickets toman en sus manos la responsabilidad de demostrar que usted es inocente o de crear suficientes dudas razonables de que viol\u00f3 el c\u00f3digo. Los expertos hacen todo lo posible para buscar cualquier tipo de lagunas o eslabones d\u00e9biles en la cadena.<\/span><\/p>\t\t\t\t\t<\/div>\n\t\t\t\t\t\t<\/div>\n\t\t\t\t<\/div>\n\t\t\t\t\t\t<\/div>\n\t\t\t\t\t<\/div>\n\t\t<\/div>\n\t\t\t\t\t\t\t\t<\/div>\n\t\t\t\t\t<\/div>\n\t\t<\/section>\n\t\t\t\t<section class=\"elementor-section elementor-top-section elementor-element elementor-element-7b9aaa00 elementor-section-boxed elementor-section-height-default elementor-section-height-default\" data-id=\"7b9aaa00\" data-element_type=\"section\">\n\t\t\t\t\t\t<div class=\"elementor-container elementor-column-gap-default\">\n\t\t\t\t\t\t\t<div class=\"elementor-row\">\n\t\t\t\t\t<div class=\"elementor-column elementor-col-50 elementor-top-column elementor-element elementor-element-7674a6f0\" data-id=\"7674a6f0\" data-element_type=\"column\">\n\t\t\t<div class=\"elementor-column-wrap elementor-element-populated\">\n\t\t\t\t\t\t\t<div class=\"elementor-widget-wrap\">\n\t\t\t\t\t\t<div class=\"elementor-element elementor-element-6b40262a elementor-hidden-phone elementor-widget elementor-widget-image\" data-id=\"6b40262a\" data-element_type=\"widget\" data-widget_type=\"image.default\">\n\t\t\t\t<div class=\"elementor-widget-container\">\n\t\t\t\t\t\t\t\t<div class=\"elementor-image\">\n\t\t\t\t\t\t\t\t\t\t\t\t<img loading=\"lazy\" width=\"444\" height=\"290\" src=\"https:\/\/mytraffictickets.com\/wp-content\/uploads\/2020\/05\/thumb2.jpg\" class=\"attachment-full size-full\" alt=\"\" decoding=\"async\" srcset=\"https:\/\/mytraffictickets.com\/wp-content\/uploads\/2020\/05\/thumb2.jpg 444w, https:\/\/mytraffictickets.com\/wp-content\/uploads\/2020\/05\/thumb2-300x196.jpg 300w, https:\/\/mytraffictickets.com\/wp-content\/uploads\/2020\/05\/thumb2-230x150.jpg 230w, https:\/\/mytraffictickets.com\/wp-content\/uploads\/2020\/05\/thumb2-350x229.jpg 350w\" sizes=\"(max-width: 444px) 100vw, 444px\"  \/>\t\t\t\t\t\t\t\t\t\t\t\t\t\t<\/div>\n\t\t\t\t\t\t<\/div>\n\t\t\t\t<\/div>\n\t\t\t\t\t\t<\/div>\n\t\t\t\t\t<\/div>\n\t\t<\/div>\n\t\t\t\t<div class=\"elementor-column elementor-col-50 elementor-top-column elementor-element elementor-element-135c56cc\" data-id=\"135c56cc\" data-element_type=\"column\">\n\t\t\t<div class=\"elementor-column-wrap elementor-element-populated\">\n\t\t\t\t\t\t\t<div class=\"elementor-widget-wrap\">\n\t\t\t\t\t\t<div class=\"elementor-element elementor-element-5b97a305 elementor-hidden-desktop elementor-hidden-tablet elementor-widget elementor-widget-image\" data-id=\"5b97a305\" data-element_type=\"widget\" data-widget_type=\"image.default\">\n\t\t\t\t<div class=\"elementor-widget-container\">\n\t\t\t\t\t\t\t\t<div class=\"elementor-image\">\n\t\t\t\t\t\t\t\t\t\t\t\t<img loading=\"lazy\" width=\"444\" height=\"290\" src=\"https:\/\/mytraffictickets.com\/wp-content\/uploads\/2020\/05\/thumb2.jpg\" class=\"attachment-full size-full\" alt=\"\" decoding=\"async\" srcset=\"https:\/\/mytraffictickets.com\/wp-content\/uploads\/2020\/05\/thumb2.jpg 444w, https:\/\/mytraffictickets.com\/wp-content\/uploads\/2020\/05\/thumb2-300x196.jpg 300w, https:\/\/mytraffictickets.com\/wp-content\/uploads\/2020\/05\/thumb2-230x150.jpg 230w, https:\/\/mytraffictickets.com\/wp-content\/uploads\/2020\/05\/thumb2-350x229.jpg 350w\" sizes=\"(max-width: 444px) 100vw, 444px\"  \/>\t\t\t\t\t\t\t\t\t\t\t\t\t\t<\/div>\n\t\t\t\t\t\t<\/div>\n\t\t\t\t<\/div>\n\t\t\t\t<div class=\"elementor-element elementor-element-34122cd6 elementor-widget elementor-widget-heading\" data-id=\"34122cd6\" data-element_type=\"widget\" data-widget_type=\"heading.default\">\n\t\t\t\t<div class=\"elementor-widget-container\">\n\t\t\t<h2 class=\"elementor-heading-title elementor-size-default\">Manejarlo por su cuenta puede ser riesgoso<\/h2>\t\t<\/div>\n\t\t\t\t<\/div>\n\t\t\t\t<div class=\"elementor-element elementor-element-1b075c50 elementor-widget elementor-widget-image\" data-id=\"1b075c50\" data-element_type=\"widget\" data-widget_type=\"image.default\">\n\t\t\t\t<div class=\"elementor-widget-container\">\n\t\t\t\t\t\t\t\t<div class=\"elementor-image\">\n\t\t\t\t\t\t\t\t\t\t\t\t<img loading=\"lazy\" width=\"82\" height=\"4\" src=\"https:\/\/mytraffictickets.com\/wp-content\/uploads\/2020\/05\/blu-line.png\" class=\"attachment-large size-large\" alt=\"blu Line\" decoding=\"async\"  \/>\t\t\t\t\t\t\t\t\t\t\t\t\t\t<\/div>\n\t\t\t\t\t\t<\/div>\n\t\t\t\t<\/div>\n\t\t\t\t<div class=\"elementor-element elementor-element-542d5ca2 elementor-widget elementor-widget-text-editor\" data-id=\"542d5ca2\" data-element_type=\"widget\" data-widget_type=\"text-editor.default\">\n\t\t\t\t<div class=\"elementor-widget-container\">\n\t\t\t\t\t\t\t\t<div class=\"elementor-text-editor elementor-clearfix\">\n\t\t\t\t\t<p class=\"Normal tm5\"><span class=\"tm6\">La <\/span><span class=\"tm7\">abogados de \u00f3rdenes de tr\u00e1fico <\/span><span class=\"tm6\">en My Traffic Tickets entiendo completamente qu\u00e9 pasos deben tomarse y cu\u00e1ndo. Nuestros abogados de multas de tr\u00e1fico lo ayudar\u00e1n a luchar contra esta violaci\u00f3n lo mejor que puedan e incluso posiblemente pueden desestimarla. De lo contrario, siempre pueden ayudarlo a reducir los puntos asociados y las multas o mantener el boleto al 100% de su registro de manejo.<\/span><\/p><p class=\"Normal tm5\"><span class=\"tm6\">\u00bfRecibi\u00f3 una multa de se\u00f1al de alto en ejecuci\u00f3n que a\u00fan debe tomarse en cuenta? Comun\u00edquese con los expertos sin perder m\u00e1s tiempo.<\/span><\/p><p class=\"Normal tm5\"><a href=\"https:\/\/mytraffictickets.com\/es\/contact-us\/\"><span class=\"tm6\">Solicite una cotizaci\u00f3n gratuita hoy.<\/span><\/a><\/p>\t\t\t\t\t<\/div>\n\t\t\t\t\t\t<\/div>\n\t\t\t\t<\/div>\n\t\t\t\t\t\t<\/div>\n\t\t\t\t\t<\/div>\n\t\t<\/div>\n\t\t\t\t\t\t\t\t<\/div>\n\t\t\t\t\t<\/div>\n\t\t<\/section>\n\t\t\t\t<section class=\"elementor-section elementor-top-section elementor-element elementor-element-218c0892 elementor-section-boxed elementor-section-height-default elementor-section-height-default\" data-id=\"218c0892\" data-element_type=\"section\" data-settings=\"{&quot;background_background&quot;:&quot;classic&quot;}\">\n\t\t\t\t\t\t<div class=\"elementor-container elementor-column-gap-default\">\n\t\t\t\t\t\t\t<div class=\"elementor-row\">\n\t\t\t\t\t<div class=\"elementor-column elementor-col-50 elementor-top-column elementor-element elementor-element-13cbed06\" data-id=\"13cbed06\" data-element_type=\"column\">\n\t\t\t<div class=\"elementor-column-wrap elementor-element-populated\">\n\t\t\t\t\t\t\t<div class=\"elementor-widget-wrap\">\n\t\t\t\t\t\t<div class=\"elementor-element elementor-element-2ee41a28 elementor-widget elementor-widget-heading\" data-id=\"2ee41a28\" data-element_type=\"widget\" data-widget_type=\"heading.default\">\n\t\t\t\t<div class=\"elementor-widget-container\">\n\t\t\t<h3 class=\"elementor-heading-title elementor-size-default\">Empecemos<\/h3>\t\t<\/div>\n\t\t\t\t<\/div>\n\t\t\t\t<div class=\"elementor-element elementor-element-5423bc8e elementor-widget elementor-widget-heading\" data-id=\"5423bc8e\" data-element_type=\"widget\" data-widget_type=\"heading.default\">\n\t\t\t\t<div class=\"elementor-widget-container\">\n\t\t\t<h4 class=\"elementor-heading-title elementor-size-default\">Lucha para mantener un historial de conducci\u00f3n limpio<\/h4>\t\t<\/div>\n\t\t\t\t<\/div>\n\t\t\t\t\t\t<\/div>\n\t\t\t\t\t<\/div>\n\t\t<\/div>\n\t\t\t\t<div class=\"elementor-column elementor-col-25 elementor-top-column elementor-element elementor-element-622ee5d0\" data-id=\"622ee5d0\" data-element_type=\"column\">\n\t\t\t<div class=\"elementor-column-wrap elementor-element-populated\">\n\t\t\t\t\t\t\t<div class=\"elementor-widget-wrap\">\n\t\t\t\t\t\t<div class=\"elementor-element elementor-element-33dcf34 elementor-align-left elementor-tablet-align-left elementor-mobile-align-center elementor-widget elementor-widget-button\" data-id=\"33dcf34\" data-element_type=\"widget\" data-widget_type=\"button.default\">\n\t\t\t\t<div class=\"elementor-widget-container\">\n\t\t\t\t\t<div class=\"elementor-button-wrapper\">\n\t\t\t<a href=\"https:\/\/mytraffictickets.com\/es\/login\/\" class=\"elementor-button-link elementor-button elementor-size-sm\" role=\"button\">\n\t\t\t\t\t\t<span class=\"elementor-button-content-wrapper\">\n\t\t\t\t\t\t<span class=\"elementor-button-text\">Consigue una cotizaci\u00f3n<\/span>\n\t\t<\/span>\n\t\t\t\t\t<\/a>\n\t\t<\/div>\n\t\t\t\t<\/div>\n\t\t\t\t<\/div>\n\t\t\t\t\t\t<\/div>\n\t\t\t\t\t<\/div>\n\t\t<\/div>\n\t\t\t\t<div class=\"elementor-column elementor-col-25 elementor-top-column elementor-element elementor-element-125d955\" data-id=\"125d955\" data-element_type=\"column\">\n\t\t\t<div class=\"elementor-column-wrap elementor-element-populated\">\n\t\t\t\t\t\t\t<div class=\"elementor-widget-wrap\">\n\t\t\t\t\t\t<div class=\"elementor-element elementor-element-7b454c0d elementor-align-left elementor-tablet-align-left elementor-mobile-align-center elementor-widget elementor-widget-button\" data-id=\"7b454c0d\" data-element_type=\"widget\" data-widget_type=\"button.default\">\n\t\t\t\t<div class=\"elementor-widget-container\">\n\t\t\t\t\t<div class=\"elementor-button-wrapper\">\n\t\t\t<a href=\"https:\/\/mytraffictickets.com\/es\/faqs\/\" class=\"elementor-button-link elementor-button elementor-size-sm\" role=\"button\">\n\t\t\t\t\t\t<span class=\"elementor-button-content-wrapper\">\n\t\t\t\t\t\t<span class=\"elementor-button-text\">Soporte de contacto<\/span>\n\t\t<\/span>\n\t\t\t\t\t<\/a>\n\t\t<\/div>\n\t\t\t\t<\/div>\n\t\t\t\t<\/div>\n\t\t\t\t\t\t<\/div>\n\t\t\t\t\t<\/div>\n\t\t<\/div>\n\t\t\t\t\t\t\t\t<\/div>\n\t\t\t\t\t<\/div>\n\t\t<\/section>\n\t\t\t\t<section class=\"elementor-section elementor-top-section elementor-element elementor-element-6a3014ca elementor-section-full_width elementor-section-height-default elementor-section-height-default\" data-id=\"6a3014ca\" data-element_type=\"section\" data-settings=\"{&quot;background_background&quot;:&quot;classic&quot;}\">\n\t\t\t\t\t\t<div class=\"elementor-container elementor-column-gap-default\">\n\t\t\t\t\t\t\t<div class=\"elementor-row\">\n\t\t\t\t\t<div class=\"elementor-column elementor-col-100 elementor-top-column elementor-element elementor-element-15acfed8\" data-id=\"15acfed8\" data-element_type=\"column\">\n\t\t\t<div class=\"elementor-column-wrap elementor-element-populated\">\n\t\t\t\t\t\t\t<div class=\"elementor-widget-wrap\">\n\t\t\t\t\t\t<div class=\"elementor-element elementor-element-16024480 elementor-widget-divider--view-line elementor-widget elementor-widget-divider\" data-id=\"16024480\" data-element_type=\"widget\" data-widget_type=\"divider.default\">\n\t\t\t\t<div class=\"elementor-widget-container\">\n\t\t\t\t\t<div class=\"elementor-divider\">\n\t\t\t<span class=\"elementor-divider-separator\">\n\t\t\t\t\t\t<\/span>\n\t\t<\/div>\n\t\t\t\t<\/div>\n\t\t\t\t<\/div>\n\t\t\t\t\t\t<\/div>\n\t\t\t\t\t<\/div>\n\t\t<\/div>\n\t\t\t\t\t\t\t\t<\/div>\n\t\t\t\t\t<\/div>\n\t\t<\/section>\n\t\t\t\t\t\t<\/div>\n\t\t\t\t\t\t<\/div>\n\t\t\t\t\t<\/div>","protected":false},"excerpt":{"rendered":"<p>\u200bStop Sign Tickets Running a Stop Sign Tickets Considering the increased fines for stop sign tickets, a lot of people come to us with their tickets daily to get them handled. In addition to the fines, there is one more reason people avoid fighting stop sign tickets on their own, and that is these tickets [&hellip;]<\/p>","protected":false},"author":3,"featured_media":0,"parent":3104,"menu_order":0,"comment_status":"closed","ping_status":"closed","template":"templates\/builder-fullwidth-std.php","meta":{"_mi_skip_tracking":false,"_exactmetrics_sitenote_active":false,"_exactmetrics_sitenote_note":"","_exactmetrics_sitenote_category":0,"footnotes":""},"aioseo_notices":[],"_links":{"self":[{"href":"https:\/\/mytraffictickets.com\/es\/wp-json\/wp\/v2\/pages\/3206"}],"collection":[{"href":"https:\/\/mytraffictickets.com\/es\/wp-json\/wp\/v2\/pages"}],"about":[{"href":"https:\/\/mytraffictickets.com\/es\/wp-json\/wp\/v2\/types\/page"}],"author":[{"embeddable":true,"href":"https:\/\/mytraffictickets.com\/es\/wp-json\/wp\/v2\/users\/3"}],"replies":[{"embeddable":true,"href":"https:\/\/mytraffictickets.com\/es\/wp-json\/wp\/v2\/comments?post=3206"}],"version-history":[{"count":6,"href":"https:\/\/mytraffictickets.com\/es\/wp-json\/wp\/v2\/pages\/3206\/revisions"}],"predecessor-version":[{"id":5201,"href":"https:\/\/mytraffictickets.com\/es\/wp-json\/wp\/v2\/pages\/3206\/revisions\/5201"}],"up":[{"embeddable":true,"href":"https:\/\/mytraffictickets.com\/es\/wp-json\/wp\/v2\/pages\/3104"}],"wp:attachment":[{"href":"https:\/\/mytraffictickets.com\/es\/wp-json\/wp\/v2\/media?parent=3206"}],"curies":[{"name":"wp","href":"https:\/\/api.w.org\/{rel}","templated":true}]}}