{"id":3274,"date":"2020-05-14T09:49:42","date_gmt":"2020-05-14T09:49:42","guid":{"rendered":"http:\/\/mytrafficticktes.psz.netsmartz.us\/?page_id=3274"},"modified":"2021-09-03T12:20:27","modified_gmt":"2021-09-03T12:20:27","slug":"texting-and-driving-2","status":"publish","type":"page","link":"https:\/\/mytraffictickets.com\/es\/we-fight\/texting-and-driving-2\/","title":{"rendered":"Enviar mensajes de texto y conducir"},"content":{"rendered":"<div data-elementor-type=\"wp-post\" data-elementor-id=\"3274\" class=\"elementor elementor-3274\" data-elementor-settings=\"[]\">\n\t\t\t\t\t\t<div class=\"elementor-inner\">\n\t\t\t\t\t\t\t<div class=\"elementor-section-wrap\">\n\t\t\t\t\t\t\t<section class=\"elementor-section elementor-top-section elementor-element elementor-element-2e40eab8 elementor-section-boxed elementor-section-height-default elementor-section-height-default\" data-id=\"2e40eab8\" data-element_type=\"section\">\n\t\t\t\t\t\t<div class=\"elementor-container elementor-column-gap-default\">\n\t\t\t\t\t\t\t<div class=\"elementor-row\">\n\t\t\t\t\t<div class=\"elementor-column elementor-col-100 elementor-top-column elementor-element elementor-element-1865d9b6\" data-id=\"1865d9b6\" data-element_type=\"column\">\n\t\t\t<div class=\"elementor-column-wrap\">\n\t\t\t\t\t\t\t<div class=\"elementor-widget-wrap\">\n\t\t\t\t\t\t\t\t<\/div>\n\t\t\t\t\t<\/div>\n\t\t<\/div>\n\t\t\t\t\t\t\t\t<\/div>\n\t\t\t\t\t<\/div>\n\t\t<\/section>\n\t\t\t\t<section class=\"elementor-section elementor-top-section elementor-element elementor-element-582357d plnt-tree elementor-section-boxed elementor-section-height-default elementor-section-height-default\" data-id=\"582357d\" data-element_type=\"section\" data-settings=\"{&quot;background_background&quot;:&quot;classic&quot;}\">\n\t\t\t\t\t\t<div class=\"elementor-container elementor-column-gap-default\">\n\t\t\t\t\t\t\t<div class=\"elementor-row\">\n\t\t\t\t\t<div class=\"elementor-column elementor-col-50 elementor-top-column elementor-element elementor-element-d42be56\" data-id=\"d42be56\" data-element_type=\"column\">\n\t\t\t<div class=\"elementor-column-wrap elementor-element-populated\">\n\t\t\t\t\t\t\t<div class=\"elementor-widget-wrap\">\n\t\t\t\t\t\t<div class=\"elementor-element elementor-element-16f35d3 elementor-widget elementor-widget-text-editor\" data-id=\"16f35d3\" data-element_type=\"widget\" data-widget_type=\"text-editor.default\">\n\t\t\t\t<div class=\"elementor-widget-container\">\n\t\t\t\t\t\t\t\t<div class=\"elementor-text-editor elementor-clearfix\">\n\t\t\t\t\t\t\t\t\t\t<\/div>\n\t\t\t\t\t\t<\/div>\n\t\t\t\t<\/div>\n\t\t\t\t<div class=\"elementor-element elementor-element-d253b82 elementor-widget elementor-widget-text-editor\" data-id=\"d253b82\" data-element_type=\"widget\" data-widget_type=\"text-editor.default\">\n\t\t\t\t<div class=\"elementor-widget-container\">\n\t\t\t\t\t\t\t\t<div class=\"elementor-text-editor elementor-clearfix\">\n\t\t\t\t\t<p class=\"hr-plnt\">Enviar mensajes de texto y conducir<\/p>\t\t\t\t\t<\/div>\n\t\t\t\t\t\t<\/div>\n\t\t\t\t<\/div>\n\t\t\t\t\t\t<\/div>\n\t\t\t\t\t<\/div>\n\t\t<\/div>\n\t\t\t\t<div class=\"elementor-column elementor-col-50 elementor-top-column elementor-element elementor-element-a9caa4d\" data-id=\"a9caa4d\" data-element_type=\"column\">\n\t\t\t<div class=\"elementor-column-wrap\">\n\t\t\t\t\t\t\t<div class=\"elementor-widget-wrap\">\n\t\t\t\t\t\t\t\t<\/div>\n\t\t\t\t\t<\/div>\n\t\t<\/div>\n\t\t\t\t\t\t\t\t<\/div>\n\t\t\t\t\t<\/div>\n\t\t<\/section>\n\t\t\t\t<section class=\"elementor-section elementor-top-section elementor-element elementor-element-89ec74c elementor-section-boxed elementor-section-height-default elementor-section-height-default\" data-id=\"89ec74c\" data-element_type=\"section\" data-settings=\"{&quot;background_background&quot;:&quot;classic&quot;}\">\n\t\t\t\t\t\t<div class=\"elementor-container elementor-column-gap-default\">\n\t\t\t\t\t\t\t<div class=\"elementor-row\">\n\t\t\t\t\t<div class=\"elementor-column elementor-col-100 elementor-top-column elementor-element elementor-element-178375b\" data-id=\"178375b\" data-element_type=\"column\">\n\t\t\t<div class=\"elementor-column-wrap elementor-element-populated\">\n\t\t\t\t\t\t\t<div class=\"elementor-widget-wrap\">\n\t\t\t\t\t\t<div class=\"elementor-element elementor-element-9bfcf20 elementor-widget elementor-widget-heading\" data-id=\"9bfcf20\" data-element_type=\"widget\" data-widget_type=\"heading.default\">\n\t\t\t\t<div class=\"elementor-widget-container\">\n\t\t\t<h1 class=\"elementor-heading-title elementor-size-default\">Enviar mensajes de texto y conducir<\/h1>\t\t<\/div>\n\t\t\t\t<\/div>\n\t\t\t\t<div class=\"elementor-element elementor-element-6a655dc elementor-widget elementor-widget-image\" data-id=\"6a655dc\" data-element_type=\"widget\" data-widget_type=\"image.default\">\n\t\t\t\t<div class=\"elementor-widget-container\">\n\t\t\t\t\t\t\t\t<div class=\"elementor-image\">\n\t\t\t\t\t\t\t\t\t\t\t\t<img loading=\"lazy\" width=\"342\" height=\"11\" src=\"https:\/\/mytraffictickets.com\/wp-content\/uploads\/2020\/02\/hdg-lines.png\" class=\"attachment-large size-large\" alt=\"lines\" decoding=\"async\" srcset=\"https:\/\/mytraffictickets.com\/wp-content\/uploads\/2020\/02\/hdg-lines.png 342w, https:\/\/mytraffictickets.com\/wp-content\/uploads\/2020\/02\/hdg-lines-300x10.png 300w, https:\/\/mytraffictickets.com\/wp-content\/uploads\/2020\/02\/hdg-lines-230x7.png 230w\" sizes=\"(max-width: 342px) 100vw, 342px\"  \/>\t\t\t\t\t\t\t\t\t\t\t\t\t\t<\/div>\n\t\t\t\t\t\t<\/div>\n\t\t\t\t<\/div>\n\t\t\t\t\t\t<\/div>\n\t\t\t\t\t<\/div>\n\t\t<\/div>\n\t\t\t\t\t\t\t\t<\/div>\n\t\t\t\t\t<\/div>\n\t\t<\/section>\n\t\t\t\t<section class=\"elementor-section elementor-top-section elementor-element elementor-element-6161352 elementor-section-boxed elementor-section-height-default elementor-section-height-default\" data-id=\"6161352\" data-element_type=\"section\" data-settings=\"{&quot;background_background&quot;:&quot;classic&quot;}\">\n\t\t\t\t\t\t<div class=\"elementor-container elementor-column-gap-default\">\n\t\t\t\t\t\t\t<div class=\"elementor-row\">\n\t\t\t\t\t<div class=\"elementor-column elementor-col-100 elementor-top-column elementor-element elementor-element-637aed3\" data-id=\"637aed3\" data-element_type=\"column\">\n\t\t\t<div class=\"elementor-column-wrap elementor-element-populated\">\n\t\t\t\t\t\t\t<div class=\"elementor-widget-wrap\">\n\t\t\t\t\t\t<div class=\"elementor-element elementor-element-1318b02 elementor-widget elementor-widget-text-editor\" data-id=\"1318b02\" data-element_type=\"widget\" data-widget_type=\"text-editor.default\">\n\t\t\t\t<div class=\"elementor-widget-container\">\n\t\t\t\t\t\t\t\t<div class=\"elementor-text-editor elementor-clearfix\">\n\t\t\t\t\t<p class=\"Normal tm6\"><span class=\"tm7\">Enviar mensajes de texto mientras se conduce es ilegal, pero a pesar de la prohibici\u00f3n, uno de cada cinco accidentes automovil\u00edsticos en Texas todav\u00eda involucra a conductores distra\u00eddos, muchos de los cuales usan tel\u00e9fonos m\u00f3viles para leer y enviar mensajes de texto mientras est\u00e1n detr\u00e1s del volante. Por lo tanto, no es de extra\u00f1ar que sea muy posible recibir una multa de tr\u00e1fico por enviar mensajes de texto mientras se conduce. A menos que tenga un sistema de manos libres instalado en su veh\u00edculo, es mejor evitar enviar mensajes de texto mientras conduce para evitar accidentes o infracciones de tr\u00e1nsito. <\/span><\/p><p class=\"Normal tm8\"><span class=\"tm7\">Independientemente de las circunstancias, hay muy pocas excusas para enviar mensajes de texto en un tel\u00e9fono celular mientras se conduce. Esta acci\u00f3n no solo pone en riesgo su vida, sino que tambi\u00e9n pone en peligro la seguridad de otros conductores y peatones en la carretera. Es por eso que luchar contra una multa por \"enviar mensajes de texto mientras se conduce\" puede resultar complicado; sin embargo, no es imposible siempre que tenga experiencia <\/span><span class=\"tm9\">Abogada de multas de trafico<\/span><span class=\"tm7\"> defendiendo su caso en la corte. Si bien nunca lo alentar\u00edamos a pasar por alto esta importante regulaci\u00f3n de seguridad vial, queremos que se beneficie de las funcionalidades de su tel\u00e9fono m\u00f3vil mientras conduce para evitar que le multan. Algunas de estas funcionalidades incluyen:<\/span><\/p><ul><li class=\"ListParagraph tm10\"><span class=\"tm11\">Usar su tel\u00e9fono m\u00f3vil solo con una operaci\u00f3n operada por voz y manos libres.<\/span><\/li><li class=\"ListParagraph tm10\"><span class=\"tm11\">Usar su dispositivo solo cuando est\u00e1 montado en el parabrisas del veh\u00edculo o fijado dentro de los est\u00e1ndares regulatorios al tablero \/ consola central.<\/span><\/li><li class=\"ListParagraph tm10\"><span class=\"tm11\">Asegur\u00e1ndose de poder operarlo de esta manera con un toque del dedo y un solo deslizamiento.<\/span><\/li><\/ul><p class=\"Normal tm6\"><span class=\"tm7\">Mientras impugna una multa por \u201cenviar mensajes de texto mientras conduce\u201d en su nombre, todos estos factores pueden funcionar a su favor y ayudar a descartar su multa.<\/span><\/p>\t\t\t\t\t<\/div>\n\t\t\t\t\t\t<\/div>\n\t\t\t\t<\/div>\n\t\t\t\t\t\t<\/div>\n\t\t\t\t\t<\/div>\n\t\t<\/div>\n\t\t\t\t\t\t\t\t<\/div>\n\t\t\t\t\t<\/div>\n\t\t<\/section>\n\t\t\t\t<section class=\"elementor-section elementor-top-section elementor-element elementor-element-b16e773 elementor-section-boxed elementor-section-height-default elementor-section-height-default\" data-id=\"b16e773\" data-element_type=\"section\">\n\t\t\t\t\t\t<div class=\"elementor-container elementor-column-gap-default\">\n\t\t\t\t\t\t\t<div class=\"elementor-row\">\n\t\t\t\t\t<div class=\"elementor-column elementor-col-50 elementor-top-column elementor-element elementor-element-cfd7448\" data-id=\"cfd7448\" data-element_type=\"column\">\n\t\t\t<div class=\"elementor-column-wrap elementor-element-populated\">\n\t\t\t\t\t\t\t<div class=\"elementor-widget-wrap\">\n\t\t\t\t\t\t<div class=\"elementor-element elementor-element-8639b22 elementor-widget elementor-widget-heading\" data-id=\"8639b22\" data-element_type=\"widget\" data-widget_type=\"heading.default\">\n\t\t\t\t<div class=\"elementor-widget-container\">\n\t\t\t<h2 class=\"elementor-heading-title elementor-size-default\">\u00a1Descarte su boleto de \"enviar mensajes de texto mientras conduce\" ahora con MTT!   <\/h2>\t\t<\/div>\n\t\t\t\t<\/div>\n\t\t\t\t<div class=\"elementor-element elementor-element-34fa23d elementor-widget elementor-widget-image\" data-id=\"34fa23d\" data-element_type=\"widget\" data-widget_type=\"image.default\">\n\t\t\t\t<div class=\"elementor-widget-container\">\n\t\t\t\t\t\t\t\t<div class=\"elementor-image\">\n\t\t\t\t\t\t\t\t\t\t\t\t<img loading=\"lazy\" width=\"82\" height=\"4\" src=\"https:\/\/mytraffictickets.com\/wp-content\/uploads\/2020\/05\/blu-line.png\" class=\"attachment-large size-large\" alt=\"blu Line\" decoding=\"async\"  \/>\t\t\t\t\t\t\t\t\t\t\t\t\t\t<\/div>\n\t\t\t\t\t\t<\/div>\n\t\t\t\t<\/div>\n\t\t\t\t<div class=\"elementor-element elementor-element-5d6ee9d elementor-widget elementor-widget-text-editor\" data-id=\"5d6ee9d\" data-element_type=\"widget\" data-widget_type=\"text-editor.default\">\n\t\t\t\t<div class=\"elementor-widget-container\">\n\t\t\t\t\t\t\t\t<div class=\"elementor-text-editor elementor-clearfix\">\n\t\t\t\t\t<p class=\"Normal tm7\"><span class=\"tm8\">En My Traffic Tickets, contamos con un equipo de expertos <\/span><span class=\"tm9\">abogados de despido de multas de tr\u00e1nsito<\/span><span class=\"tm8\">que puede crear una fuerte estrategia de defensa para asegurar un favorable en su caso. <\/span><\/p>\n<p class=\"Normal tm7\"><span class=\"tm8\">Podemos aclarar en su nombre si estaba haciendo una llamada de emergencia, conduciendo un veh\u00edculo de emergencia, estaba en una propiedad privada o utilizando otro dispositivo.<\/span><\/p>\t\t\t\t\t<\/div>\n\t\t\t\t\t\t<\/div>\n\t\t\t\t<\/div>\n\t\t\t\t\t\t<\/div>\n\t\t\t\t\t<\/div>\n\t\t<\/div>\n\t\t\t\t<div class=\"elementor-column elementor-col-50 elementor-top-column elementor-element elementor-element-8179fdd\" data-id=\"8179fdd\" data-element_type=\"column\">\n\t\t\t<div class=\"elementor-column-wrap\">\n\t\t\t\t\t\t\t<div class=\"elementor-widget-wrap\">\n\t\t\t\t\t\t\t\t<\/div>\n\t\t\t\t\t<\/div>\n\t\t<\/div>\n\t\t\t\t\t\t\t\t<\/div>\n\t\t\t\t\t<\/div>\n\t\t<\/section>\n\t\t\t\t<section class=\"elementor-section elementor-top-section elementor-element elementor-element-1b4cfaa elementor-section-boxed elementor-section-height-default elementor-section-height-default\" data-id=\"1b4cfaa\" data-element_type=\"section\">\n\t\t\t\t\t\t<div class=\"elementor-container elementor-column-gap-default\">\n\t\t\t\t\t\t\t<div class=\"elementor-row\">\n\t\t\t\t\t<div class=\"elementor-column elementor-col-100 elementor-top-column elementor-element elementor-element-0c37cf2\" data-id=\"0c37cf2\" data-element_type=\"column\">\n\t\t\t<div class=\"elementor-column-wrap elementor-element-populated\">\n\t\t\t\t\t\t\t<div class=\"elementor-widget-wrap\">\n\t\t\t\t\t\t<div class=\"elementor-element elementor-element-a1c215d elementor-widget elementor-widget-text-editor\" data-id=\"a1c215d\" data-element_type=\"widget\" data-widget_type=\"text-editor.default\">\n\t\t\t\t<div class=\"elementor-widget-container\">\n\t\t\t\t\t\t\t\t<div class=\"elementor-text-editor elementor-clearfix\">\n\t\t\t\t\t<p class=\"Normal tm7\">\u00a0en cambio, como un GPS. Si as\u00ed fuera, las posibilidades de obtener un resultado favorable son a\u00fan mejores. Al presentarse ante el tribunal en su nombre, le proporcionamos la defensa que necesita desde la comodidad de su hogar. \u00a1Todo lo que necesita hacer es enviar la informaci\u00f3n de su multa de tr\u00e1nsito a MTT, obtener una cotizaci\u00f3n gratuita y luego contratar a su abogado de multas de tr\u00e1nsito para comenzar!<\/p>\n<p class=\"Normal_Web_ tm10 translation-block\"><span class=\"tm11\"> Env\u00ede su multa de tr\u00e1fico a <\/span> <u> <a href=\"https:\/\/mytraffictickets.com\" target=\"_self\"> <span class=\"tm11\"> www.mytraffictickets .com <\/span> <\/a> <\/u> <span class=\"tm11\">, o marque 1-877-298-9099 para hablar con un administrador de casos legales y obtener una consulta gratuita. <\/span><\/p>\t\t\t\t\t<\/div>\n\t\t\t\t\t\t<\/div>\n\t\t\t\t<\/div>\n\t\t\t\t\t\t<\/div>\n\t\t\t\t\t<\/div>\n\t\t<\/div>\n\t\t\t\t\t\t\t\t<\/div>\n\t\t\t\t\t<\/div>\n\t\t<\/section>\n\t\t\t\t<section class=\"elementor-section elementor-top-section elementor-element elementor-element-69843c3 elementor-section-boxed elementor-section-height-default elementor-section-height-default\" data-id=\"69843c3\" data-element_type=\"section\" data-settings=\"{&quot;background_background&quot;:&quot;classic&quot;}\">\n\t\t\t\t\t\t<div class=\"elementor-container elementor-column-gap-default\">\n\t\t\t\t\t\t\t<div class=\"elementor-row\">\n\t\t\t\t\t<div class=\"elementor-column elementor-col-50 elementor-top-column elementor-element elementor-element-7636ce0\" data-id=\"7636ce0\" data-element_type=\"column\">\n\t\t\t<div class=\"elementor-column-wrap elementor-element-populated\">\n\t\t\t\t\t\t\t<div class=\"elementor-widget-wrap\">\n\t\t\t\t\t\t<div class=\"elementor-element elementor-element-e2b731f elementor-widget elementor-widget-heading\" data-id=\"e2b731f\" data-element_type=\"widget\" data-widget_type=\"heading.default\">\n\t\t\t\t<div class=\"elementor-widget-container\">\n\t\t\t<h3 class=\"elementor-heading-title elementor-size-default\">Empecemos<\/h3>\t\t<\/div>\n\t\t\t\t<\/div>\n\t\t\t\t<div class=\"elementor-element elementor-element-a3ee206 elementor-widget elementor-widget-heading\" data-id=\"a3ee206\" data-element_type=\"widget\" data-widget_type=\"heading.default\">\n\t\t\t\t<div class=\"elementor-widget-container\">\n\t\t\t<h4 class=\"elementor-heading-title elementor-size-default\">Lucha para mantener un historial de conducci\u00f3n limpio<\/h4>\t\t<\/div>\n\t\t\t\t<\/div>\n\t\t\t\t\t\t<\/div>\n\t\t\t\t\t<\/div>\n\t\t<\/div>\n\t\t\t\t<div class=\"elementor-column elementor-col-25 elementor-top-column elementor-element elementor-element-2d7428d\" data-id=\"2d7428d\" data-element_type=\"column\">\n\t\t\t<div class=\"elementor-column-wrap elementor-element-populated\">\n\t\t\t\t\t\t\t<div class=\"elementor-widget-wrap\">\n\t\t\t\t\t\t<div class=\"elementor-element elementor-element-f0e0faf elementor-align-left elementor-tablet-align-left elementor-mobile-align-center elementor-widget elementor-widget-button\" data-id=\"f0e0faf\" data-element_type=\"widget\" data-widget_type=\"button.default\">\n\t\t\t\t<div class=\"elementor-widget-container\">\n\t\t\t\t\t<div class=\"elementor-button-wrapper\">\n\t\t\t<a href=\"https:\/\/mytraffictickets.com\/es\/login\/\" class=\"elementor-button-link elementor-button elementor-size-sm\" role=\"button\">\n\t\t\t\t\t\t<span class=\"elementor-button-content-wrapper\">\n\t\t\t\t\t\t<span class=\"elementor-button-text\">Consigue una cotizaci\u00f3n<\/span>\n\t\t<\/span>\n\t\t\t\t\t<\/a>\n\t\t<\/div>\n\t\t\t\t<\/div>\n\t\t\t\t<\/div>\n\t\t\t\t\t\t<\/div>\n\t\t\t\t\t<\/div>\n\t\t<\/div>\n\t\t\t\t<div class=\"elementor-column elementor-col-25 elementor-top-column elementor-element elementor-element-206d3bf\" data-id=\"206d3bf\" data-element_type=\"column\">\n\t\t\t<div class=\"elementor-column-wrap elementor-element-populated\">\n\t\t\t\t\t\t\t<div class=\"elementor-widget-wrap\">\n\t\t\t\t\t\t<div class=\"elementor-element elementor-element-e07fee6 elementor-align-left elementor-tablet-align-left elementor-mobile-align-center elementor-widget elementor-widget-button\" data-id=\"e07fee6\" data-element_type=\"widget\" data-widget_type=\"button.default\">\n\t\t\t\t<div class=\"elementor-widget-container\">\n\t\t\t\t\t<div class=\"elementor-button-wrapper\">\n\t\t\t<a href=\"https:\/\/mytraffictickets.com\/es\/faqs\/\" class=\"elementor-button-link elementor-button elementor-size-sm\" role=\"button\">\n\t\t\t\t\t\t<span class=\"elementor-button-content-wrapper\">\n\t\t\t\t\t\t<span class=\"elementor-button-text\">Soporte de contacto<\/span>\n\t\t<\/span>\n\t\t\t\t\t<\/a>\n\t\t<\/div>\n\t\t\t\t<\/div>\n\t\t\t\t<\/div>\n\t\t\t\t\t\t<\/div>\n\t\t\t\t\t<\/div>\n\t\t<\/div>\n\t\t\t\t\t\t\t\t<\/div>\n\t\t\t\t\t<\/div>\n\t\t<\/section>\n\t\t\t\t<section class=\"elementor-section elementor-top-section elementor-element elementor-element-1c548f2 elementor-section-full_width elementor-section-height-default elementor-section-height-default\" data-id=\"1c548f2\" data-element_type=\"section\" data-settings=\"{&quot;background_background&quot;:&quot;classic&quot;}\">\n\t\t\t\t\t\t<div class=\"elementor-container elementor-column-gap-default\">\n\t\t\t\t\t\t\t<div class=\"elementor-row\">\n\t\t\t\t\t<div class=\"elementor-column elementor-col-100 elementor-top-column elementor-element elementor-element-99b3c9c\" data-id=\"99b3c9c\" data-element_type=\"column\">\n\t\t\t<div class=\"elementor-column-wrap elementor-element-populated\">\n\t\t\t\t\t\t\t<div class=\"elementor-widget-wrap\">\n\t\t\t\t\t\t<div class=\"elementor-element elementor-element-1498972 elementor-widget-divider--view-line elementor-widget elementor-widget-divider\" data-id=\"1498972\" data-element_type=\"widget\" data-widget_type=\"divider.default\">\n\t\t\t\t<div class=\"elementor-widget-container\">\n\t\t\t\t\t<div class=\"elementor-divider\">\n\t\t\t<span class=\"elementor-divider-separator\">\n\t\t\t\t\t\t<\/span>\n\t\t<\/div>\n\t\t\t\t<\/div>\n\t\t\t\t<\/div>\n\t\t\t\t\t\t<\/div>\n\t\t\t\t\t<\/div>\n\t\t<\/div>\n\t\t\t\t\t\t\t\t<\/div>\n\t\t\t\t\t<\/div>\n\t\t<\/section>\n\t\t\t\t\t\t<\/div>\n\t\t\t\t\t\t<\/div>\n\t\t\t\t\t<\/div>","protected":false},"excerpt":{"rendered":"<p>Texting and Driving Texting and Driving Texting while driving is illegal, but despite the ban, one out of five car accidents in Texas still involve distracted drivers \u2014 a lot of whom are using mobile phones to read &amp; send text messages while they are behind the wheel. Therefore, it is no wonder that receiving [&hellip;]<\/p>","protected":false},"author":3,"featured_media":0,"parent":3104,"menu_order":0,"comment_status":"closed","ping_status":"closed","template":"templates\/builder-fullwidth-std.php","meta":{"_mi_skip_tracking":false,"_exactmetrics_sitenote_active":false,"_exactmetrics_sitenote_note":"","_exactmetrics_sitenote_category":0,"footnotes":""},"aioseo_notices":[],"_links":{"self":[{"href":"https:\/\/mytraffictickets.com\/es\/wp-json\/wp\/v2\/pages\/3274"}],"collection":[{"href":"https:\/\/mytraffictickets.com\/es\/wp-json\/wp\/v2\/pages"}],"about":[{"href":"https:\/\/mytraffictickets.com\/es\/wp-json\/wp\/v2\/types\/page"}],"author":[{"embeddable":true,"href":"https:\/\/mytraffictickets.com\/es\/wp-json\/wp\/v2\/users\/3"}],"replies":[{"embeddable":true,"href":"https:\/\/mytraffictickets.com\/es\/wp-json\/wp\/v2\/comments?post=3274"}],"version-history":[{"count":17,"href":"https:\/\/mytraffictickets.com\/es\/wp-json\/wp\/v2\/pages\/3274\/revisions"}],"predecessor-version":[{"id":5923,"href":"https:\/\/mytraffictickets.com\/es\/wp-json\/wp\/v2\/pages\/3274\/revisions\/5923"}],"up":[{"embeddable":true,"href":"https:\/\/mytraffictickets.com\/es\/wp-json\/wp\/v2\/pages\/3104"}],"wp:attachment":[{"href":"https:\/\/mytraffictickets.com\/es\/wp-json\/wp\/v2\/media?parent=3274"}],"curies":[{"name":"wp","href":"https:\/\/api.w.org\/{rel}","templated":true}]}}