{"id":3287,"date":"2020-05-14T10:13:30","date_gmt":"2020-05-14T10:13:30","guid":{"rendered":"http:\/\/mytrafficticktes.psz.netsmartz.us\/?page_id=3287"},"modified":"2021-09-03T12:06:23","modified_gmt":"2021-09-03T12:06:23","slug":"dui-dwi-2","status":"publish","type":"page","link":"https:\/\/mytraffictickets.com\/es\/we-fight\/dui-dwi-2\/","title":{"rendered":"Entradas DUI \/ DWI"},"content":{"rendered":"<div data-elementor-type=\"wp-post\" data-elementor-id=\"3287\" class=\"elementor elementor-3287\" data-elementor-settings=\"[]\">\n\t\t\t\t\t\t<div class=\"elementor-inner\">\n\t\t\t\t\t\t\t<div class=\"elementor-section-wrap\">\n\t\t\t\t\t\t\t<section class=\"elementor-section elementor-top-section elementor-element elementor-element-45b4aed7 elementor-section-boxed elementor-section-height-default elementor-section-height-default\" data-id=\"45b4aed7\" data-element_type=\"section\">\n\t\t\t\t\t\t<div class=\"elementor-container elementor-column-gap-default\">\n\t\t\t\t\t\t\t<div class=\"elementor-row\">\n\t\t\t\t\t<div class=\"elementor-column elementor-col-100 elementor-top-column elementor-element elementor-element-12d1a19a\" data-id=\"12d1a19a\" data-element_type=\"column\">\n\t\t\t<div class=\"elementor-column-wrap\">\n\t\t\t\t\t\t\t<div class=\"elementor-widget-wrap\">\n\t\t\t\t\t\t\t\t<\/div>\n\t\t\t\t\t<\/div>\n\t\t<\/div>\n\t\t\t\t\t\t\t\t<\/div>\n\t\t\t\t\t<\/div>\n\t\t<\/section>\n\t\t\t\t<section class=\"elementor-section elementor-top-section elementor-element elementor-element-274da78f plnt-tree elementor-section-boxed elementor-section-height-default elementor-section-height-default\" data-id=\"274da78f\" data-element_type=\"section\" data-settings=\"{&quot;background_background&quot;:&quot;classic&quot;}\">\n\t\t\t\t\t\t<div class=\"elementor-container elementor-column-gap-default\">\n\t\t\t\t\t\t\t<div class=\"elementor-row\">\n\t\t\t\t\t<div class=\"elementor-column elementor-col-50 elementor-top-column elementor-element elementor-element-716b668c\" data-id=\"716b668c\" data-element_type=\"column\">\n\t\t\t<div class=\"elementor-column-wrap elementor-element-populated\">\n\t\t\t\t\t\t\t<div class=\"elementor-widget-wrap\">\n\t\t\t\t\t\t<div class=\"elementor-element elementor-element-525ee9d7 elementor-widget elementor-widget-text-editor\" data-id=\"525ee9d7\" data-element_type=\"widget\" data-widget_type=\"text-editor.default\">\n\t\t\t\t<div class=\"elementor-widget-container\">\n\t\t\t\t\t\t\t\t<div class=\"elementor-text-editor elementor-clearfix\">\n\t\t\t\t\t\t\t\t\t\t<\/div>\n\t\t\t\t\t\t<\/div>\n\t\t\t\t<\/div>\n\t\t\t\t<div class=\"elementor-element elementor-element-7c4008c0 elementor-widget elementor-widget-text-editor\" data-id=\"7c4008c0\" data-element_type=\"widget\" data-widget_type=\"text-editor.default\">\n\t\t\t\t<div class=\"elementor-widget-container\">\n\t\t\t\t\t\t\t\t<div class=\"elementor-text-editor elementor-clearfix\">\n\t\t\t\t\t<p class=\"hr-plnt\">DUI \/ DWI<\/p>\t\t\t\t\t<\/div>\n\t\t\t\t\t\t<\/div>\n\t\t\t\t<\/div>\n\t\t\t\t\t\t<\/div>\n\t\t\t\t\t<\/div>\n\t\t<\/div>\n\t\t\t\t<div class=\"elementor-column elementor-col-50 elementor-top-column elementor-element elementor-element-57dd5f85\" data-id=\"57dd5f85\" data-element_type=\"column\">\n\t\t\t<div class=\"elementor-column-wrap\">\n\t\t\t\t\t\t\t<div class=\"elementor-widget-wrap\">\n\t\t\t\t\t\t\t\t<\/div>\n\t\t\t\t\t<\/div>\n\t\t<\/div>\n\t\t\t\t\t\t\t\t<\/div>\n\t\t\t\t\t<\/div>\n\t\t<\/section>\n\t\t\t\t<section class=\"elementor-section elementor-top-section elementor-element elementor-element-6df2b61c elementor-section-boxed elementor-section-height-default elementor-section-height-default\" data-id=\"6df2b61c\" data-element_type=\"section\" data-settings=\"{&quot;background_background&quot;:&quot;classic&quot;}\">\n\t\t\t\t\t\t<div class=\"elementor-container elementor-column-gap-default\">\n\t\t\t\t\t\t\t<div class=\"elementor-row\">\n\t\t\t\t\t<div class=\"elementor-column elementor-col-100 elementor-top-column elementor-element elementor-element-4ab3d561\" data-id=\"4ab3d561\" data-element_type=\"column\">\n\t\t\t<div class=\"elementor-column-wrap elementor-element-populated\">\n\t\t\t\t\t\t\t<div class=\"elementor-widget-wrap\">\n\t\t\t\t\t\t<div class=\"elementor-element elementor-element-131ec5c6 elementor-widget elementor-widget-heading\" data-id=\"131ec5c6\" data-element_type=\"widget\" data-widget_type=\"heading.default\">\n\t\t\t\t<div class=\"elementor-widget-container\">\n\t\t\t<h1 class=\"elementor-heading-title elementor-size-default\">DUI \/ DWI<\/h1>\t\t<\/div>\n\t\t\t\t<\/div>\n\t\t\t\t<div class=\"elementor-element elementor-element-66ffded9 elementor-widget elementor-widget-image\" data-id=\"66ffded9\" data-element_type=\"widget\" data-widget_type=\"image.default\">\n\t\t\t\t<div class=\"elementor-widget-container\">\n\t\t\t\t\t\t\t\t<div class=\"elementor-image\">\n\t\t\t\t\t\t\t\t\t\t\t\t<img loading=\"lazy\" width=\"342\" height=\"11\" src=\"https:\/\/mytraffictickets.com\/wp-content\/uploads\/2020\/05\/hdg-lines.png\" class=\"attachment-large size-large\" alt=\"lines\" decoding=\"async\" srcset=\"https:\/\/mytraffictickets.com\/wp-content\/uploads\/2020\/05\/hdg-lines.png 342w, https:\/\/mytraffictickets.com\/wp-content\/uploads\/2020\/05\/hdg-lines-300x10.png 300w, https:\/\/mytraffictickets.com\/wp-content\/uploads\/2020\/05\/hdg-lines-230x7.png 230w\" sizes=\"(max-width: 342px) 100vw, 342px\"  \/>\t\t\t\t\t\t\t\t\t\t\t\t\t\t<\/div>\n\t\t\t\t\t\t<\/div>\n\t\t\t\t<\/div>\n\t\t\t\t\t\t<\/div>\n\t\t\t\t\t<\/div>\n\t\t<\/div>\n\t\t\t\t\t\t\t\t<\/div>\n\t\t\t\t\t<\/div>\n\t\t<\/section>\n\t\t\t\t<section class=\"elementor-section elementor-top-section elementor-element elementor-element-56f5021e elementor-section-boxed elementor-section-height-default elementor-section-height-default\" data-id=\"56f5021e\" data-element_type=\"section\" data-settings=\"{&quot;background_background&quot;:&quot;classic&quot;}\">\n\t\t\t\t\t\t<div class=\"elementor-container elementor-column-gap-default\">\n\t\t\t\t\t\t\t<div class=\"elementor-row\">\n\t\t\t\t\t<div class=\"elementor-column elementor-col-100 elementor-top-column elementor-element elementor-element-40d5506f\" data-id=\"40d5506f\" data-element_type=\"column\">\n\t\t\t<div class=\"elementor-column-wrap elementor-element-populated\">\n\t\t\t\t\t\t\t<div class=\"elementor-widget-wrap\">\n\t\t\t\t\t\t<div class=\"elementor-element elementor-element-2c886d31 elementor-widget elementor-widget-text-editor\" data-id=\"2c886d31\" data-element_type=\"widget\" data-widget_type=\"text-editor.default\">\n\t\t\t\t<div class=\"elementor-widget-container\">\n\t\t\t\t\t\t\t\t<div class=\"elementor-text-editor elementor-clearfix\">\n\t\t\t\t\t<p class=\"Normal tm7\"><span class=\"tm8\">Ya sea que haya tomado unas copas en la hora feliz o se haya ido de una fiesta despu\u00e9s de beber demasiado, si el oficial de polic\u00eda lo detiene y le emite una multa en su camino de regreso a casa, podr\u00eda enfrentar cargos por DUI \/ DWI. La peor parte es que una condena por DUI permanece en su registro de manejo para siempre.<\/span><\/p>\n<p class=\"Normal tm7\"><span class=\"tm8\">En My Traffic Tickets, lo ayudamos a luchar contra sus cargos de DUI \/ DWI, y trabajamos para minimizar su sentencia y proteger su registro. Antes de que veamos c\u00f3mo protegemos sus derechos cuando se trata de un cargo por DUI \/ DWI, veamos qu\u00e9 implica exactamente. <\/span><\/p>\n<p class=\"Normal_Web_ tm9\"><span class=\"tm10\">En Texas y la mayor\u00eda de los estados, tanto un DUI como un DWI se refieren a los cargos que enfrenta una persona si opera un veh\u00edculo mientras est\u00e1 intoxicado, lo que significa que carece de las facultades mentales o f\u00edsicas normales al momento de conducir debido a la influencia de alcohol o drogas. \"DWI\" es la definici\u00f3n legal de este delito en Texas, aunque \"DUI\" se usa m\u00e1s com\u00fanmente de manera intercambiable.<\/span><\/p>\n<p class=\"Normal_Web_ tm9\"><span class=\"tm10\">Seg\u00fan la ley de Texas, una persona de 21 a\u00f1os de edad o m\u00e1s puede ser acusada de DUI \/ DWI si conduce en estado de ebriedad (tiene una concentraci\u00f3n de alcohol en la sangre o en el aliento de .08 o est\u00e1 afectado por drogas). Sin embargo, incluso si una persona <\/span><span class=\"tm10\">menores de 21 a\u00f1os<\/span><span class=\"tm10\"> a\u00f1os se detiene y tiene <\/span><span class=\"tm10\">cualquier alcohol<\/span><span class=\"tm10\"> en su sistema, \u00e9l \/ ella puede ser acusado de un \"DUI\" (o \"DUIA\", que significa \"Conducir bajo la influencia del alcohol\"). <\/span><\/p>\t\t\t\t\t<\/div>\n\t\t\t\t\t\t<\/div>\n\t\t\t\t<\/div>\n\t\t\t\t\t\t<\/div>\n\t\t\t\t\t<\/div>\n\t\t<\/div>\n\t\t\t\t\t\t\t\t<\/div>\n\t\t\t\t\t<\/div>\n\t\t<\/section>\n\t\t\t\t<section class=\"elementor-section elementor-top-section elementor-element elementor-element-31e5fc8e elementor-section-boxed elementor-section-height-default elementor-section-height-default\" data-id=\"31e5fc8e\" data-element_type=\"section\">\n\t\t\t\t\t\t<div class=\"elementor-container elementor-column-gap-default\">\n\t\t\t\t\t\t\t<div class=\"elementor-row\">\n\t\t\t\t\t<div class=\"elementor-column elementor-col-50 elementor-top-column elementor-element elementor-element-30448d13\" data-id=\"30448d13\" data-element_type=\"column\">\n\t\t\t<div class=\"elementor-column-wrap elementor-element-populated\">\n\t\t\t\t\t\t\t<div class=\"elementor-widget-wrap\">\n\t\t\t\t\t\t<div class=\"elementor-element elementor-element-3b6b2d5f elementor-hidden-desktop elementor-hidden-tablet elementor-widget elementor-widget-image\" data-id=\"3b6b2d5f\" data-element_type=\"widget\" data-widget_type=\"image.default\">\n\t\t\t\t<div class=\"elementor-widget-container\">\n\t\t\t\t\t\t\t\t<div class=\"elementor-image\">\n\t\t\t\t\t\t\t\t\t\t\t\t<img decoding=\"async\" src=\"https:\/\/mytraffictickets.com\/wp-content\/uploads\/2020\/05\/thumb-1-4.jpg\"  alt=\"Entradas DUI \/ DWI\" \/>\t\t\t\t\t\t\t\t\t\t\t\t\t\t<\/div>\n\t\t\t\t\t\t<\/div>\n\t\t\t\t<\/div>\n\t\t\t\t<div class=\"elementor-element elementor-element-41ae1f1a elementor-widget elementor-widget-heading\" data-id=\"41ae1f1a\" data-element_type=\"widget\" data-widget_type=\"heading.default\">\n\t\t\t\t<div class=\"elementor-widget-container\">\n\t\t\t<h2 class=\"elementor-heading-title elementor-size-default\">\u00a1Proteja sus derechos con la ayuda de un abogado de DUI \/ DWI en MTT!<\/h2>\t\t<\/div>\n\t\t\t\t<\/div>\n\t\t\t\t<div class=\"elementor-element elementor-element-44b090f2 elementor-widget elementor-widget-image\" data-id=\"44b090f2\" data-element_type=\"widget\" data-widget_type=\"image.default\">\n\t\t\t\t<div class=\"elementor-widget-container\">\n\t\t\t\t\t\t\t\t<div class=\"elementor-image\">\n\t\t\t\t\t\t\t\t\t\t\t\t<img loading=\"lazy\" width=\"82\" height=\"4\" src=\"https:\/\/mytraffictickets.com\/wp-content\/uploads\/2020\/05\/blu-line.png\" class=\"attachment-large size-large\" alt=\"blu Line\" decoding=\"async\"  \/>\t\t\t\t\t\t\t\t\t\t\t\t\t\t<\/div>\n\t\t\t\t\t\t<\/div>\n\t\t\t\t<\/div>\n\t\t\t\t<div class=\"elementor-element elementor-element-57863f17 elementor-widget elementor-widget-text-editor\" data-id=\"57863f17\" data-element_type=\"widget\" data-widget_type=\"text-editor.default\">\n\t\t\t\t<div class=\"elementor-widget-container\">\n\t\t\t\t\t\t\t\t<div class=\"elementor-text-editor elementor-clearfix\">\n\t\t\t\t\t<p class=\"Normal_Web_ tm6\"><span class=\"tm7\">\u00bfNo quiere que le revoquen la licencia, que incauten su autom\u00f3vil o que tengan consecuencias como encarcelamiento por cargos de DUI \/ DWI? \u00a1Estamos aqu\u00ed para ayudar!<\/span><\/p><p class=\"Normal_Web_ tm6\"><span class=\"tm7\">En My Traffic Tickets, entendemos que ser condenado debido a un DUI puede cambiar su futuro. Pero, en lugar de simplemente aceptar tu rostro, debes luchar con la ayuda de nuestros experimentados <\/span><span class=\"tm8\">Abogadas de multas de trafico<\/span><span class=\"tm7\">\u00a0<\/span><\/p>\t\t\t\t\t<\/div>\n\t\t\t\t\t\t<\/div>\n\t\t\t\t<\/div>\n\t\t\t\t\t\t<\/div>\n\t\t\t\t\t<\/div>\n\t\t<\/div>\n\t\t\t\t<div class=\"elementor-column elementor-col-50 elementor-top-column elementor-element elementor-element-7b9f0bac\" data-id=\"7b9f0bac\" data-element_type=\"column\">\n\t\t\t<div class=\"elementor-column-wrap elementor-element-populated\">\n\t\t\t\t\t\t\t<div class=\"elementor-widget-wrap\">\n\t\t\t\t\t\t<div class=\"elementor-element elementor-element-24bbfec9 elementor-hidden-phone elementor-widget elementor-widget-image\" data-id=\"24bbfec9\" data-element_type=\"widget\" data-widget_type=\"image.default\">\n\t\t\t\t<div class=\"elementor-widget-container\">\n\t\t\t\t\t\t\t\t<div class=\"elementor-image\">\n\t\t\t\t\t\t\t\t\t\t\t\t<img loading=\"lazy\" width=\"444\" height=\"290\" src=\"https:\/\/mytraffictickets.com\/wp-content\/uploads\/2020\/05\/thumb-1-4.jpg\" class=\"attachment-full size-full\" alt=\"Entradas DUI \/ DWI\" decoding=\"async\" srcset=\"https:\/\/mytraffictickets.com\/wp-content\/uploads\/2020\/05\/thumb-1-4.jpg 444w, https:\/\/mytraffictickets.com\/wp-content\/uploads\/2020\/05\/thumb-1-4-300x196.jpg 300w, https:\/\/mytraffictickets.com\/wp-content\/uploads\/2020\/05\/thumb-1-4-230x150.jpg 230w, https:\/\/mytraffictickets.com\/wp-content\/uploads\/2020\/05\/thumb-1-4-350x229.jpg 350w\" sizes=\"(max-width: 444px) 100vw, 444px\"  \/>\t\t\t\t\t\t\t\t\t\t\t\t\t\t<\/div>\n\t\t\t\t\t\t<\/div>\n\t\t\t\t<\/div>\n\t\t\t\t\t\t<\/div>\n\t\t\t\t\t<\/div>\n\t\t<\/div>\n\t\t\t\t\t\t\t\t<\/div>\n\t\t\t\t\t<\/div>\n\t\t<\/section>\n\t\t\t\t<section class=\"elementor-section elementor-top-section elementor-element elementor-element-2db7dac1 elementor-section-boxed elementor-section-height-default elementor-section-height-default\" data-id=\"2db7dac1\" data-element_type=\"section\">\n\t\t\t\t\t\t<div class=\"elementor-container elementor-column-gap-default\">\n\t\t\t\t\t\t\t<div class=\"elementor-row\">\n\t\t\t\t\t<div class=\"elementor-column elementor-col-100 elementor-top-column elementor-element elementor-element-7bab72d4\" data-id=\"7bab72d4\" data-element_type=\"column\">\n\t\t\t<div class=\"elementor-column-wrap elementor-element-populated\">\n\t\t\t\t\t\t\t<div class=\"elementor-widget-wrap\">\n\t\t\t\t\t\t<div class=\"elementor-element elementor-element-3028d8ba elementor-widget elementor-widget-text-editor\" data-id=\"3028d8ba\" data-element_type=\"widget\" data-widget_type=\"text-editor.default\">\n\t\t\t\t<div class=\"elementor-widget-container\">\n\t\t\t\t\t\t\t\t<div class=\"elementor-text-editor elementor-clearfix\">\n\t\t\t\t\t<p class=\"Normal_Web_ tm6\">\u00a0y batir las cargas. Como DUI \/ DWI es un asunto complicado, nuestros abogados no escatiman esfuerzos para sopesar cuidadosamente todas las opciones que pueden funcionar a su favor, construir un caso s\u00f3lido y proteger su reputaci\u00f3n que podr\u00eda estar en juego debido a los cargos.<\/p><p class=\"Normal_Web_ tm6\"><span class=\"tm7\">Nuestra <\/span><span class=\"tm8\">Abogadas de la corte de trafico<\/span><span class=\"tm7\"> Conozca de primera mano c\u00f3mo funcionan los tribunales y puede brindarle la representaci\u00f3n que necesita para luchar contra su multa con \u00e9xito.<\/span><\/p><p class=\"Normal_Web_ tm6\"><span class=\"tm7\">Para comenzar a luchar contra los cargos de DUI \/ DWI en su contra, \u00a1solicite una cotizaci\u00f3n ahora!<\/span><\/p><p class=\"Normal_Web_ tm6\"><span class=\"tm7\">\u00a1Tambi\u00e9n puede comunicarse con nosotros al 1-877-298-9099 para obtener m\u00e1s informaci\u00f3n!<\/span><\/p><p class=\"Normal\">\u00a0<\/p>\t\t\t\t\t<\/div>\n\t\t\t\t\t\t<\/div>\n\t\t\t\t<\/div>\n\t\t\t\t\t\t<\/div>\n\t\t\t\t\t<\/div>\n\t\t<\/div>\n\t\t\t\t\t\t\t\t<\/div>\n\t\t\t\t\t<\/div>\n\t\t<\/section>\n\t\t\t\t<section class=\"elementor-section elementor-top-section elementor-element elementor-element-a46f475 elementor-section-boxed elementor-section-height-default elementor-section-height-default\" data-id=\"a46f475\" data-element_type=\"section\" data-settings=\"{&quot;background_background&quot;:&quot;classic&quot;}\">\n\t\t\t\t\t\t<div class=\"elementor-container elementor-column-gap-default\">\n\t\t\t\t\t\t\t<div class=\"elementor-row\">\n\t\t\t\t\t<div class=\"elementor-column elementor-col-50 elementor-top-column elementor-element elementor-element-da19b86\" data-id=\"da19b86\" data-element_type=\"column\">\n\t\t\t<div class=\"elementor-column-wrap elementor-element-populated\">\n\t\t\t\t\t\t\t<div class=\"elementor-widget-wrap\">\n\t\t\t\t\t\t<div class=\"elementor-element elementor-element-1b175843 elementor-widget elementor-widget-heading\" data-id=\"1b175843\" data-element_type=\"widget\" data-widget_type=\"heading.default\">\n\t\t\t\t<div class=\"elementor-widget-container\">\n\t\t\t<h3 class=\"elementor-heading-title elementor-size-default\">Empecemos<\/h3>\t\t<\/div>\n\t\t\t\t<\/div>\n\t\t\t\t<div class=\"elementor-element elementor-element-79489da8 elementor-widget elementor-widget-heading\" data-id=\"79489da8\" data-element_type=\"widget\" data-widget_type=\"heading.default\">\n\t\t\t\t<div class=\"elementor-widget-container\">\n\t\t\t<h4 class=\"elementor-heading-title elementor-size-default\">Lucha para mantener un historial de conducci\u00f3n limpio<\/h4>\t\t<\/div>\n\t\t\t\t<\/div>\n\t\t\t\t\t\t<\/div>\n\t\t\t\t\t<\/div>\n\t\t<\/div>\n\t\t\t\t<div class=\"elementor-column elementor-col-25 elementor-top-column elementor-element elementor-element-49600908\" data-id=\"49600908\" data-element_type=\"column\">\n\t\t\t<div class=\"elementor-column-wrap elementor-element-populated\">\n\t\t\t\t\t\t\t<div class=\"elementor-widget-wrap\">\n\t\t\t\t\t\t<div class=\"elementor-element elementor-element-5daa8845 elementor-align-left elementor-tablet-align-left elementor-mobile-align-center elementor-widget elementor-widget-button\" data-id=\"5daa8845\" data-element_type=\"widget\" data-widget_type=\"button.default\">\n\t\t\t\t<div class=\"elementor-widget-container\">\n\t\t\t\t\t<div class=\"elementor-button-wrapper\">\n\t\t\t<a href=\"https:\/\/mytraffictickets.com\/es\/login\/\" class=\"elementor-button-link elementor-button elementor-size-sm\" role=\"button\">\n\t\t\t\t\t\t<span class=\"elementor-button-content-wrapper\">\n\t\t\t\t\t\t<span class=\"elementor-button-text\">Consigue una cotizaci\u00f3n<\/span>\n\t\t<\/span>\n\t\t\t\t\t<\/a>\n\t\t<\/div>\n\t\t\t\t<\/div>\n\t\t\t\t<\/div>\n\t\t\t\t\t\t<\/div>\n\t\t\t\t\t<\/div>\n\t\t<\/div>\n\t\t\t\t<div class=\"elementor-column elementor-col-25 elementor-top-column elementor-element elementor-element-2b47d46e\" data-id=\"2b47d46e\" data-element_type=\"column\">\n\t\t\t<div class=\"elementor-column-wrap elementor-element-populated\">\n\t\t\t\t\t\t\t<div class=\"elementor-widget-wrap\">\n\t\t\t\t\t\t<div class=\"elementor-element elementor-element-2791ac6c elementor-align-left elementor-tablet-align-left elementor-mobile-align-center elementor-widget elementor-widget-button\" data-id=\"2791ac6c\" data-element_type=\"widget\" data-widget_type=\"button.default\">\n\t\t\t\t<div class=\"elementor-widget-container\">\n\t\t\t\t\t<div class=\"elementor-button-wrapper\">\n\t\t\t<a href=\"https:\/\/mytraffictickets.com\/es\/faqs\/\" class=\"elementor-button-link elementor-button elementor-size-sm\" role=\"button\">\n\t\t\t\t\t\t<span class=\"elementor-button-content-wrapper\">\n\t\t\t\t\t\t<span class=\"elementor-button-text\">Soporte de contacto<\/span>\n\t\t<\/span>\n\t\t\t\t\t<\/a>\n\t\t<\/div>\n\t\t\t\t<\/div>\n\t\t\t\t<\/div>\n\t\t\t\t\t\t<\/div>\n\t\t\t\t\t<\/div>\n\t\t<\/div>\n\t\t\t\t\t\t\t\t<\/div>\n\t\t\t\t\t<\/div>\n\t\t<\/section>\n\t\t\t\t<section class=\"elementor-section elementor-top-section elementor-element elementor-element-7bb25b01 elementor-section-full_width elementor-section-height-default elementor-section-height-default\" data-id=\"7bb25b01\" data-element_type=\"section\" data-settings=\"{&quot;background_background&quot;:&quot;classic&quot;}\">\n\t\t\t\t\t\t<div class=\"elementor-container elementor-column-gap-default\">\n\t\t\t\t\t\t\t<div class=\"elementor-row\">\n\t\t\t\t\t<div class=\"elementor-column elementor-col-100 elementor-top-column elementor-element elementor-element-2787dd2e\" data-id=\"2787dd2e\" data-element_type=\"column\">\n\t\t\t<div class=\"elementor-column-wrap elementor-element-populated\">\n\t\t\t\t\t\t\t<div class=\"elementor-widget-wrap\">\n\t\t\t\t\t\t<div class=\"elementor-element elementor-element-79f09643 elementor-widget-divider--view-line elementor-widget elementor-widget-divider\" data-id=\"79f09643\" data-element_type=\"widget\" data-widget_type=\"divider.default\">\n\t\t\t\t<div class=\"elementor-widget-container\">\n\t\t\t\t\t<div class=\"elementor-divider\">\n\t\t\t<span class=\"elementor-divider-separator\">\n\t\t\t\t\t\t<\/span>\n\t\t<\/div>\n\t\t\t\t<\/div>\n\t\t\t\t<\/div>\n\t\t\t\t\t\t<\/div>\n\t\t\t\t\t<\/div>\n\t\t<\/div>\n\t\t\t\t\t\t\t\t<\/div>\n\t\t\t\t\t<\/div>\n\t\t<\/section>\n\t\t\t\t\t\t<\/div>\n\t\t\t\t\t\t<\/div>\n\t\t\t\t\t<\/div>","protected":false},"excerpt":{"rendered":"<p>DUI\/DWI DUI\/DWI Whether you had a few drinks at happy hour or left a party after drinking too much, if you were pulled over and issued a ticket by the police officer on your way back home, you could face charges for DUI\/DWI. The worst part is that a DUI conviction stays on your driving [&hellip;]<\/p>","protected":false},"author":3,"featured_media":0,"parent":3104,"menu_order":0,"comment_status":"closed","ping_status":"closed","template":"templates\/builder-fullwidth-std.php","meta":{"_mi_skip_tracking":false,"_exactmetrics_sitenote_active":false,"_exactmetrics_sitenote_note":"","_exactmetrics_sitenote_category":0,"footnotes":""},"aioseo_notices":[],"_links":{"self":[{"href":"https:\/\/mytraffictickets.com\/es\/wp-json\/wp\/v2\/pages\/3287"}],"collection":[{"href":"https:\/\/mytraffictickets.com\/es\/wp-json\/wp\/v2\/pages"}],"about":[{"href":"https:\/\/mytraffictickets.com\/es\/wp-json\/wp\/v2\/types\/page"}],"author":[{"embeddable":true,"href":"https:\/\/mytraffictickets.com\/es\/wp-json\/wp\/v2\/users\/3"}],"replies":[{"embeddable":true,"href":"https:\/\/mytraffictickets.com\/es\/wp-json\/wp\/v2\/comments?post=3287"}],"version-history":[{"count":10,"href":"https:\/\/mytraffictickets.com\/es\/wp-json\/wp\/v2\/pages\/3287\/revisions"}],"predecessor-version":[{"id":5910,"href":"https:\/\/mytraffictickets.com\/es\/wp-json\/wp\/v2\/pages\/3287\/revisions\/5910"}],"up":[{"embeddable":true,"href":"https:\/\/mytraffictickets.com\/es\/wp-json\/wp\/v2\/pages\/3104"}],"wp:attachment":[{"href":"https:\/\/mytraffictickets.com\/es\/wp-json\/wp\/v2\/media?parent=3287"}],"curies":[{"name":"wp","href":"https:\/\/api.w.org\/{rel}","templated":true}]}}