{"id":3320,"date":"2020-05-14T12:19:29","date_gmt":"2020-05-14T12:19:29","guid":{"rendered":"http:\/\/mytrafficticktes.psz.netsmartz.us\/?page_id=3320"},"modified":"2021-09-24T06:56:14","modified_gmt":"2021-09-24T06:56:14","slug":"failure-to-appear-warrants","status":"publish","type":"page","link":"https:\/\/mytraffictickets.com\/es\/we-fight\/failure-to-appear-warrants\/","title":{"rendered":"No comparecencia de las \u00f3rdenes judiciales"},"content":{"rendered":"<div data-elementor-type=\"wp-post\" data-elementor-id=\"3320\" class=\"elementor elementor-3320\" data-elementor-settings=\"[]\">\n\t\t\t\t\t\t<div class=\"elementor-inner\">\n\t\t\t\t\t\t\t<div class=\"elementor-section-wrap\">\n\t\t\t\t\t\t\t<section class=\"elementor-section elementor-top-section elementor-element elementor-element-2bbda373 elementor-section-boxed elementor-section-height-default elementor-section-height-default\" data-id=\"2bbda373\" data-element_type=\"section\">\n\t\t\t\t\t\t<div class=\"elementor-container elementor-column-gap-default\">\n\t\t\t\t\t\t\t<div class=\"elementor-row\">\n\t\t\t\t\t<div class=\"elementor-column elementor-col-100 elementor-top-column elementor-element elementor-element-66ca4b1b\" data-id=\"66ca4b1b\" data-element_type=\"column\">\n\t\t\t<div class=\"elementor-column-wrap\">\n\t\t\t\t\t\t\t<div class=\"elementor-widget-wrap\">\n\t\t\t\t\t\t\t\t<\/div>\n\t\t\t\t\t<\/div>\n\t\t<\/div>\n\t\t\t\t\t\t\t\t<\/div>\n\t\t\t\t\t<\/div>\n\t\t<\/section>\n\t\t\t\t<section class=\"elementor-section elementor-top-section elementor-element elementor-element-71682453 plnt-tree elementor-section-boxed elementor-section-height-default elementor-section-height-default\" data-id=\"71682453\" data-element_type=\"section\" data-settings=\"{&quot;background_background&quot;:&quot;classic&quot;}\">\n\t\t\t\t\t\t<div class=\"elementor-container elementor-column-gap-default\">\n\t\t\t\t\t\t\t<div class=\"elementor-row\">\n\t\t\t\t\t<div class=\"elementor-column elementor-col-50 elementor-top-column elementor-element elementor-element-b8e8af0\" data-id=\"b8e8af0\" data-element_type=\"column\">\n\t\t\t<div class=\"elementor-column-wrap elementor-element-populated\">\n\t\t\t\t\t\t\t<div class=\"elementor-widget-wrap\">\n\t\t\t\t\t\t<div class=\"elementor-element elementor-element-187bf081 elementor-widget elementor-widget-text-editor\" data-id=\"187bf081\" data-element_type=\"widget\" data-widget_type=\"text-editor.default\">\n\t\t\t\t<div class=\"elementor-widget-container\">\n\t\t\t\t\t\t\t\t<div class=\"elementor-text-editor elementor-clearfix\">\n\t\t\t\t\t\t\t\t\t\t<\/div>\n\t\t\t\t\t\t<\/div>\n\t\t\t\t<\/div>\n\t\t\t\t<div class=\"elementor-element elementor-element-d140724 elementor-widget elementor-widget-text-editor\" data-id=\"d140724\" data-element_type=\"widget\" data-widget_type=\"text-editor.default\">\n\t\t\t\t<div class=\"elementor-widget-container\">\n\t\t\t\t\t\t\t\t<div class=\"elementor-text-editor elementor-clearfix\">\n\t\t\t\t\t<p class=\"hr-plnt\">Falta de comparecencia de las \u00f3rdenes judiciales<\/p>\t\t\t\t\t<\/div>\n\t\t\t\t\t\t<\/div>\n\t\t\t\t<\/div>\n\t\t\t\t\t\t<\/div>\n\t\t\t\t\t<\/div>\n\t\t<\/div>\n\t\t\t\t<div class=\"elementor-column elementor-col-50 elementor-top-column elementor-element elementor-element-326231fa\" data-id=\"326231fa\" data-element_type=\"column\">\n\t\t\t<div class=\"elementor-column-wrap\">\n\t\t\t\t\t\t\t<div class=\"elementor-widget-wrap\">\n\t\t\t\t\t\t\t\t<\/div>\n\t\t\t\t\t<\/div>\n\t\t<\/div>\n\t\t\t\t\t\t\t\t<\/div>\n\t\t\t\t\t<\/div>\n\t\t<\/section>\n\t\t\t\t<section class=\"elementor-section elementor-top-section elementor-element elementor-element-f36ec40 elementor-section-boxed elementor-section-height-default elementor-section-height-default\" data-id=\"f36ec40\" data-element_type=\"section\" data-settings=\"{&quot;background_background&quot;:&quot;classic&quot;}\">\n\t\t\t\t\t\t<div class=\"elementor-container elementor-column-gap-default\">\n\t\t\t\t\t\t\t<div class=\"elementor-row\">\n\t\t\t\t\t<div class=\"elementor-column elementor-col-100 elementor-top-column elementor-element elementor-element-2b52fada\" data-id=\"2b52fada\" data-element_type=\"column\">\n\t\t\t<div class=\"elementor-column-wrap elementor-element-populated\">\n\t\t\t\t\t\t\t<div class=\"elementor-widget-wrap\">\n\t\t\t\t\t\t<div class=\"elementor-element elementor-element-1e7beb26 elementor-widget elementor-widget-heading\" data-id=\"1e7beb26\" data-element_type=\"widget\" data-widget_type=\"heading.default\">\n\t\t\t\t<div class=\"elementor-widget-container\">\n\t\t\t<h1 class=\"elementor-heading-title elementor-size-default\">Falta de comparecencia de las \u00f3rdenes judiciales<\/h1>\t\t<\/div>\n\t\t\t\t<\/div>\n\t\t\t\t<div class=\"elementor-element elementor-element-314c3b3c elementor-widget elementor-widget-image\" data-id=\"314c3b3c\" data-element_type=\"widget\" data-widget_type=\"image.default\">\n\t\t\t\t<div class=\"elementor-widget-container\">\n\t\t\t\t\t\t\t\t<div class=\"elementor-image\">\n\t\t\t\t\t\t\t\t\t\t\t\t<img loading=\"lazy\" width=\"342\" height=\"11\" src=\"https:\/\/mytraffictickets.com\/wp-content\/uploads\/2020\/05\/hdg-lines.png\" class=\"attachment-large size-large\" alt=\"lines\" decoding=\"async\" srcset=\"https:\/\/mytraffictickets.com\/wp-content\/uploads\/2020\/05\/hdg-lines.png 342w, https:\/\/mytraffictickets.com\/wp-content\/uploads\/2020\/05\/hdg-lines-300x10.png 300w, https:\/\/mytraffictickets.com\/wp-content\/uploads\/2020\/05\/hdg-lines-230x7.png 230w\" sizes=\"(max-width: 342px) 100vw, 342px\"  \/>\t\t\t\t\t\t\t\t\t\t\t\t\t\t<\/div>\n\t\t\t\t\t\t<\/div>\n\t\t\t\t<\/div>\n\t\t\t\t\t\t<\/div>\n\t\t\t\t\t<\/div>\n\t\t<\/div>\n\t\t\t\t\t\t\t\t<\/div>\n\t\t\t\t\t<\/div>\n\t\t<\/section>\n\t\t\t\t<section class=\"elementor-section elementor-top-section elementor-element elementor-element-3e98e1d elementor-section-boxed elementor-section-height-default elementor-section-height-default\" data-id=\"3e98e1d\" data-element_type=\"section\" data-settings=\"{&quot;background_background&quot;:&quot;classic&quot;}\">\n\t\t\t\t\t\t<div class=\"elementor-container elementor-column-gap-default\">\n\t\t\t\t\t\t\t<div class=\"elementor-row\">\n\t\t\t\t\t<div class=\"elementor-column elementor-col-100 elementor-top-column elementor-element elementor-element-459cdce1\" data-id=\"459cdce1\" data-element_type=\"column\">\n\t\t\t<div class=\"elementor-column-wrap elementor-element-populated\">\n\t\t\t\t\t\t\t<div class=\"elementor-widget-wrap\">\n\t\t\t\t\t\t<div class=\"elementor-element elementor-element-777f570c elementor-widget elementor-widget-text-editor\" data-id=\"777f570c\" data-element_type=\"widget\" data-widget_type=\"text-editor.default\">\n\t\t\t\t<div class=\"elementor-widget-container\">\n\t\t\t\t\t\t\t\t<div class=\"elementor-text-editor elementor-clearfix\">\n\t\t\t\t\t<p class=\"Normal tm6\"><span class=\"tm8\">Si se le emite una multa de tr\u00e1fico, la citaci\u00f3n contendr\u00e1 una fecha, <\/span><em><span class=\"tm9\">conocida como fecha de comparecencia o lectura de cargos<\/span><\/em><span class=\"tm8\"> por lo cual debe comunicarse con la corte. Es posible que deba comparecer en persona, por carta o por fax. Si no se hace cargo de la citaci\u00f3n antes de la fecha de comparecencia en la multa o no se presenta a la corte como se le solicita, la corte puede emitir una orden de arresto por no comparecer en su nombre. Adem\u00e1s, se le puede acusar de un delito adicional por violar la promesa de comparecer. La emisi\u00f3n de una orden de arresto viene con tarifas adicionales, y el castigo por el delito de \u201cviolar la promesa de comparecer\u201d es una multa considerable. <\/span><\/p>\t\t\t\t\t<\/div>\n\t\t\t\t\t\t<\/div>\n\t\t\t\t<\/div>\n\t\t\t\t\t\t<\/div>\n\t\t\t\t\t<\/div>\n\t\t<\/div>\n\t\t\t\t\t\t\t\t<\/div>\n\t\t\t\t\t<\/div>\n\t\t<\/section>\n\t\t\t\t<section class=\"elementor-section elementor-top-section elementor-element elementor-element-50600f6f elementor-section-boxed elementor-section-height-default elementor-section-height-default\" data-id=\"50600f6f\" data-element_type=\"section\">\n\t\t\t\t\t\t<div class=\"elementor-container elementor-column-gap-default\">\n\t\t\t\t\t\t\t<div class=\"elementor-row\">\n\t\t\t\t\t<div class=\"elementor-column elementor-col-50 elementor-top-column elementor-element elementor-element-a27e9d5\" data-id=\"a27e9d5\" data-element_type=\"column\">\n\t\t\t<div class=\"elementor-column-wrap elementor-element-populated\">\n\t\t\t\t\t\t\t<div class=\"elementor-widget-wrap\">\n\t\t\t\t\t\t<div class=\"elementor-element elementor-element-44d938cc elementor-hidden-desktop elementor-hidden-tablet elementor-widget elementor-widget-image\" data-id=\"44d938cc\" data-element_type=\"widget\" data-widget_type=\"image.default\">\n\t\t\t\t<div class=\"elementor-widget-container\">\n\t\t\t\t\t\t\t\t<div class=\"elementor-image\">\n\t\t\t\t\t\t\t\t\t\t\t\t<img decoding=\"async\" src=\"https:\/\/mytraffictickets.com\/wp-content\/uploads\/2020\/05\/thumb-1-6.jpg\"  alt=\"Fail to Appear Warrants\" \/>\t\t\t\t\t\t\t\t\t\t\t\t\t\t<\/div>\n\t\t\t\t\t\t<\/div>\n\t\t\t\t<\/div>\n\t\t\t\t<div class=\"elementor-element elementor-element-1f2aa72b elementor-widget elementor-widget-heading\" data-id=\"1f2aa72b\" data-element_type=\"widget\" data-widget_type=\"heading.default\">\n\t\t\t\t<div class=\"elementor-widget-container\">\n\t\t\t<h2 class=\"elementor-heading-title elementor-size-default\">\u00a1PARE - NO PAGUE LA MULTA!<\/h2>\t\t<\/div>\n\t\t\t\t<\/div>\n\t\t\t\t<div class=\"elementor-element elementor-element-7a6a95b8 elementor-widget elementor-widget-image\" data-id=\"7a6a95b8\" data-element_type=\"widget\" data-widget_type=\"image.default\">\n\t\t\t\t<div class=\"elementor-widget-container\">\n\t\t\t\t\t\t\t\t<div class=\"elementor-image\">\n\t\t\t\t\t\t\t\t\t\t\t\t<img loading=\"lazy\" width=\"82\" height=\"4\" src=\"https:\/\/mytraffictickets.com\/wp-content\/uploads\/2020\/05\/blu-line.png\" class=\"attachment-large size-large\" alt=\"blu Line\" decoding=\"async\"  \/>\t\t\t\t\t\t\t\t\t\t\t\t\t\t<\/div>\n\t\t\t\t\t\t<\/div>\n\t\t\t\t<\/div>\n\t\t\t\t<div class=\"elementor-element elementor-element-1e810157 elementor-widget elementor-widget-text-editor\" data-id=\"1e810157\" data-element_type=\"widget\" data-widget_type=\"text-editor.default\">\n\t\t\t\t<div class=\"elementor-widget-container\">\n\t\t\t\t\t\t\t\t<div class=\"elementor-text-editor elementor-clearfix\">\n\t\t\t\t\t<p class=\"Normal tm5\"><span class=\"tm6\">Si tiene \u00f3rdenes de arresto por multas vencidas, \u00a1My Traffic Tickets puede ayudarlo!<\/span><\/p>\n<p class=\"Normal tm5\"><span class=\"tm6\">Creemos que pagar las entradas no es la mejor salida como puede pensar. De hecho, hacerlo solo aumentar\u00e1 su seguro y agregar\u00e1 puntos en su licencia, lo que resultar\u00e1 en recargos o incluso en la suspensi\u00f3n de su licencia de conducir. <\/span><\/p>\t\t\t\t\t<\/div>\n\t\t\t\t\t\t<\/div>\n\t\t\t\t<\/div>\n\t\t\t\t\t\t<\/div>\n\t\t\t\t\t<\/div>\n\t\t<\/div>\n\t\t\t\t<div class=\"elementor-column elementor-col-50 elementor-top-column elementor-element elementor-element-47d5255\" data-id=\"47d5255\" data-element_type=\"column\">\n\t\t\t<div class=\"elementor-column-wrap elementor-element-populated\">\n\t\t\t\t\t\t\t<div class=\"elementor-widget-wrap\">\n\t\t\t\t\t\t<div class=\"elementor-element elementor-element-6179867a elementor-hidden-phone elementor-widget elementor-widget-image\" data-id=\"6179867a\" data-element_type=\"widget\" data-widget_type=\"image.default\">\n\t\t\t\t<div class=\"elementor-widget-container\">\n\t\t\t\t\t\t\t\t<div class=\"elementor-image\">\n\t\t\t\t\t\t\t\t\t\t\t\t<img loading=\"lazy\" width=\"444\" height=\"290\" src=\"https:\/\/mytraffictickets.com\/wp-content\/uploads\/2020\/05\/thumb-1-6.jpg\" class=\"attachment-full size-full\" alt=\"Fail to Appear Warrants\" decoding=\"async\" srcset=\"https:\/\/mytraffictickets.com\/wp-content\/uploads\/2020\/05\/thumb-1-6.jpg 444w, https:\/\/mytraffictickets.com\/wp-content\/uploads\/2020\/05\/thumb-1-6-300x196.jpg 300w, https:\/\/mytraffictickets.com\/wp-content\/uploads\/2020\/05\/thumb-1-6-230x150.jpg 230w, https:\/\/mytraffictickets.com\/wp-content\/uploads\/2020\/05\/thumb-1-6-350x229.jpg 350w\" sizes=\"(max-width: 444px) 100vw, 444px\"  \/>\t\t\t\t\t\t\t\t\t\t\t\t\t\t<\/div>\n\t\t\t\t\t\t<\/div>\n\t\t\t\t<\/div>\n\t\t\t\t\t\t<\/div>\n\t\t\t\t\t<\/div>\n\t\t<\/div>\n\t\t\t\t\t\t\t\t<\/div>\n\t\t\t\t\t<\/div>\n\t\t<\/section>\n\t\t\t\t<section class=\"elementor-section elementor-top-section elementor-element elementor-element-69f6b832 elementor-section-boxed elementor-section-height-default elementor-section-height-default\" data-id=\"69f6b832\" data-element_type=\"section\">\n\t\t\t\t\t\t<div class=\"elementor-container elementor-column-gap-default\">\n\t\t\t\t\t\t\t<div class=\"elementor-row\">\n\t\t\t\t\t<div class=\"elementor-column elementor-col-100 elementor-top-column elementor-element elementor-element-8d66da1\" data-id=\"8d66da1\" data-element_type=\"column\">\n\t\t\t<div class=\"elementor-column-wrap elementor-element-populated\">\n\t\t\t\t\t\t\t<div class=\"elementor-widget-wrap\">\n\t\t\t\t\t\t<div class=\"elementor-element elementor-element-66712426 elementor-widget elementor-widget-text-editor\" data-id=\"66712426\" data-element_type=\"widget\" data-widget_type=\"text-editor.default\">\n\t\t\t\t<div class=\"elementor-widget-container\">\n\t\t\t\t\t\t\t\t<div class=\"elementor-text-editor elementor-clearfix\">\n\t\t\t\t\t<p class=\"Normal tm5\"><span class=\"tm6\">En MTT, contamos con un equipo de expertos <\/span><span class=\"tm7\">abogados de multas y \u00f3rdenes de tr\u00e1nsito<\/span><span class=\"tm6\"> que puede ayudar a levantar sus \u00f3rdenes de arresto m\u00e1s r\u00e1pido de lo que pensaba que era posible. Siempre hemos sido el servicio m\u00e1s recomendado cuando se trata de fallas en la presentaci\u00f3n de garant\u00edas. \u00a1Las razones son muchas! En primer lugar, contamos con el respaldo de <\/span><span class=\"tm7\">abogados de \u00f3rdenes de tr\u00e1fico<\/span><span class=\"tm6\"> llevando a\u00f1os de experiencia en la resoluci\u00f3n de todo tipo de multas de tr\u00e1fico. En segundo lugar, generalmente somos m\u00e1s baratos que pagar las entradas. Adem\u00e1s, con nuestros muchos a\u00f1os de experiencia en el manejo de multas de tr\u00e1fico, evitamos que cometa errores que pueden costarle dinero, tiempo y estr\u00e9s. Nuestros abogados han resuelto miles de casos relacionados con la falta de presentaci\u00f3n de cargos con una tasa hist\u00f3rica de \u00e9xito del 97%. <\/span><\/p>\n<p class=\"Normal tm5\"><span class=\"tm6\">Entonces, si necesita ayuda para eliminar cualquier orden de arresto activa y para resolver las violaciones subyacentes, \u00a1no busque m\u00e1s!<\/span><\/p>\t\t\t\t\t<\/div>\n\t\t\t\t\t\t<\/div>\n\t\t\t\t<\/div>\n\t\t\t\t\t\t<\/div>\n\t\t\t\t\t<\/div>\n\t\t<\/div>\n\t\t\t\t\t\t\t\t<\/div>\n\t\t\t\t\t<\/div>\n\t\t<\/section>\n\t\t\t\t<section class=\"elementor-section elementor-top-section elementor-element elementor-element-e1f28ab elementor-section-boxed elementor-section-height-default elementor-section-height-default\" data-id=\"e1f28ab\" data-element_type=\"section\">\n\t\t\t\t\t\t<div class=\"elementor-container elementor-column-gap-default\">\n\t\t\t\t\t\t\t<div class=\"elementor-row\">\n\t\t\t\t\t<div class=\"elementor-column elementor-col-50 elementor-top-column elementor-element elementor-element-43f15130\" data-id=\"43f15130\" data-element_type=\"column\">\n\t\t\t<div class=\"elementor-column-wrap elementor-element-populated\">\n\t\t\t\t\t\t\t<div class=\"elementor-widget-wrap\">\n\t\t\t\t\t\t<div class=\"elementor-element elementor-element-3a1fba5b elementor-hidden-phone elementor-widget elementor-widget-image\" data-id=\"3a1fba5b\" data-element_type=\"widget\" data-widget_type=\"image.default\">\n\t\t\t\t<div class=\"elementor-widget-container\">\n\t\t\t\t\t\t\t\t<div class=\"elementor-image\">\n\t\t\t\t\t\t\t\t\t\t\t\t<img loading=\"lazy\" width=\"444\" height=\"290\" src=\"https:\/\/mytraffictickets.com\/wp-content\/uploads\/2020\/05\/thumb-2-3.jpg\" class=\"attachment-full size-full\" alt=\"Traffic Court Lawyers\" decoding=\"async\" srcset=\"https:\/\/mytraffictickets.com\/wp-content\/uploads\/2020\/05\/thumb-2-3.jpg 444w, https:\/\/mytraffictickets.com\/wp-content\/uploads\/2020\/05\/thumb-2-3-300x196.jpg 300w, https:\/\/mytraffictickets.com\/wp-content\/uploads\/2020\/05\/thumb-2-3-230x150.jpg 230w, https:\/\/mytraffictickets.com\/wp-content\/uploads\/2020\/05\/thumb-2-3-350x229.jpg 350w\" sizes=\"(max-width: 444px) 100vw, 444px\"  \/>\t\t\t\t\t\t\t\t\t\t\t\t\t\t<\/div>\n\t\t\t\t\t\t<\/div>\n\t\t\t\t<\/div>\n\t\t\t\t\t\t<\/div>\n\t\t\t\t\t<\/div>\n\t\t<\/div>\n\t\t\t\t<div class=\"elementor-column elementor-col-50 elementor-top-column elementor-element elementor-element-20cc33d4\" data-id=\"20cc33d4\" data-element_type=\"column\">\n\t\t\t<div class=\"elementor-column-wrap elementor-element-populated\">\n\t\t\t\t\t\t\t<div class=\"elementor-widget-wrap\">\n\t\t\t\t\t\t<div class=\"elementor-element elementor-element-133a3996 elementor-hidden-desktop elementor-hidden-tablet elementor-widget elementor-widget-image\" data-id=\"133a3996\" data-element_type=\"widget\" data-widget_type=\"image.default\">\n\t\t\t\t<div class=\"elementor-widget-container\">\n\t\t\t\t\t\t\t\t<div class=\"elementor-image\">\n\t\t\t\t\t\t\t\t\t\t\t\t<img loading=\"lazy\" width=\"444\" height=\"290\" src=\"https:\/\/mytraffictickets.com\/wp-content\/uploads\/2020\/05\/thumb-2-3.jpg\" class=\"attachment-full size-full\" alt=\"Traffic Court Lawyers\" decoding=\"async\" srcset=\"https:\/\/mytraffictickets.com\/wp-content\/uploads\/2020\/05\/thumb-2-3.jpg 444w, https:\/\/mytraffictickets.com\/wp-content\/uploads\/2020\/05\/thumb-2-3-300x196.jpg 300w, https:\/\/mytraffictickets.com\/wp-content\/uploads\/2020\/05\/thumb-2-3-230x150.jpg 230w, https:\/\/mytraffictickets.com\/wp-content\/uploads\/2020\/05\/thumb-2-3-350x229.jpg 350w\" sizes=\"(max-width: 444px) 100vw, 444px\"  \/>\t\t\t\t\t\t\t\t\t\t\t\t\t\t<\/div>\n\t\t\t\t\t\t<\/div>\n\t\t\t\t<\/div>\n\t\t\t\t<div class=\"elementor-element elementor-element-65dd5dce elementor-widget elementor-widget-heading\" data-id=\"65dd5dce\" data-element_type=\"widget\" data-widget_type=\"heading.default\">\n\t\t\t\t<div class=\"elementor-widget-container\">\n\t\t\t<h2 class=\"elementor-heading-title elementor-size-default\">Para comenzar, siga nuestro sencillo y r\u00e1pido proceso de 3 pasos.<\/h2>\t\t<\/div>\n\t\t\t\t<\/div>\n\t\t\t\t<div class=\"elementor-element elementor-element-2abb9c4b elementor-widget elementor-widget-image\" data-id=\"2abb9c4b\" data-element_type=\"widget\" data-widget_type=\"image.default\">\n\t\t\t\t<div class=\"elementor-widget-container\">\n\t\t\t\t\t\t\t\t<div class=\"elementor-image\">\n\t\t\t\t\t\t\t\t\t\t\t\t<img loading=\"lazy\" width=\"82\" height=\"4\" src=\"https:\/\/mytraffictickets.com\/wp-content\/uploads\/2020\/05\/blu-line.png\" class=\"attachment-large size-large\" alt=\"blu Line\" decoding=\"async\"  \/>\t\t\t\t\t\t\t\t\t\t\t\t\t\t<\/div>\n\t\t\t\t\t\t<\/div>\n\t\t\t\t<\/div>\n\t\t\t\t<div class=\"elementor-element elementor-element-3bcdb2b1 elementor-widget elementor-widget-text-editor\" data-id=\"3bcdb2b1\" data-element_type=\"widget\" data-widget_type=\"text-editor.default\">\n\t\t\t\t<div class=\"elementor-widget-container\">\n\t\t\t\t\t\t\t\t<div class=\"elementor-text-editor elementor-clearfix\">\n\t\t\t\t\t<ul>\n \t<li class=\"ListParagraph tm7\"><span class=\"tm8\">Paso 1: env\u00ede la informaci\u00f3n de su multa de tr\u00e1fico<\/span><\/li>\n \t<li class=\"ListParagraph tm7\"><span class=\"tm8\">Paso 2: obtenga una cotizaci\u00f3n gratuita de su abogado de multas de tr\u00e1fico<\/span><\/li>\n \t<li class=\"ListParagraph tm7\"><span class=\"tm8\">Paso 3: Contrata a tu abogada de multas de tr\u00e1fico<\/span><\/li>\n<\/ul>\n<p class=\"Normal_Web_ tm10\"><span class=\"tm11\">Cont\u00e1ctenos hoy para eliminar sus \u00f3rdenes de arresto activas y evitar que la falta de presentaci\u00f3n de cargos afecte su historial de manejo permanente. Ll\u00e1menos al 1-877-298-9099 (sin cargo) para\u00a0<\/span><a style=\"background-color: #ffffff;\" href=\"https:\/\/mytraffictickets.com\/es\/contact-us\/\"   rel=\"noopener\">solicite una cotizaci\u00f3n gratis!<\/a><\/p>\t\t\t\t\t<\/div>\n\t\t\t\t\t\t<\/div>\n\t\t\t\t<\/div>\n\t\t\t\t\t\t<\/div>\n\t\t\t\t\t<\/div>\n\t\t<\/div>\n\t\t\t\t\t\t\t\t<\/div>\n\t\t\t\t\t<\/div>\n\t\t<\/section>\n\t\t\t\t<section class=\"elementor-section elementor-top-section elementor-element elementor-element-4a9b5a26 elementor-section-boxed elementor-section-height-default elementor-section-height-default\" data-id=\"4a9b5a26\" data-element_type=\"section\" data-settings=\"{&quot;background_background&quot;:&quot;classic&quot;}\">\n\t\t\t\t\t\t<div class=\"elementor-container elementor-column-gap-default\">\n\t\t\t\t\t\t\t<div class=\"elementor-row\">\n\t\t\t\t\t<div class=\"elementor-column elementor-col-50 elementor-top-column elementor-element elementor-element-19adb39b\" data-id=\"19adb39b\" data-element_type=\"column\">\n\t\t\t<div class=\"elementor-column-wrap elementor-element-populated\">\n\t\t\t\t\t\t\t<div class=\"elementor-widget-wrap\">\n\t\t\t\t\t\t<div class=\"elementor-element elementor-element-5449a333 elementor-widget elementor-widget-heading\" data-id=\"5449a333\" data-element_type=\"widget\" data-widget_type=\"heading.default\">\n\t\t\t\t<div class=\"elementor-widget-container\">\n\t\t\t<h3 class=\"elementor-heading-title elementor-size-default\">Empecemos<\/h3>\t\t<\/div>\n\t\t\t\t<\/div>\n\t\t\t\t<div class=\"elementor-element elementor-element-2de03af9 elementor-widget elementor-widget-heading\" data-id=\"2de03af9\" data-element_type=\"widget\" data-widget_type=\"heading.default\">\n\t\t\t\t<div class=\"elementor-widget-container\">\n\t\t\t<h4 class=\"elementor-heading-title elementor-size-default\">Lucha para mantener un historial de conducci\u00f3n limpio<\/h4>\t\t<\/div>\n\t\t\t\t<\/div>\n\t\t\t\t\t\t<\/div>\n\t\t\t\t\t<\/div>\n\t\t<\/div>\n\t\t\t\t<div class=\"elementor-column elementor-col-25 elementor-top-column elementor-element elementor-element-1f485f4c\" data-id=\"1f485f4c\" data-element_type=\"column\">\n\t\t\t<div class=\"elementor-column-wrap elementor-element-populated\">\n\t\t\t\t\t\t\t<div class=\"elementor-widget-wrap\">\n\t\t\t\t\t\t<div class=\"elementor-element elementor-element-6abd52d elementor-align-left elementor-tablet-align-left elementor-mobile-align-center elementor-widget elementor-widget-button\" data-id=\"6abd52d\" data-element_type=\"widget\" data-widget_type=\"button.default\">\n\t\t\t\t<div class=\"elementor-widget-container\">\n\t\t\t\t\t<div class=\"elementor-button-wrapper\">\n\t\t\t<a href=\"https:\/\/mytraffictickets.com\/es\/login\/\" class=\"elementor-button-link elementor-button elementor-size-sm\" role=\"button\">\n\t\t\t\t\t\t<span class=\"elementor-button-content-wrapper\">\n\t\t\t\t\t\t<span class=\"elementor-button-text\">Consigue una cotizaci\u00f3n<\/span>\n\t\t<\/span>\n\t\t\t\t\t<\/a>\n\t\t<\/div>\n\t\t\t\t<\/div>\n\t\t\t\t<\/div>\n\t\t\t\t\t\t<\/div>\n\t\t\t\t\t<\/div>\n\t\t<\/div>\n\t\t\t\t<div class=\"elementor-column elementor-col-25 elementor-top-column elementor-element elementor-element-37f8106a\" data-id=\"37f8106a\" data-element_type=\"column\">\n\t\t\t<div class=\"elementor-column-wrap elementor-element-populated\">\n\t\t\t\t\t\t\t<div class=\"elementor-widget-wrap\">\n\t\t\t\t\t\t<div class=\"elementor-element elementor-element-38299ec1 elementor-align-left elementor-tablet-align-left elementor-mobile-align-center elementor-widget elementor-widget-button\" data-id=\"38299ec1\" data-element_type=\"widget\" data-widget_type=\"button.default\">\n\t\t\t\t<div class=\"elementor-widget-container\">\n\t\t\t\t\t<div class=\"elementor-button-wrapper\">\n\t\t\t<a href=\"https:\/\/mytraffictickets.com\/es\/faqs\/\" class=\"elementor-button-link elementor-button elementor-size-sm\" role=\"button\">\n\t\t\t\t\t\t<span class=\"elementor-button-content-wrapper\">\n\t\t\t\t\t\t<span class=\"elementor-button-text\">Soporte de contacto<\/span>\n\t\t<\/span>\n\t\t\t\t\t<\/a>\n\t\t<\/div>\n\t\t\t\t<\/div>\n\t\t\t\t<\/div>\n\t\t\t\t\t\t<\/div>\n\t\t\t\t\t<\/div>\n\t\t<\/div>\n\t\t\t\t\t\t\t\t<\/div>\n\t\t\t\t\t<\/div>\n\t\t<\/section>\n\t\t\t\t<section class=\"elementor-section elementor-top-section elementor-element elementor-element-10383708 elementor-section-full_width elementor-section-height-default elementor-section-height-default\" data-id=\"10383708\" data-element_type=\"section\" data-settings=\"{&quot;background_background&quot;:&quot;classic&quot;}\">\n\t\t\t\t\t\t<div class=\"elementor-container elementor-column-gap-default\">\n\t\t\t\t\t\t\t<div class=\"elementor-row\">\n\t\t\t\t\t<div class=\"elementor-column elementor-col-100 elementor-top-column elementor-element elementor-element-2f776776\" data-id=\"2f776776\" data-element_type=\"column\">\n\t\t\t<div class=\"elementor-column-wrap elementor-element-populated\">\n\t\t\t\t\t\t\t<div class=\"elementor-widget-wrap\">\n\t\t\t\t\t\t<div class=\"elementor-element elementor-element-47608b01 elementor-widget-divider--view-line elementor-widget elementor-widget-divider\" data-id=\"47608b01\" data-element_type=\"widget\" data-widget_type=\"divider.default\">\n\t\t\t\t<div class=\"elementor-widget-container\">\n\t\t\t\t\t<div class=\"elementor-divider\">\n\t\t\t<span class=\"elementor-divider-separator\">\n\t\t\t\t\t\t<\/span>\n\t\t<\/div>\n\t\t\t\t<\/div>\n\t\t\t\t<\/div>\n\t\t\t\t\t\t<\/div>\n\t\t\t\t\t<\/div>\n\t\t<\/div>\n\t\t\t\t\t\t\t\t<\/div>\n\t\t\t\t\t<\/div>\n\t\t<\/section>\n\t\t\t\t\t\t<\/div>\n\t\t\t\t\t\t<\/div>\n\t\t\t\t\t<\/div>","protected":false},"excerpt":{"rendered":"<p>Failure to Appear Warrants Failure to Appear Warrants If you\u2019re issued a traffic ticket, the citation will contain a date, known as an appearance or arraignment date by which you must contact the court. You may be required to make an appearance in person, by letter, or by fax. If you fail to take care [&hellip;]<\/p>","protected":false},"author":3,"featured_media":0,"parent":3104,"menu_order":0,"comment_status":"closed","ping_status":"closed","template":"templates\/builder-fullwidth-std.php","meta":{"_mi_skip_tracking":false,"_exactmetrics_sitenote_active":false,"_exactmetrics_sitenote_note":"","_exactmetrics_sitenote_category":0,"footnotes":""},"aioseo_notices":[],"_links":{"self":[{"href":"https:\/\/mytraffictickets.com\/es\/wp-json\/wp\/v2\/pages\/3320"}],"collection":[{"href":"https:\/\/mytraffictickets.com\/es\/wp-json\/wp\/v2\/pages"}],"about":[{"href":"https:\/\/mytraffictickets.com\/es\/wp-json\/wp\/v2\/types\/page"}],"author":[{"embeddable":true,"href":"https:\/\/mytraffictickets.com\/es\/wp-json\/wp\/v2\/users\/3"}],"replies":[{"embeddable":true,"href":"https:\/\/mytraffictickets.com\/es\/wp-json\/wp\/v2\/comments?post=3320"}],"version-history":[{"count":18,"href":"https:\/\/mytraffictickets.com\/es\/wp-json\/wp\/v2\/pages\/3320\/revisions"}],"predecessor-version":[{"id":6215,"href":"https:\/\/mytraffictickets.com\/es\/wp-json\/wp\/v2\/pages\/3320\/revisions\/6215"}],"up":[{"embeddable":true,"href":"https:\/\/mytraffictickets.com\/es\/wp-json\/wp\/v2\/pages\/3104"}],"wp:attachment":[{"href":"https:\/\/mytraffictickets.com\/es\/wp-json\/wp\/v2\/media?parent=3320"}],"curies":[{"name":"wp","href":"https:\/\/api.w.org\/{rel}","templated":true}]}}