{"id":3859,"date":"2021-01-20T09:55:11","date_gmt":"2021-01-20T09:55:11","guid":{"rendered":"http:\/\/mytrafficticktes.psz.netsmartz.us\/?page_id=3859"},"modified":"2021-07-15T11:11:11","modified_gmt":"2021-07-15T11:11:11","slug":"hunters-creek-village","status":"publish","type":"page","link":"https:\/\/mytraffictickets.com\/es\/hunters-creek-village\/","title":{"rendered":"Hunters Creek Village"},"content":{"rendered":"<div class=\"section\">\n<div class=\"bg-pink\">\n<div class=\"container\">\n<div class=\"row\">\n<div class=\"col-md-12\">\n<h2 style=\"padding-top: 25px;!important\">Got A Ticket? We Can Fight It!<\/h2>\n<\/div>\n<\/div>\n<\/div>\n<\/div>\n<div class=\"wp-introduction\">\n<div class=\"container\">\n<div class=\"row\">\n<div class=\"col-md-7\">\n<div class=\"intro-content\">\n<!--\n\n\n<h3>Houston Traffic Ticket Lawyers<\/h3>\n\n\n--><\/p>\n<p>Receiving a traffic ticket in Hunters Creek Village, Texas can be extremely frustrating. It can &#8211;<\/p>\n<ul>\n<li>Result in huge fines and surcharges<\/li>\n<li>Add points on your driving record<\/li>\n<li>Increasing your insurance premiums<\/li>\n<li>Stain your driving record in long term<\/li>\n<li>Lead to a driving license suspension or revocation<\/li>\n<li>Negatively impact your way of life<\/li>\n<\/ul>\n<p>A traffic violation can be as minor as not signaling while changing lanes or as serious as causing a DWI accident. With a wide range of traffic violations comes a wide range of penalties. There are also some traffic offenses that can lead to license suspension, or even jail time, if you are found guilty.<\/p>\n<p>At MTT, we provide excellent legal counsel to drivers across Hunters Creek Village who\u2019ve been charged with a traffic violation. Whether you are looking for an experienced <a class=\"smplink\" href=\"\/es\/\">speeding ticket attorney<\/a> or a legal expert to help you fight your ticket any other traffic citation, we have you covered! We are skilled in handling traffic tickets such as speeding tickets, no insurance tickets, suspended \/ no driver\u2019s license, accident tickets, stop sign tickets, red light tickets, reckless driving, texting and driving, DUI\/DWI, CDL traffic tickets, and more. Even if you have been issued a warrant because of not being able to pay your traffic fines or failing to appear in court as required, we have some of the best traffic warrant lawyer to help you deal with the situation.<\/p>\n<p>Not only our attorneys highly experienced &amp; familiar with the local judges, prosecutors, and courts, but are also highly driven to secure the best possible result for every client \u2013 regardless of how minor or serious their traffic offense is.<\/p>\n<p>Feel free to reach out to us @ <a class=\"smplink\" href=\"tel:1-877-298-9099\">1-877-298-9099<\/a> to learn more!<\/p>\n<p><!--Call us @ our toll-free for more info!<a href=\"tel:1-877-298-9099\">1-877-298-9099<\/a>\n\n--><\/p>\n<\/div>\n<\/div>\n<div class=\"col-md-5\">\n<figure class=\"ticket-cars\" style=\"margin-top: 27px;\"><br \/>\n<img decoding=\"async\" src=\"\/wp-content\/uploads\/2020\/12\/2.png\" alt=\"MTT Image\"><\/figure>\n<\/div>\n<\/div>\n<\/div>\n<div id=\"carousel\" class=\"testimonial\">\n<div class=\"slideshow-container\">\n<div class=\"row\">\n<div class=\"col-md-12\">\n<h2>Por eso nuestra cliente nos elige.<\/h2>\n<div class=\"mySlides\">\n<h2>Gran servicio y muy exitosa<\/h2>\n<p><q>Gran servicio y muy exitoso, tuve dos tickets y fueron despedidos. El equipo y los abogados son geniales. \u00a1\u00a1\u00a1Recomendar\u00eda esta compa\u00f1\u00eda a cualquiera!!! San Antonio, Texas.<\/q><\/p>\n<p class=\"author\">Beverly D.<\/p>\n<\/div>\n<div class=\"mySlides\"> <q>Esta empresa tiene 5 estrellas en todos los sentidos y a un costo razonable. Hay muchas opciones en Internet, pero si desea obtener resultados, use My Traffic Tickets para sus encuentros con la polic\u00eda y la corte.<\/q><\/p>\n<p class=\"author\"> Kenneth C.<\/p>\n<\/div>\n<div class=\"mySlides\"> <q>Me ahorr\u00e9 m\u00e1s de $ 400, un viaje fuera de la ciudad, un d\u00eda libre en el trabajo y ni siquiera est\u00e1 en mi historial de manejo. \u00a1\u00a1Gracias!!<\/q><\/p>\n<p class=\"author\">Evelyn F .<\/p>\n<\/div>\n<div class=\"quotes-icon\">\n<div class=\"left-icon\"><i class=\"fa fa-quote-left\" aria-hidden=\"true\"><\/i><\/div>\n<div class=\"right-icon\"><i class=\"fa fa-quote-right\" aria-hidden=\"true\"><\/i><\/div>\n<\/div>\n<div class=\"dot-container\"> <span class=\"dot\" onclick=\"currentSlide(1)\"><\/span> <span class=\"dot\" onclick=\"currentSlide(2)\"><\/span> <span class=\"dot\" onclick=\"currentSlide(3)\"><\/span><\/div>\n<\/div>\n<\/div>\n<\/div>\n<\/div>\n<div class=\"traffic-info\">\n<div class=\"container\">\n<div class=\"row\">\n<div class=\"col-md-12\">\n<div class=\"traffic-info-content\">\n<p>Con nuestra tasa de \u00e9xito combinada del 97% y el manejo de m\u00e1s de 100.000 infracciones de tr\u00e1fico, nos enorgullecemos de habernos ganado la lealtad y la confianza de nuestros clientes y clientes. \u00a1Perm\u00edtanos ayudarlo a que sus multas de tr\u00e1fico y \u00f3rdenes de arresto sean desestimadas hoy!<\/p>\n<h2>\u00a1Para obtener m\u00e1s informaci\u00f3n, marque 1-877-298-9099 ahora!<\/h2>\n<p><a href=\"https:\/\/mytraffictickets.com\/es\/login\/\"><i class=\"fa fa-smile-o\" aria-hidden=\"true\"><\/i> Luchemos contra tu boleto<\/a><\/p>\n<\/div>\n<\/div>\n<\/div>\n<\/div>\n<\/div>\n<\/div>\n<\/div>","protected":false},"excerpt":{"rendered":"<p>Got A Ticket? We Can Fight It! Receiving a traffic ticket in Hunters Creek Village, Texas can be extremely frustrating. It can &#8211; Result in huge fines and surcharges Add points on your driving record Increasing your insurance premiums Stain your driving record in long term Lead to a driving license suspension or revocation Negatively [&hellip;]<\/p>","protected":false},"author":3,"featured_media":0,"parent":0,"menu_order":0,"comment_status":"closed","ping_status":"closed","template":"page-templates\/custom_temp.php","meta":{"_mi_skip_tracking":false,"_exactmetrics_sitenote_active":false,"_exactmetrics_sitenote_note":"","_exactmetrics_sitenote_category":0,"footnotes":""},"aioseo_notices":[],"_links":{"self":[{"href":"https:\/\/mytraffictickets.com\/es\/wp-json\/wp\/v2\/pages\/3859"}],"collection":[{"href":"https:\/\/mytraffictickets.com\/es\/wp-json\/wp\/v2\/pages"}],"about":[{"href":"https:\/\/mytraffictickets.com\/es\/wp-json\/wp\/v2\/types\/page"}],"author":[{"embeddable":true,"href":"https:\/\/mytraffictickets.com\/es\/wp-json\/wp\/v2\/users\/3"}],"replies":[{"embeddable":true,"href":"https:\/\/mytraffictickets.com\/es\/wp-json\/wp\/v2\/comments?post=3859"}],"version-history":[{"count":3,"href":"https:\/\/mytraffictickets.com\/es\/wp-json\/wp\/v2\/pages\/3859\/revisions"}],"predecessor-version":[{"id":5361,"href":"https:\/\/mytraffictickets.com\/es\/wp-json\/wp\/v2\/pages\/3859\/revisions\/5361"}],"wp:attachment":[{"href":"https:\/\/mytraffictickets.com\/es\/wp-json\/wp\/v2\/media?parent=3859"}],"curies":[{"name":"wp","href":"https:\/\/api.w.org\/{rel}","templated":true}]}}