{"id":3862,"date":"2021-01-20T10:05:53","date_gmt":"2021-01-20T10:05:53","guid":{"rendered":"http:\/\/mytrafficticktes.psz.netsmartz.us\/?page_id=3862"},"modified":"2021-01-21T08:27:51","modified_gmt":"2021-01-21T08:27:51","slug":"humble","status":"publish","type":"page","link":"https:\/\/mytraffictickets.com\/es\/humble\/","title":{"rendered":"Humble"},"content":{"rendered":"<div class=\"section\">\n<div class=\"bg-pink\">\n<div class=\"container\">\n<div class=\"row\">\n<div class=\"col-md-12\">\n<h2 style=\"padding-top: 25px;!important\">Charged With A Traffic Violation In Humble? We Can Help!<\/h2>\n<\/div>\n<\/div>\n<\/div>\n<\/div>\n<div class=\"wp-introduction\">\n<div class=\"container\">\n<div class=\"row\">\n<div class=\"col-md-7\">\n<div class=\"intro-content\">\n<!--\n\n\n<h3>Houston Traffic Ticket Lawyers<\/h3>\n\n\n--><\/p>\n<p>For many people, receiving a traffic ticket is a minor inconvenience that can be dealt with by simply paying it off and moving on. However, there are some traffic violations that carry serious penalties and can create further problems down the road.<\/p>\n<p>At MTT, we believe that traffic tickets are serious matters, and you owe it to yourself to challenge your case in court with the help of a skilled traffic defense attorney, and avoid all the hefty fines, penalties, insurance hikes, along with other possible consequences which could impact your driving privileges.<\/p>\n<p>If your main mode of transportation in Humble, Texas is your automobile, the loss of your driver\u2019s license because of speeding, driving on suspended licenses, or violating other traffic rules can severely impact your driving privileges, &amp; as a result, your employment as well as your way of life. Huge fines for speeding, DUI and DWI violations, &amp; other violations can also severely impact your driving record by adding points, which lead to higher insurance premiums and sometimes even a suspended license. By choosing My Traffic Tickets and letting our expert attorneys argue your case on your behalf, you choose the best defense to fight your traffic citation and stand a great chance to eliminate the serious consequences of your traffic ticket.<\/p>\n<p>Our team also includes highly experienced <a class=\"smplink\" href=\"https:\/\/mytraffictickets.com\/es\/we-fight\/\">traffic ticket warrant lawyers<\/a> who can assist you in case you\u2019ve been issued a warrant for failing to take care of your ticket prior to the appearance date mentioned on it, or failing to appear in court, as required. To find out more about our service or to request a FREE quote, get in touch with us today by calling @ <a class=\"smplink\" href=\"tel:1-877-298-9099\">1-877-298-9099<\/a>.<\/p>\n<p><!--Call us @ our toll-free for more info!<a href=\"tel:1-877-298-9099\">1-877-298-9099<\/a>\n\n--><\/p>\n<\/div>\n<\/div>\n<div class=\"col-md-5\">\n<figure class=\"ticket-cars\" style=\"margin-top: 27px;\"><br \/>\n<img decoding=\"async\" src=\"\/wp-content\/themes\/sydney-child\/img\/cars2.png\"><\/figure>\n<\/div>\n<\/div>\n<\/div>\n<div id=\"carousel\" class=\"testimonial\">\n<div class=\"slideshow-container\">\n<div class=\"row\">\n<div class=\"col-md-12\">\n<h2>Por eso nuestra cliente nos elige.<\/h2>\n<div class=\"mySlides\">\n<h2>Gran servicio y muy exitosa<\/h2>\n<p><q>Gran servicio y muy exitoso, tuve dos tickets y fueron despedidos. El equipo y los abogados son geniales. \u00a1\u00a1\u00a1Recomendar\u00eda esta compa\u00f1\u00eda a cualquiera!!! San Antonio, Texas.<\/q><\/p>\n<p class=\"author\">Beverly D.<\/p>\n<\/div>\n<div class=\"mySlides\"> <q>Esta empresa tiene 5 estrellas en todos los sentidos y a un costo razonable. Hay muchas opciones en Internet, pero si desea obtener resultados, use My Traffic Tickets para sus encuentros con la polic\u00eda y la corte.<\/q><\/p>\n<p class=\"author\"> Kenneth C.<\/p>\n<\/div>\n<div class=\"mySlides\"> <q>Me ahorr\u00e9 m\u00e1s de $ 400, un viaje fuera de la ciudad, un d\u00eda libre en el trabajo y ni siquiera est\u00e1 en mi historial de manejo. \u00a1\u00a1Gracias!!<\/q><\/p>\n<p class=\"author\">Evelyn F .<\/p>\n<\/div>\n<div class=\"quotes-icon\">\n<div class=\"left-icon\"><i class=\"fa fa-quote-left\" aria-hidden=\"true\"><\/i><\/div>\n<div class=\"right-icon\"><i class=\"fa fa-quote-right\" aria-hidden=\"true\"><\/i><\/div>\n<\/div>\n<div class=\"dot-container\"> <span class=\"dot\" onclick=\"currentSlide(1)\"><\/span> <span class=\"dot\" onclick=\"currentSlide(2)\"><\/span> <span class=\"dot\" onclick=\"currentSlide(3)\"><\/span><\/div>\n<\/div>\n<\/div>\n<\/div>\n<\/div>\n<div class=\"traffic-info\">\n<div class=\"container\">\n<div class=\"row\">\n<div class=\"col-md-12\">\n<div class=\"traffic-info-content\">\n<p>Con nuestra tasa de \u00e9xito combinada del 97% y el manejo de m\u00e1s de 100.000 infracciones de tr\u00e1fico, nos enorgullecemos de habernos ganado la lealtad y la confianza de nuestros clientes y clientes. \u00a1Perm\u00edtanos ayudarlo a que sus multas de tr\u00e1fico y \u00f3rdenes de arresto sean desestimadas hoy!<\/p>\n<h2>\u00a1Para obtener m\u00e1s informaci\u00f3n, marque 1-877-298-9099 ahora!<\/h2>\n<p><a href=\"https:\/\/mytraffictickets.com\/es\/login\/\"><i class=\"fa fa-smile-o\" aria-hidden=\"true\"><\/i> Luchemos contra tu boleto<\/a><\/p>\n<\/div>\n<\/div>\n<\/div>\n<\/div>\n<\/div>\n<\/div>\n<\/div>","protected":false},"excerpt":{"rendered":"<p>Charged With A Traffic Violation In Humble? We Can Help! For many people, receiving a traffic ticket is a minor inconvenience that can be dealt with by simply paying it off and moving on. However, there are some traffic violations that carry serious penalties and can create further problems down the road. At MTT, we [&hellip;]<\/p>","protected":false},"author":3,"featured_media":0,"parent":0,"menu_order":0,"comment_status":"closed","ping_status":"closed","template":"page-templates\/custom_temp.php","meta":{"_mi_skip_tracking":false,"_exactmetrics_sitenote_active":false,"_exactmetrics_sitenote_note":"","_exactmetrics_sitenote_category":0,"footnotes":""},"aioseo_notices":[],"_links":{"self":[{"href":"https:\/\/mytraffictickets.com\/es\/wp-json\/wp\/v2\/pages\/3862"}],"collection":[{"href":"https:\/\/mytraffictickets.com\/es\/wp-json\/wp\/v2\/pages"}],"about":[{"href":"https:\/\/mytraffictickets.com\/es\/wp-json\/wp\/v2\/types\/page"}],"author":[{"embeddable":true,"href":"https:\/\/mytraffictickets.com\/es\/wp-json\/wp\/v2\/users\/3"}],"replies":[{"embeddable":true,"href":"https:\/\/mytraffictickets.com\/es\/wp-json\/wp\/v2\/comments?post=3862"}],"version-history":[{"count":2,"href":"https:\/\/mytraffictickets.com\/es\/wp-json\/wp\/v2\/pages\/3862\/revisions"}],"predecessor-version":[{"id":4456,"href":"https:\/\/mytraffictickets.com\/es\/wp-json\/wp\/v2\/pages\/3862\/revisions\/4456"}],"wp:attachment":[{"href":"https:\/\/mytraffictickets.com\/es\/wp-json\/wp\/v2\/media?parent=3862"}],"curies":[{"name":"wp","href":"https:\/\/api.w.org\/{rel}","templated":true}]}}