{"id":3873,"date":"2021-02-23T13:59:45","date_gmt":"2021-02-23T13:59:45","guid":{"rendered":"http:\/\/mytrafficticktes.psz.netsmartz.us\/?page_id=3873"},"modified":"2021-07-15T10:49:26","modified_gmt":"2021-07-15T10:49:26","slug":"deer-park","status":"publish","type":"page","link":"https:\/\/mytraffictickets.com\/es\/deer-park\/","title":{"rendered":"Deer Park"},"content":{"rendered":"<div class=\"section\">\n<div class=\"bg-pink\">\n<div class=\"container\">\n<div class=\"row\">\n<div class=\"col-md-12\">\n<h2 style=\"padding-top: 25px;\">Our Traffic Violation Lawyers Are Here to Help You Fight A Ticket in Deer Park<\/h2>\n<\/div>\n<\/div>\n<\/div>\n<\/div>\n<div class=\"wp-introduction\">\n<div class=\"container\">\n<div class=\"row\">\n<div class=\"col-md-7\">\n<div class=\"intro-content\"><!--\n\n\n<h3>Houston Traffic Ticket Lawyers<\/h3>\n\n\n--><br \/>\nThe expert lawyers at My Traffic Tickets in Deer Park are here to make <a class=\"smplink\" href=\"https:\/\/mytraffictickets.com\/es\/5-reasons-why-you-should-always-fight-your-traffic-ticket\/\">fighting a speeding ticket<\/a> easier for you. Our attorneys use their experience to lessen the impact of any traffic ticket by a significant margin. They do not only have a great understanding of the positives and negatives of a case than a common person but also are well capable of making better decisions confidently for the clients. We start by looking into every matter that comes our way seriously to extract answers to the questions that are most likely to have a direct bearing on the case. We have successfully fought traffic ticket in Deer Park Municipal Court for over a decade, boasting a 97% success rate.<\/p>\n<p>Hiring a traffic ticket expert from My Traffic Tickets for your Deer Park ticket is the best wa to ensure the best possible outcome for your case. Please know that even if a lawyer fails to eliminate all the consequences of a traffic ticket, they will ensure that they are limited to producing a negligible negative effect.<\/p>\n<p>You can reach out to an attorney with My Traffic Tickets for ticket dismissals, keeping your driving record clean, avoiding insurance increases or any additional costs. Getting in touch with one of us is just a 3-step process that includes submitting your traffic ticket information with us, getting a free quote, and hiring a lawyer.<\/p>\n<p>Our team of traffic violation attorneys in Deer Park is well versed with the know-how of the field. We will also help you track the status of your traffic ticket at an unparalleled cost. For more information about the services we offer, locations we cover, and the company we keep, feel free to browse through the website.<\/p>\n<p>Request a FREE quote today.<\/p>\n<\/div>\n<\/div>\n<div class=\"col-md-5\">\n<figure class=\"ticket-cars\" style=\"margin-top: 27px;\"><img decoding=\"async\" src=\"\/wp-content\/uploads\/2021\/02\/3.jpg\" alt=\"MTT Image\"><\/figure>\n<\/div>\n<\/div>\n<\/div>\n<div id=\"carousel\" class=\"testimonial\">\n<div class=\"slideshow-container\">\n<div class=\"row\">\n<div class=\"col-md-12\">\n<h2>Por eso nuestra cliente nos elige.<\/h2>\n<\/div>\n<\/div>\n<\/div>\n<\/div>\n<div class=\"traffic-info\">\n<div class=\"container\">\n<div class=\"row\">\n<div class=\"col-md-12\">\n<div class=\"traffic-info-content\">Con nuestra tasa de \u00e9xito combinada del 97% y el manejo de m\u00e1s de 100.000 infracciones de tr\u00e1fico, nos enorgullecemos de habernos ganado la lealtad y la confianza de nuestros clientes y clientes. \u00a1Perm\u00edtanos ayudarlo a que sus multas de tr\u00e1fico y \u00f3rdenes de arresto sean desestimadas hoy!<\/p>\n<h2>\u00a1Para obtener m\u00e1s informaci\u00f3n, marque 1-877-298-9099 ahora!<\/h2>\n<p><a href=\"https:\/\/mytraffictickets.com\/es\/login\/\"><i class=\"fa fa-smile-o\" aria-hidden=\"true\"><\/i> Luchemos contra tu boleto<\/a><\/p>\n<\/div>\n<\/div>\n<\/div>\n<\/div>\n<\/div>\n<\/div>\n<\/div>","protected":false},"excerpt":{"rendered":"<p>Our Traffic Violation Lawyers Are Here to Help You Fight A Ticket in Deer Park The expert lawyers at My Traffic Tickets in Deer Park are here to make fighting a speeding ticket easier for you. Our attorneys use their experience to lessen the impact of any traffic ticket by a significant margin. They do [&hellip;]<\/p>","protected":false},"author":3,"featured_media":0,"parent":0,"menu_order":0,"comment_status":"closed","ping_status":"closed","template":"page-templates\/custom_temp.php","meta":{"_mi_skip_tracking":false,"_exactmetrics_sitenote_active":false,"_exactmetrics_sitenote_note":"","_exactmetrics_sitenote_category":0,"footnotes":""},"aioseo_notices":[],"_links":{"self":[{"href":"https:\/\/mytraffictickets.com\/es\/wp-json\/wp\/v2\/pages\/3873"}],"collection":[{"href":"https:\/\/mytraffictickets.com\/es\/wp-json\/wp\/v2\/pages"}],"about":[{"href":"https:\/\/mytraffictickets.com\/es\/wp-json\/wp\/v2\/types\/page"}],"author":[{"embeddable":true,"href":"https:\/\/mytraffictickets.com\/es\/wp-json\/wp\/v2\/users\/3"}],"replies":[{"embeddable":true,"href":"https:\/\/mytraffictickets.com\/es\/wp-json\/wp\/v2\/comments?post=3873"}],"version-history":[{"count":5,"href":"https:\/\/mytraffictickets.com\/es\/wp-json\/wp\/v2\/pages\/3873\/revisions"}],"predecessor-version":[{"id":5347,"href":"https:\/\/mytraffictickets.com\/es\/wp-json\/wp\/v2\/pages\/3873\/revisions\/5347"}],"wp:attachment":[{"href":"https:\/\/mytraffictickets.com\/es\/wp-json\/wp\/v2\/media?parent=3873"}],"curies":[{"name":"wp","href":"https:\/\/api.w.org\/{rel}","templated":true}]}}