{"id":3890,"date":"2021-02-24T06:03:17","date_gmt":"2021-02-24T06:03:17","guid":{"rendered":"http:\/\/mytrafficticktes.psz.netsmartz.us\/?page_id=3890"},"modified":"2021-07-15T11:27:03","modified_gmt":"2021-07-15T11:27:03","slug":"morgans-point","status":"publish","type":"page","link":"https:\/\/mytraffictickets.com\/es\/morgans-point\/","title":{"rendered":"Morgan&#8217;s Point"},"content":{"rendered":"<div class=\"section\">\n<div class=\"bg-pink\">\n<div class=\"container\">\n<div class=\"row\">\n<div class=\"col-md-12\">\n<h2 style=\"padding-top: 25px;\">Hire the Best Lawyer for A Ticket in Morgan\u2019s Point with My Traffic Tickets<\/h2>\n<\/div>\n<\/div>\n<\/div>\n<\/div>\n<div class=\"wp-introduction\">\n<div class=\"container\">\n<div class=\"row\">\n<div class=\"col-md-7\">\n<div class=\"intro-content\"><!--\n\n\n<h3>Houston Traffic Ticket Lawyers<\/h3>\n\n\n--><\/p>\n<p>With a success rate of 97%, My Traffic Ticket clearly deserves to be your top choice if you wish to hire a lawyer for a ticket in Morgan\u2019s point. Our experts have years of experience getting complete ticket dismissals and clean driving records for our clients. Other than being strongly determined about making fighting a traffic ticket in Morgan&#8217;s Point easier for everyone, we also aim towards saving two of the most valuable commodities for all our clients \u2013 their time and their money!<\/p>\n<p>Choosing an experienced attorney from My Traffic Tickets to handle your Morgan&#8217;s Point traffic ticket brings a plethora of benefits. They not only guide you properly through all the steps of the process but also make court appearances on your behalf. We also focus on offering the best services at the most competitive prices and in that order, we make sure that the fees demanded by our attorneys strictly depend on the crucial factors such as the location of your ticket, the number of violations, the type of ticket you have been issued, and the difficulty of the case at hand.<\/p>\n<p>My Traffic Tickets will get you started with the <a class=\"smplink\" href=\"\/es\/\">traffic violation dismissal<\/a> process in just three easy steps. All you need to do is send your traffic ticket information to us, receive a free quote from an experienced professional, and hire the lawyer.<\/p>\n<p>Our experienced lawyers are also trained in keeping points from getting added to your driving record. We emphasize on the importance of hiring a professional for handling a traffic ticket because not doing so can result in several consequences which include but are not limited to paying heavy fines and suspension of your driver\u2019s license.<\/p>\n<p>Request a FREE quote today to get started.<\/p>\n<\/div>\n<\/div>\n<div class=\"col-md-5\">\n<figure class=\"ticket-cars\" style=\"margin-top: 27px;\">\n<img decoding=\"async\" src=\"\/wp-content\/uploads\/2021\/02\/8.jpg\" alt=\"MTT Image\"><\/figure>\n<\/div>\n<\/div>\n<\/div>\n<div id=\"carousel\" class=\"testimonial\">\n<div class=\"slideshow-container\">\n<div class=\"row\">\n<div class=\"col-md-12\">\n<h2>Por eso nuestra cliente nos elige.<\/h2>\n<\/div>\n<\/div>\n<\/div>\n<\/div>\n<div class=\"traffic-info\">\n<div class=\"container\">\n<div class=\"row\">\n<div class=\"col-md-12\">\n<div class=\"traffic-info-content\">\n<p>Con nuestra tasa de \u00e9xito combinada del 97% y el manejo de m\u00e1s de 100.000 infracciones de tr\u00e1fico, nos enorgullecemos de habernos ganado la lealtad y la confianza de nuestros clientes y clientes. \u00a1Perm\u00edtanos ayudarlo a que sus multas de tr\u00e1fico y \u00f3rdenes de arresto sean desestimadas hoy!<\/p>\n<h2>\u00a1Para obtener m\u00e1s informaci\u00f3n, marque 1-877-298-9099 ahora!<\/h2>\n<p><a href=\"https:\/\/mytraffictickets.com\/es\/login\/\"><i class=\"fa fa-smile-o\" aria-hidden=\"true\"><\/i> Luchemos contra tu boleto<\/a><\/p>\n<\/div>\n<\/div>\n<\/div>\n<\/div>\n<\/div>\n<\/div>\n<\/div>","protected":false},"excerpt":{"rendered":"<p>Hire the Best Lawyer for A Ticket in Morgan\u2019s Point with My Traffic Tickets With a success rate of 97%, My Traffic Ticket clearly deserves to be your top choice if you wish to hire a lawyer for a ticket in Morgan\u2019s point. Our experts have years of experience getting complete ticket dismissals and clean [&hellip;]<\/p>","protected":false},"author":3,"featured_media":0,"parent":0,"menu_order":0,"comment_status":"closed","ping_status":"closed","template":"page-templates\/custom_temp.php","meta":{"_mi_skip_tracking":false,"_exactmetrics_sitenote_active":false,"_exactmetrics_sitenote_note":"","_exactmetrics_sitenote_category":0,"footnotes":""},"aioseo_notices":[],"_links":{"self":[{"href":"https:\/\/mytraffictickets.com\/es\/wp-json\/wp\/v2\/pages\/3890"}],"collection":[{"href":"https:\/\/mytraffictickets.com\/es\/wp-json\/wp\/v2\/pages"}],"about":[{"href":"https:\/\/mytraffictickets.com\/es\/wp-json\/wp\/v2\/types\/page"}],"author":[{"embeddable":true,"href":"https:\/\/mytraffictickets.com\/es\/wp-json\/wp\/v2\/users\/3"}],"replies":[{"embeddable":true,"href":"https:\/\/mytraffictickets.com\/es\/wp-json\/wp\/v2\/comments?post=3890"}],"version-history":[{"count":4,"href":"https:\/\/mytraffictickets.com\/es\/wp-json\/wp\/v2\/pages\/3890\/revisions"}],"predecessor-version":[{"id":5384,"href":"https:\/\/mytraffictickets.com\/es\/wp-json\/wp\/v2\/pages\/3890\/revisions\/5384"}],"wp:attachment":[{"href":"https:\/\/mytraffictickets.com\/es\/wp-json\/wp\/v2\/media?parent=3890"}],"curies":[{"name":"wp","href":"https:\/\/api.w.org\/{rel}","templated":true}]}}