{"id":3924,"date":"2021-04-08T05:42:20","date_gmt":"2021-04-08T05:42:20","guid":{"rendered":"http:\/\/mytrafficticktes.psz.netsmartz.us\/?page_id=3924"},"modified":"2021-07-15T11:45:37","modified_gmt":"2021-07-15T11:45:37","slug":"sheldon","status":"publish","type":"page","link":"https:\/\/mytraffictickets.com\/es\/sheldon\/","title":{"rendered":"Sheldon"},"content":{"rendered":"<div class=\"section\">\n<div class=\"bg-pink\">\n<div class=\"container\">\n<div class=\"row\">\n<div class=\"col-md-12\">\n<h2 style=\"padding-top: 25px;\">Fighting A Traffic Ticket in Sheldon Will Never Get Easier Than This<\/h2>\n<\/div>\n<\/div>\n<\/div>\n<\/div>\n<div class=\"wp-introduction\">\n<div class=\"container\">\n<div class=\"row\">\n<div class=\"col-md-7\">\n<div class=\"intro-content\"><!--\n\n\n<h3>Houston Traffic Ticket Lawyers<\/h3>\n\n\n--><br \/>\nIf your search engine history has \u2018traffic ticket lawyer near me\u2019 at the top, there are high chances that you are worried about handling it. Well, the best thing to do in such a situation is to reach out to a professional. My Traffic Tickets has all the best traffic ticket attorneys in Sheldon onboard and has been helping motorists get rid of traffic tickets for a long time now.<\/p>\n<p>Wondering how to beat a speeding ticket? The attorneys at My Traffic Tickets have the collective experience of beating more than 100,000 traffic tickets over the years. We have helped several motorists in and around Sheldon charged with not just speeding but all kinds of traffic offenses including DUIs, running a red light, and more. We can also help you with accident tickets, stop sign tickets, no insurance tickets, suspended\/no driver\u2019s license, red light tickets, reckless driving, texting and driving, DUI\/DWI, CDL traffic tickets, failure to appear warrants, and more.<\/p>\n<p>Our experience allows us to find solutions to the toughest of the challenges and determine what works the best in a particular situation and what doesn\u2019t. Our traffic ticket attorneys can help you out by getting your tickets dismissed, by going to the court on your behalf, by making sure no points are added to your driving record, by ensuring your insurance premiums do not increase, and by keeping you updated on your case!<\/p>\n<p>Don\u2019t forget that facing a traffic ticket without professional representation can do more harm than benefit, hence, it is advised you sit back and relax while the professionals are at it. My Traffic Tickets has come a long way since its inception in the year 2014 helping hundreds and thousands of clients by getting their speeding tickets dismissed completely.<\/p>\n<p>Once you show your trust in us, we promise to put in our best efforts to get your traffic ticket dismissed. Request a FREE quote today.<\/p>\n<\/div>\n<\/div>\n<div class=\"col-md-5\">\n<figure class=\"ticket-cars\" style=\"margin-top: 27px;\">\n<img decoding=\"async\" src=\"\/wp-content\/uploads\/2021\/04\/8.jpg\" alt=\"MTT Image\"><\/figure>\n<\/div>\n<\/div>\n<\/div>\n<div id=\"carousel\" class=\"testimonial\">\n<div class=\"slideshow-container\">\n<div class=\"row\">\n<div class=\"col-md-12\">\n<h2>Por eso nuestra cliente nos elige.<\/h2>\n<\/div>\n<\/div>\n<\/div>\n<\/div>\n<div class=\"traffic-info\">\n<div class=\"container\">\n<div class=\"row\">\n<div class=\"col-md-12\">\n<div class=\"traffic-info-content\">\n<p>Con nuestra tasa de \u00e9xito combinada del 97% y el manejo de m\u00e1s de 100.000 infracciones de tr\u00e1fico, nos enorgullecemos de habernos ganado la lealtad y la confianza de nuestros clientes y clientes. \u00a1Perm\u00edtanos ayudarlo a que sus multas de tr\u00e1fico y \u00f3rdenes de arresto sean desestimadas hoy!<\/p>\n<h2>\u00a1Para obtener m\u00e1s informaci\u00f3n, marque 1-877-298-9099 ahora!<\/h2>\n<p><a href=\"https:\/\/mytraffictickets.com\/es\/login\/\"><i class=\"fa fa-smile-o\" aria-hidden=\"true\"><\/i> Luchemos contra tu boleto<\/a><\/p>\n<\/div>\n<\/div>\n<\/div>\n<\/div>\n<\/div>\n<\/div>\n<\/div>","protected":false},"excerpt":{"rendered":"<p>Fighting A Traffic Ticket in Sheldon Will Never Get Easier Than This If your search engine history has \u2018traffic ticket lawyer near me\u2019 at the top, there are high chances that you are worried about handling it. Well, the best thing to do in such a situation is to reach out to a professional. My [&hellip;]<\/p>","protected":false},"author":3,"featured_media":0,"parent":0,"menu_order":0,"comment_status":"closed","ping_status":"closed","template":"page-templates\/custom_temp.php","meta":{"_mi_skip_tracking":false,"_exactmetrics_sitenote_active":false,"_exactmetrics_sitenote_note":"","_exactmetrics_sitenote_category":0,"footnotes":""},"aioseo_notices":[],"_links":{"self":[{"href":"https:\/\/mytraffictickets.com\/es\/wp-json\/wp\/v2\/pages\/3924"}],"collection":[{"href":"https:\/\/mytraffictickets.com\/es\/wp-json\/wp\/v2\/pages"}],"about":[{"href":"https:\/\/mytraffictickets.com\/es\/wp-json\/wp\/v2\/types\/page"}],"author":[{"embeddable":true,"href":"https:\/\/mytraffictickets.com\/es\/wp-json\/wp\/v2\/users\/3"}],"replies":[{"embeddable":true,"href":"https:\/\/mytraffictickets.com\/es\/wp-json\/wp\/v2\/comments?post=3924"}],"version-history":[{"count":3,"href":"https:\/\/mytraffictickets.com\/es\/wp-json\/wp\/v2\/pages\/3924\/revisions"}],"predecessor-version":[{"id":5392,"href":"https:\/\/mytraffictickets.com\/es\/wp-json\/wp\/v2\/pages\/3924\/revisions\/5392"}],"wp:attachment":[{"href":"https:\/\/mytraffictickets.com\/es\/wp-json\/wp\/v2\/media?parent=3924"}],"curies":[{"name":"wp","href":"https:\/\/api.w.org\/{rel}","templated":true}]}}