{"id":4043,"date":"2020-09-25T11:39:13","date_gmt":"2020-09-25T11:39:13","guid":{"rendered":"http:\/\/mytrafficticktes.psz.netsmartz.us\/?page_id=3663"},"modified":"2021-07-15T10:58:24","modified_gmt":"2021-07-15T10:58:24","slug":"fort-worth","status":"publish","type":"page","link":"https:\/\/mytraffictickets.com\/es\/fort-worth\/","title":{"rendered":"Fort Worth County"},"content":{"rendered":"<div class=\"section\"> \n\t<div class=\"bg-pink\"> \n\t\t<div class=\"container\"> \n\t\t\t<div class=\"row\"> \n\t\t\t\t<div class=\"col-md-12\"> \n\t\t\t\t\t<h2 style=\"padding-top: 25px;!important\">Received A Traffic Ticket? Get Ready To Put Up A Fight!<\/h2> \n\t\t\t\t<\/div>\n\t\t\t<\/div>\n\t\t<\/div>\n\t<\/div>\n\n\t<div class=\"wp-introduction\"> \n\t\t<div class=\"container\"> \n\t\t\t<div class=\"row\"> \n\t\t\t\t<div class=\"col-md-7\"> \n\t\t\t\t\t<div class=\"intro-content\"> \n\t\t\t\t\t\t\n\t\t\t\t\t\t<p>If you receive a traffic ticket in Fort Worth, you may simply want to pay the fine and be done with it. However, accepting the charges can actually turn out to cost you a great deal down the road. The risk of license suspension and insurance hikes, and other costs can result in a great deal of uncertainty for your future. On the other hand, fighting a traffic violation may save you money now as well as in the future.<\/p>\n\t\t\t\t\t\t<p>At My Traffic Tickets, we have a team of highly skilled and experienced traffic ticket defense lawyers to help you fight your ticket and keep points off your driving record. Through our solid defense strategy, we can help bring down your violation to a lesser charge, or clear the charge entirely.<\/p>\n\t\t\t\t\t\t<p>Our goal at MTT is to make the whole process as simple and painless as possible for you. We take care of every aspect of your case so you can focus on returning to your everyday life as soon as possible. We can handle all kinds of tickets, including speeding tickets, accident tickets, stop sign tickets, no insurance tickets, light red tickets, reckless driving, texting and driving, DUI\/DWI, CDL traffic tickets, suspended \/ no driver\u2019s license, failure to appear warrants, and more. <\/p>\n\t\t\t\t\t\t<p>Our Fort Worth traffic citation lawyers have 97% success rate in achieving not guilty verdicts for our clients &#038;, while there is no guarantee regarding the outcome of any case, we can assure you that we\u2019ll do everything in our power for successfully fighting your ticket and protecting your driving privileges. <\/p>\n\n\t\t\t\t\t\t<h3 style=\"padding-top: 10px;!important\">To get started, follow our 3-step process!<\/h3>\n\t\t\t\t\t\t<ul>\n\t\t\t\t\t\t\t<li>Paso 1: env\u00ede la informaci\u00f3n de su multa de tr\u00e1fico<\/li>\n\t\t\t\t\t\t\t<li>Paso 2: obtenga una cotizaci\u00f3n gratuita de su abogado de multas de tr\u00e1fico<\/li>\n\t\t\t\t\t\t\t<li>Paso 3: Contrata a tu abogada de multas de tr\u00e1fico<\/li>\n\t\t\t\t\t\t<\/ul>\t\n\n\t\t\t\t\t\t<p>Call us @ our toll-free for more info! <a href=\"tel:1-877-298-9099\">1-877-298-9099<\/a><\/p>\n\t\t\t\t\t<\/div>\n\t\t\t\t<\/div>\t\n\t\t\t\t<div class=\"col-md-5\"> \n\t\t\t\t\t<figure class=\"ticket-cars\" style=\"margin-top: 27px;\"> \n\t\t\t\t\t\t<img decoding=\"async\" src=\"\/wp-content\/uploads\/2020\/09\/mtt2.jpg\" alt=\"MTT Image\"\/> \n\t\t\t\t\t<\/figure> \n\t\t\t\t<\/div>\n\t\t\t\t\n\t\t\t<\/div>\n\t\t<\/div>\n\n\t\t\n\n\t\t<div id=\"carousel\" class=\"testimonial\"> <div class=\"slideshow-container\"> <div class=\"row\"> <div class=\"col-md-12\"> <h2>Por eso nuestra cliente nos elige.<\/h2> <div class=\"mySlides\"> <h2>Gran servicio y muy exitosa<\/h2> <q>Gran servicio y muy exitoso, tuve dos tickets y fueron despedidos. El equipo y los abogados son geniales. \u00a1\u00a1\u00a1Recomendar\u00eda esta compa\u00f1\u00eda a cualquiera!!! San Antonio, Texas.<\/q> <p class=\"author\">Beverly D.<\/p><\/div><div class=\"mySlides\"> <q>Esta empresa tiene 5 estrellas en todos los sentidos y a un costo razonable. Hay muchas opciones en Internet, pero si desea obtener resultados, use My Traffic Tickets para sus encuentros con la polic\u00eda y la corte.<\/q> <p class=\"author\"> Kenneth C.<\/p><\/div><div class=\"mySlides\"> <q>Me ahorr\u00e9 m\u00e1s de $ 400, un viaje fuera de la ciudad, un d\u00eda libre en el trabajo y ni siquiera est\u00e1 en mi historial de manejo. \u00a1\u00a1Gracias!!<\/q> <p class=\"author\">Evelyn F .<\/p><\/div><div class=\"quotes-icon\"> <div class=\"left-icon\"><i class=\"fa fa-quote-left\" aria-hidden=\"true\"><\/i> <\/div><div class=\"right-icon\"><i class=\"fa fa-quote-right\" aria-hidden=\"true\"><\/i> <\/div><\/div><div class=\"dot-container\"> <span class=\"dot\" onclick=\"currentSlide(1)\"><\/span> <span class=\"dot\" onclick=\"currentSlide(2)\"><\/span> <span class=\"dot\" onclick=\"currentSlide(3)\"><\/span> <\/div><\/div><\/div><\/div><\/div><div class=\"traffic-info\"> \n\t\t\t<div class=\"container\"> \n\t\t\t\t<div class=\"row\"> \n\t\t\t\t\t<div class=\"col-md-12\"> \n\t\t\t\t\t\t<div class=\"traffic-info-content\"> \n\t\t\t\t\t\t\t<p>Con nuestra tasa de \u00e9xito combinada del 97% y el manejo de m\u00e1s de 100.000 infracciones de tr\u00e1fico, nos enorgullecemos de habernos ganado la lealtad y la confianza de nuestros clientes y clientes. \u00a1Perm\u00edtanos ayudarlo a que sus multas de tr\u00e1fico y \u00f3rdenes de arresto sean desestimadas hoy!<\/p>\n\n\t\t\t\t\t\t\t<h2>\u00a1Para obtener m\u00e1s informaci\u00f3n, marque 1-877-298-9099 ahora!<\/h2> \n\t\t\t\t\t\t\t<a href=\"https:\/\/mytraffictickets.com\/es\/login\/\"><i class=\"fa fa-smile-o\" aria-hidden=\"true\"><\/i> Luchemos contra tu boleto<\/a> \n\t\t\t\t\t\t<\/div>\n\t\t\t\t\t<\/div>\n\t\t\t\t<\/div>\n\t\t\t<\/div>\n\t\t<\/div>\n\t<\/div>","protected":false},"excerpt":{"rendered":"<p>Received A Traffic Ticket? Get Ready To Put Up A Fight! If you receive a traffic ticket in Fort Worth, you may simply want to pay the fine and be done with it. However, accepting the charges can actually turn out to cost you a great deal down the road. The risk of license suspension [&hellip;]<\/p>","protected":false},"author":3,"featured_media":0,"parent":0,"menu_order":0,"comment_status":"closed","ping_status":"closed","template":"page-templates\/custom_temp.php","meta":{"_mi_skip_tracking":false,"_exactmetrics_sitenote_active":false,"_exactmetrics_sitenote_note":"","_exactmetrics_sitenote_category":0,"footnotes":""},"aioseo_notices":[],"_links":{"self":[{"href":"https:\/\/mytraffictickets.com\/es\/wp-json\/wp\/v2\/pages\/4043"}],"collection":[{"href":"https:\/\/mytraffictickets.com\/es\/wp-json\/wp\/v2\/pages"}],"about":[{"href":"https:\/\/mytraffictickets.com\/es\/wp-json\/wp\/v2\/types\/page"}],"author":[{"embeddable":true,"href":"https:\/\/mytraffictickets.com\/es\/wp-json\/wp\/v2\/users\/3"}],"replies":[{"embeddable":true,"href":"https:\/\/mytraffictickets.com\/es\/wp-json\/wp\/v2\/comments?post=4043"}],"version-history":[{"count":2,"href":"https:\/\/mytraffictickets.com\/es\/wp-json\/wp\/v2\/pages\/4043\/revisions"}],"predecessor-version":[{"id":5350,"href":"https:\/\/mytraffictickets.com\/es\/wp-json\/wp\/v2\/pages\/4043\/revisions\/5350"}],"wp:attachment":[{"href":"https:\/\/mytraffictickets.com\/es\/wp-json\/wp\/v2\/media?parent=4043"}],"curies":[{"name":"wp","href":"https:\/\/api.w.org\/{rel}","templated":true}]}}