{"id":4044,"date":"2020-09-25T11:53:07","date_gmt":"2020-09-25T11:53:07","guid":{"rendered":"http:\/\/mytrafficticktes.psz.netsmartz.us\/?page_id=3667"},"modified":"2021-07-15T10:25:23","modified_gmt":"2021-07-15T10:25:23","slug":"arlington","status":"publish","type":"page","link":"https:\/\/mytraffictickets.com\/es\/arlington\/","title":{"rendered":"Arlington County"},"content":{"rendered":"<div class=\"section\"> \n\t<div class=\"bg-pink\"> \n\t\t<div class=\"container\"> \n\t\t\t<div class=\"row\"> \n\t\t\t\t<div class=\"col-md-12\"> \n\t\t\t\t\t<h2 style=\"padding-top: 25px;!important\">Fight Your Traffic Ticket in Arlington with My Traffic Tickets <\/h2> \n\t\t\t\t<\/div>\n\t\t\t<\/div>\n\t\t<\/div>\n\t<\/div>\n\n\t<div class=\"wp-introduction\"> \n\t\t<div class=\"container\"> \n\t\t\t<div class=\"row\"> \n\t\t\t\t<div class=\"col-md-7\"> \n\t\t\t\t\t<div class=\"intro-content\"> \n\t\t\t\t\t\t\n\t\t\t\t\t\t<p>Sometimes, even great drivers can miscalculate the length of the yellow light, forget to turn their vehicle lights on at dusk, or pay attention to a change in the speed limit. So, when you do get ticketed for a lapse in judgment, you simply pay your fine and resume your relatively safe driving habits. However, paying the ticket isn\u2019t always the best way to deal with the situation, especially if you weren\u2019t at fault and had a valid reason for why you did what you did. A reckless driving ticket, for example, is a judgment call in many cases &#038; must be fought. <\/p>\n\t\t\t\t\t\t<h3 style=\"padding-top: 10px;!important\">Some of the painful consequences of traffic tickets are:<\/h3>\n\t\t\t\t\t\t<ul>\n\t\t\t\t\t\t\t<li>Fines and surcharges<\/li>\n\t\t\t\t\t\t\t<li>Points on your driver\u2019s license <\/li>\n\t\t\t\t\t\t\t<li>Mayores tarifas de seguros<\/li>\n\t\t\t\t\t\t\t<li>Suspensi\u00f3n de licencia<\/li>\n\t\t\t\t\t\t\t<li>Jail time, and possible conviction for a misdemeanor or felony<\/li>\n\t\t\t\t\t\t<\/ul>\n\t\t\t\t\t\t<p>At My Traffic Tickets, we have a team of the most experienced Arlington traffic citation attorneys to help you lessen or even avoid the big penalties of a traffic ticket. We know first-hand how courtrooms work &#038; have the expertise to provide you with the representation you need to fight your ticket successfully. Every year, we help a multitude of individuals avoid points on their diving record, costly fines, surcharges, and insurance increases.<\/p>\n\t\t\t\t\t\t<p>Since our founding in 2014, we have settled or dismissed hundreds and thousands of traffic ticket matters, such as speeding tickets, stop sign tickets, no insurance tickets, light red tickets, reckless driving, texting and driving, DUI\/DWI, CDL traffic tickets, accident tickets, suspended \/ no driver\u2019s license, failure to appear warrants, and more.  <\/p>\n\t\t\t\t\t\t<p>To get started, all you need to do is submit your traffic ticket information to MTT, get a free quote, and then hire your traffic ticket lawyer! <\/p>\n\n\t\t\t\t\t\t<p>Call us @ our toll-free for more info! <a href=\"tel:1-877-298-9099\">1-877-298-9099<\/a><\/p>\n\t\t\t\t\t<\/div>\n\t\t\t\t<\/div>\t\n\t\t\t\t<div class=\"col-md-5\"> \n\t\t\t\t\t<figure class=\"ticket-cars\" style=\"margin-top: 27px;\"> \n\t\t\t\t\t\t<img decoding=\"async\" src=\"\/wp-content\/uploads\/2020\/09\/arlington.jpg\" alt=\"arlington\"\/> \n\t\t\t\t\t<\/figure> \n\t\t\t\t<\/div>\n\t\t\t\t\n\t\t\t<\/div>\n\t\t<\/div>\n\n\t\t\n\n\t\t<div id=\"carousel\" class=\"testimonial\"> <div class=\"slideshow-container\"> <div class=\"row\"> <div class=\"col-md-12\"> <h2>Por eso nuestra cliente nos elige.<\/h2> <div class=\"mySlides\"> <h2>Gran servicio y muy exitosa<\/h2> <q>Gran servicio y muy exitoso, tuve dos tickets y fueron despedidos. El equipo y los abogados son geniales. \u00a1\u00a1\u00a1Recomendar\u00eda esta compa\u00f1\u00eda a cualquiera!!! San Antonio, Texas.<\/q> <p class=\"author\">Beverly D.<\/p><\/div><div class=\"mySlides\"> <q>Esta empresa tiene 5 estrellas en todos los sentidos y a un costo razonable. Hay muchas opciones en Internet, pero si desea obtener resultados, use My Traffic Tickets para sus encuentros con la polic\u00eda y la corte.<\/q> <p class=\"author\"> Kenneth C.<\/p><\/div><div class=\"mySlides\"> <q>Me ahorr\u00e9 m\u00e1s de $ 400, un viaje fuera de la ciudad, un d\u00eda libre en el trabajo y ni siquiera est\u00e1 en mi historial de manejo. \u00a1\u00a1Gracias!!<\/q> <p class=\"author\">Evelyn F .<\/p><\/div><div class=\"quotes-icon\"> <div class=\"left-icon\"><i class=\"fa fa-quote-left\" aria-hidden=\"true\"><\/i> <\/div><div class=\"right-icon\"><i class=\"fa fa-quote-right\" aria-hidden=\"true\"><\/i> <\/div><\/div><div class=\"dot-container\"> <span class=\"dot\" onclick=\"currentSlide(1)\"><\/span> <span class=\"dot\" onclick=\"currentSlide(2)\"><\/span> <span class=\"dot\" onclick=\"currentSlide(3)\"><\/span> <\/div><\/div><\/div><\/div><\/div><div class=\"traffic-info\"> \n\t\t\t<div class=\"container\"> \n\t\t\t\t<div class=\"row\"> \n\t\t\t\t\t<div class=\"col-md-12\"> \n\t\t\t\t\t\t<div class=\"traffic-info-content\"> \n\t\t\t\t\t\t\t<p>Con nuestra tasa de \u00e9xito combinada del 97% y el manejo de m\u00e1s de 100.000 infracciones de tr\u00e1fico, nos enorgullecemos de habernos ganado la lealtad y la confianza de nuestros clientes y clientes. \u00a1Perm\u00edtanos ayudarlo a que sus multas de tr\u00e1fico y \u00f3rdenes de arresto sean desestimadas hoy!<\/p>\n\n\t\t\t\t\t\t\t<h2>\u00a1Para obtener m\u00e1s informaci\u00f3n, marque 1-877-298-9099 ahora!<\/h2> \n\t\t\t\t\t\t\t<a href=\"https:\/\/mytraffictickets.com\/es\/login\/\"><i class=\"fa fa-smile-o\" aria-hidden=\"true\"><\/i> Luchemos contra tu boleto<\/a> \n\t\t\t\t\t\t<\/div>\n\t\t\t\t\t<\/div>\n\t\t\t\t<\/div>\n\t\t\t<\/div>\n\t\t<\/div>\n\t<\/div>","protected":false},"excerpt":{"rendered":"<p>Fight Your Traffic Ticket in Arlington with My Traffic Tickets Sometimes, even great drivers can miscalculate the length of the yellow light, forget to turn their vehicle lights on at dusk, or pay attention to a change in the speed limit. So, when you do get ticketed for a lapse in judgment, you simply pay [&hellip;]<\/p>","protected":false},"author":3,"featured_media":0,"parent":0,"menu_order":0,"comment_status":"closed","ping_status":"closed","template":"page-templates\/custom_temp.php","meta":{"_mi_skip_tracking":false,"_exactmetrics_sitenote_active":false,"_exactmetrics_sitenote_note":"","_exactmetrics_sitenote_category":0,"footnotes":""},"aioseo_notices":[],"_links":{"self":[{"href":"https:\/\/mytraffictickets.com\/es\/wp-json\/wp\/v2\/pages\/4044"}],"collection":[{"href":"https:\/\/mytraffictickets.com\/es\/wp-json\/wp\/v2\/pages"}],"about":[{"href":"https:\/\/mytraffictickets.com\/es\/wp-json\/wp\/v2\/types\/page"}],"author":[{"embeddable":true,"href":"https:\/\/mytraffictickets.com\/es\/wp-json\/wp\/v2\/users\/3"}],"replies":[{"embeddable":true,"href":"https:\/\/mytraffictickets.com\/es\/wp-json\/wp\/v2\/comments?post=4044"}],"version-history":[{"count":2,"href":"https:\/\/mytraffictickets.com\/es\/wp-json\/wp\/v2\/pages\/4044\/revisions"}],"predecessor-version":[{"id":5333,"href":"https:\/\/mytraffictickets.com\/es\/wp-json\/wp\/v2\/pages\/4044\/revisions\/5333"}],"wp:attachment":[{"href":"https:\/\/mytraffictickets.com\/es\/wp-json\/wp\/v2\/media?parent=4044"}],"curies":[{"name":"wp","href":"https:\/\/api.w.org\/{rel}","templated":true}]}}