{"id":4045,"date":"2020-09-25T12:01:10","date_gmt":"2020-09-25T12:01:10","guid":{"rendered":"http:\/\/mytrafficticktes.psz.netsmartz.us\/?page_id=3673"},"modified":"2021-07-15T10:28:29","modified_gmt":"2021-07-15T10:28:29","slug":"austin","status":"publish","type":"page","link":"https:\/\/mytraffictickets.com\/es\/austin\/","title":{"rendered":"Austin County"},"content":{"rendered":"<div class=\"section\"> \n\t<div class=\"bg-pink\"> \n\t\t<div class=\"container\"> \n\t\t\t<div class=\"row\"> \n\t\t\t\t<div class=\"col-md-12\"> \n\t\t\t\t\t<h2 style=\"padding-top: 25px;!important\">Hire an Austin Traffic Ticket Lawyer for the Best Possible Outcome <\/h2> \n\t\t\t\t<\/div>\n\t\t\t<\/div>\n\t\t<\/div>\n\t<\/div>\n\n\t<div class=\"wp-introduction\"> \n\t\t<div class=\"container\"> \n\t\t\t<div class=\"row\"> \n\t\t\t\t<div class=\"col-md-7\"> \n\t\t\t\t\t<div class=\"intro-content\"> \n\t\t\t\t\t\t\n\t\t\t\t\t\t<p>Whether you have encountered it for over-speeding or for careless driving, dealing with a traffic ticket in the right manner is extremely important as it can open doors to a number of problems. The best way of tackling a traffic ticket in Austin is hiring reliable traffic attorney, and My Traffic Ticket helps you do just that! <\/p>\n\t\t\t\t\t\t<p>No matter how good you are at driving, the scope for a mistake is always there. This can be concluded from the fact that as soon as you lose control, you receive a traffic ticket for one or the other reason! Reliable Austin traffic ticket lawyers take the hassles related a traffic ticket dismissal in their hands and keep you away from all the worries. The experts at My Traffic Tickets are known for putting their best foot forward to ensure that none of our clients have to face increased insurance rates, a suspended driver\u2019s license, or possible DMV\/DPS surcharges. In order to make sure you never find staying connected to the team difficult and as a part of our traffic tickets dismissal services in Austin, we assign a dedicated case manager to every case who will keep you updated on the case.<\/p>\n\t\t\t\t\t\t<h3 style=\"padding-top: 10px;!important\">We can get you started in just 3 simple steps<\/h3>\n\t\t\t\t\t\t<ul>\n\t\t\t\t\t\t\t<li>Submitting the details of your traffic ticket with us<\/li>\n\t\t\t\t\t\t\t<li>Receiving a free quote <\/li>\n\t\t\t\t\t\t\t<li>Hiring a lawyer<\/li>\n\t\t\t\t\t\t<\/ul>\n\t\t\t\t\t\t<p>Notably, receiving a traffic ticket can be a lot more stressful for commercial drivers in Austin as their job comes at stake. In extreme cases, they might also end up losing their CDL and face difficulties looking for jobs.<\/p>\n\t\t\t\t\t\t<p>We boast with pride of our success rate of 97% and our traffic citation lawyers\u2019 experience of handling more than 100,000 speaks for us. Request a quote by reaching out to us without wasting any time. <\/p>\n\t\t\t\t\t\t<p>Call us @ our toll-free for more info! <a href=\"tel:1-877-298-9099\">1-877-298-9099<\/a><\/p>\n\t\t\t\t\t<\/div>\n\t\t\t\t<\/div>\t\n\t\t\t\t<div class=\"col-md-5\"> \n\t\t\t\t\t<figure class=\"ticket-cars\" style=\"margin-top: 27px;\"> \n\t\t\t\t\t\t<img decoding=\"async\" src=\"\/wp-content\/uploads\/2020\/09\/austin.jpg\" alt=\"austin\"\/> \n\t\t\t\t\t<\/figure> \n\t\t\t\t<\/div>\n\t\t\t\t\n\t\t\t<\/div>\n\t\t<\/div>\n\n\t\t\n\n\t\t<div id=\"carousel\" class=\"testimonial\"> <div class=\"slideshow-container\"> <div class=\"row\"> <div class=\"col-md-12\"> <h2>Por eso nuestra cliente nos elige.<\/h2> <div class=\"mySlides\"> <h2>Gran servicio y muy exitosa<\/h2> <q>Gran servicio y muy exitoso, tuve dos tickets y fueron despedidos. El equipo y los abogados son geniales. \u00a1\u00a1\u00a1Recomendar\u00eda esta compa\u00f1\u00eda a cualquiera!!! San Antonio, Texas.<\/q> <p class=\"author\">Beverly D.<\/p><\/div><div class=\"mySlides\"> <q>Esta empresa tiene 5 estrellas en todos los sentidos y a un costo razonable. Hay muchas opciones en Internet, pero si desea obtener resultados, use My Traffic Tickets para sus encuentros con la polic\u00eda y la corte.<\/q> <p class=\"author\"> Kenneth C.<\/p><\/div><div class=\"mySlides\"> <q>Me ahorr\u00e9 m\u00e1s de $ 400, un viaje fuera de la ciudad, un d\u00eda libre en el trabajo y ni siquiera est\u00e1 en mi historial de manejo. \u00a1\u00a1Gracias!!<\/q> <p class=\"author\">Evelyn F .<\/p><\/div><div class=\"quotes-icon\"> <div class=\"left-icon\"><i class=\"fa fa-quote-left\" aria-hidden=\"true\"><\/i> <\/div><div class=\"right-icon\"><i class=\"fa fa-quote-right\" aria-hidden=\"true\"><\/i> <\/div><\/div><div class=\"dot-container\"> <span class=\"dot\" onclick=\"currentSlide(1)\"><\/span> <span class=\"dot\" onclick=\"currentSlide(2)\"><\/span> <span class=\"dot\" onclick=\"currentSlide(3)\"><\/span> <\/div><\/div><\/div><\/div><\/div><div class=\"traffic-info\"> \n\t\t\t<div class=\"container\"> \n\t\t\t\t<div class=\"row\"> \n\t\t\t\t\t<div class=\"col-md-12\"> \n\t\t\t\t\t\t<div class=\"traffic-info-content\"> \n\t\t\t\t\t\t\t<p>Con nuestra tasa de \u00e9xito combinada del 97% y el manejo de m\u00e1s de 100.000 infracciones de tr\u00e1fico, nos enorgullecemos de habernos ganado la lealtad y la confianza de nuestros clientes y clientes. \u00a1Perm\u00edtanos ayudarlo a que sus multas de tr\u00e1fico y \u00f3rdenes de arresto sean desestimadas hoy!<\/p>\n\n\t\t\t\t\t\t\t<h2>\u00a1Para obtener m\u00e1s informaci\u00f3n, marque 1-877-298-9099 ahora!<\/h2> \n\t\t\t\t\t\t\t<a href=\"https:\/\/mytraffictickets.com\/es\/login\/\"><i class=\"fa fa-smile-o\" aria-hidden=\"true\"><\/i> Luchemos contra tu boleto<\/a> \n\t\t\t\t\t\t<\/div>\n\t\t\t\t\t<\/div>\n\t\t\t\t<\/div>\n\t\t\t<\/div>\n\t\t<\/div>\n\t<\/div>","protected":false},"excerpt":{"rendered":"<p>Hire an Austin Traffic Ticket Lawyer for the Best Possible Outcome Whether you have encountered it for over-speeding or for careless driving, dealing with a traffic ticket in the right manner is extremely important as it can open doors to a number of problems. The best way of tackling a traffic ticket in Austin is [&hellip;]<\/p>","protected":false},"author":3,"featured_media":0,"parent":0,"menu_order":0,"comment_status":"closed","ping_status":"closed","template":"page-templates\/custom_temp.php","meta":{"_mi_skip_tracking":false,"_exactmetrics_sitenote_active":false,"_exactmetrics_sitenote_note":"","_exactmetrics_sitenote_category":0,"footnotes":""},"aioseo_notices":[],"_links":{"self":[{"href":"https:\/\/mytraffictickets.com\/es\/wp-json\/wp\/v2\/pages\/4045"}],"collection":[{"href":"https:\/\/mytraffictickets.com\/es\/wp-json\/wp\/v2\/pages"}],"about":[{"href":"https:\/\/mytraffictickets.com\/es\/wp-json\/wp\/v2\/types\/page"}],"author":[{"embeddable":true,"href":"https:\/\/mytraffictickets.com\/es\/wp-json\/wp\/v2\/users\/3"}],"replies":[{"embeddable":true,"href":"https:\/\/mytraffictickets.com\/es\/wp-json\/wp\/v2\/comments?post=4045"}],"version-history":[{"count":2,"href":"https:\/\/mytraffictickets.com\/es\/wp-json\/wp\/v2\/pages\/4045\/revisions"}],"predecessor-version":[{"id":5335,"href":"https:\/\/mytraffictickets.com\/es\/wp-json\/wp\/v2\/pages\/4045\/revisions\/5335"}],"wp:attachment":[{"href":"https:\/\/mytraffictickets.com\/es\/wp-json\/wp\/v2\/media?parent=4045"}],"curies":[{"name":"wp","href":"https:\/\/api.w.org\/{rel}","templated":true}]}}