{"id":4046,"date":"2020-09-25T12:16:13","date_gmt":"2020-09-25T12:16:13","guid":{"rendered":"http:\/\/mytrafficticktes.psz.netsmartz.us\/?page_id=3675"},"modified":"2021-07-15T10:42:05","modified_gmt":"2021-07-15T10:42:05","slug":"corpus-christi","status":"publish","type":"page","link":"https:\/\/mytraffictickets.com\/es\/corpus-christi\/","title":{"rendered":"Corpus Christi County"},"content":{"rendered":"<div class=\"section\"> \n\t<div class=\"bg-pink\"> \n\t\t<div class=\"container\"> \n\t\t\t<div class=\"row\"> \n\t\t\t\t<div class=\"col-md-12\"> \n\t\t\t\t\t<h2 style=\"padding-top: 25px;!important\">Received A Traffic Ticket In Corpus Christi? Let MTT Help You Out! <\/h2> \n\t\t\t\t<\/div>\n\t\t\t<\/div>\n\t\t<\/div>\n\t<\/div>\n\n\t<div class=\"wp-introduction\"> \n\t\t<div class=\"container\"> \n\t\t\t<div class=\"row\"> \n\t\t\t\t<div class=\"col-md-7\"> \n\t\t\t\t\t<div class=\"intro-content\"> \n\t\t\t\t\t\t\n\t\t\t\t\t\t<p>Gone are the days when fighting a traffic ticket in Corpus Christi required you to go through a cumbersome process. We completely understand how important a commodity time is and that is exactly why we even offer going to the court on your behalf. With My Traffic Tickets, you can get going in simply three easy steps:<\/p>\n\t\t\t\t\t\t<p>\n\t\t\t\t\t\t\t1.\tSubmit your traffic ticket information<br>\n\t\t\t\t\t\t\t2.\tGet your free quote<br>\n\t\t\t\t\t\t\t3.\tHire the lawyer<br>\n\t\t\t\t\t\t<\/p>\n\n\t\t\t\t\t\t<p>Hiring an experienced traffic ticket lawyer in Corpus Christi is no wonder the best way to deal with a traffic ticket and avoid the consequences that come along with it. Even though simply paying your ticket might look like an easy way out, not many people are aware that it could mean a conviction against you and it is this conviction that causes your insurance rates to go up. We fight tooth and nail to make sure that you don\u2019t have to face increased insurance rates, a suspended driver\u2019s license, possible DMV\/DPS surcharges, or any other type of consequence for that matter.<\/p>\n\t\t\t\t\t\t<p>When you hire a traffic warrant lawyer in Corpus Christi from My Traffic Tickets, we can help you with removing all the active warrants, keeping the tickets off your record, avoiding a driver\u2019s license subscription, appearing in court on your behalf, and more.<\/p>\n\t\t\t\t\t\t<p>Our speeding ticket attorneys have got years\u2019 experience helping commercial drivers as well. We completely understand the importance of maintaining a clean driving record and having no points on their driving record for a commercial driver, therefore, we can surely help you out. Not hiring a reliable lawyer can lead to you losing your CDL, increased insurance rates, losing your job, and other consequences.<\/p>\n\t\t\t\t\t\t<p>Reach out to an expert for more information or <a href=\"https:\/\/mytraffictickets.com\/es\/contact-us\/\">Request a Quote<\/a><\/p>\n\t\t\t\t\t<\/div>\n\t\t\t\t<\/div>\t\n\t\t\t\t<div class=\"col-md-5\"> \n\t\t\t\t\t<figure class=\"ticket-cars\" style=\"margin-top: 27px;\"> \n\t\t\t\t\t\t<img decoding=\"async\" src=\"\/wp-content\/uploads\/2020\/09\/corpus-christi.jpg\" alt=\"MTT Image\"\/> \n\t\t\t\t\t<\/figure> \n\t\t\t\t<\/div>\n\t\t\t\t\n\t\t\t<\/div>\n\t\t<\/div>\n\n\t\t\n\n\t\t<div id=\"carousel\" class=\"testimonial\"> <div class=\"slideshow-container\"> <div class=\"row\"> <div class=\"col-md-12\"> <h2>Por eso nuestra cliente nos elige.<\/h2> <div class=\"mySlides\"> <h2>Gran servicio y muy exitosa<\/h2> <q>Gran servicio y muy exitoso, tuve dos tickets y fueron despedidos. El equipo y los abogados son geniales. \u00a1\u00a1\u00a1Recomendar\u00eda esta compa\u00f1\u00eda a cualquiera!!! San Antonio, Texas.<\/q> <p class=\"author\">Beverly D.<\/p><\/div><div class=\"mySlides\"> <q>Esta empresa tiene 5 estrellas en todos los sentidos y a un costo razonable. Hay muchas opciones en Internet, pero si desea obtener resultados, use My Traffic Tickets para sus encuentros con la polic\u00eda y la corte.<\/q> <p class=\"author\"> Kenneth C.<\/p><\/div><div class=\"mySlides\"> <q>Me ahorr\u00e9 m\u00e1s de $ 400, un viaje fuera de la ciudad, un d\u00eda libre en el trabajo y ni siquiera est\u00e1 en mi historial de manejo. \u00a1\u00a1Gracias!!<\/q> <p class=\"author\">Evelyn F .<\/p><\/div><div class=\"quotes-icon\"> <div class=\"left-icon\"><i class=\"fa fa-quote-left\" aria-hidden=\"true\"><\/i> <\/div><div class=\"right-icon\"><i class=\"fa fa-quote-right\" aria-hidden=\"true\"><\/i> <\/div><\/div><div class=\"dot-container\"> <span class=\"dot\" onclick=\"currentSlide(1)\"><\/span> <span class=\"dot\" onclick=\"currentSlide(2)\"><\/span> <span class=\"dot\" onclick=\"currentSlide(3)\"><\/span> <\/div><\/div><\/div><\/div><\/div><div class=\"traffic-info\"> \n\t\t\t<div class=\"container\"> \n\t\t\t\t<div class=\"row\"> \n\t\t\t\t\t<div class=\"col-md-12\"> \n\t\t\t\t\t\t<div class=\"traffic-info-content\"> \n\t\t\t\t\t\t\t<p>Con nuestra tasa de \u00e9xito combinada del 97% y el manejo de m\u00e1s de 100.000 infracciones de tr\u00e1fico, nos enorgullecemos de habernos ganado la lealtad y la confianza de nuestros clientes y clientes. \u00a1Perm\u00edtanos ayudarlo a que sus multas de tr\u00e1fico y \u00f3rdenes de arresto sean desestimadas hoy!<\/p>\n\n\t\t\t\t\t\t\t<h2>\u00a1Para obtener m\u00e1s informaci\u00f3n, marque 1-877-298-9099 ahora!<\/h2> \n\t\t\t\t\t\t\t<a href=\"https:\/\/mytraffictickets.com\/es\/login\/\"><i class=\"fa fa-smile-o\" aria-hidden=\"true\"><\/i> Luchemos contra tu boleto<\/a> \n\t\t\t\t\t\t<\/div>\n\t\t\t\t\t<\/div>\n\t\t\t\t<\/div>\n\t\t\t<\/div>\n\t\t<\/div>\n\t<\/div>","protected":false},"excerpt":{"rendered":"<p>Received A Traffic Ticket In Corpus Christi? Let MTT Help You Out! Gone are the days when fighting a traffic ticket in Corpus Christi required you to go through a cumbersome process. We completely understand how important a commodity time is and that is exactly why we even offer going to the court on your [&hellip;]<\/p>","protected":false},"author":3,"featured_media":0,"parent":0,"menu_order":0,"comment_status":"closed","ping_status":"closed","template":"page-templates\/custom_temp.php","meta":{"_mi_skip_tracking":false,"_exactmetrics_sitenote_active":false,"_exactmetrics_sitenote_note":"","_exactmetrics_sitenote_category":0,"footnotes":""},"aioseo_notices":[],"_links":{"self":[{"href":"https:\/\/mytraffictickets.com\/es\/wp-json\/wp\/v2\/pages\/4046"}],"collection":[{"href":"https:\/\/mytraffictickets.com\/es\/wp-json\/wp\/v2\/pages"}],"about":[{"href":"https:\/\/mytraffictickets.com\/es\/wp-json\/wp\/v2\/types\/page"}],"author":[{"embeddable":true,"href":"https:\/\/mytraffictickets.com\/es\/wp-json\/wp\/v2\/users\/3"}],"replies":[{"embeddable":true,"href":"https:\/\/mytraffictickets.com\/es\/wp-json\/wp\/v2\/comments?post=4046"}],"version-history":[{"count":2,"href":"https:\/\/mytraffictickets.com\/es\/wp-json\/wp\/v2\/pages\/4046\/revisions"}],"predecessor-version":[{"id":5344,"href":"https:\/\/mytraffictickets.com\/es\/wp-json\/wp\/v2\/pages\/4046\/revisions\/5344"}],"wp:attachment":[{"href":"https:\/\/mytraffictickets.com\/es\/wp-json\/wp\/v2\/media?parent=4046"}],"curies":[{"name":"wp","href":"https:\/\/api.w.org\/{rel}","templated":true}]}}