{"id":4047,"date":"2020-09-25T12:53:54","date_gmt":"2020-09-25T12:53:54","guid":{"rendered":"http:\/\/mytrafficticktes.psz.netsmartz.us\/?page_id=3677"},"modified":"2021-07-15T10:48:14","modified_gmt":"2021-07-15T10:48:14","slug":"dallas","status":"publish","type":"page","link":"https:\/\/mytraffictickets.com\/es\/dallas\/","title":{"rendered":"Dallas County"},"content":{"rendered":"<div class=\"section\"> \n\t<div class=\"bg-pink\"> \n\t\t<div class=\"container\"> \n\t\t\t<div class=\"row\"> \n\t\t\t\t<div class=\"col-md-12\"> \n\t\t\t\t\t<h2 style=\"padding-top: 25px;!important\">Got A Traffic Ticket in Dallas? Let Our Traffic Ticket Experts Handle It for You!<\/h2> \n\t\t\t\t<\/div>\n\t\t\t<\/div>\n\t\t<\/div>\n\t<\/div>\n\n\t<div class=\"wp-introduction\"> \n\t\t<div class=\"container\"> \n\t\t\t<div class=\"row\"> \n\t\t\t\t<div class=\"col-md-7\"> \n\t\t\t\t\t<div class=\"intro-content\"> \n\t\t\t\t\t\t\n\t\t\t\t\t\t<p>Our Dallas \/ Fort Worth traffic ticket dismissal lawyers at My Traffic Tickets completely understand the importance of keeping traffic tickets off your driving record. Paying off a citation can result in a conviction on your record, which in turn results in large insurance premium increases. We also understand that time is your most important commodity, which is why we take great pride that our Dallas traffic ticket attorneys can appear in court on your behalf. <\/p>\n\t\t\t\t\t\t<p>Gone are the days when fighting a traffic ticket used to be a cumbersome process, My Traffic Tickets gets you started in just three simple steps \u2013<\/p>\n\t\t\t\t\t\t<p>\n\t\t\t\t\t\t\t<ul>\n\t\t\t\t\t\t\t\t<li>Submit your DFW traffic ticket information with us<\/li>\n\t\t\t\t\t\t\t\t<li>Receive a free quote from the team of experienced lawyers<\/li>\n\t\t\t\t\t\t\t\t<li>Hire your lawyer<\/li>\n\t\t\t\t\t\t\t<\/ul>\t\n\n\t\t\t\t\t\t\n\t\t\t\t\t\t<\/p>\n\n\t\t\t\t\t\t<p>It\u2019s important you know that tickets on your record can follow you regardless which state you receive it in. Nowadays, all states report traffic violations and convictions to each other, so it\u2019s important you do everything you can to dismiss it, reduce it, or defer the violation.  <\/p>\n\t\t\t\t\t\t<p>Our experienced Dallas \/ Fort Worth <a class =\"smplink\" href=\"https:\/\/mytraffictickets.com\/es\/\">traffic ticket defense lawyers<\/a> have comprehensive knowledge about the traffic system throughout the entire DFW area and therefore, can strategizewhat works best in your favor. When you have a responsible expert ticket attorney working on your side, you can steer clear of the consequences such as paying increased insurance premiums, paying heavy fines in the form of DMV surcharges, suspension of your driver\u2019s license, and several others.<\/p>\n<h3>Dallas \/ Fort Worth Warrants Lifted and Removed<\/h3>\n\t\t\t\t\t\t<p>It is important to know that in case you receive a failure to appear warrant issued against you, the police have the authority to arrest you and take you to jail. In such situations, an experienced Dallas traffic ticket and warrant lawyer can show you the bright side. They can remove the active warrants and still fight to keep the tickets from going on your driving record, all without you having to attend court.\n\t\t\t\t\t\t<\/p>\n\t\t\t\t\t\t<p>Ready to fight your ticket? Submit your ticket at <a class =\"smplink\" href=\"https:\/\/mytraffictickets.com\/es\/\"> www.mytraffictickets.com <\/a> to get started. <\/p>\n<p><a class =\"btnlink\" href=\"https:\/\/mytraffictickets.com\/es\/contact-us\/\">Get a Quote<\/a><\/p>\n\t\t\t\t\t<\/div>\n\t\t\t\t<\/div>\t\n\t\t\t\t<div class=\"col-md-5\"> \n\t\t\t\t\t<figure class=\"ticket-cars\" style=\"margin-top: 27px;\"> \n\t\t\t\t\t\t<img decoding=\"async\" src=\"\/wp-content\/uploads\/2020\/09\/dallas.jpg\" alt=\"MTT Image\"\/> \n\t\t\t\t\t<\/figure> \n\t\t\t\t<\/div>\n\t\t\t\t\n\t\t\t<\/div>\n\t\t<\/div>\n\n\t\t\n\n\t\t<div id=\"carousel\" class=\"testimonial\"> <div class=\"slideshow-container\"> <div class=\"row\"> <div class=\"col-md-12\"> <h2>Por eso nuestra cliente nos elige.<\/h2> <div class=\"mySlides\"> <h2>Gran servicio y muy exitosa<\/h2> <q>Gran servicio y muy exitoso, tuve dos tickets y fueron despedidos. El equipo y los abogados son geniales. \u00a1\u00a1\u00a1Recomendar\u00eda esta compa\u00f1\u00eda a cualquiera!!! San Antonio, Texas.<\/q> <p class=\"author\">Beverly D.<\/p><\/div><div class=\"mySlides\"> <q>Esta empresa tiene 5 estrellas en todos los sentidos y a un costo razonable. Hay muchas opciones en Internet, pero si desea obtener resultados, use My Traffic Tickets para sus encuentros con la polic\u00eda y la corte.<\/q> <p class=\"author\"> Kenneth C.<\/p><\/div><div class=\"mySlides\"> <q>Me ahorr\u00e9 m\u00e1s de $ 400, un viaje fuera de la ciudad, un d\u00eda libre en el trabajo y ni siquiera est\u00e1 en mi historial de manejo. \u00a1\u00a1Gracias!!<\/q> <p class=\"author\">Evelyn F .<\/p><\/div><div class=\"quotes-icon\"> <div class=\"left-icon\"><i class=\"fa fa-quote-left\" aria-hidden=\"true\"><\/i> <\/div><div class=\"right-icon\"><i class=\"fa fa-quote-right\" aria-hidden=\"true\"><\/i> <\/div><\/div><div class=\"dot-container\"> <span class=\"dot\" onclick=\"currentSlide(1)\"><\/span> <span class=\"dot\" onclick=\"currentSlide(2)\"><\/span> <span class=\"dot\" onclick=\"currentSlide(3)\"><\/span> <\/div><\/div><\/div><\/div><\/div><div class=\"traffic-info\"> \n\t\t\t<div class=\"container\"> \n\t\t\t\t<div class=\"row\"> \n\t\t\t\t\t<div class=\"col-md-12\"> \n\t\t\t\t\t\t<div class=\"traffic-info-content\"> \n\t\t\t\t\t\t\t<p>Con nuestra tasa de \u00e9xito combinada del 97% y el manejo de m\u00e1s de 100.000 infracciones de tr\u00e1fico, nos enorgullecemos de habernos ganado la lealtad y la confianza de nuestros clientes y clientes. \u00a1Perm\u00edtanos ayudarlo a que sus multas de tr\u00e1fico y \u00f3rdenes de arresto sean desestimadas hoy!<\/p>\n\n\t\t\t\t\t\t\t<h2>\u00a1Para obtener m\u00e1s informaci\u00f3n, marque 1-877-298-9099 ahora!<\/h2> \n\t\t\t\t\t\t\t<a href=\"https:\/\/mytraffictickets.com\/es\/login\/\"><i class=\"fa fa-smile-o\" aria-hidden=\"true\"><\/i> Luchemos contra tu boleto<\/a> \n\t\t\t\t\t\t<\/div>\n\t\t\t\t\t<\/div>\n\t\t\t\t<\/div>\n\t\t\t<\/div>\n\t\t<\/div>\n\t<\/div>","protected":false},"excerpt":{"rendered":"<p>Got A Traffic Ticket in Dallas? Let Our Traffic Ticket Experts Handle It for You! Our Dallas \/ Fort Worth traffic ticket dismissal lawyers at My Traffic Tickets completely understand the importance of keeping traffic tickets off your driving record. Paying off a citation can result in a conviction on your record, which in turn [&hellip;]<\/p>","protected":false},"author":3,"featured_media":0,"parent":0,"menu_order":0,"comment_status":"closed","ping_status":"closed","template":"page-templates\/custom_temp.php","meta":{"_mi_skip_tracking":false,"_exactmetrics_sitenote_active":false,"_exactmetrics_sitenote_note":"","_exactmetrics_sitenote_category":0,"footnotes":""},"aioseo_notices":[],"_links":{"self":[{"href":"https:\/\/mytraffictickets.com\/es\/wp-json\/wp\/v2\/pages\/4047"}],"collection":[{"href":"https:\/\/mytraffictickets.com\/es\/wp-json\/wp\/v2\/pages"}],"about":[{"href":"https:\/\/mytraffictickets.com\/es\/wp-json\/wp\/v2\/types\/page"}],"author":[{"embeddable":true,"href":"https:\/\/mytraffictickets.com\/es\/wp-json\/wp\/v2\/users\/3"}],"replies":[{"embeddable":true,"href":"https:\/\/mytraffictickets.com\/es\/wp-json\/wp\/v2\/comments?post=4047"}],"version-history":[{"count":2,"href":"https:\/\/mytraffictickets.com\/es\/wp-json\/wp\/v2\/pages\/4047\/revisions"}],"predecessor-version":[{"id":5346,"href":"https:\/\/mytraffictickets.com\/es\/wp-json\/wp\/v2\/pages\/4047\/revisions\/5346"}],"wp:attachment":[{"href":"https:\/\/mytraffictickets.com\/es\/wp-json\/wp\/v2\/media?parent=4047"}],"curies":[{"name":"wp","href":"https:\/\/api.w.org\/{rel}","templated":true}]}}