{"id":4048,"date":"2020-09-25T13:18:17","date_gmt":"2020-09-25T13:18:17","guid":{"rendered":"http:\/\/mytrafficticktes.psz.netsmartz.us\/?page_id=3679"},"modified":"2021-07-15T11:08:36","modified_gmt":"2021-07-15T11:08:36","slug":"houston","status":"publish","type":"page","link":"https:\/\/mytraffictickets.com\/es\/houston\/","title":{"rendered":"Houston County"},"content":{"rendered":"<div class=\"section\"> \n\t<div class=\"bg-pink\"> \n\t\t<div class=\"container\"> \n\t\t\t<div class=\"row\"> \n\t\t\t\t<div class=\"col-md-12\"> \n\t\t\t\t\t<h2 style=\"padding-top: 25px;!important\">Fight Your Houston &#038; Greater Houston Traffic Tickets and Warrants<\/h2> \n\t\t\t\t<\/div>\n\t\t\t<\/div>\n\t\t<\/div>\n\t<\/div>\n\n\t<div class=\"wp-introduction\"> \n\t\t<div class=\"container\"> \n\t\t\t<div class=\"row\"> \n\t\t\t\t<div class=\"col-md-7\"> \n\t\t\t\t\t<div class=\"intro-content\"> \n\t\t<h3>Houston Traffic Ticket Lawyers<\/h3>\t\t\t\t\n\t\t\t\t\t\t<p>The penalties for traffic offences in Houston could be serious, including fines, increased insurance premiums, points on your driving record, license suspension, and even jail time. The best way to fight a traffic ticket and keep a clean driving record is with the help of an expert and experienced Houston traffic ticket lawyer.<\/p>\n\t\t\t\t\t\t<p>At My Traffic Tickets, we believe that facing a traffic ticket without professional representation can do more harm than benefit; hence we advise you sit back and relax while the professionals are at it. Since our founding in the year 2014, we have helped thousands of clients by getting their traffic tickets dismissed completely with prime attorneys. We can handle every type of traffic ticket including speeding tickets, accident tickets, stop sign tickets, no insurance tickets, suspended \/ no driver\u2019s license, red light tickets, reckless driving, texting and driving, DUI\/DWI, CDL traffic tickets, failure to appear warrants, and more<\/p>\n\t\t\t\t\t\t<p>Our experience allows us to find solutions to the toughest of the challenges and determine what works the best in a particular situation and what does not. Our Houston <a class =\"smplink\" href=\"https:\/\/mytraffictickets.com\/es\/\"> traffic ticket attorneys <\/a> can help you out by getting your tickets dismissed, by going to the court on your behalf, by making sure no points are added to your driving record, by ensuring your insurance premiums do not increase, and by keeping you updated on your case! Keeping your traffic tickets off the record is the most important thing to prevent your insurance premiums from rising.<\/p>\n\t\t\t\t\t\t<p>We have earned the trust of thousands of clients, as we promise to treat and fight your traffic ticket as if it\u2019s our very own!.<\/p>\n<h3>Houston and Harris County Warrants Lifted<\/h3>\n\t\t<p>So, you have been notified that you failed to appear in court in Houston or Harris County and there is a warrant for your arrest. This gives officers the green light to look for you at home, work, school, or anywhere you can be found.<\/p> \n<p>But don\u2019t worry, our expert and experienced Houston warrant lawyers can remove and lift your warrants in as little as 24 hours. Even if you missed court and have a failure to appear violation, our top Houston ticket and warrant attorneys can fight to get your tickets dismissed, reduced, deferred, or amended to a lesser charge. You still have options to fight your failure to appear warrants with My Traffic Tickets. <\/p>\n<p>Submit your Houston and Harris County tickets and warrants for a free quote at <a class =\"smplink\" href=\"https:\/\/mytraffictickets.com\/es\/\"> www.mytraffictickets.com.<\/a><\/p>\t\t\t\t\n\t\t\t\t\t\t<p><a class =\"btnlink\" href=\"https:\/\/mytraffictickets.com\/es\/contact-us\/\">Get a Quote<\/a><\/p>\n\t\t\t\t\t\t<!--<p>Call us @ our toll-free for more info!<a href=\"tel:1-877-298-9099\">1-877-298-9099<\/a><\/p>-->\n\t\t\t\t\t<\/div>\n\t\t\t\t<\/div>\t\n\t\t\t\t<div class=\"col-md-5\"> \n\t\t\t\t\t<figure class=\"ticket-cars\" style=\"margin-top: 27px;\"> \n\t\t\t\t\t\t<img decoding=\"async\" src=\"\/wp-content\/uploads\/2020\/09\/houston.jpg\" alt=\"MTT Image\"\/> \n\t\t\t\t\t<\/figure> \n\t\t\t\t<\/div>\n\t\t\t\t\n\t\t\t<\/div>\n\t\t<\/div>\n\n\t\t\n\n\t\t<div id=\"carousel\" class=\"testimonial\"> <div class=\"slideshow-container\"> <div class=\"row\"> <div class=\"col-md-12\"> <h2>Por eso nuestra cliente nos elige.<\/h2> <div class=\"mySlides\"> <h2>Gran servicio y muy exitosa<\/h2> <q>Gran servicio y muy exitoso, tuve dos tickets y fueron despedidos. El equipo y los abogados son geniales. \u00a1\u00a1\u00a1Recomendar\u00eda esta compa\u00f1\u00eda a cualquiera!!! San Antonio, Texas.<\/q> <p class=\"author\">Beverly D.<\/p><\/div><div class=\"mySlides\"> <q>Esta empresa tiene 5 estrellas en todos los sentidos y a un costo razonable. Hay muchas opciones en Internet, pero si desea obtener resultados, use My Traffic Tickets para sus encuentros con la polic\u00eda y la corte.<\/q> <p class=\"author\"> Kenneth C.<\/p><\/div><div class=\"mySlides\"> <q>Me ahorr\u00e9 m\u00e1s de $ 400, un viaje fuera de la ciudad, un d\u00eda libre en el trabajo y ni siquiera est\u00e1 en mi historial de manejo. \u00a1\u00a1Gracias!!<\/q> <p class=\"author\">Evelyn F .<\/p><\/div><div class=\"quotes-icon\"> <div class=\"left-icon\"><i class=\"fa fa-quote-left\" aria-hidden=\"true\"><\/i> <\/div><div class=\"right-icon\"><i class=\"fa fa-quote-right\" aria-hidden=\"true\"><\/i> <\/div><\/div><div class=\"dot-container\"> <span class=\"dot\" onclick=\"currentSlide(1)\"><\/span> <span class=\"dot\" onclick=\"currentSlide(2)\"><\/span> <span class=\"dot\" onclick=\"currentSlide(3)\"><\/span> <\/div><\/div><\/div><\/div><\/div><div class=\"traffic-info\"> \n\t\t\t<div class=\"container\"> \n\t\t\t\t<div class=\"row\"> \n\t\t\t\t\t<div class=\"col-md-12\"> \n\t\t\t\t\t\t<div class=\"traffic-info-content\"> \n\t\t\t\t\t\t\t<p>Con nuestra tasa de \u00e9xito combinada del 97% y el manejo de m\u00e1s de 100.000 infracciones de tr\u00e1fico, nos enorgullecemos de habernos ganado la lealtad y la confianza de nuestros clientes y clientes. \u00a1Perm\u00edtanos ayudarlo a que sus multas de tr\u00e1fico y \u00f3rdenes de arresto sean desestimadas hoy!<\/p>\n\n\t\t\t\t\t\t\t<h2>\u00a1Para obtener m\u00e1s informaci\u00f3n, marque 1-877-298-9099 ahora!<\/h2> \n\t\t\t\t\t\t\t<a href=\"https:\/\/mytraffictickets.com\/es\/login\/\"><i class=\"fa fa-smile-o\" aria-hidden=\"true\"><\/i> Luchemos contra tu boleto<\/a> \n\t\t\t\t\t\t<\/div>\n\t\t\t\t\t<\/div>\n\t\t\t\t<\/div>\n\t\t\t<\/div>\n\t\t<\/div>\n\t<\/div>","protected":false},"excerpt":{"rendered":"<p>Fight Your Houston &#038; Greater Houston Traffic Tickets and Warrants Houston Traffic Ticket Lawyers The penalties for traffic offences in Houston could be serious, including fines, increased insurance premiums, points on your driving record, license suspension, and even jail time. The best way to fight a traffic ticket and keep a clean driving record is [&hellip;]<\/p>","protected":false},"author":3,"featured_media":0,"parent":0,"menu_order":0,"comment_status":"closed","ping_status":"closed","template":"page-templates\/custom_temp.php","meta":{"_mi_skip_tracking":false,"_exactmetrics_sitenote_active":false,"_exactmetrics_sitenote_note":"","_exactmetrics_sitenote_category":0,"footnotes":""},"aioseo_notices":[],"_links":{"self":[{"href":"https:\/\/mytraffictickets.com\/es\/wp-json\/wp\/v2\/pages\/4048"}],"collection":[{"href":"https:\/\/mytraffictickets.com\/es\/wp-json\/wp\/v2\/pages"}],"about":[{"href":"https:\/\/mytraffictickets.com\/es\/wp-json\/wp\/v2\/types\/page"}],"author":[{"embeddable":true,"href":"https:\/\/mytraffictickets.com\/es\/wp-json\/wp\/v2\/users\/3"}],"replies":[{"embeddable":true,"href":"https:\/\/mytraffictickets.com\/es\/wp-json\/wp\/v2\/comments?post=4048"}],"version-history":[{"count":11,"href":"https:\/\/mytraffictickets.com\/es\/wp-json\/wp\/v2\/pages\/4048\/revisions"}],"predecessor-version":[{"id":5358,"href":"https:\/\/mytraffictickets.com\/es\/wp-json\/wp\/v2\/pages\/4048\/revisions\/5358"}],"wp:attachment":[{"href":"https:\/\/mytraffictickets.com\/es\/wp-json\/wp\/v2\/media?parent=4048"}],"curies":[{"name":"wp","href":"https:\/\/api.w.org\/{rel}","templated":true}]}}