{"id":4049,"date":"2020-09-25T13:22:04","date_gmt":"2020-09-25T13:22:04","guid":{"rendered":"http:\/\/mytrafficticktes.psz.netsmartz.us\/?page_id=3700"},"modified":"2021-07-15T11:26:28","modified_gmt":"2021-07-15T11:26:28","slug":"montgomery","status":"publish","type":"page","link":"https:\/\/mytraffictickets.com\/es\/montgomery\/","title":{"rendered":"Montgomery County"},"content":{"rendered":"<div class=\"section\"> \n\t<div class=\"bg-pink\"> \n\t\t<div class=\"container\"> \n\t\t\t<div class=\"row\"> \n\t\t\t\t<div class=\"col-md-12\"> \n\t\t\t\t\t<h2 style=\"padding-top: 25px;!important\">Let an Expert from My Traffic Tickets Help You with Fighting a Ticket in Montgomery, TX<\/h2> \n\t\t\t\t<\/div>\n\t\t\t<\/div>\n\t\t<\/div>\n\t<\/div>\n\n\t<div class=\"wp-introduction\"> \n\t\t<div class=\"container\"> \n\t\t\t<div class=\"row\"> \n\t\t\t\t<div class=\"col-md-7\"> \n\t\t\t\t\t<div class=\"intro-content\"> \n\t\t\t\t\t\t\n\t\t\t\t\t\t<p>Our top experienced Montgomery County, TX traffic ticket lawyers will fight to keep your ticket off your driving record and will appear in court on your behalf. The affordable price for a traffic ticket attorney in Montgomery County, TX depends upon a variety of factors such as the location of your ticket, the number of violations, the type of ticket you have, or the difficulty of your ticket.<\/p>\n\t\t\t\t\t\t<p>You must be aware of the fact that most states in the US keep track of convictions on tickets using a point system and driving records, and Texas is no different. Our experienced team of <a class =\"smplink\" href=\"https:\/\/mytraffictickets.com\/es\/\">traffic ticket dismissal lawyers<\/a> have expertise and knowledge about the traffic system in Montgomery and know exactly what works and what does not. They can create effective strategies that can be used in the court to beat not just a speeding ticket but all the other kinds of traffic ticket violations too.<\/p>\n\t\t\t\t\t\t<p>Only experienced lawyers such as the ones at My Traffic Tickets can keep you from paying increased insurance premiums, paying heavy fines in the form of DMV surcharges, suspension of your drivers\u2019 license, appearing in the court, and others.  <\/p>\n\t\t\t\t\t\t<p>Hiring a traffic ticket lawyer from My Traffic Tickets saves you a lot of time as well since our attorneys are very well capable of handling all these things on their own. The best part is there is no need to visit an attorney\u2019s office when you use My Traffic Tickets. We take great pride in making our traffic tickets dismissal services in Montgomery County, TX affordable and easily accessible for everyone who might be in need.<\/p>\n\t\t\t\t\t\t<p>So, what\u2019s holding you back? Get started today by submitting your traffic ticket at <a class =\"smplink\" href=\"https:\/\/mytraffictickets.com\/es\/\">www.mytraffictickets.com.<\/a><\/p>\n<p><a class =\"btnlink\" href=\"https:\/\/mytraffictickets.com\/es\/contact-us\/\">Get a Quote<\/a><\/p>\n\t\t\t\t\t<\/div>\n\t\t\t\t<\/div>\t\n\t\t\t\t<div class=\"col-md-5\"> \n\t\t\t\t\t<figure class=\"ticket-cars\" style=\"margin-top: 27px;\"> \n\t\t\t\t\t\t<img decoding=\"async\" src=\"\/wp-content\/uploads\/2020\/09\/montgomery.jpg\" alt=\"MTT Image\"\/> \n\t\t\t\t\t<\/figure> \n\t\t\t\t<\/div>\n\t\t\t\t\n\t\t\t<\/div>\n\t\t<\/div>\n\n\t\t\n\n\t\t<div id=\"carousel\" class=\"testimonial\"> <div class=\"slideshow-container\"> <div class=\"row\"> <div class=\"col-md-12\"> <h2>Por eso nuestra cliente nos elige.<\/h2> <div class=\"mySlides\"> <h2>Gran servicio y muy exitosa<\/h2> <q>Gran servicio y muy exitoso, tuve dos tickets y fueron despedidos. El equipo y los abogados son geniales. \u00a1\u00a1\u00a1Recomendar\u00eda esta compa\u00f1\u00eda a cualquiera!!! San Antonio, Texas.<\/q> <p class=\"author\">Beverly D.<\/p><\/div><div class=\"mySlides\"> <q>Esta empresa tiene 5 estrellas en todos los sentidos y a un costo razonable. Hay muchas opciones en Internet, pero si desea obtener resultados, use My Traffic Tickets para sus encuentros con la polic\u00eda y la corte.<\/q> <p class=\"author\"> Kenneth C.<\/p><\/div><div class=\"mySlides\"> <q>Me ahorr\u00e9 m\u00e1s de $ 400, un viaje fuera de la ciudad, un d\u00eda libre en el trabajo y ni siquiera est\u00e1 en mi historial de manejo. \u00a1\u00a1Gracias!!<\/q> <p class=\"author\">Evelyn F .<\/p><\/div><div class=\"quotes-icon\"> <div class=\"left-icon\"><i class=\"fa fa-quote-left\" aria-hidden=\"true\"><\/i> <\/div><div class=\"right-icon\"><i class=\"fa fa-quote-right\" aria-hidden=\"true\"><\/i> <\/div><\/div><div class=\"dot-container\"> <span class=\"dot\" onclick=\"currentSlide(1)\"><\/span> <span class=\"dot\" onclick=\"currentSlide(2)\"><\/span> <span class=\"dot\" onclick=\"currentSlide(3)\"><\/span> <\/div><\/div><\/div><\/div><\/div><div class=\"traffic-info\"> \n\t\t\t<div class=\"container\"> \n\t\t\t\t<div class=\"row\"> \n\t\t\t\t\t<div class=\"col-md-12\"> \n\t\t\t\t\t\t<div class=\"traffic-info-content\"> \n\t\t\t\t\t\t\t<p>Con nuestra tasa de \u00e9xito combinada del 97% y el manejo de m\u00e1s de 100.000 infracciones de tr\u00e1fico, nos enorgullecemos de habernos ganado la lealtad y la confianza de nuestros clientes y clientes. \u00a1Perm\u00edtanos ayudarlo a que sus multas de tr\u00e1fico y \u00f3rdenes de arresto sean desestimadas hoy!<\/p>\n\n\t\t\t\t\t\t\t<h2>\u00a1Para obtener m\u00e1s informaci\u00f3n, marque 1-877-298-9099 ahora!<\/h2> \n\t\t\t\t\t\t\t<a href=\"https:\/\/mytraffictickets.com\/es\/login\/\"><i class=\"fa fa-smile-o\" aria-hidden=\"true\"><\/i> Luchemos contra tu boleto<\/a> \n\t\t\t\t\t\t<\/div>\n\t\t\t\t\t<\/div>\n\t\t\t\t<\/div>\n\t\t\t<\/div>\n\t\t<\/div>\n\t<\/div>","protected":false},"excerpt":{"rendered":"<p>Let an Expert from My Traffic Tickets Help You with Fighting a Ticket in Montgomery, TX Our top experienced Montgomery County, TX traffic ticket lawyers will fight to keep your ticket off your driving record and will appear in court on your behalf. The affordable price for a traffic ticket attorney in Montgomery County, TX [&hellip;]<\/p>","protected":false},"author":3,"featured_media":0,"parent":0,"menu_order":0,"comment_status":"closed","ping_status":"closed","template":"page-templates\/custom_temp.php","meta":{"_mi_skip_tracking":false,"_exactmetrics_sitenote_active":false,"_exactmetrics_sitenote_note":"","_exactmetrics_sitenote_category":0,"footnotes":""},"aioseo_notices":[],"_links":{"self":[{"href":"https:\/\/mytraffictickets.com\/es\/wp-json\/wp\/v2\/pages\/4049"}],"collection":[{"href":"https:\/\/mytraffictickets.com\/es\/wp-json\/wp\/v2\/pages"}],"about":[{"href":"https:\/\/mytraffictickets.com\/es\/wp-json\/wp\/v2\/types\/page"}],"author":[{"embeddable":true,"href":"https:\/\/mytraffictickets.com\/es\/wp-json\/wp\/v2\/users\/3"}],"replies":[{"embeddable":true,"href":"https:\/\/mytraffictickets.com\/es\/wp-json\/wp\/v2\/comments?post=4049"}],"version-history":[{"count":2,"href":"https:\/\/mytraffictickets.com\/es\/wp-json\/wp\/v2\/pages\/4049\/revisions"}],"predecessor-version":[{"id":5383,"href":"https:\/\/mytraffictickets.com\/es\/wp-json\/wp\/v2\/pages\/4049\/revisions\/5383"}],"wp:attachment":[{"href":"https:\/\/mytraffictickets.com\/es\/wp-json\/wp\/v2\/media?parent=4049"}],"curies":[{"name":"wp","href":"https:\/\/api.w.org\/{rel}","templated":true}]}}