{"id":4051,"date":"2020-09-25T13:45:02","date_gmt":"2020-09-25T13:45:02","guid":{"rendered":"http:\/\/mytrafficticktes.psz.netsmartz.us\/?page_id=3708"},"modified":"2021-07-15T11:39:24","modified_gmt":"2021-07-15T11:39:24","slug":"san-antonio","status":"publish","type":"page","link":"https:\/\/mytraffictickets.com\/es\/san-antonio\/","title":{"rendered":"San Antonio County"},"content":{"rendered":"<div class=\"section\"> \n\t<div class=\"bg-pink\"> \n\t\t<div class=\"container\"> \n\t\t\t<div class=\"row\"> \n\t\t\t\t<div class=\"col-md-12\"> \n\t\t\t\t\t<h2 style=\"padding-top: 25px;!important\">Received a Traffic Ticket in San Antonio &#038; Surrounding Areas? We Can Help!<\/h2> \n\t\t\t\t<\/div>\n\t\t\t<\/div>\n\t\t<\/div>\n\t<\/div>\n\n\t<div class=\"wp-introduction\"> \n\t\t<div class=\"container\"> \n\t\t\t<div class=\"row\"> \n\t\t\t\t<div class=\"col-md-7\"> \n\t\t\t\t\t<div class=\"intro-content\"> \n\t\t\t\t\t\t\n\t\t\t\t\t\t<p>The penalties for traffic violations in San Antonio and surrounding areas could be serious, ranging from fines and points on your driving record, increased insurance premiums, to license suspension and even imprisonment. Hence, it may be worthwhile to fight a traffic ticket to protect your driving record &#038; avoid or minimize the penalties of a traffic violation. At My Traffic Tickets, we have a team of the most experienced San Antonio <a class =\"smplink\" href=\"https:\/\/mytraffictickets.com\/es\/\">Abogadas de multas de trafico<\/a> to help you fight your traffic citation by dismissing the violation or keeping the ticket off the record. If required, we can also help you amend the violation to a less serious violation, such as a parking violation or a non-moving violation.<\/p>\n\t\t\t\t\t\t<p>Over the years, our prime attorneys have dismissed thousands of tickets involving all kinds of traffic violations ranging from speeding, running red lights, reckless driving, texting and driving, DUI\/DWI, to operating without insurance, failure to appear warrants. and more \u2013 MTT boasts a 97% success rate when it comes to helping our clients keep a clean driving record. <\/p>\n\t\t\t\t\t\t<h3>No Need to Go to Court \u2013 We Do It for You<\/h3>\n\t\t\t\t\t\t<p>As many traffic violations require a court appearance, you can be issued an arrest warrant if you do not appear in court as directed. This makes it extremely important to address your traffic ticket as soon as possible to avoid any further consequences. At MTT, our goal is to make your traffic ticket problem as easy as possible no matter the nature of your traffic violation. When you choose us to fight your traffic ticket, no need to appear in court, as our expert San Antonio traffic ticket attorneys build a strong legal defense for you and appear in court on your behalf. No need to worry about missing work or school to attend court!<\/p>\n\t\t\t\t\t\t<p>If you find yourself on the receiving end of any type of traffic ticket, reach out to us today by submitting your ticket at <a class =\"smplink\" href=\"https:\/\/mytraffictickets.com\/es\/\"> www.mytraffictickets.com.<\/a> <\/p>\n<p><a class =\"btnlink\" href=\"https:\/\/mytraffictickets.com\/es\/contact-us\/\">Get a Quote<\/a><\/p>\n\t\t\t\t\t<\/div>\n\t\t\t\t<\/div>\t\n\t\t\t\t<div class=\"col-md-5\"> \n\t\t\t\t\t<figure class=\"ticket-cars\" style=\"margin-top: 27px;\"> \n\t\t\t\t\t\t<img decoding=\"async\" src=\"\/wp-content\/uploads\/2020\/09\/mtt2.jpg\" alt=\"MTT Image\"\/> \n\t\t\t\t\t<\/figure> \n\t\t\t\t<\/div>\n\t\t\t\t\n\t\t\t<\/div>\n\t\t<\/div>\n\n\t\t\n\n\t\t<div id=\"carousel\" class=\"testimonial\"> <div class=\"slideshow-container\"> <div class=\"row\"> <div class=\"col-md-12\"> <h2>Por eso nuestra cliente nos elige.<\/h2> <div class=\"mySlides\"> <h2>Gran servicio y muy exitosa<\/h2> <q>Gran servicio y muy exitoso, tuve dos tickets y fueron despedidos. El equipo y los abogados son geniales. \u00a1\u00a1\u00a1Recomendar\u00eda esta compa\u00f1\u00eda a cualquiera!!! San Antonio, Texas.<\/q> <p class=\"author\">Beverly D.<\/p><\/div><div class=\"mySlides\"> <q>Esta empresa tiene 5 estrellas en todos los sentidos y a un costo razonable. Hay muchas opciones en Internet, pero si desea obtener resultados, use My Traffic Tickets para sus encuentros con la polic\u00eda y la corte.<\/q> <p class=\"author\"> Kenneth C.<\/p><\/div><div class=\"mySlides\"> <q>Me ahorr\u00e9 m\u00e1s de $ 400, un viaje fuera de la ciudad, un d\u00eda libre en el trabajo y ni siquiera est\u00e1 en mi historial de manejo. \u00a1\u00a1Gracias!!<\/q> <p class=\"author\">Evelyn F .<\/p><\/div><div class=\"quotes-icon\"> <div class=\"left-icon\"><i class=\"fa fa-quote-left\" aria-hidden=\"true\"><\/i> <\/div><div class=\"right-icon\"><i class=\"fa fa-quote-right\" aria-hidden=\"true\"><\/i> <\/div><\/div><div class=\"dot-container\"> <span class=\"dot\" onclick=\"currentSlide(1)\"><\/span> <span class=\"dot\" onclick=\"currentSlide(2)\"><\/span> <span class=\"dot\" onclick=\"currentSlide(3)\"><\/span> <\/div><\/div><\/div><\/div><\/div><div class=\"traffic-info\"> \n\t\t\t<div class=\"container\"> \n\t\t\t\t<div class=\"row\"> \n\t\t\t\t\t<div class=\"col-md-12\"> \n\t\t\t\t\t\t<div class=\"traffic-info-content\"> \n\t\t\t\t\t\t\t<p>Con nuestra tasa de \u00e9xito combinada del 97% y el manejo de m\u00e1s de 100.000 infracciones de tr\u00e1fico, nos enorgullecemos de habernos ganado la lealtad y la confianza de nuestros clientes y clientes. \u00a1Perm\u00edtanos ayudarlo a que sus multas de tr\u00e1fico y \u00f3rdenes de arresto sean desestimadas hoy!<\/p>\n\n\t\t\t\t\t\t\t<h2>\u00a1Para obtener m\u00e1s informaci\u00f3n, marque 1-877-298-9099 ahora!<\/h2> \n\t\t\t\t\t\t\t<a href=\"https:\/\/mytraffictickets.com\/es\/login\/\"><i class=\"fa fa-smile-o\" aria-hidden=\"true\"><\/i> Luchemos contra tu boleto<\/a> \n\t\t\t\t\t\t<\/div>\n\t\t\t\t\t<\/div>\n\t\t\t\t<\/div>\n\t\t\t<\/div>\n\t\t<\/div>\n\t<\/div>","protected":false},"excerpt":{"rendered":"<p>Received a Traffic Ticket in San Antonio &#038; Surrounding Areas? We Can Help! The penalties for traffic violations in San Antonio and surrounding areas could be serious, ranging from fines and points on your driving record, increased insurance premiums, to license suspension and even imprisonment. Hence, it may be worthwhile to fight a traffic ticket [&hellip;]<\/p>","protected":false},"author":3,"featured_media":0,"parent":0,"menu_order":0,"comment_status":"closed","ping_status":"closed","template":"page-templates\/custom_temp.php","meta":{"_mi_skip_tracking":false,"_exactmetrics_sitenote_active":false,"_exactmetrics_sitenote_note":"","_exactmetrics_sitenote_category":0,"footnotes":""},"aioseo_notices":[],"_links":{"self":[{"href":"https:\/\/mytraffictickets.com\/es\/wp-json\/wp\/v2\/pages\/4051"}],"collection":[{"href":"https:\/\/mytraffictickets.com\/es\/wp-json\/wp\/v2\/pages"}],"about":[{"href":"https:\/\/mytraffictickets.com\/es\/wp-json\/wp\/v2\/types\/page"}],"author":[{"embeddable":true,"href":"https:\/\/mytraffictickets.com\/es\/wp-json\/wp\/v2\/users\/3"}],"replies":[{"embeddable":true,"href":"https:\/\/mytraffictickets.com\/es\/wp-json\/wp\/v2\/comments?post=4051"}],"version-history":[{"count":2,"href":"https:\/\/mytraffictickets.com\/es\/wp-json\/wp\/v2\/pages\/4051\/revisions"}],"predecessor-version":[{"id":5390,"href":"https:\/\/mytraffictickets.com\/es\/wp-json\/wp\/v2\/pages\/4051\/revisions\/5390"}],"wp:attachment":[{"href":"https:\/\/mytraffictickets.com\/es\/wp-json\/wp\/v2\/media?parent=4051"}],"curies":[{"name":"wp","href":"https:\/\/api.w.org\/{rel}","templated":true}]}}