{"id":4203,"date":"2020-12-08T06:46:33","date_gmt":"2020-12-08T06:46:33","guid":{"rendered":"http:\/\/mytrafficticktes.psz.netsmartz.us\/?page_id=3819"},"modified":"2021-07-28T06:01:08","modified_gmt":"2021-07-28T06:01:08","slug":"baytown","status":"publish","type":"page","link":"https:\/\/mytraffictickets.com\/es\/baytown\/","title":{"rendered":"Baytown"},"content":{"rendered":"<div class=\"section\">\n<div class=\"bg-pink\">\n<div class=\"container\">\n<div class=\"row\">\n<div class=\"col-md-12\">\n<h2 style=\"padding-top: 25px;\">At MTT, <strong>We Fight Your Ticket in Baytown, TX and surrounding areas<\/strong><\/h2>\n<\/div>\n<\/div>\n<\/div>\n<\/div>\n<div class=\"wp-introduction\">\n<div class=\"container\">\n<div class=\"row\">\n<div class=\"col-md-7\">\n<div class=\"intro-content\">\n<p>The expert Baytown, TX lawyers at MTT are trained at lessening the impact of any traffic ticket by a significant margin. Our experienced traffic ticket lawyers in Baytown have a great understanding of the positives and negatives of a case than a common person and are well capable of making better decisions confidently. We investigate every matter that comes our way seriously in order to extract answers to the questions that are most likely to have a direct bearing on the case.<\/p>\n<p>We strongly recommend you hire a traffic ticket attorney from My Traffic Tickets to deal with your ticket and leave it to the experts. Always remember that even if traffic ticket lawyer fails to eliminate all the consequences of a traffic ticket, he\/she ensures that they are limited to producing a negligible negative effect.<\/p>\n<p>People not just in Baytown but in several nearby locations rely on the traffic ticket lawyers at My Traffic Tickets for ticket dismissals, keeping their driving record clean, avoiding insurance increases or any additional costs. Hiring a lawyer from MTT is quite easy and just a 3-step process that includes submitting your traffic ticket information with us, getting a free quote, and hiring a lawyer.<\/p>\n<p>Our team of Baytown <a class=\"smplink\" href=\"\/es\/\"> traffic ticket attorneys<\/a> is well versed with know-how of the field and has a large, satisfied clientele. In addition to letting, you get in touch with the best of the minds, we help you keep a track of the status of your traffic ticket at an unparalleled cost. To know more about the services we offer, locations we cover, and the company we keep, feel free to submit your ticket at www.mytraffictickets.com, where we have the top Baytown traffic ticket lawyers ready to fight your ticket.<\/p>\n<p>Solicite una cotizaci\u00f3n gratuita hoy.<\/p>\n<\/div>\n<\/div>\n<div class=\"col-md-5\">\n<figure class=\"ticket-cars\" style=\"margin-top: 12px;\"><img decoding=\"async\" src=\"\/wp-content\/uploads\/2020\/12\/1.png\" alt=\"Banner Image\"><\/figure>\n<\/div>\n<\/div>\n<\/div>\n<div id=\"carousel\" class=\"testimonial\">\n<div class=\"slideshow-container\">\n<div class=\"row\">\n<div class=\"col-md-12\">\n<h2>Here&#8217;s why our customers choose us<\/h2>\n<div class=\"mySlides\">\n<h2>Gran servicio y muy exitosa<\/h2>\n<p><q>Gran servicio y muy exitoso, tuve dos tickets y fueron despedidos. El equipo y los abogados son geniales. \u00a1\u00a1\u00a1Recomendar\u00eda esta compa\u00f1\u00eda a cualquiera!!! San Antonio, Texas.<\/q><\/p>\n<p class=\"author\">Beverly D.<\/p>\n<\/div>\n<div class=\"mySlides\"><q>Esta empresa tiene 5 estrellas en todos los sentidos y a un costo razonable. Hay muchas opciones en Internet, pero si desea obtener resultados, use My Traffic Tickets para sus encuentros con la polic\u00eda y la corte.<\/q>&nbsp;&nbsp;<\/p>\n<p class=\"author\">Kenneth C.<\/p>\n<\/div>\n<div class=\"mySlides\"><q>Me ahorr\u00e9 m\u00e1s de $ 400, un viaje fuera de la ciudad, un d\u00eda libre en el trabajo y ni siquiera est\u00e1 en mi historial de manejo. \u00a1\u00a1Gracias!!<\/q>&nbsp;&nbsp;<\/p>\n<p class=\"author\">Evelyn F .<\/p>\n<\/div>\n<div class=\"quotes-icon\">\n<div class=\"left-icon\">&nbsp;<\/div>\n<div class=\"right-icon\">&nbsp;<\/div>\n<\/div>\n<div class=\"dot-container\">&nbsp;<\/div>\n<\/div>\n<\/div>\n<\/div>\n<\/div>\n<div class=\"traffic-info\">\n<div class=\"container\">\n<div class=\"row\">\n<div class=\"col-md-12\">\n<div class=\"traffic-info-content\">\n<p>Con nuestra tasa de \u00e9xito combinada del 97% y el manejo de m\u00e1s de 100.000 infracciones de tr\u00e1fico, nos enorgullecemos de habernos ganado la lealtad y la confianza de nuestros clientes y clientes. \u00a1Perm\u00edtanos ayudarlo a que sus multas de tr\u00e1fico y \u00f3rdenes de arresto sean desestimadas hoy!<\/p>\n<h2>\u00a1Para obtener m\u00e1s informaci\u00f3n, marque 1-877-298-9099 ahora!<\/h2>\n<p><a href=\"https:\/\/mytraffictickets.com\/es\/login\/\"><i class=\"fa fa-smile-o\" aria-hidden=\"true\"><\/i> Luchemos contra tu boleto<\/a><\/p>\n<\/div>\n<\/div>\n<\/div>\n<\/div>\n<\/div>\n<\/div>\n<\/div>","protected":false},"excerpt":{"rendered":"<p>At MTT, We Fight Your Ticket in Baytown, TX and surrounding areas The expert Baytown, TX lawyers at MTT are trained at lessening the impact of any traffic ticket by a significant margin. Our experienced traffic ticket lawyers in Baytown have a great understanding of the positives and negatives of a case than a common [&hellip;]<\/p>","protected":false},"author":3,"featured_media":0,"parent":0,"menu_order":0,"comment_status":"closed","ping_status":"closed","template":"page-templates\/custom_temp.php","meta":{"_mi_skip_tracking":false,"_exactmetrics_sitenote_active":false,"_exactmetrics_sitenote_note":"","_exactmetrics_sitenote_category":0,"footnotes":""},"aioseo_notices":[],"_links":{"self":[{"href":"https:\/\/mytraffictickets.com\/es\/wp-json\/wp\/v2\/pages\/4203"}],"collection":[{"href":"https:\/\/mytraffictickets.com\/es\/wp-json\/wp\/v2\/pages"}],"about":[{"href":"https:\/\/mytraffictickets.com\/es\/wp-json\/wp\/v2\/types\/page"}],"author":[{"embeddable":true,"href":"https:\/\/mytraffictickets.com\/es\/wp-json\/wp\/v2\/users\/3"}],"replies":[{"embeddable":true,"href":"https:\/\/mytraffictickets.com\/es\/wp-json\/wp\/v2\/comments?post=4203"}],"version-history":[{"count":25,"href":"https:\/\/mytraffictickets.com\/es\/wp-json\/wp\/v2\/pages\/4203\/revisions"}],"predecessor-version":[{"id":5556,"href":"https:\/\/mytraffictickets.com\/es\/wp-json\/wp\/v2\/pages\/4203\/revisions\/5556"}],"wp:attachment":[{"href":"https:\/\/mytraffictickets.com\/es\/wp-json\/wp\/v2\/media?parent=4203"}],"curies":[{"name":"wp","href":"https:\/\/api.w.org\/{rel}","templated":true}]}}