{"id":4206,"date":"2020-12-08T07:45:23","date_gmt":"2020-12-08T07:45:23","guid":{"rendered":"http:\/\/mytrafficticktes.psz.netsmartz.us\/?page_id=3822"},"modified":"2021-07-15T10:31:31","modified_gmt":"2021-07-15T10:31:31","slug":"bellaire","status":"publish","type":"page","link":"https:\/\/mytraffictickets.com\/es\/bellaire\/","title":{"rendered":"Bellaire"},"content":{"rendered":"<div class=\"section\">\n<div class=\"bg-pink\">\n<div class=\"container\">\n<div class=\"row\">\n<div class=\"col-md-12\">\n<h2 style=\"padding-top: 25px;\">Hire the Best Traffic Ticket Attorneys in Bellaire at My Traffic Tickets<\/h2>\n<\/div>\n<\/div>\n<\/div>\n<\/div>\n<div class=\"wp-introduction\">\n<div class=\"container\">\n<div class=\"row\">\n<div class=\"col-md-7\">\n<div class=\"intro-content\">\n<p>The traffic ticket attorneys at My Traffic Tickets in Bellaire are very well capable fighting all kinds of traffic tickets while appearing in the court on your behalf. The fees usually depend on factors such as the location of your ticket, the number of violations, the type of ticket you have, or the seriousness of the offense you have been ticketed for.<\/p>\n<p>The reliable traffic attorneys we have on our team not only keep unnecessary points from being added to your license but also have enough knowledge about the traffic system in the location you\u2019ve been charged, in this case, Bellaire. We know what works and what doesn\u2019t and we are also aware of all the strategies that can be used in the court to beat all kinds of traffic tickets.<\/p>\n<p>You must know that not dealing with a traffic ticket the right way might land you in tight spots such as paying increased insurance premiums, paying heavy fines in the form of DMV charges, suspension of your driver\u2019s license, and appearing in the court. Whether it is a speeding violation, distracted driving violation, invalid driver\u2019s license violation, illegal U-turn violation, seat belt violation or a red light run out violation, you can save a lot of your time by letting a professional manage the job for you. We take care of everything without you having to visit the attorney office even once.<\/p>\n<p>When you choose My Traffic Tickets, you open doors to ticket dismissals, a clean driving record, and a solution to all kinds of problems concerning traffic tickets without even having to visit the court.<\/p>\n<p>Discuss your traffic ticket violation with our <a class=\"smplink\" href=\"\/es\/\"> Abogadas de citaci\u00f3n de tr\u00e1fico <\/a> by calling at 1-877-298-9099. Get started today by requesting a quote!<\/p>\n<p><!--Call us @ our toll-free for more info!<a href=\"tel:1-877-298-9099\">1-877-298-9099<\/a>\n\n--><\/p>\n<\/div>\n<\/div>\n<div class=\"col-md-5\">\n<figure class=\"ticket-cars\" style=\"margin-top: 27px;\">\n<img decoding=\"async\" src=\"\/wp-content\/uploads\/2020\/12\/2.png\" alt=\"Image\"><\/figure>\n<\/div>\n<\/div>\n<\/div>\n<div id=\"carousel\" class=\"testimonial\">\n<div class=\"slideshow-container\">\n<div class=\"row\">\n<div class=\"col-md-12\">\n<h2>Here&#8217;s why our customers choose us<\/h2>\n<div class=\"mySlides\">\n<h2>Gran servicio y muy exitosa<\/h2>\n<p><q>Gran servicio y muy exitoso, tuve dos tickets y fueron despedidos. El equipo y los abogados son geniales. \u00a1\u00a1\u00a1Recomendar\u00eda esta compa\u00f1\u00eda a cualquiera!!! San Antonio, Texas.<\/q><\/p>\n<p class=\"author\">Beverly D.<\/p>\n<\/div>\n<div class=\"mySlides\"><q>Esta empresa tiene 5 estrellas en todos los sentidos y a un costo razonable. Hay muchas opciones en Internet, pero si desea obtener resultados, use My Traffic Tickets para sus encuentros con la polic\u00eda y la corte.<\/q><\/p>\n<p class=\"author\">Kenneth C.<\/p>\n<\/div>\n<div class=\"mySlides\"><q>Me ahorr\u00e9 m\u00e1s de $ 400, un viaje fuera de la ciudad, un d\u00eda libre en el trabajo y ni siquiera est\u00e1 en mi historial de manejo. \u00a1\u00a1Gracias!!<\/q><\/p>\n<p class=\"author\">Evelyn F .<\/p>\n<\/div>\n<div class=\"quotes-icon\">\n<div class=\"left-icon\"><\/div>\n<div class=\"right-icon\"><\/div>\n<\/div>\n<div class=\"dot-container\"><\/div>\n<\/div>\n<\/div>\n<\/div>\n<\/div>\n<div class=\"traffic-info\">\n<div class=\"container\">\n<div class=\"row\">\n<div class=\"col-md-12\">\n<div class=\"traffic-info-content\">\n<p>Con nuestra tasa de \u00e9xito combinada del 97% y el manejo de m\u00e1s de 100.000 infracciones de tr\u00e1fico, nos enorgullecemos de habernos ganado la lealtad y la confianza de nuestros clientes y clientes. \u00a1Perm\u00edtanos ayudarlo a que sus multas de tr\u00e1fico y \u00f3rdenes de arresto sean desestimadas hoy!<\/p>\n<h2>\u00a1Para obtener m\u00e1s informaci\u00f3n, marque 1-877-298-9099 ahora!<\/h2>\n<p><a href=\"https:\/\/mytraffictickets.com\/es\/login\/\"><i class=\"fa fa-smile-o\" aria-hidden=\"true\"><\/i> Luchemos contra tu boleto<\/a><\/p>\n<\/div>\n<\/div>\n<\/div>\n<\/div>\n<\/div>\n<\/div>\n<\/div>","protected":false},"excerpt":{"rendered":"<p>Hire the Best Traffic Ticket Attorneys in Bellaire at My Traffic Tickets The traffic ticket attorneys at My Traffic Tickets in Bellaire are very well capable fighting all kinds of traffic tickets while appearing in the court on your behalf. The fees usually depend on factors such as the location of your ticket, the number [&hellip;]<\/p>","protected":false},"author":3,"featured_media":0,"parent":0,"menu_order":0,"comment_status":"closed","ping_status":"closed","template":"page-templates\/custom_temp.php","meta":{"_mi_skip_tracking":false,"_exactmetrics_sitenote_active":false,"_exactmetrics_sitenote_note":"","_exactmetrics_sitenote_category":0,"footnotes":""},"aioseo_notices":[],"_links":{"self":[{"href":"https:\/\/mytraffictickets.com\/es\/wp-json\/wp\/v2\/pages\/4206"}],"collection":[{"href":"https:\/\/mytraffictickets.com\/es\/wp-json\/wp\/v2\/pages"}],"about":[{"href":"https:\/\/mytraffictickets.com\/es\/wp-json\/wp\/v2\/types\/page"}],"author":[{"embeddable":true,"href":"https:\/\/mytraffictickets.com\/es\/wp-json\/wp\/v2\/users\/3"}],"replies":[{"embeddable":true,"href":"https:\/\/mytraffictickets.com\/es\/wp-json\/wp\/v2\/comments?post=4206"}],"version-history":[{"count":11,"href":"https:\/\/mytraffictickets.com\/es\/wp-json\/wp\/v2\/pages\/4206\/revisions"}],"predecessor-version":[{"id":5338,"href":"https:\/\/mytraffictickets.com\/es\/wp-json\/wp\/v2\/pages\/4206\/revisions\/5338"}],"wp:attachment":[{"href":"https:\/\/mytraffictickets.com\/es\/wp-json\/wp\/v2\/media?parent=4206"}],"curies":[{"name":"wp","href":"https:\/\/api.w.org\/{rel}","templated":true}]}}