{"id":4207,"date":"2020-12-08T07:50:39","date_gmt":"2020-12-08T07:50:39","guid":{"rendered":"http:\/\/mytrafficticktes.psz.netsmartz.us\/?page_id=3824"},"modified":"2021-07-15T10:43:19","modified_gmt":"2021-07-15T10:43:19","slug":"crosby","status":"publish","type":"page","link":"https:\/\/mytraffictickets.com\/es\/crosby\/","title":{"rendered":"Crosby"},"content":{"rendered":"<div class=\"section\">\n<div class=\"bg-pink\">\n<div class=\"container\">\n<div class=\"row\">\n<div class=\"col-md-12\">\n<h2 style=\"padding-top: 25px;\">Make Fighting Your Traffic Ticket A Quick, Simple, &amp; Easy Process With MTT!<\/h2>\n<\/div>\n<\/div>\n<\/div>\n<\/div>\n<div class=\"wp-introduction\">\n<div class=\"container\">\n<div class=\"row\">\n<div class=\"col-md-7\">\n<div class=\"intro-content\">\n<p>You\u2019ve been pulled over but aren\u2019t sure why. You don\u2019t think you did anything wrong and try to make the officer understand, but you still get a ticket anyway. If you have been in this situation in Crosby, get in touch with us today!<\/p>\n<p>As one of the most trusted traffic ticket services in Crosby, we understand both the financial and emotional ramifications of a traffic ticket that individuals &amp; their families have to deal with. The risk of license suspension, increase in insurance, hefty fines, and other associated costs can lead to a great deal of uncertainty, especially if you aren\u2019t quite sure if you should fight your ticket or not.<\/p>\n<p>With our expert <a class=\"smplink\" href=\"https:\/\/mytraffictickets.com\/es\/service\/\">traffic ticket dismissal lawyers<\/a> by your side who can proactively handle your specific situation, you\u2019ll never regret your decision to fight your citation instead of simply paying the time. We can deal with all kinds of traffic tickets including accident tickets, stop sign tickets, no insurance tickets, suspended \/ no driver\u2019s license, speeding tickets, red light tickets, reckless driving, texting and driving, DUI\/DWI, CDL traffic tickets, failure to appear warrants, and more. With a success rate of 97%, we have handled more than 100,000 cases so far and strive to continue serving our clients the way we have been.<\/p>\n<p>To fight your traffic ticket with MTT, all you need to need is follow the 3 simple steps given below &#8211;<\/p>\n<ul>\n<li>Submit the details of your traffic ticket with us<\/li>\n<li>Receive a free quote<\/li>\n<li>Hire a traffic ticket lawyer<\/li>\n<\/ul>\n<p>To find out more about us or to request a FREE quote, feel free to get in touch by calling us @ 1-877-298-9099. We would be glad to assist you!<\/p>\n<p><!--Call us @ our toll-free for more info!<a href=\"tel:1-877-298-9099\">1-877-298-9099<\/a>\n\n--><\/p>\n<\/div>\n<\/div>\n<div class=\"col-md-5\">\n<figure class=\"ticket-cars\" style=\"margin-top: 27px;\">\n<img decoding=\"async\" src=\"\/wp-content\/uploads\/2020\/12\/3.png\" alt=\"MTT Image\"><\/figure>\n<\/div>\n<\/div>\n<\/div>\n<div id=\"carousel\" class=\"testimonial\">\n<div class=\"slideshow-container\">\n<div class=\"row\">\n<div class=\"col-md-12\">\n<h2>Here&#8217;s why our customers choose us<\/h2>\n<div class=\"mySlides\">\n<h2>Gran servicio y muy exitosa<\/h2>\n<p><q>Gran servicio y muy exitoso, tuve dos tickets y fueron despedidos. El equipo y los abogados son geniales. \u00a1\u00a1\u00a1Recomendar\u00eda esta compa\u00f1\u00eda a cualquiera!!! San Antonio, Texas.<\/q><\/p>\n<p class=\"author\">Beverly D.<\/p>\n<\/div>\n<div class=\"mySlides\"><q>Esta empresa tiene 5 estrellas en todos los sentidos y a un costo razonable. Hay muchas opciones en Internet, pero si desea obtener resultados, use My Traffic Tickets para sus encuentros con la polic\u00eda y la corte.<\/q><\/p>\n<p class=\"author\">Kenneth C.<\/p>\n<\/div>\n<div class=\"mySlides\"><q>Me ahorr\u00e9 m\u00e1s de $ 400, un viaje fuera de la ciudad, un d\u00eda libre en el trabajo y ni siquiera est\u00e1 en mi historial de manejo. \u00a1\u00a1Gracias!!<\/q><\/p>\n<p class=\"author\">Evelyn F .<\/p>\n<\/div>\n<div class=\"quotes-icon\">\n<div class=\"left-icon\"><\/div>\n<div class=\"right-icon\"><\/div>\n<\/div>\n<div class=\"dot-container\"><\/div>\n<\/div>\n<\/div>\n<\/div>\n<\/div>\n<div class=\"traffic-info\">\n<div class=\"container\">\n<div class=\"row\">\n<div class=\"col-md-12\">\n<div class=\"traffic-info-content\">\n<p>Con nuestra tasa de \u00e9xito combinada del 97% y el manejo de m\u00e1s de 100.000 infracciones de tr\u00e1fico, nos enorgullecemos de habernos ganado la lealtad y la confianza de nuestros clientes y clientes. \u00a1Perm\u00edtanos ayudarlo a que sus multas de tr\u00e1fico y \u00f3rdenes de arresto sean desestimadas hoy!<\/p>\n<h2>\u00a1Para obtener m\u00e1s informaci\u00f3n, marque 1-877-298-9099 ahora!<\/h2>\n<p><a href=\"https:\/\/mytraffictickets.com\/es\/login\/\"><i class=\"fa fa-smile-o\" aria-hidden=\"true\"><\/i> Luchemos contra tu boleto<\/a><\/p>\n<\/div>\n<\/div>\n<\/div>\n<\/div>\n<\/div>\n<\/div>\n<\/div>","protected":false},"excerpt":{"rendered":"<p>Make Fighting Your Traffic Ticket A Quick, Simple, &amp; Easy Process With MTT! You\u2019ve been pulled over but aren\u2019t sure why. You don\u2019t think you did anything wrong and try to make the officer understand, but you still get a ticket anyway. If you have been in this situation in Crosby, get in touch with [&hellip;]<\/p>","protected":false},"author":3,"featured_media":0,"parent":0,"menu_order":0,"comment_status":"closed","ping_status":"closed","template":"page-templates\/custom_temp.php","meta":{"_mi_skip_tracking":false,"_exactmetrics_sitenote_active":false,"_exactmetrics_sitenote_note":"","_exactmetrics_sitenote_category":0,"footnotes":""},"aioseo_notices":[],"_links":{"self":[{"href":"https:\/\/mytraffictickets.com\/es\/wp-json\/wp\/v2\/pages\/4207"}],"collection":[{"href":"https:\/\/mytraffictickets.com\/es\/wp-json\/wp\/v2\/pages"}],"about":[{"href":"https:\/\/mytraffictickets.com\/es\/wp-json\/wp\/v2\/types\/page"}],"author":[{"embeddable":true,"href":"https:\/\/mytraffictickets.com\/es\/wp-json\/wp\/v2\/users\/3"}],"replies":[{"embeddable":true,"href":"https:\/\/mytraffictickets.com\/es\/wp-json\/wp\/v2\/comments?post=4207"}],"version-history":[{"count":11,"href":"https:\/\/mytraffictickets.com\/es\/wp-json\/wp\/v2\/pages\/4207\/revisions"}],"predecessor-version":[{"id":5345,"href":"https:\/\/mytraffictickets.com\/es\/wp-json\/wp\/v2\/pages\/4207\/revisions\/5345"}],"wp:attachment":[{"href":"https:\/\/mytraffictickets.com\/es\/wp-json\/wp\/v2\/media?parent=4207"}],"curies":[{"name":"wp","href":"https:\/\/api.w.org\/{rel}","templated":true}]}}