{"id":4208,"date":"2020-12-08T07:54:35","date_gmt":"2020-12-08T07:54:35","guid":{"rendered":"http:\/\/mytrafficticktes.psz.netsmartz.us\/?page_id=3827"},"modified":"2021-07-15T08:01:54","modified_gmt":"2021-07-15T08:01:54","slug":"cypress","status":"publish","type":"page","link":"https:\/\/mytraffictickets.com\/es\/cypress\/","title":{"rendered":"Cypress"},"content":{"rendered":"<div class=\"section\">\n<div class=\"bg-pink\">\n<div class=\"container\">\n<div class=\"row\">\n<div class=\"col-md-12\">\n<h2 style=\"padding-top: 25px;\">Let\u2019s Fight Your Traffic Ticket in Cypress<\/h2>\n<\/div>\n<\/div>\n<\/div>\n<\/div>\n<div class=\"wp-introduction\">\n<div class=\"container\">\n<div class=\"row\">\n<div class=\"col-md-7\">\n<div class=\"intro-content\">\n<p>If you receive a traffic ticket, you may feel that it is better to pay the ticket rather than spending time &amp; effort in preparing for court &amp; contesting the ticket. However, if you have a valid defense, there is no reason to not consider fighting your ticket. This becomes even more important if you aren\u2019t eligible for traffic school &amp; have previous tickets on your driving record. Accepting the ticket in this case could result in not only increasing your insurance premiums, but also put you at risk of a license suspension.<\/p>\n<p>As one of the premier traffic ticket services in Cypress, Harris County, My Traffic Tickets can handle all types of traffic ticket matters including &#8211; stop sign tickets, no insurance tickets, suspended \/ no driver\u2019s license, speeding tickets, accident tickets, red light tickets, reckless driving, texting and driving, failure to appear warrants, DUI\/DWI, CDL traffic tickets, and many more.<\/p>\n<p>Our dedicated team of traffic ticket dismissal lawyers is 100% focused on defending drivers who receive citations for any type of traffic violation. So, whether it\u2019s for running a red light, disobeying a stop sign, speeding or any other violation that you have been ticketed for, we can help you achieve the most favorable outcome in your case.<\/p>\n<p>By fighting your traffic ticket with an experienced <a class=\"smplink\" href=\"\/es\/\">Abogada de multas de trafico<\/a> at MTT, you can minimize fines &amp; other fees, save points, avoid a suspension or revocation of your license, &amp; keep your automobile insurance rates from increasing. For more information about us or to request a FREE quote, feel free to get in touch by calling @ 1-877-298-9099. We would be glad to assist you!<\/p>\n<p><!--Call us @ our toll-free for more info!<a href=\"tel:1-877-298-9099\">1-877-298-9099<\/a>\n\n--><\/p>\n<\/div>\n<\/div>\n<div class=\"col-md-5\">\n<figure class=\"ticket-cars\" style=\"margin-top: 27px;\">\n<img decoding=\"async\" src=\"\/wp-content\/uploads\/2020\/12\/4.png\" \/><\/figure>\n<\/div>\n<\/div>\n<\/div>\n<div id=\"carousel\" class=\"testimonial\">\n<div class=\"slideshow-container\">\n<div class=\"row\">\n<div class=\"col-md-12\">\n<h2>Here&#8217;s why our customers choose us<\/h2>\n<div class=\"mySlides\">\n<h2>Gran servicio y muy exitosa<\/h2>\n<p><q>Gran servicio y muy exitoso, tuve dos tickets y fueron despedidos. El equipo y los abogados son geniales. \u00a1\u00a1\u00a1Recomendar\u00eda esta compa\u00f1\u00eda a cualquiera!!! San Antonio, Texas.<\/q><\/p>\n<p class=\"author\">Beverly D.<\/p>\n<\/div>\n<div class=\"mySlides\"><q>Esta empresa tiene 5 estrellas en todos los sentidos y a un costo razonable. Hay muchas opciones en Internet, pero si desea obtener resultados, use My Traffic Tickets para sus encuentros con la polic\u00eda y la corte.<\/q><\/p>\n<p class=\"author\">Kenneth C.<\/p>\n<\/div>\n<div class=\"mySlides\"><q>Me ahorr\u00e9 m\u00e1s de $ 400, un viaje fuera de la ciudad, un d\u00eda libre en el trabajo y ni siquiera est\u00e1 en mi historial de manejo. \u00a1\u00a1Gracias!!<\/q><\/p>\n<p class=\"author\">Evelyn F .<\/p>\n<\/div>\n<div class=\"quotes-icon\">\n<div class=\"left-icon\"><\/div>\n<div class=\"right-icon\"><\/div>\n<\/div>\n<div class=\"dot-container\"><\/div>\n<\/div>\n<\/div>\n<\/div>\n<\/div>\n<div class=\"traffic-info\">\n<div class=\"container\">\n<div class=\"row\">\n<div class=\"col-md-12\">\n<div class=\"traffic-info-content\">\n<p>Con nuestra tasa de \u00e9xito combinada del 97% y el manejo de m\u00e1s de 100.000 infracciones de tr\u00e1fico, nos enorgullecemos de habernos ganado la lealtad y la confianza de nuestros clientes y clientes. \u00a1Perm\u00edtanos ayudarlo a que sus multas de tr\u00e1fico y \u00f3rdenes de arresto sean desestimadas hoy!<\/p>\n<h2>\u00a1Para obtener m\u00e1s informaci\u00f3n, marque 1-877-298-9099 ahora!<\/h2>\n<p><a href=\"https:\/\/mytraffictickets.com\/es\/login\/\"><i class=\"fa fa-smile-o\" aria-hidden=\"true\"><\/i> Luchemos contra tu boleto<\/a><\/p>\n<\/div>\n<\/div>\n<\/div>\n<\/div>\n<\/div>\n<\/div>\n<\/div>","protected":false},"excerpt":{"rendered":"<p>Let\u2019s Fight Your Traffic Ticket in Cypress If you receive a traffic ticket, you may feel that it is better to pay the ticket rather than spending time &amp; effort in preparing for court &amp; contesting the ticket. However, if you have a valid defense, there is no reason to not consider fighting your ticket. [&hellip;]<\/p>","protected":false},"author":3,"featured_media":0,"parent":0,"menu_order":0,"comment_status":"closed","ping_status":"closed","template":"page-templates\/custom_temp.php","meta":{"_mi_skip_tracking":false,"_exactmetrics_sitenote_active":false,"_exactmetrics_sitenote_note":"","_exactmetrics_sitenote_category":0,"footnotes":""},"aioseo_notices":[],"_links":{"self":[{"href":"https:\/\/mytraffictickets.com\/es\/wp-json\/wp\/v2\/pages\/4208"}],"collection":[{"href":"https:\/\/mytraffictickets.com\/es\/wp-json\/wp\/v2\/pages"}],"about":[{"href":"https:\/\/mytraffictickets.com\/es\/wp-json\/wp\/v2\/types\/page"}],"author":[{"embeddable":true,"href":"https:\/\/mytraffictickets.com\/es\/wp-json\/wp\/v2\/users\/3"}],"replies":[{"embeddable":true,"href":"https:\/\/mytraffictickets.com\/es\/wp-json\/wp\/v2\/comments?post=4208"}],"version-history":[{"count":6,"href":"https:\/\/mytraffictickets.com\/es\/wp-json\/wp\/v2\/pages\/4208\/revisions"}],"predecessor-version":[{"id":5302,"href":"https:\/\/mytraffictickets.com\/es\/wp-json\/wp\/v2\/pages\/4208\/revisions\/5302"}],"wp:attachment":[{"href":"https:\/\/mytraffictickets.com\/es\/wp-json\/wp\/v2\/media?parent=4208"}],"curies":[{"name":"wp","href":"https:\/\/api.w.org\/{rel}","templated":true}]}}