{"id":4209,"date":"2020-12-08T08:00:23","date_gmt":"2020-12-08T08:00:23","guid":{"rendered":"http:\/\/mytrafficticktes.psz.netsmartz.us\/?page_id=3830"},"modified":"2021-07-15T11:40:16","modified_gmt":"2021-07-15T11:40:16","slug":"seabrook","status":"publish","type":"page","link":"https:\/\/mytraffictickets.com\/es\/seabrook\/","title":{"rendered":"Seabrook"},"content":{"rendered":"<div class=\"section\">\n<div class=\"bg-pink\">\n<div class=\"container\">\n<div class=\"row\">\n<div class=\"col-md-12\">\n<h2 style=\"padding-top: 25px;\">Got A Ticket? Let Us Help You Protect Your Driving Record and Your License<\/h2>\n<\/div>\n<\/div>\n<\/div>\n<\/div>\n<div class=\"wp-introduction\">\n<div class=\"container\">\n<div class=\"row\">\n<div class=\"col-md-7\">\n<div class=\"intro-content\">\n<p>When you\u2019ve been cited for a traffic ticket, you may think your only option is to plead guilty &amp; pay your fine. However, that\u2019s not the case. No matter the type of violation you\u2019ve been issued the ticket for, you can always choose to fight it. Also, it is important to know that paying your fine will not make the situation disappear. Paying the ticket is in fact the equivalent of pleading guilty to the offense that you were ticketed for and that carries its own set of both short and long term consequences.<\/p>\n<p>In addition to hefty fines, traffic tickets can accumulate points on your driver&#8217;s license that could result in the suspension of your driving license, and increase the cost of your car insurance. However, our well-experienced traffic citation lawyer can help you minimize the potential consequences of a traffic ticket;keeping the points off your driving record &amp; helping you avoid any increase in the car insurance rates.<\/p>\n<p>At My Traffic Tickets, we aggressively defend our clients facing traffic charges in Seabrook, TX. Our <a class=\"smplink\" href=\"\/es\/\">traffic ticket defense lawyers<\/a> in Seabrook, TX thoroughly investigate the facts as well as circumstances of your traffic stop, look into whether the police officer had a probable cause to issue you the ticket, and take into consideration various other key factors.<\/p>\n<p>Since launching in 2014, My Traffic Tickets has collectively handled over 100,000 violations.We are skilled in handling almost all types of traffic violations including speeding, running a stop sign, no insurance, suspended \/ no driver\u2019s license, jumping a red light, reckless driving, texting and driving, DUI\/DWI, failure to appear warrants, and more.<\/p>\n<p>When you choose to fight your ticket with MTT, our lawyers make all court appearances on your behalf in most cases. Plus, you can stay connected to your traffic ticket case anywhere, anytime.<\/p>\n<p>Want to get started? Talk to us @ 1-877-298-9099.<\/p>\n<p><!--Call us @ our toll-free for more info!<a href=\"tel:1-877-298-9099\">1-877-298-9099<\/a>\n\n--><\/p>\n<\/div>\n<\/div>\n<div class=\"col-md-5\">\n<figure class=\"ticket-cars\" style=\"margin-top: 27px;\"><img decoding=\"async\" src=\"\/wp-content\/uploads\/2020\/12\/5.png\" alt=\"MTT Image\"><\/figure>\n<\/div>\n<\/div>\n<\/div>\n<div id=\"carousel\" class=\"testimonial\">\n<div class=\"slideshow-container\">\n<div class=\"row\">\n<div class=\"col-md-12\">\n<h2>Here&#8217;s why our customers choose us<\/h2>\n<div class=\"mySlides\">\n<h2>Gran servicio y muy exitosa<\/h2>\n<p><q>Gran servicio y muy exitoso, tuve dos tickets y fueron despedidos. El equipo y los abogados son geniales. \u00a1\u00a1\u00a1Recomendar\u00eda esta compa\u00f1\u00eda a cualquiera!!! San Antonio, Texas.<\/q><\/p>\n<p class=\"author\">Beverly D.<\/p>\n<\/div>\n<div class=\"mySlides\"><q>Esta empresa tiene 5 estrellas en todos los sentidos y a un costo razonable. Hay muchas opciones en Internet, pero si desea obtener resultados, use My Traffic Tickets para sus encuentros con la polic\u00eda y la corte.<\/q><\/p>\n<p class=\"author\">Kenneth C.<\/p>\n<\/div>\n<div class=\"mySlides\"><q>Me ahorr\u00e9 m\u00e1s de $ 400, un viaje fuera de la ciudad, un d\u00eda libre en el trabajo y ni siquiera est\u00e1 en mi historial de manejo. \u00a1\u00a1Gracias!!<\/q><\/p>\n<p class=\"author\">Evelyn F .<\/p>\n<\/div>\n<div class=\"quotes-icon\">\n<div class=\"left-icon\"><\/div>\n<div class=\"right-icon\"><\/div>\n<\/div>\n<div class=\"dot-container\"><\/div>\n<\/div>\n<\/div>\n<\/div>\n<\/div>\n<div class=\"traffic-info\">\n<div class=\"container\">\n<div class=\"row\">\n<div class=\"col-md-12\">\n<div class=\"traffic-info-content\">\n<p>Con nuestra tasa de \u00e9xito combinada del 97% y el manejo de m\u00e1s de 100.000 infracciones de tr\u00e1fico, nos enorgullecemos de habernos ganado la lealtad y la confianza de nuestros clientes y clientes. \u00a1Perm\u00edtanos ayudarlo a que sus multas de tr\u00e1fico y \u00f3rdenes de arresto sean desestimadas hoy!<\/p>\n<h2>\u00a1Para obtener m\u00e1s informaci\u00f3n, marque 1-877-298-9099 ahora!<\/h2>\n<p><a href=\"https:\/\/mytraffictickets.com\/es\/login\/\"><i class=\"fa fa-smile-o\" aria-hidden=\"true\"><\/i> Luchemos contra tu boleto<\/a><\/p>\n<\/div>\n<\/div>\n<\/div>\n<\/div>\n<\/div>\n<\/div>\n<\/div>","protected":false},"excerpt":{"rendered":"<p>Got A Ticket? Let Us Help You Protect Your Driving Record and Your License When you\u2019ve been cited for a traffic ticket, you may think your only option is to plead guilty &amp; pay your fine. However, that\u2019s not the case. No matter the type of violation you\u2019ve been issued the ticket for, you can [&hellip;]<\/p>","protected":false},"author":3,"featured_media":0,"parent":0,"menu_order":0,"comment_status":"closed","ping_status":"closed","template":"page-templates\/custom_temp.php","meta":{"_mi_skip_tracking":false,"_exactmetrics_sitenote_active":false,"_exactmetrics_sitenote_note":"","_exactmetrics_sitenote_category":0,"footnotes":""},"aioseo_notices":[],"_links":{"self":[{"href":"https:\/\/mytraffictickets.com\/es\/wp-json\/wp\/v2\/pages\/4209"}],"collection":[{"href":"https:\/\/mytraffictickets.com\/es\/wp-json\/wp\/v2\/pages"}],"about":[{"href":"https:\/\/mytraffictickets.com\/es\/wp-json\/wp\/v2\/types\/page"}],"author":[{"embeddable":true,"href":"https:\/\/mytraffictickets.com\/es\/wp-json\/wp\/v2\/users\/3"}],"replies":[{"embeddable":true,"href":"https:\/\/mytraffictickets.com\/es\/wp-json\/wp\/v2\/comments?post=4209"}],"version-history":[{"count":9,"href":"https:\/\/mytraffictickets.com\/es\/wp-json\/wp\/v2\/pages\/4209\/revisions"}],"predecessor-version":[{"id":5391,"href":"https:\/\/mytraffictickets.com\/es\/wp-json\/wp\/v2\/pages\/4209\/revisions\/5391"}],"wp:attachment":[{"href":"https:\/\/mytraffictickets.com\/es\/wp-json\/wp\/v2\/media?parent=4209"}],"curies":[{"name":"wp","href":"https:\/\/api.w.org\/{rel}","templated":true}]}}