{"id":4245,"date":"2020-12-09T07:07:55","date_gmt":"2020-12-09T07:07:55","guid":{"rendered":"http:\/\/mytrafficticktes.psz.netsmartz.us\/?page_id=3832"},"modified":"2021-07-15T11:49:03","modified_gmt":"2021-07-15T11:49:03","slug":"south-houston","status":"publish","type":"page","link":"https:\/\/mytraffictickets.com\/es\/south-houston\/","title":{"rendered":"South Houston"},"content":{"rendered":"<div class=\"section\">\n<div class=\"bg-pink\">\n<div class=\"container\">\n<div class=\"row\">\n<div class=\"col-md-12\">\n<h2 style=\"padding-top: 25px;\">Fighting For Drivers\u2019 Rights across South Houston since 2014\u2026 Contact Today!<\/h2>\n<\/div>\n<\/div>\n<\/div>\n<\/div>\n<div class=\"wp-introduction\">\n<div class=\"container\">\n<div class=\"row\">\n<div class=\"col-md-7\">\n<div class=\"intro-content\">\n<p>Getting a traffic ticket in South Houston can have far-reaching consequences, which may result in the loss of your driving license and hefty monetary fines, while impacting your driving record &amp; consequently your automobile insurance rates. There could even be court costs or prison time depending on the circumstances.<\/p>\n<p>At My Traffic Tickets, we can help mitigate the consequences of a traffic ticket by providing you with a robust defense. Our <a class=\"smplink\" href=\"https:\/\/mytraffictickets.com\/es\/service\/\">traffic ticket dismissal lawyers<\/a> have the experience in representing clients in courts for violations including but not limited to \u2013<\/p>\n<ul>\n<li>Exceso de velocidad<\/li>\n<li>Conducci\u00f3n temeraria<\/li>\n<li>Texting and driving<\/li>\n<li>Suspended \/ no driver\u2019s license<\/li>\n<li>Jumping a red light<\/li>\n<li>Ejecutando una se\u00f1al de pare<\/li>\n<li>No insurance<\/li>\n<li>DUI \/ DWI<\/li>\n<li>Failure to appear warrants, and more<\/li>\n<\/ul>\n<p>In many cases, especially with DUI\/DWI convictions, the charges may lead to a felony, forfeiting your right to vote &amp; potentially resulting in imprisonment. So, when your finances, reputation, and freedom are at stake, the best thing you can do after getting ticketed is to look for an experienced and reliable traffic ticket lawyer who can take care of your case.<\/p>\n<p>At My Traffic Tickets, we have been protecting the rights of drivers across South Houston since 2014 through our dedicated service. Our attorneys have years of combined experience in representing clients ticketed for all kinds of traffic violations.We treat each of our clients the way we\u2019d want to be treated if our roles were reversed. So, rest assured that with us by your side, you can always sit back and relax while we take care of everything else for you.<\/p>\n<p>Submit your moving violation ticket right away to get a FREE quote.<\/p>\n<p><!--Call us @ our toll-free for more info!<a href=\"tel:1-877-298-9099\">1-877-298-9099<\/a>\n\n--><\/p>\n<\/div>\n<\/div>\n<div class=\"col-md-5\">\n<figure class=\"ticket-cars\" style=\"margin-top: 27px;\"><img decoding=\"async\" src=\"\/wp-content\/uploads\/2020\/12\/1.png\" alt=\"MTT Image\"><\/figure>\n<\/div>\n<\/div>\n<\/div>\n<div id=\"carousel\" class=\"testimonial\">\n<div class=\"slideshow-container\">\n<div class=\"row\">\n<div class=\"col-md-12\">\n<h2>Here&#8217;s why our customers choose us<\/h2>\n<div class=\"mySlides\">\n<h2>Gran servicio y muy exitosa<\/h2>\n<p><q>Gran servicio y muy exitoso, tuve dos tickets y fueron despedidos. El equipo y los abogados son geniales. \u00a1\u00a1\u00a1Recomendar\u00eda esta compa\u00f1\u00eda a cualquiera!!! San Antonio, Texas.<\/q><\/p>\n<p class=\"author\">Beverly D.<\/p>\n<\/div>\n<div class=\"mySlides\"><q>Esta empresa tiene 5 estrellas en todos los sentidos y a un costo razonable. Hay muchas opciones en Internet, pero si desea obtener resultados, use My Traffic Tickets para sus encuentros con la polic\u00eda y la corte.<\/q><\/p>\n<p class=\"author\">Kenneth C.<\/p>\n<\/div>\n<div class=\"mySlides\"><q>Me ahorr\u00e9 m\u00e1s de $ 400, un viaje fuera de la ciudad, un d\u00eda libre en el trabajo y ni siquiera est\u00e1 en mi historial de manejo. \u00a1\u00a1Gracias!!<\/q><\/p>\n<p class=\"author\">Evelyn F .<\/p>\n<\/div>\n<div class=\"quotes-icon\">\n<div class=\"left-icon\"><\/div>\n<div class=\"right-icon\"><\/div>\n<\/div>\n<div class=\"dot-container\"><\/div>\n<\/div>\n<\/div>\n<\/div>\n<\/div>\n<div class=\"traffic-info\">\n<div class=\"container\">\n<div class=\"row\">\n<div class=\"col-md-12\">\n<div class=\"traffic-info-content\">\n<p>Con nuestra tasa de \u00e9xito combinada del 97% y el manejo de m\u00e1s de 100.000 infracciones de tr\u00e1fico, nos enorgullecemos de habernos ganado la lealtad y la confianza de nuestros clientes y clientes. \u00a1Perm\u00edtanos ayudarlo a que sus multas de tr\u00e1fico y \u00f3rdenes de arresto sean desestimadas hoy!<\/p>\n<h2>\u00a1Para obtener m\u00e1s informaci\u00f3n, marque 1-877-298-9099 ahora!<\/h2>\n<p><a href=\"https:\/\/mytraffictickets.com\/es\/login\/\"><i class=\"fa fa-smile-o\" aria-hidden=\"true\"><\/i> Luchemos contra tu boleto<\/a><\/p>\n<\/div>\n<\/div>\n<\/div>\n<\/div>\n<\/div>\n<\/div>\n<\/div>","protected":false},"excerpt":{"rendered":"<p>Fighting For Drivers\u2019 Rights across South Houston since 2014\u2026 Contact Today! Getting a traffic ticket in South Houston can have far-reaching consequences, which may result in the loss of your driving license and hefty monetary fines, while impacting your driving record &amp; consequently your automobile insurance rates. There could even be court costs or prison [&hellip;]<\/p>","protected":false},"author":3,"featured_media":0,"parent":0,"menu_order":0,"comment_status":"closed","ping_status":"closed","template":"page-templates\/custom_temp.php","meta":{"_mi_skip_tracking":false,"_exactmetrics_sitenote_active":false,"_exactmetrics_sitenote_note":"","_exactmetrics_sitenote_category":0,"footnotes":""},"aioseo_notices":[],"_links":{"self":[{"href":"https:\/\/mytraffictickets.com\/es\/wp-json\/wp\/v2\/pages\/4245"}],"collection":[{"href":"https:\/\/mytraffictickets.com\/es\/wp-json\/wp\/v2\/pages"}],"about":[{"href":"https:\/\/mytraffictickets.com\/es\/wp-json\/wp\/v2\/types\/page"}],"author":[{"embeddable":true,"href":"https:\/\/mytraffictickets.com\/es\/wp-json\/wp\/v2\/users\/3"}],"replies":[{"embeddable":true,"href":"https:\/\/mytraffictickets.com\/es\/wp-json\/wp\/v2\/comments?post=4245"}],"version-history":[{"count":6,"href":"https:\/\/mytraffictickets.com\/es\/wp-json\/wp\/v2\/pages\/4245\/revisions"}],"predecessor-version":[{"id":5394,"href":"https:\/\/mytraffictickets.com\/es\/wp-json\/wp\/v2\/pages\/4245\/revisions\/5394"}],"wp:attachment":[{"href":"https:\/\/mytraffictickets.com\/es\/wp-json\/wp\/v2\/media?parent=4245"}],"curies":[{"name":"wp","href":"https:\/\/api.w.org\/{rel}","templated":true}]}}