{"id":4246,"date":"2020-12-09T06:25:40","date_gmt":"2020-12-09T06:25:40","guid":{"rendered":"http:\/\/mytrafficticktes.psz.netsmartz.us\/?page_id=3834"},"modified":"2021-07-15T11:50:46","modified_gmt":"2021-07-15T11:50:46","slug":"spring","status":"publish","type":"page","link":"https:\/\/mytraffictickets.com\/es\/spring\/","title":{"rendered":"Spring"},"content":{"rendered":"<div class=\"section\">\n<div class=\"bg-pink\">\n<div class=\"container\">\n<div class=\"row\">\n<div class=\"col-md-12\">\n<h2 style=\"padding-top: 25px;\">Defending Clients against Traffic Charges in Spring, TX Since 2014<\/h2>\n<\/div>\n<\/div>\n<\/div>\n<\/div>\n<div class=\"wp-introduction\">\n<div class=\"container\">\n<div class=\"row\">\n<div class=\"col-md-7\">\n<div class=\"intro-content\">\n<p>If you think that getting a traffic ticket is no big deal, you are not alone. However, like many other people, you may soon discover that paying a ticket can lead to many consequences that do not seem obvious at the time you are ticketed. Some of these consequences may include increased insurance rates and even license suspensions.<\/p>\n<p>At My Traffic Tickets, we help you protect your driving record &amp; your license by providing you with the defense you need for ensuring a favorable outcome in your case. We can handle all kinds of traffic tickets including speeding tickets, stop sign tickets, red light tickets, no insurance tickets, suspended \/ no driver\u2019s license, accident tickets, reckless driving, texting, and driving, DUI\/DWI, CDL traffic tickets, failure to appear warrants, and more.<\/p>\n<p>Nuestra <a class=\"smplink\" href=\"\/es\/\">Abogadas de la corte de trafico<\/a> with many years of experience in handling traffic tickets know that sometimes there can be inaccuracies on the citation you have received, and these can be the basis for a motion for dismissing the charges. They are also skilled at negotiating down the ticket, helping reduce or avoid its impact on your driving record. When handling a traffic ticket, they conduct a thorough investigation of all the facts as well as circumstances that led to the issuance of the ticket. So, rest assured that our expert lawyers will aggressively defend your rights to protect your driving privileges.<\/p>\n<p><b>To fight your ticket with My Traffic Tickets, follow our 3-step process!<\/b><\/p>\n<ul>\n<li>Paso 1: env\u00ede la informaci\u00f3n de su multa de tr\u00e1fico<\/li>\n<li>Paso 2: obtenga una cotizaci\u00f3n gratuita de su abogado de multas de tr\u00e1fico<\/li>\n<li>Step 3: Hire your traffic citation lawyer<\/li>\n<\/ul>\n<p>Feel free to reach out to us @ 1-877-298-9099 to learn more!<\/p>\n<p><!--Call us @ our toll-free for more info!<a href=\"tel:1-877-298-9099\">1-877-298-9099<\/a>\n\n--><\/p>\n<\/div>\n<\/div>\n<div class=\"col-md-5\">\n<figure class=\"ticket-cars\" style=\"margin-top: 27px;\"><img decoding=\"async\" src=\"\/wp-content\/uploads\/2020\/12\/2.png\" alt=\"MTT Image\"><\/figure>\n<\/div>\n<\/div>\n<\/div>\n<div id=\"carousel\" class=\"testimonial\">\n<div class=\"slideshow-container\">\n<div class=\"row\">\n<div class=\"col-md-12\">\n<h2>Here&#8217;s why our customers choose us<\/h2>\n<div class=\"mySlides\">\n<h2>Gran servicio y muy exitosa<\/h2>\n<p><q>Gran servicio y muy exitoso, tuve dos tickets y fueron despedidos. El equipo y los abogados son geniales. \u00a1\u00a1\u00a1Recomendar\u00eda esta compa\u00f1\u00eda a cualquiera!!! San Antonio, Texas.<\/q><\/p>\n<p class=\"author\">Beverly D.<\/p>\n<\/div>\n<div class=\"mySlides\"><q>Esta empresa tiene 5 estrellas en todos los sentidos y a un costo razonable. Hay muchas opciones en Internet, pero si desea obtener resultados, use My Traffic Tickets para sus encuentros con la polic\u00eda y la corte.<\/q><\/p>\n<p class=\"author\">Kenneth C.<\/p>\n<\/div>\n<div class=\"mySlides\"><q>Me ahorr\u00e9 m\u00e1s de $ 400, un viaje fuera de la ciudad, un d\u00eda libre en el trabajo y ni siquiera est\u00e1 en mi historial de manejo. \u00a1\u00a1Gracias!!<\/q><\/p>\n<p class=\"author\">Evelyn F .<\/p>\n<\/div>\n<div class=\"quotes-icon\">\n<div class=\"left-icon\"><\/div>\n<div class=\"right-icon\"><\/div>\n<\/div>\n<div class=\"dot-container\"><\/div>\n<\/div>\n<\/div>\n<\/div>\n<\/div>\n<div class=\"traffic-info\">\n<div class=\"container\">\n<div class=\"row\">\n<div class=\"col-md-12\">\n<div class=\"traffic-info-content\">\n<p>Con nuestra tasa de \u00e9xito combinada del 97% y el manejo de m\u00e1s de 100.000 infracciones de tr\u00e1fico, nos enorgullecemos de habernos ganado la lealtad y la confianza de nuestros clientes y clientes. \u00a1Perm\u00edtanos ayudarlo a que sus multas de tr\u00e1fico y \u00f3rdenes de arresto sean desestimadas hoy!<\/p>\n<h2>\u00a1Para obtener m\u00e1s informaci\u00f3n, marque 1-877-298-9099 ahora!<\/h2>\n<p><a href=\"https:\/\/mytraffictickets.com\/es\/login\/\"><i class=\"fa fa-smile-o\" aria-hidden=\"true\"><\/i> Luchemos contra tu boleto<\/a><\/p>\n<\/div>\n<\/div>\n<\/div>\n<\/div>\n<\/div>\n<\/div>\n<\/div>","protected":false},"excerpt":{"rendered":"<p>Defending Clients against Traffic Charges in Spring, TX Since 2014 If you think that getting a traffic ticket is no big deal, you are not alone. However, like many other people, you may soon discover that paying a ticket can lead to many consequences that do not seem obvious at the time you are ticketed. [&hellip;]<\/p>","protected":false},"author":3,"featured_media":0,"parent":0,"menu_order":0,"comment_status":"closed","ping_status":"closed","template":"page-templates\/custom_temp.php","meta":{"_mi_skip_tracking":false,"_exactmetrics_sitenote_active":false,"_exactmetrics_sitenote_note":"","_exactmetrics_sitenote_category":0,"footnotes":""},"aioseo_notices":[],"_links":{"self":[{"href":"https:\/\/mytraffictickets.com\/es\/wp-json\/wp\/v2\/pages\/4246"}],"collection":[{"href":"https:\/\/mytraffictickets.com\/es\/wp-json\/wp\/v2\/pages"}],"about":[{"href":"https:\/\/mytraffictickets.com\/es\/wp-json\/wp\/v2\/types\/page"}],"author":[{"embeddable":true,"href":"https:\/\/mytraffictickets.com\/es\/wp-json\/wp\/v2\/users\/3"}],"replies":[{"embeddable":true,"href":"https:\/\/mytraffictickets.com\/es\/wp-json\/wp\/v2\/comments?post=4246"}],"version-history":[{"count":6,"href":"https:\/\/mytraffictickets.com\/es\/wp-json\/wp\/v2\/pages\/4246\/revisions"}],"predecessor-version":[{"id":5397,"href":"https:\/\/mytraffictickets.com\/es\/wp-json\/wp\/v2\/pages\/4246\/revisions\/5397"}],"wp:attachment":[{"href":"https:\/\/mytraffictickets.com\/es\/wp-json\/wp\/v2\/media?parent=4246"}],"curies":[{"name":"wp","href":"https:\/\/api.w.org\/{rel}","templated":true}]}}