{"id":4247,"date":"2020-12-09T07:06:12","date_gmt":"2020-12-09T07:06:12","guid":{"rendered":"http:\/\/mytrafficticktes.psz.netsmartz.us\/?page_id=3836"},"modified":"2021-07-15T11:08:04","modified_gmt":"2021-07-15T11:08:04","slug":"houston-2","status":"publish","type":"page","link":"https:\/\/mytraffictickets.com\/es\/houston-2\/","title":{"rendered":"Houston"},"content":{"rendered":"<div class=\"section\">\n<div class=\"bg-pink\">\n<div class=\"container\">\n<div class=\"row\">\n<div class=\"col-md-12\">\n<h2 style=\"padding-top: 25px;\">Maximize Your Chances to Win Your Traffic Ticket Case with MTT<\/h2>\n<\/div>\n<\/div>\n<\/div>\n<\/div>\n<div class=\"wp-introduction\">\n<div class=\"container\">\n<div class=\"row\">\n<div class=\"col-md-7\">\n<div class=\"intro-content\">\n<p>Sometimes, even the most careful drivers can get a ticket for running a red light, speeding, or violating other traffic laws. Usually, we accept the ticket &amp; pay the fine to avoid the unnecessary hassle of going to the court. But what if you think that the ticket you got wasn\u2019t justified? Well, then it becomes extremely important to fight the citation to save yourself from its serious penalties, including the suspension or revocation of your driver\u2019s license. The consequences of a ticket can be more severe if you drive a commercial vehicle to earn a living.<\/p>\n<p>If you\u2019ve got a traffic ticket in Houston, My Traffic Tickets can help maximize your chances of getting a favorable outcome in your case. Our experienced <a class=\"smplink\" href=\"https:\/\/mytraffictickets.com\/es\/service\/\">traffic ticket dismissal lawyers <\/a> excel at aggressively defending clients who have been ticketed for all types of traffic infractions. We can handle traffic tickets including accident tickets, stop sign tickets, no insurance tickets, speeding tickets, red light tickets, reckless driving, texting and driving, DUI\/DWI, CDL traffic tickets, failure to appear warrants, suspended \/ no driver\u2019s license, and more.<\/p>\n<p>So, whether it\u2019s a speeding ticket, an order of license revocation, a charge of reckless or drunk driving (DUI, DWAI or DWI), or other traffic ticket matter &#8211; we are here to offer you quick, easy, &amp; hassle-free defense at an affordable and fair price.<\/p>\n<p>To get started with fighting your ticket with MTT, all you need to do is follow the 3 step process below \u2013<\/p>\n<ul>\n<li>Step 1: Submit your traffic ticket information with us<\/li>\n<li>Step 2: Receive a free quote from the team of experienced lawyers<\/li>\n<li>Step 3: Hire your <a class=\"smplink\" href=\"\/es\/\">traffic court lawyer <\/a><\/li>\n<\/ul>\n<p><!--Call us @ our toll-free for more info!<a href=\"tel:1-877-298-9099\">1-877-298-9099<\/a>\n\n--><br \/>\nFor more information, reach out to our experts at 1-877-298-9099.<\/p>\n<\/div>\n<\/div>\n<div class=\"col-md-5\">\n<figure class=\"ticket-cars\" style=\"margin-top: 27px;\">\n<img decoding=\"async\" src=\"\/wp-content\/uploads\/2020\/12\/3.png\" alt=\"MTT Image\"><\/figure>\n<\/div>\n<\/div>\n<\/div>\n<div id=\"carousel\" class=\"testimonial\">\n<div class=\"slideshow-container\">\n<div class=\"row\">\n<div class=\"col-md-12\">\n<h2>Here&#8217;s why our customers choose us<\/h2>\n<div class=\"mySlides\">\n<h2>Gran servicio y muy exitosa<\/h2>\n<p><q>Gran servicio y muy exitoso, tuve dos tickets y fueron despedidos. El equipo y los abogados son geniales. \u00a1\u00a1\u00a1Recomendar\u00eda esta compa\u00f1\u00eda a cualquiera!!! San Antonio, Texas.<\/q><\/p>\n<p class=\"author\">Beverly D.<\/p>\n<\/div>\n<div class=\"mySlides\"><q>Esta empresa tiene 5 estrellas en todos los sentidos y a un costo razonable. Hay muchas opciones en Internet, pero si desea obtener resultados, use My Traffic Tickets para sus encuentros con la polic\u00eda y la corte.<\/q><\/p>\n<p class=\"author\">Kenneth C.<\/p>\n<\/div>\n<div class=\"mySlides\"><q>Me ahorr\u00e9 m\u00e1s de $ 400, un viaje fuera de la ciudad, un d\u00eda libre en el trabajo y ni siquiera est\u00e1 en mi historial de manejo. \u00a1\u00a1Gracias!!<\/q><\/p>\n<p class=\"author\">Evelyn F .<\/p>\n<\/div>\n<div class=\"quotes-icon\">\n<div class=\"left-icon\"><\/div>\n<div class=\"right-icon\"><\/div>\n<\/div>\n<div class=\"dot-container\"><\/div>\n<\/div>\n<\/div>\n<\/div>\n<\/div>\n<div class=\"traffic-info\">\n<div class=\"container\">\n<div class=\"row\">\n<div class=\"col-md-12\">\n<div class=\"traffic-info-content\">\n<p>Con nuestra tasa de \u00e9xito combinada del 97% y el manejo de m\u00e1s de 100.000 infracciones de tr\u00e1fico, nos enorgullecemos de habernos ganado la lealtad y la confianza de nuestros clientes y clientes. \u00a1Perm\u00edtanos ayudarlo a que sus multas de tr\u00e1fico y \u00f3rdenes de arresto sean desestimadas hoy!<\/p>\n<h2>\u00a1Para obtener m\u00e1s informaci\u00f3n, marque 1-877-298-9099 ahora!<\/h2>\n<p><a href=\"https:\/\/mytraffictickets.com\/es\/login\/\"><i class=\"fa fa-smile-o\" aria-hidden=\"true\"><\/i> Luchemos contra tu boleto<\/a><\/p>\n<\/div>\n<\/div>\n<\/div>\n<\/div>\n<\/div>\n<\/div>\n<\/div>","protected":false},"excerpt":{"rendered":"<p>Maximize Your Chances to Win Your Traffic Ticket Case with MTT Sometimes, even the most careful drivers can get a ticket for running a red light, speeding, or violating other traffic laws. Usually, we accept the ticket &amp; pay the fine to avoid the unnecessary hassle of going to the court. But what if you [&hellip;]<\/p>","protected":false},"author":3,"featured_media":0,"parent":0,"menu_order":0,"comment_status":"closed","ping_status":"closed","template":"page-templates\/custom_temp.php","meta":{"_mi_skip_tracking":false,"_exactmetrics_sitenote_active":false,"_exactmetrics_sitenote_note":"","_exactmetrics_sitenote_category":0,"footnotes":""},"aioseo_notices":[],"_links":{"self":[{"href":"https:\/\/mytraffictickets.com\/es\/wp-json\/wp\/v2\/pages\/4247"}],"collection":[{"href":"https:\/\/mytraffictickets.com\/es\/wp-json\/wp\/v2\/pages"}],"about":[{"href":"https:\/\/mytraffictickets.com\/es\/wp-json\/wp\/v2\/types\/page"}],"author":[{"embeddable":true,"href":"https:\/\/mytraffictickets.com\/es\/wp-json\/wp\/v2\/users\/3"}],"replies":[{"embeddable":true,"href":"https:\/\/mytraffictickets.com\/es\/wp-json\/wp\/v2\/comments?post=4247"}],"version-history":[{"count":6,"href":"https:\/\/mytraffictickets.com\/es\/wp-json\/wp\/v2\/pages\/4247\/revisions"}],"predecessor-version":[{"id":5357,"href":"https:\/\/mytraffictickets.com\/es\/wp-json\/wp\/v2\/pages\/4247\/revisions\/5357"}],"wp:attachment":[{"href":"https:\/\/mytraffictickets.com\/es\/wp-json\/wp\/v2\/media?parent=4247"}],"curies":[{"name":"wp","href":"https:\/\/api.w.org\/{rel}","templated":true}]}}