{"id":4248,"date":"2020-12-09T07:05:54","date_gmt":"2020-12-09T07:05:54","guid":{"rendered":"http:\/\/mytrafficticktes.psz.netsmartz.us\/?page_id=3839"},"modified":"2021-07-15T08:18:40","modified_gmt":"2021-07-15T08:18:40","slug":"huffman","status":"publish","type":"page","link":"https:\/\/mytraffictickets.com\/es\/huffman\/","title":{"rendered":"Huffman"},"content":{"rendered":"<div class=\"section\">\n<div class=\"bg-pink\">\n<div class=\"container\">\n<div class=\"row\">\n<div class=\"col-md-12\">\n<h2 style=\"padding-top: 25px;\">Beat Your Traffic Ticket by Hiring an Experienced Traffic Attorney at MTT<\/h2>\n<\/div>\n<\/div>\n<\/div>\n<\/div>\n<div class=\"wp-introduction\">\n<div class=\"container\">\n<div class=\"row\">\n<div class=\"col-md-7\">\n<div class=\"intro-content\">\n<p>Have you recently received a traffic ticket? Unfortunately, the penalties could be serious, including hefty fines, fees, points, surcharges, and more. Depending on the severity of your violation, you may even lose your driving license for a certain period of time. If you end up with a traffic ticket in Huffman, you need to retain an experienced <a class=\"smplink\" href=\"\/es\/\">abogados defensores de multas de tr\u00e1nsito<\/a> to fight the charges.<\/p>\n<p>Traffic tickets accumulate points on your driver\u2019s license &amp; insurance companies keep track of these points. The total points you have affect the price of your premiums &amp; could end up costing you a huge amount of money. In short, what may seem like a simple ticket could cost you thousands of dollars in the long run. Therefore, it is always best to fight a ticket instead of paying it off.<\/p>\n<p>With the help of a knowledgeable <a class=\"smplink\" href=\"\/es\/\">Abogada de citaci\u00f3n de tr\u00e1fico<\/a> at My Traffic Tickets, you can successfully contest your ticket without having to go to the court. Since 2014, we have defended over 100,000 drivers against all kinds of traffic violations while going to the court on their behalf. Some of the traffic tickets we can handle are speeding tickets, no insurance tickets, suspended \/ no driver\u2019s license, accident tickets, stop sign tickets, red light tickets, reckless driving, texting and driving, DUI\/DWI, CDL traffic tickets, failure to appear warrants, and more.<\/p>\n<p>With our extensive experience, we can help you get your ticket reduced to a no-point violation or dismissed altogether. By choosing us to fight your traffic ticket, you can always rest assured that we\u2019ll work diligently to achieve the best possible outcome in your case. So, if you have been issued a ticket, do not hesitate to get in touch with us. Call @ 1-877-298-9099 now!<\/p>\n<p><!--Call us @ our toll-free for more info!<a href=\"tel:1-877-298-9099\">1-877-298-9099<\/a>\n\n--><\/p>\n<\/div>\n<\/div>\n<div class=\"col-md-5\">\n<figure class=\"ticket-cars\" style=\"margin-top: 27px;\">\n<img decoding=\"async\" src=\"\/wp-content\/uploads\/2020\/12\/3.png\" \/><\/figure>\n<\/div>\n<\/div>\n<\/div>\n<div id=\"carousel\" class=\"testimonial\">\n<div class=\"slideshow-container\">\n<div class=\"row\">\n<div class=\"col-md-12\">\n<h2>Here&#8217;s why our customers choose us<\/h2>\n<div class=\"mySlides\">\n<h2>Gran servicio y muy exitosa<\/h2>\n<p><q>Gran servicio y muy exitoso, tuve dos tickets y fueron despedidos. El equipo y los abogados son geniales. \u00a1\u00a1\u00a1Recomendar\u00eda esta compa\u00f1\u00eda a cualquiera!!! San Antonio, Texas.<\/q><\/p>\n<p class=\"author\">Beverly D.<\/p>\n<\/div>\n<div class=\"mySlides\"><q>Esta empresa tiene 5 estrellas en todos los sentidos y a un costo razonable. Hay muchas opciones en Internet, pero si desea obtener resultados, use My Traffic Tickets para sus encuentros con la polic\u00eda y la corte.<\/q><\/p>\n<p class=\"author\">Kenneth C.<\/p>\n<\/div>\n<div class=\"mySlides\"><q>Me ahorr\u00e9 m\u00e1s de $ 400, un viaje fuera de la ciudad, un d\u00eda libre en el trabajo y ni siquiera est\u00e1 en mi historial de manejo. \u00a1\u00a1Gracias!!<\/q><\/p>\n<p class=\"author\">Evelyn F .<\/p>\n<\/div>\n<div class=\"quotes-icon\">\n<div class=\"left-icon\"><\/div>\n<div class=\"right-icon\"><\/div>\n<\/div>\n<div class=\"dot-container\"><\/div>\n<\/div>\n<\/div>\n<\/div>\n<\/div>\n<div class=\"traffic-info\">\n<div class=\"container\">\n<div class=\"row\">\n<div class=\"col-md-12\">\n<div class=\"traffic-info-content\">\n<p>Con nuestra tasa de \u00e9xito combinada del 97% y el manejo de m\u00e1s de 100.000 infracciones de tr\u00e1fico, nos enorgullecemos de habernos ganado la lealtad y la confianza de nuestros clientes y clientes. \u00a1Perm\u00edtanos ayudarlo a que sus multas de tr\u00e1fico y \u00f3rdenes de arresto sean desestimadas hoy!<\/p>\n<h2>\u00a1Para obtener m\u00e1s informaci\u00f3n, marque 1-877-298-9099 ahora!<\/h2>\n<p><a href=\"https:\/\/mytraffictickets.com\/es\/login\/\"><i class=\"fa fa-smile-o\" aria-hidden=\"true\"><\/i> Luchemos contra tu boleto<\/a><\/p>\n<\/div>\n<\/div>\n<\/div>\n<\/div>\n<\/div>\n<\/div>\n<\/div>","protected":false},"excerpt":{"rendered":"<p>Beat Your Traffic Ticket by Hiring an Experienced Traffic Attorney at MTT Have you recently received a traffic ticket? Unfortunately, the penalties could be serious, including hefty fines, fees, points, surcharges, and more. Depending on the severity of your violation, you may even lose your driving license for a certain period of time. If you [&hellip;]<\/p>","protected":false},"author":3,"featured_media":0,"parent":0,"menu_order":0,"comment_status":"closed","ping_status":"closed","template":"page-templates\/custom_temp.php","meta":{"_mi_skip_tracking":false,"_exactmetrics_sitenote_active":false,"_exactmetrics_sitenote_note":"","_exactmetrics_sitenote_category":0,"footnotes":""},"aioseo_notices":[],"_links":{"self":[{"href":"https:\/\/mytraffictickets.com\/es\/wp-json\/wp\/v2\/pages\/4248"}],"collection":[{"href":"https:\/\/mytraffictickets.com\/es\/wp-json\/wp\/v2\/pages"}],"about":[{"href":"https:\/\/mytraffictickets.com\/es\/wp-json\/wp\/v2\/types\/page"}],"author":[{"embeddable":true,"href":"https:\/\/mytraffictickets.com\/es\/wp-json\/wp\/v2\/users\/3"}],"replies":[{"embeddable":true,"href":"https:\/\/mytraffictickets.com\/es\/wp-json\/wp\/v2\/comments?post=4248"}],"version-history":[{"count":4,"href":"https:\/\/mytraffictickets.com\/es\/wp-json\/wp\/v2\/pages\/4248\/revisions"}],"predecessor-version":[{"id":5315,"href":"https:\/\/mytraffictickets.com\/es\/wp-json\/wp\/v2\/pages\/4248\/revisions\/5315"}],"wp:attachment":[{"href":"https:\/\/mytraffictickets.com\/es\/wp-json\/wp\/v2\/media?parent=4248"}],"curies":[{"name":"wp","href":"https:\/\/api.w.org\/{rel}","templated":true}]}}