{"id":4249,"date":"2020-12-09T07:05:49","date_gmt":"2020-12-09T07:05:49","guid":{"rendered":"http:\/\/mytrafficticktes.psz.netsmartz.us\/?page_id=3841"},"modified":"2021-07-15T08:19:47","modified_gmt":"2021-07-15T08:19:47","slug":"hufsmith","status":"publish","type":"page","link":"https:\/\/mytraffictickets.com\/es\/hufsmith\/","title":{"rendered":"Hufsmith"},"content":{"rendered":"<div class=\"section\">\n<div class=\"bg-pink\">\n<div class=\"container\">\n<div class=\"row\">\n<div class=\"col-md-12\">\n<h2 style=\"padding-top: 25px;\">Got A Traffic Ticket? Call Us Now @ 1-877-298-9099<\/h2>\n<\/div>\n<\/div>\n<\/div>\n<\/div>\n<div class=\"wp-introduction\">\n<div class=\"container\">\n<div class=\"row\">\n<div class=\"col-md-7\">\n<div class=\"intro-content\">\n<p>When you get a traffic ticket, what seems to be the easiest option is to plead guilty, pay the fine, &amp; move on with your life. This unfortunately is a more problematic route. That\u2019s because a conviction for a traffic ticket can have a significant impact on your driving record and also your bank account.<\/p>\n<p>When you plead guilty to a traffic violation, it can result in:<\/p>\n<ul>\n<li>Hefty monetary fines and penalties<\/li>\n<li>Puntos en su historial de conducci\u00f3n<\/li>\n<li>Serious hikes on your insurance premiums<\/li>\n<li>Suspensi\u00f3n de licencia<\/li>\n<\/ul>\n<p>So, if you have been ticketed for a traffic violation in Hufsmith, it\u2019s in your best interest not to plead guilty. At My Traffic Tickets, we aggressively fight to dismiss your traffic ticket and avoid the resulting negative consequences. We are backed by a team of highly skilled and experienced <a class=\"smplink\" href=\"\/es\/\">traffic citation attorneys<\/a> that fight for your rights by helping you dismiss the traffic ticket or at least reduce the charges. With our experts by your side, you are sure to benefit from their expertise while contesting your ticket.<\/p>\n<p>By choosing to fight your ticket with My Traffic Tickets, you can focus on your work while leaving all the legal hassles to us including everything from the paperwork to the courtroom appearances.<\/p>\n<p>Want to get started? Follow the 3-step process below \u2013<\/p>\n<ul>\n<li>Step 1: Submitting the details of your traffic ticket with us<\/li>\n<li>Step 2: Receiving a free quote<\/li>\n<li>Step 3: Hiring a traffic ticket lawyer<\/li>\n<\/ul>\n<p>To find out more about us or to request a FREE quote, get in touch with us by calling @ 1-877-298-9099.<\/p>\n<p><!--Call us @ our toll-free for more info!<a href=\"tel:1-877-298-9099\">1-877-298-9099<\/a>\n\n--><\/p>\n<\/div>\n<\/div>\n<div class=\"col-md-5\">\n<figure class=\"ticket-cars\" style=\"margin-top: 27px;\">\n<img decoding=\"async\" src=\"\/wp-content\/uploads\/2020\/12\/3.png\" \/><\/figure>\n<\/div>\n<\/div>\n<\/div>\n<div id=\"carousel\" class=\"testimonial\">\n<div class=\"slideshow-container\">\n<div class=\"row\">\n<div class=\"col-md-12\">\n<h2>Here&#8217;s why our customers choose us<\/h2>\n<div class=\"mySlides\">\n<h2>Gran servicio y muy exitosa<\/h2>\n<p><q>Gran servicio y muy exitoso, tuve dos tickets y fueron despedidos. El equipo y los abogados son geniales. \u00a1\u00a1\u00a1Recomendar\u00eda esta compa\u00f1\u00eda a cualquiera!!! San Antonio, Texas.<\/q><\/p>\n<p class=\"author\">Beverly D.<\/p>\n<\/div>\n<div class=\"mySlides\"><q>Esta empresa tiene 5 estrellas en todos los sentidos y a un costo razonable. Hay muchas opciones en Internet, pero si desea obtener resultados, use My Traffic Tickets para sus encuentros con la polic\u00eda y la corte.<\/q><\/p>\n<p class=\"author\">Kenneth C.<\/p>\n<\/div>\n<div class=\"mySlides\"><q>Me ahorr\u00e9 m\u00e1s de $ 400, un viaje fuera de la ciudad, un d\u00eda libre en el trabajo y ni siquiera est\u00e1 en mi historial de manejo. \u00a1\u00a1Gracias!!<\/q><\/p>\n<p class=\"author\">Evelyn F .<\/p>\n<\/div>\n<div class=\"quotes-icon\">\n<div class=\"left-icon\"><\/div>\n<div class=\"right-icon\"><\/div>\n<\/div>\n<div class=\"dot-container\"><\/div>\n<\/div>\n<\/div>\n<\/div>\n<\/div>\n<div class=\"traffic-info\">\n<div class=\"container\">\n<div class=\"row\">\n<div class=\"col-md-12\">\n<div class=\"traffic-info-content\">\n<p>Con nuestra tasa de \u00e9xito combinada del 97% y el manejo de m\u00e1s de 100.000 infracciones de tr\u00e1fico, nos enorgullecemos de habernos ganado la lealtad y la confianza de nuestros clientes y clientes. \u00a1Perm\u00edtanos ayudarlo a que sus multas de tr\u00e1fico y \u00f3rdenes de arresto sean desestimadas hoy!<\/p>\n<h2>\u00a1Para obtener m\u00e1s informaci\u00f3n, marque 1-877-298-9099 ahora!<\/h2>\n<p><a href=\"https:\/\/mytraffictickets.com\/es\/login\/\"><i class=\"fa fa-smile-o\" aria-hidden=\"true\"><\/i> Luchemos contra tu boleto<\/a><\/p>\n<\/div>\n<\/div>\n<\/div>\n<\/div>\n<\/div>\n<\/div>\n<\/div>","protected":false},"excerpt":{"rendered":"<p>Got A Traffic Ticket? Call Us Now @ 1-877-298-9099 When you get a traffic ticket, what seems to be the easiest option is to plead guilty, pay the fine, &amp; move on with your life. This unfortunately is a more problematic route. That\u2019s because a conviction for a traffic ticket can have a significant impact [&hellip;]<\/p>","protected":false},"author":3,"featured_media":0,"parent":0,"menu_order":0,"comment_status":"closed","ping_status":"closed","template":"page-templates\/custom_temp.php","meta":{"_mi_skip_tracking":false,"_exactmetrics_sitenote_active":false,"_exactmetrics_sitenote_note":"","_exactmetrics_sitenote_category":0,"footnotes":""},"aioseo_notices":[],"_links":{"self":[{"href":"https:\/\/mytraffictickets.com\/es\/wp-json\/wp\/v2\/pages\/4249"}],"collection":[{"href":"https:\/\/mytraffictickets.com\/es\/wp-json\/wp\/v2\/pages"}],"about":[{"href":"https:\/\/mytraffictickets.com\/es\/wp-json\/wp\/v2\/types\/page"}],"author":[{"embeddable":true,"href":"https:\/\/mytraffictickets.com\/es\/wp-json\/wp\/v2\/users\/3"}],"replies":[{"embeddable":true,"href":"https:\/\/mytraffictickets.com\/es\/wp-json\/wp\/v2\/comments?post=4249"}],"version-history":[{"count":3,"href":"https:\/\/mytraffictickets.com\/es\/wp-json\/wp\/v2\/pages\/4249\/revisions"}],"predecessor-version":[{"id":5316,"href":"https:\/\/mytraffictickets.com\/es\/wp-json\/wp\/v2\/pages\/4249\/revisions\/5316"}],"wp:attachment":[{"href":"https:\/\/mytraffictickets.com\/es\/wp-json\/wp\/v2\/media?parent=4249"}],"curies":[{"name":"wp","href":"https:\/\/api.w.org\/{rel}","templated":true}]}}