{"id":4420,"date":"2021-01-20T08:13:48","date_gmt":"2021-01-20T08:13:48","guid":{"rendered":"http:\/\/mytrafficticktes.psz.netsmartz.us\/?page_id=3844"},"modified":"2021-07-15T10:26:18","modified_gmt":"2021-07-15T10:26:18","slug":"atascocita","status":"publish","type":"page","link":"https:\/\/mytraffictickets.com\/es\/atascocita\/","title":{"rendered":"Atascocita"},"content":{"rendered":"<div class=\"section\">\n<div class=\"bg-pink\">\n<div class=\"container\">\n<div class=\"row\">\n<div class=\"col-md-12\">\n<h2 style=\"padding-top: 25px;\"><strong>Find the Best Atascocita Traffic Citation Attorneys at My Traffic Tickets<\/strong><\/h2>\n<\/div>\n<\/div>\n<\/div>\n<\/div>\n<div class=\"wp-introduction\">\n<div class=\"container\">\n<div class=\"row\">\n<div class=\"col-md-7\">\n<div class=\"intro-content\">\n<p>My Traffic Tickets boasts of its success rate of 97% with great pride. Our traffic citation attorneys have years of experience getting complete ticket dismissals and clean driving records for our clients. We are not only strongly determined towards making fighting a traffic ticket in Atascocita easier for you, buy also aim towards saving two of the most valuable commodities for you \u2013 your time and your money!<\/p>\n<p>When you choose an experienced attorney from My Traffic Tickets to handle your Atascocita traffic ticket, they not only guide you properly through all the steps of the process but also make court appearances on your behalf. Offering the best services at the most competitive prices, the fees demanded by our attorneys solely depend on the factors including the location of your ticket, the number of violations, the type pf ticket you have been issued, and the difficulty of the case at hand.<\/p>\n<p>The best part about choosing My Traffic Tickets for all your traffic ticket needs is that we get you started in just three easy steps. All you need to do is send your traffic ticket information to us, receive a free quote from an experienced <a class=\"smplink\" href=\"\/es\/\">Abogada de citaci\u00f3n de tr\u00e1fico<\/a>, and hire the lawyer if the quote fits your budget.<\/p>\n<p>Several states in the US use a point system to keep a track of reckless drivers and our experienced lawyers will help you keep these points from getting added to your driving record. They know what is going to work the best for you in Atascocita and what won\u2019t. We emphasize on the importance of hiring a professional for handling a traffic ticket because not doing so can result in several consequences which include but are not limited to paying heavy fines and suspension of your driver\u2019s license.<\/p>\n<p>Request a quote today.<\/p>\n<p><!--Call us @ our toll-free for more info!<a href=\"tel:1-877-298-9099\">1-877-298-9099<\/a>\n\n--><\/p>\n<\/div>\n<\/div>\n<div class=\"col-md-5\">\n<figure class=\"ticket-cars\" style=\"margin-top: 27px;\"><img decoding=\"async\" src=\"\/wp-content\/uploads\/2020\/12\/1.png\" alt=\"Side Image\"><\/figure>\n<\/div>\n<\/div>\n<\/div>\n<div id=\"carousel\" class=\"testimonial\">\n<div class=\"slideshow-container\">\n<div class=\"row\">\n<div class=\"col-md-12\">\n<h2>Here&#8217;s why our customers choose us<\/h2>\n<div class=\"mySlides\">\n<h2>Gran servicio y muy exitosa<\/h2>\n<p><q>Gran servicio y muy exitoso, tuve dos tickets y fueron despedidos. El equipo y los abogados son geniales. \u00a1\u00a1\u00a1Recomendar\u00eda esta compa\u00f1\u00eda a cualquiera!!! San Antonio, Texas.<\/q><\/p>\n<p class=\"author\">Beverly D.<\/p>\n<\/div>\n<div class=\"mySlides\"><q>Esta empresa tiene 5 estrellas en todos los sentidos y a un costo razonable. Hay muchas opciones en Internet, pero si desea obtener resultados, use My Traffic Tickets para sus encuentros con la polic\u00eda y la corte.<\/q><\/p>\n<p class=\"author\">Kenneth C.<\/p>\n<\/div>\n<div class=\"mySlides\"><q>Me ahorr\u00e9 m\u00e1s de $ 400, un viaje fuera de la ciudad, un d\u00eda libre en el trabajo y ni siquiera est\u00e1 en mi historial de manejo. \u00a1\u00a1Gracias!!<\/q><\/p>\n<p class=\"author\">Evelyn F .<\/p>\n<\/div>\n<div class=\"quotes-icon\">\n<div class=\"left-icon\"><\/div>\n<div class=\"right-icon\"><\/div>\n<\/div>\n<div class=\"dot-container\"><\/div>\n<\/div>\n<\/div>\n<\/div>\n<\/div>\n<div class=\"traffic-info\">\n<div class=\"container\">\n<div class=\"row\">\n<div class=\"col-md-12\">\n<div class=\"traffic-info-content\">\n<p>Con nuestra tasa de \u00e9xito combinada del 97% y el manejo de m\u00e1s de 100.000 infracciones de tr\u00e1fico, nos enorgullecemos de habernos ganado la lealtad y la confianza de nuestros clientes y clientes. \u00a1Perm\u00edtanos ayudarlo a que sus multas de tr\u00e1fico y \u00f3rdenes de arresto sean desestimadas hoy!<\/p>\n<h2>\u00a1Para obtener m\u00e1s informaci\u00f3n, marque 1-877-298-9099 ahora!<\/h2>\n<p><a href=\"https:\/\/mytraffictickets.com\/es\/login\/\"><i class=\"fa fa-smile-o\" aria-hidden=\"true\"><\/i> Luchemos contra tu boleto<\/a><\/p>\n<\/div>\n<\/div>\n<\/div>\n<\/div>\n<\/div>\n<\/div>\n<\/div>","protected":false},"excerpt":{"rendered":"<p>Find the Best Atascocita Traffic Citation Attorneys at My Traffic Tickets My Traffic Tickets boasts of its success rate of 97% with great pride. Our traffic citation attorneys have years of experience getting complete ticket dismissals and clean driving records for our clients. We are not only strongly determined towards making fighting a traffic ticket [&hellip;]<\/p>","protected":false},"author":3,"featured_media":0,"parent":0,"menu_order":0,"comment_status":"closed","ping_status":"closed","template":"page-templates\/custom_temp.php","meta":{"_mi_skip_tracking":false,"_exactmetrics_sitenote_active":false,"_exactmetrics_sitenote_note":"","_exactmetrics_sitenote_category":0,"footnotes":""},"aioseo_notices":[],"_links":{"self":[{"href":"https:\/\/mytraffictickets.com\/es\/wp-json\/wp\/v2\/pages\/4420"}],"collection":[{"href":"https:\/\/mytraffictickets.com\/es\/wp-json\/wp\/v2\/pages"}],"about":[{"href":"https:\/\/mytraffictickets.com\/es\/wp-json\/wp\/v2\/types\/page"}],"author":[{"embeddable":true,"href":"https:\/\/mytraffictickets.com\/es\/wp-json\/wp\/v2\/users\/3"}],"replies":[{"embeddable":true,"href":"https:\/\/mytraffictickets.com\/es\/wp-json\/wp\/v2\/comments?post=4420"}],"version-history":[{"count":4,"href":"https:\/\/mytraffictickets.com\/es\/wp-json\/wp\/v2\/pages\/4420\/revisions"}],"predecessor-version":[{"id":5334,"href":"https:\/\/mytraffictickets.com\/es\/wp-json\/wp\/v2\/pages\/4420\/revisions\/5334"}],"wp:attachment":[{"href":"https:\/\/mytraffictickets.com\/es\/wp-json\/wp\/v2\/media?parent=4420"}],"curies":[{"name":"wp","href":"https:\/\/api.w.org\/{rel}","templated":true}]}}