{"id":4421,"date":"2021-01-20T08:08:14","date_gmt":"2021-01-20T08:08:14","guid":{"rendered":"http:\/\/mytrafficticktes.psz.netsmartz.us\/?page_id=3846"},"modified":"2021-07-15T10:29:22","modified_gmt":"2021-07-15T10:29:22","slug":"barrett","status":"publish","type":"page","link":"https:\/\/mytraffictickets.com\/es\/barrett\/","title":{"rendered":"Barrett"},"content":{"rendered":"<div class=\"section\">\n<div class=\"bg-pink\">\n<div class=\"container\">\n<div class=\"row\">\n<div class=\"col-md-12\">\n<h2 style=\"padding-top: 25px;\"><strong>My Traffic Tickets \u2013 A One-Stop Destination for All Your Traffic Ticket Needs in Barrett<\/strong><\/h2>\n<\/div>\n<\/div>\n<\/div>\n<\/div>\n<div class=\"wp-introduction\">\n<div class=\"container\">\n<div class=\"row\">\n<div class=\"col-md-7\">\n<div class=\"intro-content\">\n<p>My Traffic Tickets has the best traffic ticket attorneys in Barrett who can help you get out clean from all kinds of traffic violations including but not limited to speeding violations, red light run out violations, distracted driving violations, illegal U-turn violations, and seat belt violations. Our services are backed by the most competitively priced fees, saving you a lot of time as well as money!<\/p>\n<p>Did we mention that we are capable of carrying out the entire process without you having to visit the traffic defense lawyer\u2019s office even once?<\/p>\n<p>We understand how important a commodity time is and that is exactly why we make sure that you do not have to waste your days in court. The <a class=\"smplink\" href=\"\/es\/\"> traffic defense lawyer<\/a> assigned to you will make all the court appearances on your behalf so you can focus on other important things. A lot of people fall into the trap of paying off their traffic tickets without understanding that it could even mean a conviction against them. A conviction, on most occasions, results in increased insurance rates. With a professional taking complete responsibility of getting the best possible outcome of your traffic ticket case, you will never have to worry about facing increased insurance rates, a suspended driver\u2019s license, or possible DMV\/DPS surcharges.<\/p>\n<p>All the experienced attorneys at My Traffic Tickets can help you by removing all active warrants, keeping the points off your driving record, avoiding the suspension of a driver\u2019s license, and appearing in the court on your behalf among other ways. Thanks to our success rate of 97% and the experience of handling more than 100,000 traffic violations, we have successfully managed to earn the loyalty and trust of thousands of customers.<\/p>\n<p>Solicite una cotizaci\u00f3n gratuita hoy.<\/p>\n<p><!--Call us @ our toll-free for more info!<a href=\"tel:1-877-298-9099\">1-877-298-9099<\/a>\n\n--><\/p>\n<\/div>\n<\/div>\n<div class=\"col-md-5\">\n<figure class=\"ticket-cars\" style=\"margin-top: 27px;\"><img decoding=\"async\" src=\"\/wp-content\/uploads\/2020\/12\/5.png\" alt=\"Image\"><\/figure>\n<\/div>\n<\/div>\n<\/div>\n<div id=\"carousel\" class=\"testimonial\">\n<div class=\"slideshow-container\">\n<div class=\"row\">\n<div class=\"col-md-12\">\n<h2>Here&#8217;s why our customers choose us<\/h2>\n<div class=\"mySlides\">\n<h2>Gran servicio y muy exitosa<\/h2>\n<p><q>Gran servicio y muy exitoso, tuve dos tickets y fueron despedidos. El equipo y los abogados son geniales. \u00a1\u00a1\u00a1Recomendar\u00eda esta compa\u00f1\u00eda a cualquiera!!! San Antonio, Texas.<\/q><\/p>\n<p class=\"author\">Beverly D.<\/p>\n<\/div>\n<div class=\"mySlides\"><q>Esta empresa tiene 5 estrellas en todos los sentidos y a un costo razonable. Hay muchas opciones en Internet, pero si desea obtener resultados, use My Traffic Tickets para sus encuentros con la polic\u00eda y la corte.<\/q><\/p>\n<p class=\"author\">Kenneth C.<\/p>\n<\/div>\n<div class=\"mySlides\"><q>Me ahorr\u00e9 m\u00e1s de $ 400, un viaje fuera de la ciudad, un d\u00eda libre en el trabajo y ni siquiera est\u00e1 en mi historial de manejo. \u00a1\u00a1Gracias!!<\/q><\/p>\n<p class=\"author\">Evelyn F .<\/p>\n<\/div>\n<div class=\"quotes-icon\">\n<div class=\"left-icon\"><\/div>\n<div class=\"right-icon\"><\/div>\n<\/div>\n<div class=\"dot-container\"><\/div>\n<\/div>\n<\/div>\n<\/div>\n<\/div>\n<div class=\"traffic-info\">\n<div class=\"container\">\n<div class=\"row\">\n<div class=\"col-md-12\">\n<div class=\"traffic-info-content\">\n<p>Con nuestra tasa de \u00e9xito combinada del 97% y el manejo de m\u00e1s de 100.000 infracciones de tr\u00e1fico, nos enorgullecemos de habernos ganado la lealtad y la confianza de nuestros clientes y clientes. \u00a1Perm\u00edtanos ayudarlo a que sus multas de tr\u00e1fico y \u00f3rdenes de arresto sean desestimadas hoy!<\/p>\n<h2>\u00a1Para obtener m\u00e1s informaci\u00f3n, marque 1-877-298-9099 ahora!<\/h2>\n<p><a href=\"https:\/\/mytraffictickets.com\/es\/login\/\"><i class=\"fa fa-smile-o\" aria-hidden=\"true\"><\/i> Luchemos contra tu boleto<\/a><\/p>\n<\/div>\n<\/div>\n<\/div>\n<\/div>\n<\/div>\n<\/div>\n<\/div>","protected":false},"excerpt":{"rendered":"<p>My Traffic Tickets \u2013 A One-Stop Destination for All Your Traffic Ticket Needs in Barrett My Traffic Tickets has the best traffic ticket attorneys in Barrett who can help you get out clean from all kinds of traffic violations including but not limited to speeding violations, red light run out violations, distracted driving violations, illegal [&hellip;]<\/p>","protected":false},"author":3,"featured_media":0,"parent":0,"menu_order":0,"comment_status":"closed","ping_status":"closed","template":"page-templates\/custom_temp.php","meta":{"_mi_skip_tracking":false,"_exactmetrics_sitenote_active":false,"_exactmetrics_sitenote_note":"","_exactmetrics_sitenote_category":0,"footnotes":""},"aioseo_notices":[],"_links":{"self":[{"href":"https:\/\/mytraffictickets.com\/es\/wp-json\/wp\/v2\/pages\/4421"}],"collection":[{"href":"https:\/\/mytraffictickets.com\/es\/wp-json\/wp\/v2\/pages"}],"about":[{"href":"https:\/\/mytraffictickets.com\/es\/wp-json\/wp\/v2\/types\/page"}],"author":[{"embeddable":true,"href":"https:\/\/mytraffictickets.com\/es\/wp-json\/wp\/v2\/users\/3"}],"replies":[{"embeddable":true,"href":"https:\/\/mytraffictickets.com\/es\/wp-json\/wp\/v2\/comments?post=4421"}],"version-history":[{"count":4,"href":"https:\/\/mytraffictickets.com\/es\/wp-json\/wp\/v2\/pages\/4421\/revisions"}],"predecessor-version":[{"id":5336,"href":"https:\/\/mytraffictickets.com\/es\/wp-json\/wp\/v2\/pages\/4421\/revisions\/5336"}],"wp:attachment":[{"href":"https:\/\/mytraffictickets.com\/es\/wp-json\/wp\/v2\/media?parent=4421"}],"curies":[{"name":"wp","href":"https:\/\/api.w.org\/{rel}","templated":true}]}}