{"id":4422,"date":"2021-01-20T08:22:44","date_gmt":"2021-01-20T08:22:44","guid":{"rendered":"http:\/\/mytrafficticktes.psz.netsmartz.us\/?page_id=3848"},"modified":"2021-07-15T10:32:10","modified_gmt":"2021-07-15T10:32:10","slug":"bunker-hill-village","status":"publish","type":"page","link":"https:\/\/mytraffictickets.com\/es\/bunker-hill-village\/","title":{"rendered":"Bunker Hill Village"},"content":{"rendered":"<div class=\"section\">\n<div class=\"bg-pink\">\n<div class=\"container\">\n<div class=\"row\">\n<div class=\"col-md-12\">\n<h2 style=\"padding-top: 25px;\">Helping Commercial Drivers as Well as Individuals with Traffic Tickets in Bunker Hill Village for Years<\/h2>\n<\/div>\n<\/div>\n<\/div>\n<\/div>\n<div class=\"wp-introduction\">\n<div class=\"container\">\n<div class=\"row\">\n<div class=\"col-md-7\">\n<div class=\"intro-content\">\n<p>Being in this field for so many years now, the professional traffic violation attorneys at My Traffic Tickets completely understand how important it is for a commercial driver to maintain a clean driving record and having no points against their license. With decades of experience fighting CDL tickets, the best of the traffic ticket lawyers at MTT draw the best outcome of a ticket to make sure that our clients never have to end up losing their CDL, losing their job, having difficulty finding a job, or paying increased insurance rates.<\/p>\n<p>If you have been recently cited for a traffic violation in Bunker Hill Village, look no further than My Traffic Tickets! Our expert attorneys can be trusted with creating a solid defense strategy regardless of the traffic violation you\u2019ve been charged with.<\/p>\n<p>Searching <a class=\"smplink\" href=\"\/es\/\">\u2018traffic violation lawyer near me\u2019<\/a> does not always guarantee the best lawyers. Choose My Traffic Tickets because they have handled more than 100,000 tickets, offer the best services at the most competitive prices, and get you started in just three easy steps:<\/p>\n<ul class=\"\">\n<li>Submit your traffic ticket information with us<\/li>\n<li>Get a free quote from a traffic ticket lawyer<\/li>\n<li>Hire the lawyer<\/li>\n<\/ul>\n<p>Our experienced professionals in Bunker Hill Village can be trusted with handling all kinds of traffic violations including but not limited to speeding violations, red light run out violations, distracted driving violations, invalid driver\u2019s license violations, illegal U-turn violations, seat belt violations, and more. In addition to that, our partnership with One Tree Planted allows us to plant a tree for every ticket we fight. Be a part of the cause by choosing us for your traffic ticket needs.<\/p>\n<p>So, what is holding you back? Discuss your traffic ticket violation with us by calling at<br \/>\n<a class=\"smplink\" href=\"tel:1-877-298-9099\"> 1-877-298-9099<\/a>. Get started!<br \/>\n<!--Call us @ our toll-free for more info!<a href=\"tel:1-877-298-9099\">1-877-298-9099<\/a>\n\n--><\/p>\n<\/div>\n<\/div>\n<div class=\"col-md-5\">\n<figure class=\"ticket-cars\" style=\"margin-top: 27px;\"><img decoding=\"async\" src=\"\/wp-content\/uploads\/2020\/09\/mtt2.jpg\" alt=\"MTT Image\"><\/figure>\n<\/div>\n<\/div>\n<\/div>\n<div id=\"carousel\" class=\"testimonial\">\n<div class=\"slideshow-container\">\n<div class=\"row\">\n<div class=\"col-md-12\">\n<h2>Here&#8217;s why our customers choose us<\/h2>\n<div class=\"mySlides\">\n<h2>Gran servicio y muy exitosa<\/h2>\n<p><q>Gran servicio y muy exitoso, tuve dos tickets y fueron despedidos. El equipo y los abogados son geniales. \u00a1\u00a1\u00a1Recomendar\u00eda esta compa\u00f1\u00eda a cualquiera!!! San Antonio, Texas.<\/q><\/p>\n<p class=\"author\">Beverly D.<\/p>\n<\/div>\n<div class=\"mySlides\"><q>Esta empresa tiene 5 estrellas en todos los sentidos y a un costo razonable. Hay muchas opciones en Internet, pero si desea obtener resultados, use My Traffic Tickets para sus encuentros con la polic\u00eda y la corte.<\/q><\/p>\n<p class=\"author\">Kenneth C.<\/p>\n<\/div>\n<div class=\"mySlides\"><q>Me ahorr\u00e9 m\u00e1s de $ 400, un viaje fuera de la ciudad, un d\u00eda libre en el trabajo y ni siquiera est\u00e1 en mi historial de manejo. \u00a1\u00a1Gracias!!<\/q><\/p>\n<p class=\"author\">Evelyn F .<\/p>\n<\/div>\n<div class=\"quotes-icon\">\n<div class=\"left-icon\"><\/div>\n<div class=\"right-icon\"><\/div>\n<\/div>\n<div class=\"dot-container\"><\/div>\n<\/div>\n<\/div>\n<\/div>\n<\/div>\n<div class=\"traffic-info\">\n<div class=\"container\">\n<div class=\"row\">\n<div class=\"col-md-12\">\n<div class=\"traffic-info-content\">\n<p>Con nuestra tasa de \u00e9xito combinada del 97% y el manejo de m\u00e1s de 100.000 infracciones de tr\u00e1fico, nos enorgullecemos de habernos ganado la lealtad y la confianza de nuestros clientes y clientes. \u00a1Perm\u00edtanos ayudarlo a que sus multas de tr\u00e1fico y \u00f3rdenes de arresto sean desestimadas hoy!<\/p>\n<h2>\u00a1Para obtener m\u00e1s informaci\u00f3n, marque 1-877-298-9099 ahora!<\/h2>\n<p><a href=\"https:\/\/mytraffictickets.com\/es\/login\/\"><i class=\"fa fa-smile-o\" aria-hidden=\"true\"><\/i> Luchemos contra tu boleto<\/a><\/p>\n<\/div>\n<\/div>\n<\/div>\n<\/div>\n<\/div>\n<\/div>\n<\/div>","protected":false},"excerpt":{"rendered":"<p>Helping Commercial Drivers as Well as Individuals with Traffic Tickets in Bunker Hill Village for Years Being in this field for so many years now, the professional traffic violation attorneys at My Traffic Tickets completely understand how important it is for a commercial driver to maintain a clean driving record and having no points against [&hellip;]<\/p>","protected":false},"author":3,"featured_media":0,"parent":0,"menu_order":0,"comment_status":"closed","ping_status":"closed","template":"page-templates\/custom_temp.php","meta":{"_mi_skip_tracking":false,"_exactmetrics_sitenote_active":false,"_exactmetrics_sitenote_note":"","_exactmetrics_sitenote_category":0,"footnotes":""},"aioseo_notices":[],"_links":{"self":[{"href":"https:\/\/mytraffictickets.com\/es\/wp-json\/wp\/v2\/pages\/4422"}],"collection":[{"href":"https:\/\/mytraffictickets.com\/es\/wp-json\/wp\/v2\/pages"}],"about":[{"href":"https:\/\/mytraffictickets.com\/es\/wp-json\/wp\/v2\/types\/page"}],"author":[{"embeddable":true,"href":"https:\/\/mytraffictickets.com\/es\/wp-json\/wp\/v2\/users\/3"}],"replies":[{"embeddable":true,"href":"https:\/\/mytraffictickets.com\/es\/wp-json\/wp\/v2\/comments?post=4422"}],"version-history":[{"count":7,"href":"https:\/\/mytraffictickets.com\/es\/wp-json\/wp\/v2\/pages\/4422\/revisions"}],"predecessor-version":[{"id":5339,"href":"https:\/\/mytraffictickets.com\/es\/wp-json\/wp\/v2\/pages\/4422\/revisions\/5339"}],"wp:attachment":[{"href":"https:\/\/mytraffictickets.com\/es\/wp-json\/wp\/v2\/media?parent=4422"}],"curies":[{"name":"wp","href":"https:\/\/api.w.org\/{rel}","templated":true}]}}