{"id":4423,"date":"2021-01-20T09:33:06","date_gmt":"2021-01-20T09:33:06","guid":{"rendered":"http:\/\/mytrafficticktes.psz.netsmartz.us\/?page_id=3850"},"modified":"2021-07-15T11:54:09","modified_gmt":"2021-07-15T11:54:09","slug":"taylor-lake-village","status":"publish","type":"page","link":"https:\/\/mytraffictickets.com\/es\/taylor-lake-village\/","title":{"rendered":"Taylor Lake Village"},"content":{"rendered":"<div class=\"section\">\n<div class=\"bg-pink\">\n<div class=\"container\">\n<div class=\"row\">\n<div class=\"col-md-12\">\n<h2 style=\"padding-top: 25px;\"><strong>Minimize the Penalties of a Traffic Violation in Taylor Lake Village with My Traffic Tickets<\/strong><\/h2>\n<\/div>\n<\/div>\n<\/div>\n<\/div>\n<div class=\"wp-introduction\">\n<div class=\"container\">\n<div class=\"row\">\n<div class=\"col-md-7\">\n<div class=\"intro-content\">\n<p>Right from fines and points on your driving record and increased insurance premiums to license suspension and even imprisonment, the consequences of getting caught committing a traffic violation in Taylor Lake Village are quite serious. Letting a professional from My Traffic Tickets handle the traffic ticket and protect your driving record, hence, is definitely worthwhile.<\/p>\n<p>My Traffic Tickets helps you connect with the most experienced traffic ticket attorneys in Taylor Lake Village at an unbelievable cost. They do so by dismissing the violation or keeping the ticket off the record.<\/p>\n<p>It gives us immense pride to share that our experienced attorneys, over the years, have dismissed thousands of tickets involving all kinds of traffic violations ranging from speeding, running red lights, reckless driving, texting and driving, DUI\/DWI, to operating without insurance, failure to appear warrants and more. The entire team at My Traffic Tickets works with the goal of making your traffic ticket problem as easy as possible no matter the nature of your traffic violation. Even if a violation requires you to make an appearance in the court, an experienced MTT attorney in Taylor Lake Village can take care of that too. The lawyers build a strong legal defense for you and appear in court on your behalf.<\/p>\n<p>Thanks to our combined success rate of 97% and experienced handling more than 100,000 traffic violations efficiently, we have rightfully managed to earn the loyalty and trust of thousands of clients and customers. We look forward to helping you get your traffic tickets and warrants dismissed in the best way possible.<\/p>\n<p>Still searching \u2018best<a class=\"smplink\" href=\"https:\/\/mytraffictickets.com\/es\/locations\/\"> Abogada de multas de trafico<\/a> near me\u2019? Reach out to us by dialing our toll-free number <a class=\"smplink\" href=\"tel:1-877-298-9099\"> 1-877-298-9099 <\/a>and we will be more than happy to assist you!<\/p>\n<p><!--Call us @ our toll-free for more info!<a href=\"tel:1-877-298-9099\">1-877-298-9099<\/a>\n\n--><\/p>\n<\/div>\n<\/div>\n<div class=\"col-md-5\">\n<figure class=\"ticket-cars\" style=\"margin-top: 27px;\">\n<img decoding=\"async\" src=\"\/wp-content\/uploads\/2020\/09\/dallas.jpg\" alt=\"MTT Image\"><\/figure>\n<\/div>\n<\/div>\n<\/div>\n<div id=\"carousel\" class=\"testimonial\">\n<div class=\"slideshow-container\">\n<div class=\"row\">\n<div class=\"col-md-12\">\n<h2>Here&#8217;s why our customers choose us<\/h2>\n<div class=\"mySlides\">\n<h2>Gran servicio y muy exitosa<\/h2>\n<p><q>Gran servicio y muy exitoso, tuve dos tickets y fueron despedidos. El equipo y los abogados son geniales. \u00a1\u00a1\u00a1Recomendar\u00eda esta compa\u00f1\u00eda a cualquiera!!! San Antonio, Texas.<\/q><\/p>\n<p class=\"author\">Beverly D.<\/p>\n<\/div>\n<div class=\"mySlides\"><q>Esta empresa tiene 5 estrellas en todos los sentidos y a un costo razonable. Hay muchas opciones en Internet, pero si desea obtener resultados, use My Traffic Tickets para sus encuentros con la polic\u00eda y la corte.<\/q><\/p>\n<p class=\"author\">Kenneth C.<\/p>\n<\/div>\n<div class=\"mySlides\"><q>Me ahorr\u00e9 m\u00e1s de $ 400, un viaje fuera de la ciudad, un d\u00eda libre en el trabajo y ni siquiera est\u00e1 en mi historial de manejo. \u00a1\u00a1Gracias!!<\/q><\/p>\n<p class=\"author\">Evelyn F .<\/p>\n<\/div>\n<div class=\"quotes-icon\">\n<div class=\"left-icon\"><\/div>\n<div class=\"right-icon\"><\/div>\n<\/div>\n<div class=\"dot-container\"><\/div>\n<\/div>\n<\/div>\n<\/div>\n<\/div>\n<div class=\"traffic-info\">\n<div class=\"container\">\n<div class=\"row\">\n<div class=\"col-md-12\">\n<div class=\"traffic-info-content\">\n<p>Con nuestra tasa de \u00e9xito combinada del 97% y el manejo de m\u00e1s de 100.000 infracciones de tr\u00e1fico, nos enorgullecemos de habernos ganado la lealtad y la confianza de nuestros clientes y clientes. \u00a1Perm\u00edtanos ayudarlo a que sus multas de tr\u00e1fico y \u00f3rdenes de arresto sean desestimadas hoy!<\/p>\n<h2>\u00a1Para obtener m\u00e1s informaci\u00f3n, marque 1-877-298-9099 ahora!<\/h2>\n<p><a href=\"https:\/\/mytraffictickets.com\/es\/login\/\"><i class=\"fa fa-smile-o\" aria-hidden=\"true\"><\/i> Luchemos contra tu boleto<\/a><\/p>\n<\/div>\n<\/div>\n<\/div>\n<\/div>\n<\/div>\n<\/div>\n<\/div>","protected":false},"excerpt":{"rendered":"<p>Minimize the Penalties of a Traffic Violation in Taylor Lake Village with My Traffic Tickets Right from fines and points on your driving record and increased insurance premiums to license suspension and even imprisonment, the consequences of getting caught committing a traffic violation in Taylor Lake Village are quite serious. Letting a professional from My [&hellip;]<\/p>","protected":false},"author":3,"featured_media":0,"parent":0,"menu_order":0,"comment_status":"closed","ping_status":"closed","template":"page-templates\/custom_temp.php","meta":{"_mi_skip_tracking":false,"_exactmetrics_sitenote_active":false,"_exactmetrics_sitenote_note":"","_exactmetrics_sitenote_category":0,"footnotes":""},"aioseo_notices":[],"_links":{"self":[{"href":"https:\/\/mytraffictickets.com\/es\/wp-json\/wp\/v2\/pages\/4423"}],"collection":[{"href":"https:\/\/mytraffictickets.com\/es\/wp-json\/wp\/v2\/pages"}],"about":[{"href":"https:\/\/mytraffictickets.com\/es\/wp-json\/wp\/v2\/types\/page"}],"author":[{"embeddable":true,"href":"https:\/\/mytraffictickets.com\/es\/wp-json\/wp\/v2\/users\/3"}],"replies":[{"embeddable":true,"href":"https:\/\/mytraffictickets.com\/es\/wp-json\/wp\/v2\/comments?post=4423"}],"version-history":[{"count":6,"href":"https:\/\/mytraffictickets.com\/es\/wp-json\/wp\/v2\/pages\/4423\/revisions"}],"predecessor-version":[{"id":5399,"href":"https:\/\/mytraffictickets.com\/es\/wp-json\/wp\/v2\/pages\/4423\/revisions\/5399"}],"wp:attachment":[{"href":"https:\/\/mytraffictickets.com\/es\/wp-json\/wp\/v2\/media?parent=4423"}],"curies":[{"name":"wp","href":"https:\/\/api.w.org\/{rel}","templated":true}]}}