{"id":4424,"date":"2021-01-20T08:47:14","date_gmt":"2021-01-20T08:47:14","guid":{"rendered":"http:\/\/mytrafficticktes.psz.netsmartz.us\/?page_id=3852"},"modified":"2021-07-15T11:00:00","modified_gmt":"2021-07-15T11:00:00","slug":"friendswood","status":"publish","type":"page","link":"https:\/\/mytraffictickets.com\/es\/friendswood\/","title":{"rendered":"Friendswood"},"content":{"rendered":"<div class=\"section\">\n<div class=\"bg-pink\">\n<div class=\"container\">\n<div class=\"row\">\n<div class=\"col-md-12\">\n<h2 style=\"padding-top: 25px;\"><strong>Find the Best Solutions to The Toughest Traffic Ticket Defense Situations in Friendswood With My Traffic Tickets<\/strong><\/h2>\n<\/div>\n<\/div>\n<\/div>\n<\/div>\n<div class=\"wp-introduction\">\n<div class=\"container\">\n<div class=\"row\">\n<div class=\"col-md-7\">\n<div class=\"intro-content\">\n<p>The traffic violation dismissal lawyers at My Traffic Tickets are strongly determined about helping out our clients and customers in Friendswood in every possible way, whether it is getting your tickets dismissed, going to the court on your behalf, making sure no points are added to your driving record, ensuring your insurance premiums do not increase, or simply keeping you updated on your case!<\/p>\n<p>Our experienced attorneys have handled more than 100,000 traffic violations and have helped thousands of motorists in and around Friendswood get rid of their traffic tickets. <a class=\"smplink\" href=\"https:\/\/mytraffictickets.com\/es\/about\/\">Hire a lawyer for a ticket<\/a> from My Traffic Tickets for the best outcome of all kinds of traffic tickets including speeding tickets, accident tickets, stop sign tickets, no insurance tickets, suspended \/ no driver\u2019s license, red light tickets, reckless driving, texting and driving, DUI\/DWI, CDL traffic tickets, failure to appear warrants, and more with great efficiency.<\/p>\n<p>Our experienced team of traffic ticket dismissal lawyers have expertise and knowledge about the traffic system in Friendswood and know exactly what works and what does not. They can create effective strategies that can be used in the court to beat not just a speeding ticket but all the other kinds of traffic ticket violations too. Hiring a traffic ticket lawyer from My Traffic Tickets saves you a lot of time as well since our attorneys are very well capable of handling all these things on their own and the best part is you do not even have to visit the attorney\u2019s office.<\/p>\n<p>My Traffic Tickets takes great pride in making our traffic tickets dismissal services in Friendswood affordable and easily accessible for everyone who might be in need. Feel free to request a quote. Dial our toll-free number <a class=\"smplink\" href=\"tel:1-877-298-9099\">1-877-298-9099<\/a>.<\/p>\n<p><!--Call us @ our toll-free for more info!<a href=\"tel:1-877-298-9099\">1-877-298-9099<\/a>\n\n--><\/p>\n<\/div>\n<\/div>\n<div class=\"col-md-5\">\n<figure class=\"ticket-cars\" style=\"margin-top: 27px;\"><img decoding=\"async\" src=\"\/wp-content\/uploads\/2020\/09\/montgomery.jpg\" alt=\"MTT Image\"><\/figure>\n<\/div>\n<\/div>\n<\/div>\n<div id=\"carousel\" class=\"testimonial\">\n<div class=\"slideshow-container\">\n<div class=\"row\">\n<div class=\"col-md-12\">\n<h2>Here&#8217;s why our customers choose us<\/h2>\n<div class=\"mySlides\">\n<h2>Gran servicio y muy exitosa<\/h2>\n<p><q>Gran servicio y muy exitoso, tuve dos tickets y fueron despedidos. El equipo y los abogados son geniales. \u00a1\u00a1\u00a1Recomendar\u00eda esta compa\u00f1\u00eda a cualquiera!!! San Antonio, Texas.<\/q><\/p>\n<p class=\"author\">Beverly D.<\/p>\n<\/div>\n<div class=\"mySlides\"><q>Esta empresa tiene 5 estrellas en todos los sentidos y a un costo razonable. Hay muchas opciones en Internet, pero si desea obtener resultados, use My Traffic Tickets para sus encuentros con la polic\u00eda y la corte.<\/q><\/p>\n<p class=\"author\">Kenneth C.<\/p>\n<\/div>\n<div class=\"mySlides\"><q>Me ahorr\u00e9 m\u00e1s de $ 400, un viaje fuera de la ciudad, un d\u00eda libre en el trabajo y ni siquiera est\u00e1 en mi historial de manejo. \u00a1\u00a1Gracias!!<\/q><\/p>\n<p class=\"author\">Evelyn F .<\/p>\n<\/div>\n<div class=\"quotes-icon\">\n<div class=\"left-icon\"><\/div>\n<div class=\"right-icon\"><\/div>\n<\/div>\n<div class=\"dot-container\"><\/div>\n<\/div>\n<\/div>\n<\/div>\n<\/div>\n<div class=\"traffic-info\">\n<div class=\"container\">\n<div class=\"row\">\n<div class=\"col-md-12\">\n<div class=\"traffic-info-content\">\n<p>Con nuestra tasa de \u00e9xito combinada del 97% y el manejo de m\u00e1s de 100.000 infracciones de tr\u00e1fico, nos enorgullecemos de habernos ganado la lealtad y la confianza de nuestros clientes y clientes. \u00a1Perm\u00edtanos ayudarlo a que sus multas de tr\u00e1fico y \u00f3rdenes de arresto sean desestimadas hoy!<\/p>\n<h2>\u00a1Para obtener m\u00e1s informaci\u00f3n, marque 1-877-298-9099 ahora!<\/h2>\n<p><a href=\"https:\/\/mytraffictickets.com\/es\/login\/\"><i class=\"fa fa-smile-o\" aria-hidden=\"true\"><\/i> Luchemos contra tu boleto<\/a><\/p>\n<\/div>\n<\/div>\n<\/div>\n<\/div>\n<\/div>\n<\/div>\n<\/div>","protected":false},"excerpt":{"rendered":"<p>Find the Best Solutions to The Toughest Traffic Ticket Defense Situations in Friendswood With My Traffic Tickets The traffic violation dismissal lawyers at My Traffic Tickets are strongly determined about helping out our clients and customers in Friendswood in every possible way, whether it is getting your tickets dismissed, going to the court on your [&hellip;]<\/p>","protected":false},"author":3,"featured_media":0,"parent":0,"menu_order":0,"comment_status":"closed","ping_status":"closed","template":"page-templates\/custom_temp.php","meta":{"_mi_skip_tracking":false,"_exactmetrics_sitenote_active":false,"_exactmetrics_sitenote_note":"","_exactmetrics_sitenote_category":0,"footnotes":""},"aioseo_notices":[],"_links":{"self":[{"href":"https:\/\/mytraffictickets.com\/es\/wp-json\/wp\/v2\/pages\/4424"}],"collection":[{"href":"https:\/\/mytraffictickets.com\/es\/wp-json\/wp\/v2\/pages"}],"about":[{"href":"https:\/\/mytraffictickets.com\/es\/wp-json\/wp\/v2\/types\/page"}],"author":[{"embeddable":true,"href":"https:\/\/mytraffictickets.com\/es\/wp-json\/wp\/v2\/users\/3"}],"replies":[{"embeddable":true,"href":"https:\/\/mytraffictickets.com\/es\/wp-json\/wp\/v2\/comments?post=4424"}],"version-history":[{"count":4,"href":"https:\/\/mytraffictickets.com\/es\/wp-json\/wp\/v2\/pages\/4424\/revisions"}],"predecessor-version":[{"id":5352,"href":"https:\/\/mytraffictickets.com\/es\/wp-json\/wp\/v2\/pages\/4424\/revisions\/5352"}],"wp:attachment":[{"href":"https:\/\/mytraffictickets.com\/es\/wp-json\/wp\/v2\/media?parent=4424"}],"curies":[{"name":"wp","href":"https:\/\/api.w.org\/{rel}","templated":true}]}}