{"id":4425,"date":"2021-01-20T10:01:11","date_gmt":"2021-01-20T10:01:11","guid":{"rendered":"http:\/\/mytrafficticktes.psz.netsmartz.us\/?page_id=3855"},"modified":"2021-07-15T11:00:46","modified_gmt":"2021-07-15T11:00:46","slug":"galena-park","status":"publish","type":"page","link":"https:\/\/mytraffictickets.com\/es\/galena-park\/","title":{"rendered":"Galena Park"},"content":{"rendered":"<div class=\"section\">\n<div class=\"bg-pink\">\n<div class=\"container\">\n<div class=\"row\">\n<div class=\"col-md-12\">\n<h2 style=\"padding-top: 25px;\">Trust Us to Fight Your Traffic Ticket in Galena Park, Texas<\/h2>\n<\/div>\n<\/div>\n<\/div>\n<\/div>\n<div class=\"wp-introduction\">\n<div class=\"container\">\n<div class=\"row\">\n<div class=\"col-md-7\">\n<div class=\"intro-content\"><!--\n\n\n<h3>Houston Traffic Ticket Lawyers<\/h3>\n\n\n--><\/p>\n<p>Almost everyone has received a speeding ticket or has been charged with some other type of traffic violation at some point in their lives. These tickets can result in thousands of dollars in fines, loss of driver\u2019s license, &amp; even jail time. In addition to these consequences, you also get points on your driver\u2019s license, which further leads to higher insurance premiums.<\/p>\n<p>So, if you receive a speeding ticket in Galena Park, Texas, hiring a lawyer for a speeding ticket should be your next step to avoid these costly penalties. At MTT, we\u2019ve helped countless clients in getting their traffic tickets reduced or dismissed with our strong defense strategy. Other than speeding tickets, we have the expertise to handle accident tickets, stop sign tickets, no insurance tickets, red light tickets, reckless driving, texting and driving, DUI\/DWI, CDL traffic tickets, failure to appear warrants, suspended \/ no driver\u2019s license, and more.<\/p>\n<p>We have a highly skilled team of <a class=\"smplink\" href=\"\/es\/\">traffic ticket defense attorneys<\/a> who understand how important it is to defend yourself against a traffic ticket, even if it\u2019s your first one. Our legal experts bring years of experience to your defense &amp; aggressively pursue your case to protect your rights. While it might seem easier for you at first to just pay off your ticket and move on, we believe it isn\u2019t in your best interest in the long run. Through our strong defense, we take an active role in reducing the risk of long-term consequences that often go hand-in-hand with most of the traffic violations, even the minor ones.<\/p>\n<p>To find out more about our service, get in touch with us today! You can talk to our experts @ <a class=\"smplink\" href=\"tel:1-877-298-9099\">1-877-298-9099<\/a>.<\/p>\n<p><!--Call us @ our toll-free for more info!<a href=\"tel:1-877-298-9099\">1-877-298-9099<\/a>\n\n--><\/p>\n<\/div>\n<\/div>\n<div class=\"col-md-5\">\n<figure class=\"ticket-cars\" style=\"margin-top: 27px;\">\n<img decoding=\"async\" src=\"\/wp-content\/uploads\/2020\/12\/3.png\" alt=\"MTT Image\"><\/figure>\n<\/div>\n<\/div>\n<\/div>\n<div id=\"carousel\" class=\"testimonial\">\n<div class=\"slideshow-container\">\n<div class=\"row\">\n<div class=\"col-md-12\">\n<h2>Por eso nuestra cliente nos elige.<\/h2>\n<div class=\"mySlides\">\n<h2>Gran servicio y muy exitosa<\/h2>\n<p><q>Gran servicio y muy exitoso, tuve dos tickets y fueron despedidos. El equipo y los abogados son geniales. \u00a1\u00a1\u00a1Recomendar\u00eda esta compa\u00f1\u00eda a cualquiera!!! San Antonio, Texas.<\/q><\/p>\n<p class=\"author\">Beverly D.<\/p>\n<\/div>\n<div class=\"mySlides\"><q>Esta empresa tiene 5 estrellas en todos los sentidos y a un costo razonable. Hay muchas opciones en Internet, pero si desea obtener resultados, use My Traffic Tickets para sus encuentros con la polic\u00eda y la corte.<\/q><\/p>\n<p class=\"author\">Kenneth C.<\/p>\n<\/div>\n<div class=\"mySlides\"><q>Me ahorr\u00e9 m\u00e1s de $ 400, un viaje fuera de la ciudad, un d\u00eda libre en el trabajo y ni siquiera est\u00e1 en mi historial de manejo. \u00a1\u00a1Gracias!!<\/q><\/p>\n<p class=\"author\">Evelyn F .<\/p>\n<\/div>\n<div class=\"quotes-icon\">\n<div class=\"left-icon\"><\/div>\n<div class=\"right-icon\"><\/div>\n<\/div>\n<div class=\"dot-container\"><\/div>\n<\/div>\n<\/div>\n<\/div>\n<\/div>\n<div class=\"traffic-info\">\n<div class=\"container\">\n<div class=\"row\">\n<div class=\"col-md-12\">\n<div class=\"traffic-info-content\">\n<p>Con nuestra tasa de \u00e9xito combinada del 97% y el manejo de m\u00e1s de 100.000 infracciones de tr\u00e1fico, nos enorgullecemos de habernos ganado la lealtad y la confianza de nuestros clientes y clientes. \u00a1Perm\u00edtanos ayudarlo a que sus multas de tr\u00e1fico y \u00f3rdenes de arresto sean desestimadas hoy!<\/p>\n<h2>\u00a1Para obtener m\u00e1s informaci\u00f3n, marque 1-877-298-9099 ahora!<\/h2>\n<p><a href=\"https:\/\/mytraffictickets.com\/es\/login\/\"><i class=\"fa fa-smile-o\" aria-hidden=\"true\"><\/i> Luchemos contra tu boleto<\/a><\/p>\n<\/div>\n<\/div>\n<\/div>\n<\/div>\n<\/div>\n<\/div>\n<\/div>","protected":false},"excerpt":{"rendered":"<p>Trust Us to Fight Your Traffic Ticket in Galena Park, Texas Almost everyone has received a speeding ticket or has been charged with some other type of traffic violation at some point in their lives. These tickets can result in thousands of dollars in fines, loss of driver\u2019s license, &amp; even jail time. In addition [&hellip;]<\/p>","protected":false},"author":3,"featured_media":0,"parent":0,"menu_order":0,"comment_status":"closed","ping_status":"closed","template":"page-templates\/custom_temp.php","meta":{"_mi_skip_tracking":false,"_exactmetrics_sitenote_active":false,"_exactmetrics_sitenote_note":"","_exactmetrics_sitenote_category":0,"footnotes":""},"aioseo_notices":[],"_links":{"self":[{"href":"https:\/\/mytraffictickets.com\/es\/wp-json\/wp\/v2\/pages\/4425"}],"collection":[{"href":"https:\/\/mytraffictickets.com\/es\/wp-json\/wp\/v2\/pages"}],"about":[{"href":"https:\/\/mytraffictickets.com\/es\/wp-json\/wp\/v2\/types\/page"}],"author":[{"embeddable":true,"href":"https:\/\/mytraffictickets.com\/es\/wp-json\/wp\/v2\/users\/3"}],"replies":[{"embeddable":true,"href":"https:\/\/mytraffictickets.com\/es\/wp-json\/wp\/v2\/comments?post=4425"}],"version-history":[{"count":4,"href":"https:\/\/mytraffictickets.com\/es\/wp-json\/wp\/v2\/pages\/4425\/revisions"}],"predecessor-version":[{"id":5353,"href":"https:\/\/mytraffictickets.com\/es\/wp-json\/wp\/v2\/pages\/4425\/revisions\/5353"}],"wp:attachment":[{"href":"https:\/\/mytraffictickets.com\/es\/wp-json\/wp\/v2\/media?parent=4425"}],"curies":[{"name":"wp","href":"https:\/\/api.w.org\/{rel}","templated":true}]}}