{"id":4426,"date":"2021-01-20T09:21:13","date_gmt":"2021-01-20T09:21:13","guid":{"rendered":"http:\/\/mytrafficticktes.psz.netsmartz.us\/?page_id=3857"},"modified":"2021-01-21T07:40:43","modified_gmt":"2021-01-21T07:40:43","slug":"tomball","status":"publish","type":"page","link":"https:\/\/mytraffictickets.com\/es\/tomball\/","title":{"rendered":"Tomball"},"content":{"rendered":"<div class=\"section\">\n<div class=\"bg-pink\">\n<div class=\"container\">\n<div class=\"row\">\n<div class=\"col-md-12\">\n<h2 style=\"padding-top: 25px;\">Fight Your Traffic Ticket With MTT. Request A FREE Quote Today!<\/h2>\n<\/div>\n<\/div>\n<\/div>\n<\/div>\n<div class=\"wp-introduction\">\n<div class=\"container\">\n<div class=\"row\">\n<div class=\"col-md-7\">\n<div class=\"intro-content\"><!--\n\n\n<h3>Houston Traffic Ticket Lawyers<\/h3>\n\n\n--><\/p>\n<p>If you\u2019ve recently received a traffic ticket in Tomball, you are probably busy figuring out if you should fight your citation or simply pay the fine and move on. Before you make final choice, it is important to keep in mind that if you pay the fine, you are basically admitting that you are guilty of the traffic ticket violation. Also, the ticket is going to stay on your driving record for 3 to 5 years, and sometimes 7 years, depending on the severity of the violation. Some of the other consequences of paying the fine that cannot be overlooked are hefty fines and surcharges, higher auto insurance, etc.<\/p>\n<p>At MTT, we believe that the best option is to fight the ticket as the possible outcomes may include complete dismissal of the charges or reducing the violation to an offense carrying fewer traffic violation points. Our familiarity with traffic violations law and court procedures can help in guiding you towards the best resolution in your case.<\/p>\n<p>Having defended over 100,000 drivers against all kinds of traffic violations since our founding in 2014, we understand how confusing it can be for you to navigate the complex legal system when you\u2019ve been issued a traffic ticket. Our knowledgeable <a class=\"smplink\" href=\"\/es\/\"> traffic violation lawyers<\/a> can help guide you through it while providing a strong defense strategy. We can handle traffic tickets including accident tickets, no insurance tickets, speeding tickets, red light tickets, stop sign tickets, reckless driving, texting and driving, DUI\/DWI, CDL traffic tickets, failure to appear warrants, suspended \/ no driver\u2019s license, and more.<\/p>\n<p><strong>To get started with fighting your ticket with MTT, follow our 3-step process!<\/strong><\/p>\n<ul>\n<li>Paso 1: env\u00ede la informaci\u00f3n de su multa de tr\u00e1fico<\/li>\n<li>Step 2: Get a free quote from your traffic ticket attorney<\/li>\n<li>Step 3: Hire your traffic ticket attorney<\/li>\n<\/ul>\n<p>Dial <a class=\"smplink\" href=\"tel:1-877-298-9099\">1-877-298-9099<\/a> (toll-free) for more info!<\/p>\n<p><!--Call us @ our toll-free for more info!<a href=\"tel:1-877-298-9099\">1-877-298-9099<\/a>\n\n--><\/p>\n<\/div>\n<\/div>\n<div class=\"col-md-5\">\n<figure class=\"ticket-cars\" style=\"margin-top: 27px;\"><img decoding=\"async\" src=\"\/wp-content\/uploads\/2020\/09\/houston.jpg\" \/><\/figure>\n<\/div>\n<\/div>\n<\/div>\n<div id=\"carousel\" class=\"testimonial\">\n<div class=\"slideshow-container\">\n<div class=\"row\">\n<div class=\"col-md-12\">\n<h2>Por eso nuestra cliente nos elige.<\/h2>\n<div class=\"mySlides\">\n<h2>Gran servicio y muy exitosa<\/h2>\n<p><q>Gran servicio y muy exitoso, tuve dos tickets y fueron despedidos. El equipo y los abogados son geniales. \u00a1\u00a1\u00a1Recomendar\u00eda esta compa\u00f1\u00eda a cualquiera!!! San Antonio, Texas.<\/q><\/p>\n<p class=\"author\">Beverly D.<\/p>\n<\/div>\n<div class=\"mySlides\"><q>Esta empresa tiene 5 estrellas en todos los sentidos y a un costo razonable. Hay muchas opciones en Internet, pero si desea obtener resultados, use My Traffic Tickets para sus encuentros con la polic\u00eda y la corte.<\/q><\/p>\n<p class=\"author\">Kenneth C.<\/p>\n<\/div>\n<div class=\"mySlides\"><q>Me ahorr\u00e9 m\u00e1s de $ 400, un viaje fuera de la ciudad, un d\u00eda libre en el trabajo y ni siquiera est\u00e1 en mi historial de manejo. \u00a1\u00a1Gracias!!<\/q><\/p>\n<p class=\"author\">Evelyn F .<\/p>\n<\/div>\n<div class=\"quotes-icon\">\n<div class=\"left-icon\"><\/div>\n<div class=\"right-icon\"><\/div>\n<\/div>\n<div class=\"dot-container\"><\/div>\n<\/div>\n<\/div>\n<\/div>\n<\/div>\n<div class=\"traffic-info\">\n<div class=\"container\">\n<div class=\"row\">\n<div class=\"col-md-12\">\n<div class=\"traffic-info-content\">\n<p>Con nuestra tasa de \u00e9xito combinada del 97% y el manejo de m\u00e1s de 100.000 infracciones de tr\u00e1fico, nos enorgullecemos de habernos ganado la lealtad y la confianza de nuestros clientes y clientes. \u00a1Perm\u00edtanos ayudarlo a que sus multas de tr\u00e1fico y \u00f3rdenes de arresto sean desestimadas hoy!<\/p>\n<h2>\u00a1Para obtener m\u00e1s informaci\u00f3n, marque 1-877-298-9099 ahora!<\/h2>\n<p><a href=\"https:\/\/mytraffictickets.com\/es\/login\/\"><i class=\"fa fa-smile-o\" aria-hidden=\"true\"><\/i> Luchemos contra tu boleto<\/a><\/p>\n<\/div>\n<\/div>\n<\/div>\n<\/div>\n<\/div>\n<\/div>\n<\/div>","protected":false},"excerpt":{"rendered":"<p>Fight Your Traffic Ticket With MTT. Request A FREE Quote Today! If you\u2019ve recently received a traffic ticket in Tomball, you are probably busy figuring out if you should fight your citation or simply pay the fine and move on. Before you make final choice, it is important to keep in mind that if you [&hellip;]<\/p>","protected":false},"author":3,"featured_media":0,"parent":0,"menu_order":0,"comment_status":"closed","ping_status":"closed","template":"page-templates\/custom_temp.php","meta":{"_mi_skip_tracking":false,"_exactmetrics_sitenote_active":false,"_exactmetrics_sitenote_note":"","_exactmetrics_sitenote_category":0,"footnotes":""},"aioseo_notices":[],"_links":{"self":[{"href":"https:\/\/mytraffictickets.com\/es\/wp-json\/wp\/v2\/pages\/4426"}],"collection":[{"href":"https:\/\/mytraffictickets.com\/es\/wp-json\/wp\/v2\/pages"}],"about":[{"href":"https:\/\/mytraffictickets.com\/es\/wp-json\/wp\/v2\/types\/page"}],"author":[{"embeddable":true,"href":"https:\/\/mytraffictickets.com\/es\/wp-json\/wp\/v2\/users\/3"}],"replies":[{"embeddable":true,"href":"https:\/\/mytraffictickets.com\/es\/wp-json\/wp\/v2\/comments?post=4426"}],"version-history":[{"count":4,"href":"https:\/\/mytraffictickets.com\/es\/wp-json\/wp\/v2\/pages\/4426\/revisions"}],"predecessor-version":[{"id":4468,"href":"https:\/\/mytraffictickets.com\/es\/wp-json\/wp\/v2\/pages\/4426\/revisions\/4468"}],"wp:attachment":[{"href":"https:\/\/mytraffictickets.com\/es\/wp-json\/wp\/v2\/media?parent=4426"}],"curies":[{"name":"wp","href":"https:\/\/api.w.org\/{rel}","templated":true}]}}