{"id":4428,"date":"2021-01-20T09:41:13","date_gmt":"2021-01-20T09:41:13","guid":{"rendered":"http:\/\/mytrafficticktes.psz.netsmartz.us\/?page_id=3864"},"modified":"2021-07-15T11:13:42","modified_gmt":"2021-07-15T11:13:42","slug":"katy","status":"publish","type":"page","link":"https:\/\/mytraffictickets.com\/es\/katy\/","title":{"rendered":"Katy"},"content":{"rendered":"<div class=\"section\">\n<div class=\"bg-pink\">\n<div class=\"container\">\n<div class=\"row\">\n<div class=\"col-md-12\">\n<h2 style=\"padding-top: 25px;!important\">Cited For A Traffic Violation In Katy, Texas? My Traffic Tickets Can Help!<\/h2>\n<\/div>\n<\/div>\n<\/div>\n<\/div>\n<div class=\"wp-introduction\">\n<div class=\"container\">\n<div class=\"row\">\n<div class=\"col-md-7\">\n<div class=\"intro-content\">\n<!--\n\n\n<h3>Houston Traffic Ticket Lawyers<\/h3>\n\n\n--><\/p>\n<p>Traffic violations can happen to the best of us. Depending on the severity of the violation at hand or number of violation you\u2019ve already had in the past, the consequences can include huge fines, suspension of your driver\u2019s license, and even jail time.<\/p>\n<p>When it comes to point assessments for traffic tickets in Katy, some traffic violations, like failing to stop or speeding may not lead to harsh penalties such as imprisonment, but still can have a serious impact on your life.<\/p>\n<p>If you\u2019ve recently been cited for a traffic violation in Katy, make sure you know your rights &amp; options. When you are ticketed for any traffic violation, you have the constitutional right to defend yourself &amp; confront any witnesses against you. Here, an experienced traffic ticket defense lawyer can help you fight your ticket and also explain to you the potential consequences of choosing not to contest a traffic violation.<\/p>\n<p>At MTT, we have a team of highly skilled and experienced <a class=\"smplink\" href=\"https:\/\/mytraffictickets.com\/es\/about\/\">Abogadas de la corte de trafico <\/a> who have represented thousands of drivers charged with traffic violations throughout Texas. So, rest assured that you are choosing experts with an excellent understanding of the court system and who are familiar with all kinds of traffic matters as well as the questions which need to be raised on your behalf. While fighting hard for you, we handle all the necessary paperwork and prepare for your case to ensure full dismissal of your charges. When you choose to fight your traffic ticket with MTT, you can also stay connected to your case anywhere, anytime. To find out more about us or our service, feel free to get in touch with us! You can talk to our experts by calling @ <a class=\"smplink\" href=\"tel:1-877-298-9099\">1-877-298-9099<\/a>.<\/p>\n<p><!--Call us @ our toll-free for more info!<a href=\"tel:1-877-298-9099\">1-877-298-9099<\/a>\n\n--><\/p>\n<\/div>\n<\/div>\n<div class=\"col-md-5\">\n<figure class=\"ticket-cars\" style=\"margin-top: 27px;\"><br \/>\n<img decoding=\"async\" src=\"\/wp-content\/uploads\/2020\/09\/houston.jpg\" alt=\"MTT Image\"><\/figure>\n<\/div>\n<\/div>\n<\/div>\n<div id=\"carousel\" class=\"testimonial\">\n<div class=\"slideshow-container\">\n<div class=\"row\">\n<div class=\"col-md-12\">\n<h2>Por eso nuestra cliente nos elige.<\/h2>\n<div class=\"mySlides\">\n<h2>Gran servicio y muy exitosa<\/h2>\n<p><q>Gran servicio y muy exitoso, tuve dos tickets y fueron despedidos. El equipo y los abogados son geniales. \u00a1\u00a1\u00a1Recomendar\u00eda esta compa\u00f1\u00eda a cualquiera!!! San Antonio, Texas.<\/q><\/p>\n<p class=\"author\">Beverly D.<\/p>\n<\/div>\n<div class=\"mySlides\"> <q>Esta empresa tiene 5 estrellas en todos los sentidos y a un costo razonable. Hay muchas opciones en Internet, pero si desea obtener resultados, use My Traffic Tickets para sus encuentros con la polic\u00eda y la corte.<\/q><\/p>\n<p class=\"author\"> Kenneth C.<\/p>\n<\/div>\n<div class=\"mySlides\"> <q>Me ahorr\u00e9 m\u00e1s de $ 400, un viaje fuera de la ciudad, un d\u00eda libre en el trabajo y ni siquiera est\u00e1 en mi historial de manejo. \u00a1\u00a1Gracias!!<\/q><\/p>\n<p class=\"author\">Evelyn F .<\/p>\n<\/div>\n<div class=\"quotes-icon\">\n<div class=\"left-icon\"><i class=\"fa fa-quote-left\" aria-hidden=\"true\"><\/i><\/div>\n<div class=\"right-icon\"><i class=\"fa fa-quote-right\" aria-hidden=\"true\"><\/i><\/div>\n<\/div>\n<div class=\"dot-container\"> <span class=\"dot\" onclick=\"currentSlide(1)\"><\/span> <span class=\"dot\" onclick=\"currentSlide(2)\"><\/span> <span class=\"dot\" onclick=\"currentSlide(3)\"><\/span><\/div>\n<\/div>\n<\/div>\n<\/div>\n<\/div>\n<div class=\"traffic-info\">\n<div class=\"container\">\n<div class=\"row\">\n<div class=\"col-md-12\">\n<div class=\"traffic-info-content\">\n<p>Con nuestra tasa de \u00e9xito combinada del 97% y el manejo de m\u00e1s de 100.000 infracciones de tr\u00e1fico, nos enorgullecemos de habernos ganado la lealtad y la confianza de nuestros clientes y clientes. \u00a1Perm\u00edtanos ayudarlo a que sus multas de tr\u00e1fico y \u00f3rdenes de arresto sean desestimadas hoy!<\/p>\n<h2>\u00a1Para obtener m\u00e1s informaci\u00f3n, marque 1-877-298-9099 ahora!<\/h2>\n<p><a href=\"https:\/\/mytraffictickets.com\/es\/login\/\"><i class=\"fa fa-smile-o\" aria-hidden=\"true\"><\/i> Luchemos contra tu boleto<\/a><\/p>\n<\/div>\n<\/div>\n<\/div>\n<\/div>\n<\/div>\n<\/div>\n<\/div>","protected":false},"excerpt":{"rendered":"<p>Cited For A Traffic Violation In Katy, Texas? My Traffic Tickets Can Help! Traffic violations can happen to the best of us. Depending on the severity of the violation at hand or number of violation you\u2019ve already had in the past, the consequences can include huge fines, suspension of your driver\u2019s license, and even jail [&hellip;]<\/p>","protected":false},"author":3,"featured_media":0,"parent":0,"menu_order":0,"comment_status":"closed","ping_status":"closed","template":"page-templates\/custom_temp.php","meta":{"_mi_skip_tracking":false,"_exactmetrics_sitenote_active":false,"_exactmetrics_sitenote_note":"","_exactmetrics_sitenote_category":0,"footnotes":""},"aioseo_notices":[],"_links":{"self":[{"href":"https:\/\/mytraffictickets.com\/es\/wp-json\/wp\/v2\/pages\/4428"}],"collection":[{"href":"https:\/\/mytraffictickets.com\/es\/wp-json\/wp\/v2\/pages"}],"about":[{"href":"https:\/\/mytraffictickets.com\/es\/wp-json\/wp\/v2\/types\/page"}],"author":[{"embeddable":true,"href":"https:\/\/mytraffictickets.com\/es\/wp-json\/wp\/v2\/users\/3"}],"replies":[{"embeddable":true,"href":"https:\/\/mytraffictickets.com\/es\/wp-json\/wp\/v2\/comments?post=4428"}],"version-history":[{"count":3,"href":"https:\/\/mytraffictickets.com\/es\/wp-json\/wp\/v2\/pages\/4428\/revisions"}],"predecessor-version":[{"id":5367,"href":"https:\/\/mytraffictickets.com\/es\/wp-json\/wp\/v2\/pages\/4428\/revisions\/5367"}],"wp:attachment":[{"href":"https:\/\/mytraffictickets.com\/es\/wp-json\/wp\/v2\/media?parent=4428"}],"curies":[{"name":"wp","href":"https:\/\/api.w.org\/{rel}","templated":true}]}}