{"id":4630,"date":"2021-02-23T13:38:18","date_gmt":"2021-02-23T13:38:18","guid":{"rendered":"http:\/\/mytrafficticktes.psz.netsmartz.us\/?page_id=3867"},"modified":"2021-07-15T10:39:30","modified_gmt":"2021-07-15T10:39:30","slug":"cloverleaf","status":"publish","type":"page","link":"https:\/\/mytraffictickets.com\/es\/cloverleaf\/","title":{"rendered":"Cloverleaf"},"content":{"rendered":"<div class=\"section\">\n<div class=\"bg-pink\">\n<div class=\"container\">\n<div class=\"row\">\n<div class=\"col-md-12\">\n<h2 style=\"padding-top: 25px;\">My Traffic Tickets Has the Best Traffic Violation Attorneys in Cloverleaf<\/h2>\n<\/div>\n<\/div>\n<\/div>\n<\/div>\n<div class=\"wp-introduction\">\n<div class=\"container\">\n<div class=\"row\">\n<div class=\"col-md-7\">\n<div class=\"intro-content\"><!--\n\n\n<h3>Houston Traffic Ticket Lawyers<\/h3>\n\n\n--><br \/>\nMy Traffic Tickets has the most experienced team of traffic violation attorneys onboard. Using our combined experience of more than a decade in this business, we help our clients find solutions to the toughest of the challenges and determine what is going to work the best for them and what will not. All the attorneys at MTT are strongly determined about helping out our customers in every way possible right from getting your tickets dismissed and going to the court on your behalf to making sure no points are added to your driving record and ensuring your insurance premiums do not increase! We will also keep you updated on the status of your case.<\/p>\n<p>Our experience allows us to understand how annoying not knowing the position of your traffic ticket case can get and the best way out is seeking help from an expert of this field. We have handled more than 100,000 traffic tickets since our inception and we do not plan on stopping anytime soon. Our <a class=\"smplink\" href=\"\/es\/\">traffic violation ticket attorneys<\/a> in Cloverleaf can help you with all kinds of traffic offenses including speeding, DUIs, running a red light, and the list does not end here.<\/p>\n<p>It is a known fact that facing a traffic ticket without professional representation can impact your driver\u2019s license in a terrible way and that is exactly why we advise you sit back and relax while we are at it. We have come a long way since My Traffic Ticket\u2019s inception in the year 2014 helping hundreds and thousands of clients by getting their speeding tickets dismissed completely and the journey has been incredible.<\/p>\n<p>Reach out to us to let us help you out in getting your traffic ticket in Cloverleaf dismissed. Request a FREE quote today.<\/p>\n<\/div>\n<\/div>\n<div class=\"col-md-5\">\n<figure class=\"ticket-cars\" style=\"margin-top: 27px;\"><img decoding=\"async\" src=\"\/wp-content\/uploads\/2021\/02\/2.jpg\" alt=\"MTT Image\"><\/figure>\n<\/div>\n<\/div>\n<\/div>\n<div id=\"carousel\" class=\"testimonial\">\n<div class=\"slideshow-container\">\n<div class=\"row\">\n<div class=\"col-md-12\">\n<h2>Por eso nuestra cliente nos elige.<\/h2>\n<\/div>\n<\/div>\n<\/div>\n<\/div>\n<div class=\"traffic-info\">\n<div class=\"container\">\n<div class=\"row\">\n<div class=\"col-md-12\">\n<div class=\"traffic-info-content\">\n<p>Con nuestra tasa de \u00e9xito combinada del 97% y el manejo de m\u00e1s de 100.000 infracciones de tr\u00e1fico, nos enorgullecemos de habernos ganado la lealtad y la confianza de nuestros clientes y clientes. \u00a1Perm\u00edtanos ayudarlo a que sus multas de tr\u00e1fico y \u00f3rdenes de arresto sean desestimadas hoy!<\/p>\n<h2>\u00a1Para obtener m\u00e1s informaci\u00f3n, marque 1-877-298-9099 ahora!<\/h2>\n<p><a href=\"https:\/\/mytraffictickets.com\/es\/login\/\"><i class=\"fa fa-smile-o\" aria-hidden=\"true\"><\/i> Luchemos contra tu boleto<\/a><\/p>\n<\/div>\n<\/div>\n<\/div>\n<\/div>\n<\/div>\n<\/div>\n<\/div>","protected":false},"excerpt":{"rendered":"<p>My Traffic Tickets Has the Best Traffic Violation Attorneys in Cloverleaf My Traffic Tickets has the most experienced team of traffic violation attorneys onboard. Using our combined experience of more than a decade in this business, we help our clients find solutions to the toughest of the challenges and determine what is going to work [&hellip;]<\/p>","protected":false},"author":3,"featured_media":0,"parent":0,"menu_order":0,"comment_status":"closed","ping_status":"closed","template":"page-templates\/custom_temp.php","meta":{"_mi_skip_tracking":false,"_exactmetrics_sitenote_active":false,"_exactmetrics_sitenote_note":"","_exactmetrics_sitenote_category":0,"footnotes":""},"aioseo_notices":[],"_links":{"self":[{"href":"https:\/\/mytraffictickets.com\/es\/wp-json\/wp\/v2\/pages\/4630"}],"collection":[{"href":"https:\/\/mytraffictickets.com\/es\/wp-json\/wp\/v2\/pages"}],"about":[{"href":"https:\/\/mytraffictickets.com\/es\/wp-json\/wp\/v2\/types\/page"}],"author":[{"embeddable":true,"href":"https:\/\/mytraffictickets.com\/es\/wp-json\/wp\/v2\/users\/3"}],"replies":[{"embeddable":true,"href":"https:\/\/mytraffictickets.com\/es\/wp-json\/wp\/v2\/comments?post=4630"}],"version-history":[{"count":4,"href":"https:\/\/mytraffictickets.com\/es\/wp-json\/wp\/v2\/pages\/4630\/revisions"}],"predecessor-version":[{"id":5343,"href":"https:\/\/mytraffictickets.com\/es\/wp-json\/wp\/v2\/pages\/4630\/revisions\/5343"}],"wp:attachment":[{"href":"https:\/\/mytraffictickets.com\/es\/wp-json\/wp\/v2\/media?parent=4630"}],"curies":[{"name":"wp","href":"https:\/\/api.w.org\/{rel}","templated":true}]}}