{"id":4634,"date":"2021-02-24T07:05:25","date_gmt":"2021-02-24T07:05:25","guid":{"rendered":"http:\/\/mytrafficticktes.psz.netsmartz.us\/?page_id=3896"},"modified":"2021-07-15T10:36:06","modified_gmt":"2021-07-15T10:36:06","slug":"channelview","status":"publish","type":"page","link":"https:\/\/mytraffictickets.com\/es\/channelview\/","title":{"rendered":"Channelview"},"content":{"rendered":"<div class=\"section\">\n<div class=\"bg-pink\">\n<div class=\"container\">\n<div class=\"row\">\n<div class=\"col-md-12\">\n<h2 style=\"padding-top: 25px;\">Managing Your Traffic Tickets in Channelview Doesn\u2019t Get Easier Than This<\/h2>\n<\/div>\n<\/div>\n<\/div>\n<\/div>\n<div class=\"wp-introduction\">\n<div class=\"container\">\n<div class=\"row\">\n<div class=\"col-md-7\">\n<div class=\"intro-content\"><!--\n\n\n<h3>Houston Traffic Ticket Lawyers<\/h3>\n\n\n--><br \/>\nIt goes without saying that a traffic ticket is well capable of putting anyone in a state of worry and not being able to know what is happening with your traffic ticket case only adds to it. One of the most amazing ways of storming your way out of one such situation is seeking help from an expert in this field!<\/p>\n<p>Thanks to our experience of handling more than 100,000 traffic tickets over the years, we have had the privilege of helping several motorists in and around Channelview with all kinds of traffic offenses such as speeding, DUIs, running a red light, and more. Other than these, we can also help you deal with accident tickets, stop sign tickets, no insurance tickets, suspended \/ no driver\u2019s license, red light tickets, reckless driving, texting and driving, DUI\/DWI, CDL traffic tickets, failure to appear warrants, and more.<\/p>\n<p>Our experienced traffic violation dismissal lawyers can find solutions to the toughest of the challenges and determine what would work the best in a particular situation and what won\u2019t. Other than getting your tickets dismissed, we can help you out by:<\/p>\n<ul>\n<li>going to the court on your behalf<\/li>\n<li>making sure no points are added to your driving record<\/li>\n<li>ensuring your insurance premiums do not increase<\/li>\n<li>keeping you updated on your case!<\/li>\n<\/ul>\n<p>It is important for you to understand that facing a traffic ticket without professional representation can do more harm than benefit, hence, you should leave it to the professionals. We are proud of how we have come a long way since our inception in the year 2014 helping hundreds and thousands of clients by getting their speeding tickets dismissed completely.<\/p>\n<p>Once you show your trust in us, we promise to put in our best efforts to get your traffic ticket dismissed. <a class=\"smplink\" href=\"\/es\/\">Hire a lawyer for a speeding ticket<\/a> today.<\/p>\n<\/div>\n<\/div>\n<div class=\"col-md-5\">\n<figure class=\"ticket-cars\" style=\"margin-top: 27px;\">\n<img decoding=\"async\" src=\"\/wp-content\/uploads\/2021\/02\/1.jpg\" alt=\"MTT Image\"><\/figure>\n<\/div>\n<\/div>\n<\/div>\n<div id=\"carousel\" class=\"testimonial\">\n<div class=\"slideshow-container\">\n<div class=\"row\">\n<div class=\"col-md-12\">\n<h2>Por eso nuestra cliente nos elige.<\/h2>\n<\/div>\n<\/div>\n<\/div>\n<\/div>\n<div class=\"traffic-info\">\n<div class=\"container\">\n<div class=\"row\">\n<div class=\"col-md-12\">\n<div class=\"traffic-info-content\">\n<p>Con nuestra tasa de \u00e9xito combinada del 97% y el manejo de m\u00e1s de 100.000 infracciones de tr\u00e1fico, nos enorgullecemos de habernos ganado la lealtad y la confianza de nuestros clientes y clientes. \u00a1Perm\u00edtanos ayudarlo a que sus multas de tr\u00e1fico y \u00f3rdenes de arresto sean desestimadas hoy!<\/p>\n<h2>\u00a1Para obtener m\u00e1s informaci\u00f3n, marque 1-877-298-9099 ahora!<\/h2>\n<p><a href=\"https:\/\/mytraffictickets.com\/es\/login\/\"><i class=\"fa fa-smile-o\" aria-hidden=\"true\"><\/i> Luchemos contra tu boleto<\/a><\/p>\n<\/div>\n<\/div>\n<\/div>\n<\/div>\n<\/div>\n<\/div>\n<\/div>","protected":false},"excerpt":{"rendered":"<p>Managing Your Traffic Tickets in Channelview Doesn\u2019t Get Easier Than This It goes without saying that a traffic ticket is well capable of putting anyone in a state of worry and not being able to know what is happening with your traffic ticket case only adds to it. One of the most amazing ways of [&hellip;]<\/p>","protected":false},"author":3,"featured_media":0,"parent":0,"menu_order":0,"comment_status":"closed","ping_status":"closed","template":"page-templates\/custom_temp.php","meta":{"_mi_skip_tracking":false,"_exactmetrics_sitenote_active":false,"_exactmetrics_sitenote_note":"","_exactmetrics_sitenote_category":0,"footnotes":""},"aioseo_notices":[],"_links":{"self":[{"href":"https:\/\/mytraffictickets.com\/es\/wp-json\/wp\/v2\/pages\/4634"}],"collection":[{"href":"https:\/\/mytraffictickets.com\/es\/wp-json\/wp\/v2\/pages"}],"about":[{"href":"https:\/\/mytraffictickets.com\/es\/wp-json\/wp\/v2\/types\/page"}],"author":[{"embeddable":true,"href":"https:\/\/mytraffictickets.com\/es\/wp-json\/wp\/v2\/users\/3"}],"replies":[{"embeddable":true,"href":"https:\/\/mytraffictickets.com\/es\/wp-json\/wp\/v2\/comments?post=4634"}],"version-history":[{"count":5,"href":"https:\/\/mytraffictickets.com\/es\/wp-json\/wp\/v2\/pages\/4634\/revisions"}],"predecessor-version":[{"id":5341,"href":"https:\/\/mytraffictickets.com\/es\/wp-json\/wp\/v2\/pages\/4634\/revisions\/5341"}],"wp:attachment":[{"href":"https:\/\/mytraffictickets.com\/es\/wp-json\/wp\/v2\/media?parent=4634"}],"curies":[{"name":"wp","href":"https:\/\/api.w.org\/{rel}","templated":true}]}}