{"id":4876,"date":"2021-04-08T05:58:30","date_gmt":"2021-04-08T05:58:30","guid":{"rendered":"http:\/\/mytrafficticktes.psz.netsmartz.us\/?page_id=3928"},"modified":"2021-07-15T12:01:41","modified_gmt":"2021-07-15T12:01:41","slug":"waller","status":"publish","type":"page","link":"https:\/\/mytraffictickets.com\/es\/waller\/","title":{"rendered":"Waller"},"content":{"rendered":"<div class=\"section\">\n<div class=\"bg-pink\">\n<div class=\"container\">\n<div class=\"row\">\n<div class=\"col-md-12\">\n<h2 style=\"padding-top: 25px;\">Get in Touch for the Best Traffic Violation Attorneys in Waller at Minimal Cost<\/h2>\n<\/div>\n<\/div>\n<\/div>\n<\/div>\n<div class=\"wp-introduction\">\n<div class=\"container\">\n<div class=\"row\">\n<div class=\"col-md-7\">\n<div class=\"intro-content\"><!--\n\n\n<h3>Houston Traffic Ticket Lawyers<\/h3>\n\n\n--><br \/>\nThanks to their combined experience of more than a decade, the professional <a class=\"smplink\" href=\"\/es\/\">Traffic Ticket Lawyer<\/a> at My Traffic Tickets completely understand that it is a lot more important for a commercial driver to maintain a clean driving record and having no points against their license than an individual. We have dealt with hundreds and thousands of CDL tickets over the years and are well capable of drawing the best outcome of a ticket to make sure that our clients never have to end up losing their CDL, a job, having difficulty finding a job, or paying increased insurance rates.<\/p>\n<p>Have you been cited for a traffic violation in Waller too? Look no further than My Traffic Tickets! Our expert attorneys can be trusted with creating a solid defense strategy irrespective of the traffic violation you\u2019ve been charged with.<\/p>\n<p>Our experience of handling more than 100,000 tickets gives My Traffic Tickets the edge over our competitors in Waller. Moreover, we offer the best services at the most competitive prices, and get you started in just three easy steps:<\/p>\n<ul>\n<li>Submit your traffic ticket information with us<\/li>\n<li>Get a free quote from a traffic ticket lawyer<\/li>\n<li>Hire the lawyer<\/li>\n<\/ul>\n<p>You can trust our experienced professionals in Waller with handling all kinds of traffic violations including but not limited to speeding violations, red light run out violations, distracted driving violations, invalid driver\u2019s license violations, illegal U-turn violations, seat belt violations, and more. Not to mention that we have also partnered with One Tree Planted to give back to the community while helping our clients. We plant a tree for every ticket we fight. Be a part of the cause by choosing us for your traffic ticket needs.<\/p>\n<p>Request a FREE quote today and get started.<\/p>\n<\/div>\n<\/div>\n<div class=\"col-md-5\">\n<figure class=\"ticket-cars\" style=\"margin-top: 27px;\">\n<img decoding=\"async\" src=\"\/wp-content\/uploads\/2021\/04\/2.jpg\" alt=\"Mtt Image\"><\/figure>\n<\/div>\n<\/div>\n<\/div>\n<div id=\"carousel\" class=\"testimonial\">\n<div class=\"slideshow-container\">\n<div class=\"row\">\n<div class=\"col-md-12\">\n<h2>Por eso nuestra cliente nos elige.<\/h2>\n<\/div>\n<\/div>\n<\/div>\n<\/div>\n<div class=\"traffic-info\">\n<div class=\"container\">\n<div class=\"row\">\n<div class=\"col-md-12\">\n<div class=\"traffic-info-content\">\n<p>Con nuestra tasa de \u00e9xito combinada del 97% y el manejo de m\u00e1s de 100.000 infracciones de tr\u00e1fico, nos enorgullecemos de habernos ganado la lealtad y la confianza de nuestros clientes y clientes. \u00a1Perm\u00edtanos ayudarlo a que sus multas de tr\u00e1fico y \u00f3rdenes de arresto sean desestimadas hoy!<\/p>\n<h2>\u00a1Para obtener m\u00e1s informaci\u00f3n, marque 1-877-298-9099 ahora!<\/h2>\n<p><a href=\"https:\/\/mytraffictickets.com\/es\/login\/\"><i class=\"fa fa-smile-o\" aria-hidden=\"true\"><\/i> Luchemos contra tu boleto<\/a><\/p>\n<\/div>\n<\/div>\n<\/div>\n<\/div>\n<\/div>\n<\/div>\n<\/div>","protected":false},"excerpt":{"rendered":"<p>Get in Touch for the Best Traffic Violation Attorneys in Waller at Minimal Cost Thanks to their combined experience of more than a decade, the professional Traffic Ticket Lawyer at My Traffic Tickets completely understand that it is a lot more important for a commercial driver to maintain a clean driving record and having no [&hellip;]<\/p>","protected":false},"author":3,"featured_media":0,"parent":0,"menu_order":0,"comment_status":"closed","ping_status":"closed","template":"page-templates\/custom_temp.php","meta":{"_mi_skip_tracking":false,"_exactmetrics_sitenote_active":false,"_exactmetrics_sitenote_note":"","_exactmetrics_sitenote_category":0,"footnotes":""},"aioseo_notices":[],"_links":{"self":[{"href":"https:\/\/mytraffictickets.com\/es\/wp-json\/wp\/v2\/pages\/4876"}],"collection":[{"href":"https:\/\/mytraffictickets.com\/es\/wp-json\/wp\/v2\/pages"}],"about":[{"href":"https:\/\/mytraffictickets.com\/es\/wp-json\/wp\/v2\/types\/page"}],"author":[{"embeddable":true,"href":"https:\/\/mytraffictickets.com\/es\/wp-json\/wp\/v2\/users\/3"}],"replies":[{"embeddable":true,"href":"https:\/\/mytraffictickets.com\/es\/wp-json\/wp\/v2\/comments?post=4876"}],"version-history":[{"count":3,"href":"https:\/\/mytraffictickets.com\/es\/wp-json\/wp\/v2\/pages\/4876\/revisions"}],"predecessor-version":[{"id":5400,"href":"https:\/\/mytraffictickets.com\/es\/wp-json\/wp\/v2\/pages\/4876\/revisions\/5400"}],"wp:attachment":[{"href":"https:\/\/mytraffictickets.com\/es\/wp-json\/wp\/v2\/media?parent=4876"}],"curies":[{"name":"wp","href":"https:\/\/api.w.org\/{rel}","templated":true}]}}