{"id":4878,"date":"2021-04-08T06:10:57","date_gmt":"2021-04-08T06:10:57","guid":{"rendered":"http:\/\/mytrafficticktes.psz.netsmartz.us\/?page_id=3935"},"modified":"2021-07-15T10:52:36","modified_gmt":"2021-07-15T10:52:36","slug":"el-lago","status":"publish","type":"page","link":"https:\/\/mytraffictickets.com\/es\/el-lago\/","title":{"rendered":"El Lago"},"content":{"rendered":"<div class=\"section\">\n<div class=\"bg-pink\">\n<div class=\"container\">\n<div class=\"row\">\n<div class=\"col-md-12\">\n<h2 style=\"padding-top: 25px;\">Making Fighting A Traffic Ticket in El Lago As Easy As It Can Get<\/h2>\n<\/div>\n<\/div>\n<\/div>\n<\/div>\n<div class=\"wp-introduction\">\n<div class=\"container\">\n<div class=\"row\">\n<div class=\"col-md-7\">\n<div class=\"intro-content\"><!--\n\n\n<h3>Houston Traffic Ticket Lawyers<\/h3>\n\n\n--><br \/>\nNobody likes to be charged with a traffic ticket and missing out on all the necessary updates only adds up to the worry. Even though there is not a lot you can do to avoid getting one, there are a couple of things that can be done to minimize its consequences. One of the most effective ways, perhaps the best way of getting the best possible outcome of a traffic ticket in El Lago is reaching out to an experienced <a class=\"smplink\" href=\"\/es\/\">Abogada de multas de trafico<\/a> at a very reasonable cost.<\/p>\n<p>When you talk of cost, you definitely do not want to compromise on the quality of service and that is where the role of the traffic ticket experts at My Traffic Tickets comes into play. Having handled more than 100,000 traffic tickets over the years, our professionals boast of helping several motorists in and around El Lago with all kinds of traffic offenses such as speeding, DUIs, running a red light, and more with great pride.<\/p>\n<p>In addition to being fully capable of finding solutions to the toughest of the challenges to determine what would work the best in a particular situation and what won\u2019t with great ease, our traffic ticket attorneys can also help you out by &#8211;<\/p>\n<ul>\n<li>going to the court on your behalf<\/li>\n<li>making sure no points are added to your driving record<\/li>\n<li>ensuring your insurance premiums do not increase<\/li>\n<li>keeping you updated on your case!<\/li>\n<\/ul>\n<p>My Traffic Tickets is extremely proud of how the entire team has emerged out to be the leaders in helping people in El Lago get rid of their traffic tickets. For the best outcome for your traffic ticket, get in touch with an MTT professional today.<\/p>\n<\/div>\n<\/div>\n<div class=\"col-md-5\">\n<figure class=\"ticket-cars\" style=\"margin-top: 27px;\">\n<img decoding=\"async\" src=\"\/wp-content\/uploads\/2021\/04\/4.jpg\" alt=\"MTT Image\"><\/figure>\n<\/div>\n<\/div>\n<\/div>\n<div id=\"carousel\" class=\"testimonial\">\n<div class=\"slideshow-container\">\n<div class=\"row\">\n<div class=\"col-md-12\">\n<h2>Por eso nuestra cliente nos elige.<\/h2>\n<\/div>\n<\/div>\n<\/div>\n<\/div>\n<div class=\"traffic-info\">\n<div class=\"container\">\n<div class=\"row\">\n<div class=\"col-md-12\">\n<div class=\"traffic-info-content\">\n<p>Con nuestra tasa de \u00e9xito combinada del 97% y el manejo de m\u00e1s de 100.000 infracciones de tr\u00e1fico, nos enorgullecemos de habernos ganado la lealtad y la confianza de nuestros clientes y clientes. \u00a1Perm\u00edtanos ayudarlo a que sus multas de tr\u00e1fico y \u00f3rdenes de arresto sean desestimadas hoy!<\/p>\n<h2>\u00a1Para obtener m\u00e1s informaci\u00f3n, marque 1-877-298-9099 ahora!<\/h2>\n<p><a href=\"https:\/\/mytraffictickets.com\/es\/login\/\"><i class=\"fa fa-smile-o\" aria-hidden=\"true\"><\/i> Luchemos contra tu boleto<\/a><\/p>\n<\/div>\n<\/div>\n<\/div>\n<\/div>\n<\/div>\n<\/div>\n<\/div>","protected":false},"excerpt":{"rendered":"<p>Making Fighting A Traffic Ticket in El Lago As Easy As It Can Get Nobody likes to be charged with a traffic ticket and missing out on all the necessary updates only adds up to the worry. Even though there is not a lot you can do to avoid getting one, there are a couple [&hellip;]<\/p>","protected":false},"author":3,"featured_media":0,"parent":0,"menu_order":0,"comment_status":"closed","ping_status":"closed","template":"page-templates\/custom_temp.php","meta":{"_mi_skip_tracking":false,"_exactmetrics_sitenote_active":false,"_exactmetrics_sitenote_note":"","_exactmetrics_sitenote_category":0,"footnotes":""},"aioseo_notices":[],"_links":{"self":[{"href":"https:\/\/mytraffictickets.com\/es\/wp-json\/wp\/v2\/pages\/4878"}],"collection":[{"href":"https:\/\/mytraffictickets.com\/es\/wp-json\/wp\/v2\/pages"}],"about":[{"href":"https:\/\/mytraffictickets.com\/es\/wp-json\/wp\/v2\/types\/page"}],"author":[{"embeddable":true,"href":"https:\/\/mytraffictickets.com\/es\/wp-json\/wp\/v2\/users\/3"}],"replies":[{"embeddable":true,"href":"https:\/\/mytraffictickets.com\/es\/wp-json\/wp\/v2\/comments?post=4878"}],"version-history":[{"count":4,"href":"https:\/\/mytraffictickets.com\/es\/wp-json\/wp\/v2\/pages\/4878\/revisions"}],"predecessor-version":[{"id":5348,"href":"https:\/\/mytraffictickets.com\/es\/wp-json\/wp\/v2\/pages\/4878\/revisions\/5348"}],"wp:attachment":[{"href":"https:\/\/mytraffictickets.com\/es\/wp-json\/wp\/v2\/media?parent=4878"}],"curies":[{"name":"wp","href":"https:\/\/api.w.org\/{rel}","templated":true}]}}