{"id":4879,"date":"2021-04-08T06:15:14","date_gmt":"2021-04-08T06:15:14","guid":{"rendered":"http:\/\/mytrafficticktes.psz.netsmartz.us\/?page_id=3937"},"modified":"2021-07-15T11:04:20","modified_gmt":"2021-07-15T11:04:20","slug":"hedwig-village","status":"publish","type":"page","link":"https:\/\/mytraffictickets.com\/es\/hedwig-village\/","title":{"rendered":"Hedwig Village"},"content":{"rendered":"<div class=\"section\">\n<div class=\"bg-pink\">\n<div class=\"container\">\n<div class=\"row\">\n<div class=\"col-md-12\">\n<h2 style=\"padding-top: 25px;\">Find the Best Traffic Citation Lawyers in Hedwig Village with My Traffic Tickets<\/h2>\n<\/div>\n<\/div>\n<\/div>\n<\/div>\n<div class=\"wp-introduction\">\n<div class=\"container\">\n<div class=\"row\">\n<div class=\"col-md-7\">\n<div class=\"intro-content\"><!--\n\n\n<h3>Houston Traffic Ticket Lawyers<\/h3>\n\n\n--><br \/>\nMy Traffic Tickets is proud of having a team of traffic ticket attorneys that is well capable of guiding our customers through the steps involved in getting a traffic ticket dismissed. As far as the <a class=\"smplink\" href=\"https:\/\/mytraffictickets.com\/es\/pricing\/\">traffic ticket attorney cost<\/a> is concerned, it depends on a combination of factors such as the location of your ticket, the number of violations, the type of ticket you have, as well as the difficulty of your ticket.<\/p>\n<p>In addition to keeping unnecessary points from being added to your license, our experienced traffic ticket attorneys also have enough knowledge about the traffic system in the location the assigned clients have been charged, in this case, Hedwig Village. We completely understand what works and what doesn\u2019t and we are also aware of all the strategies that can be used in the court to beat all kinds of traffic tickets.<\/p>\n<p>At this point, it is extremely important for you to understand that not dealing with a traffic ticket the right way is very likely to land you in tight situations such as paying increased insurance premiums, paying heavy fines in the form of DMV charges, suspension of your driver\u2019s license, and appearing in the court. Whether it is a speeding violation, distracted driving violation, invalid driver\u2019s license violation, illegal U-turn violation, seat belt violation or a red light run out violation, you can save a lot of your time by letting a professional manage the job for you. My Traffic Tickets can take care of everything without you having to visit the attorney office even once.<\/p>\n<p>When you choose us, you open doors to ticket dismissals, a clean driving record, and a solution to all kinds of problems concerning traffic tickets in Hedwig Village. Get started today by requesting a FREE quote!<\/p>\n<\/div>\n<\/div>\n<div class=\"col-md-5\">\n<figure class=\"ticket-cars\" style=\"margin-top: 27px;\">\n<img decoding=\"async\" src=\"\/wp-content\/uploads\/2021\/04\/5.jpg\" alt=\"MTT Image\"><\/figure>\n<\/div>\n<\/div>\n<\/div>\n<div id=\"carousel\" class=\"testimonial\">\n<div class=\"slideshow-container\">\n<div class=\"row\">\n<div class=\"col-md-12\">\n<h2>Por eso nuestra cliente nos elige.<\/h2>\n<\/div>\n<\/div>\n<\/div>\n<\/div>\n<div class=\"traffic-info\">\n<div class=\"container\">\n<div class=\"row\">\n<div class=\"col-md-12\">\n<div class=\"traffic-info-content\">\n<p>Con nuestra tasa de \u00e9xito combinada del 97% y el manejo de m\u00e1s de 100.000 infracciones de tr\u00e1fico, nos enorgullecemos de habernos ganado la lealtad y la confianza de nuestros clientes y clientes. \u00a1Perm\u00edtanos ayudarlo a que sus multas de tr\u00e1fico y \u00f3rdenes de arresto sean desestimadas hoy!<\/p>\n<h2>\u00a1Para obtener m\u00e1s informaci\u00f3n, marque 1-877-298-9099 ahora!<\/h2>\n<p><a href=\"https:\/\/mytraffictickets.com\/es\/login\/\"><i class=\"fa fa-smile-o\" aria-hidden=\"true\"><\/i> Luchemos contra tu boleto<\/a><\/p>\n<\/div>\n<\/div>\n<\/div>\n<\/div>\n<\/div>\n<\/div>\n<\/div>","protected":false},"excerpt":{"rendered":"<p>Find the Best Traffic Citation Lawyers in Hedwig Village with My Traffic Tickets My Traffic Tickets is proud of having a team of traffic ticket attorneys that is well capable of guiding our customers through the steps involved in getting a traffic ticket dismissed. As far as the traffic ticket attorney cost is concerned, it [&hellip;]<\/p>","protected":false},"author":3,"featured_media":0,"parent":0,"menu_order":0,"comment_status":"closed","ping_status":"closed","template":"page-templates\/custom_temp.php","meta":{"_mi_skip_tracking":false,"_exactmetrics_sitenote_active":false,"_exactmetrics_sitenote_note":"","_exactmetrics_sitenote_category":0,"footnotes":""},"aioseo_notices":[],"_links":{"self":[{"href":"https:\/\/mytraffictickets.com\/es\/wp-json\/wp\/v2\/pages\/4879"}],"collection":[{"href":"https:\/\/mytraffictickets.com\/es\/wp-json\/wp\/v2\/pages"}],"about":[{"href":"https:\/\/mytraffictickets.com\/es\/wp-json\/wp\/v2\/types\/page"}],"author":[{"embeddable":true,"href":"https:\/\/mytraffictickets.com\/es\/wp-json\/wp\/v2\/users\/3"}],"replies":[{"embeddable":true,"href":"https:\/\/mytraffictickets.com\/es\/wp-json\/wp\/v2\/comments?post=4879"}],"version-history":[{"count":4,"href":"https:\/\/mytraffictickets.com\/es\/wp-json\/wp\/v2\/pages\/4879\/revisions"}],"predecessor-version":[{"id":5354,"href":"https:\/\/mytraffictickets.com\/es\/wp-json\/wp\/v2\/pages\/4879\/revisions\/5354"}],"wp:attachment":[{"href":"https:\/\/mytraffictickets.com\/es\/wp-json\/wp\/v2\/media?parent=4879"}],"curies":[{"name":"wp","href":"https:\/\/api.w.org\/{rel}","templated":true}]}}